{"id":24935,"date":"2025-02-23T14:04:29","date_gmt":"2025-02-23T14:04:29","guid":{"rendered":"https:\/\/euvapz.com\/?post_type=product&#038;p=24935"},"modified":"2025-10-13T08:02:06","modified_gmt":"2025-10-13T08:02:06","slug":"descoperiti-cele-mai-bune-arome-cu-bang-15000-puffs-vape-de-unica-folosinta-fara-reumplere-doar-placere","status":"publish","type":"product","link":"https:\/\/euvapz.com\/ro\/produs\/descoperiti-cele-mai-bune-arome-cu-bang-15000-puffs-vape-de-unica-folosinta-fara-reumplere-doar-placere\/","title":{"rendered":"Descoper\u0103 cele mai bune arome cu Bang 15000 Puffs Vape de unic\u0103 folosin\u021b\u0103 F\u0103r\u0103 re\u00eenc\u0103rc\u0103ri Doar pl\u0103cere!"},"content":{"rendered":"<h1>Bang 15000 Puffs <a href=\"https:\/\/euvapz.com\/ro\">Vape de unic\u0103 folosin\u021b\u0103 cu ridicata<\/a><\/h1>\n<p>The <strong>Bang 15000 Puffs Vape cu ridicata de unic\u0103 folosin\u021b\u0103<\/strong> este o alegere ideal\u0103 pentru angrosi\u0219tii care doresc s\u0103 ofere clien\u021bilor o experien\u021b\u0103 de vapat excep\u021bional\u0103. Acest vape pen de unic\u0103 folosin\u021b\u0103 este conceput pentru cei care doresc sesiuni de lung\u0103 durat\u0103, fluide \u0219i aromate. Cu o capacitate remarcabil\u0103 de 15.000 de pufuri, o varietate de arome delicioase \u0219i o baterie puternic\u0103, acesta ofer\u0103 toate caracteristicile esen\u021biale care fac vaparea at\u00e2t convenabil\u0103, c\u00e2t \u0219i pl\u0103cut\u0103.<\/p>\n<h2><strong>Caracteristici principale ale vapei de unic\u0103 folosin\u021b\u0103 Bang 15000 Puffs<\/strong><\/h2>\n<p>The <strong>Bang 15000 Puffs Vape de unic\u0103 folosin\u021b\u0103<\/strong> este un produs premium care ofer\u0103 at\u00e2t performan\u021b\u0103, c\u00e2t \u0219i arom\u0103. S\u0103 explor\u0103m caracteristicile remarcabile care fac din acest stilou de vape un must-have:<\/p>\n<p><strong>Num\u0103r de pufuri: 15,000 Puffs<\/strong><\/p>\n<p>Unul dintre cele mai importante puncte de v\u00e2nzare ale <strong><a href=\"https:\/\/euvapz.com\/ro\/categorie-produs\/bang-disposable-vape\/\">Bang 15000 Puffs<\/a> Vape de unic\u0103 folosin\u021b\u0103<\/strong> este num\u0103rul s\u0103u extins de pufuri. Oferind 15.000 de pufuri, acesta ofer\u0103 o experien\u021b\u0103 de lung\u0103 durat\u0103 care asigur\u0103 c\u0103 clien\u021bii dvs. se vor bucura de vape f\u0103r\u0103 \u00eenlocuiri frecvente.<\/p>\n<p><strong>Capacitate E-Liquid: 21ml<\/strong><\/p>\n<p>The <strong>Bang 15000 Puffs Vape de unic\u0103 folosin\u021b\u0103<\/strong> este preumplut cu 21 ml de e-lichid, asigur\u00e2ndu-v\u0103 c\u0103 clien\u021bii dvs. primesc o mul\u021bime de fumuri netede \u0219i aromate \u00eenainte de a trebui s\u0103 arunce vapa.<\/p>\n<p><strong>Durata de via\u021b\u0103 a bateriei: 16350 651mAh<\/strong><\/p>\n<p>Bateria 16350 651mAh ofer\u0103 suficient\u0103 energie pentru cele 15.000 de pufuri de lung\u0103 durat\u0103, asigur\u00e2ndu-se c\u0103 utilizatorii se pot bucura de sesiunile lor f\u0103r\u0103 a-\u0219i face griji cu privire la durata de via\u021b\u0103 a bateriei. Bateria vape pen-ului asigur\u0103, de asemenea, o produc\u021bie consistent\u0103 de vapori pe \u00eentreaga durat\u0103 de via\u021b\u0103 a dispozitivului.<\/p>\n<p><strong>Rezisten\u021b\u0103: 1,2 ohmi<\/strong><\/p>\n<p>Cu o rezisten\u021b\u0103 de 1,2 ohmi, <strong>Bang 15000 Puffs Vape de unic\u0103 folosin\u021b\u0103<\/strong> ofer\u0103 o tragere echilibrat\u0103 care produce o lovitur\u0103 satisf\u0103c\u0103toare \u00een g\u00e2t, men\u021bin\u00e2nd \u00een acela\u0219i timp profilul de arom\u0103 clar \u0219i clar.<\/p>\n<p><strong>\u00cenc\u0103rcare de tip C<\/strong><\/p>\n<p>Echipat cu un port de \u00eenc\u0103rcare Type-C, dispozitivul <strong>Bang 15000 Puffs Vape de unic\u0103 folosin\u021b\u0103<\/strong> asigur\u0103 o \u00eenc\u0103rcare mai rapid\u0103 \u0219i mai eficient\u0103, astfel \u00eenc\u00e2t clien\u021bii dvs. pot petrece mai mult timp bucur\u00e2ndu-se de vape-ul lor \u0219i mai pu\u021bin timp a\u0219tept\u00e2nd s\u0103 se \u00eencarce.<\/p>\n<hr \/>\n<h2><img fetchpriority=\"high\" decoding=\"async\" class=\"alignnone size-full wp-image-24947\" src=\"https:\/\/euvapz.com\/wp-content\/uploads\/2025\/02\/Discover-the-Best-Flavors-with-Bang-15000-Puffs-Disposable-Vape-No-Refills-Just-Enjoyment-11.webp\" alt=\"Discover the Best Flavors with Bang 15000 Puffs Disposable Vape No Refills Just Enjoyment!Discover the Best Flavors with Bang 15000 Puffs Disposable Vape No Refills Just Enjoyment!Discover the Best Flavors with Bang 15000 Puffs Disposable Vape No Refills Just Enjoyment!Discover the Best Flavors with Bang 15000 Puffs Disposable Vape No Refills Just Enjoyment!Discover the Best Flavors with Bang 15000 Puffs Disposable Vape No Refills Just Enjoyment!Discover the Best Flavors with Bang 15000 Puffs Disposable Vape No Refills Just Enjoyment!Discover the Best Flavors with Bang 15000 Puffs Disposable Vape No Refills Just Enjoyment!Discover the Best Flavors with Bang 15000 Puffs Disposable Vape No Refills Just Enjoyment!Discover the Best Flavors with Bang 15000 Puffs Disposable Vape No Refills Just Enjoyment!Discover the Best Flavors with Bang 15000 Puffs Disposable Vape No Refills Just Enjoyment!Discover the Best Flavors with Bang 15000 Puffs Disposable Vape No Refills Just Enjoyment!Discover the Best Flavors with Bang 15000 Puffs Disposable Vape No Refills Just Enjoyment!Discover the Best Flavors with Bang 15000 Puffs Disposable Vape No Refills Just Enjoyment!Discover the Best Flavors with Bang 15000 Puffs Disposable Vape No Refills Just Enjoyment!Discover the Best Flavors with Bang 15000 Puffs Disposable Vape No Refills Just Enjoyment!Discover the Best Flavors with Bang 15000 Puffs Disposable Vape No Refills Just Enjoyment!Discover the Best Flavors with Bang 15000 Puffs Disposable Vape No Refills Just Enjoyment!Discover the Best Flavors with Bang 15000 Puffs Disposable Vape No Refills Just Enjoyment!Discover the Best Flavors with Bang 15000 Puffs Disposable Vape No Refills Just Enjoyment!Discover the Best Flavors with Bang 15000 Puffs Disposable Vape No Refills Just Enjoyment!Discover the Best Flavors with Bang 15000 Puffs Disposable Vape No Refills Just Enjoyment!Discover the Best Flavors with Bang 15000 Puffs Disposable Vape No Refills Just Enjoyment!Discover the Best Flavors with Bang 15000 Puffs Disposable Vape No Refills Just Enjoyment!\" width=\"1166\" height=\"1080\" srcset=\"https:\/\/euvapz.com\/wp-content\/uploads\/2025\/02\/Discover-the-Best-Flavors-with-Bang-15000-Puffs-Disposable-Vape-No-Refills-Just-Enjoyment-11.webp 1166w, https:\/\/euvapz.com\/wp-content\/uploads\/2025\/02\/Discover-the-Best-Flavors-with-Bang-15000-Puffs-Disposable-Vape-No-Refills-Just-Enjoyment-11-430x398.webp 430w, https:\/\/euvapz.com\/wp-content\/uploads\/2025\/02\/Discover-the-Best-Flavors-with-Bang-15000-Puffs-Disposable-Vape-No-Refills-Just-Enjoyment-11-150x139.webp 150w, https:\/\/euvapz.com\/wp-content\/uploads\/2025\/02\/Discover-the-Best-Flavors-with-Bang-15000-Puffs-Disposable-Vape-No-Refills-Just-Enjoyment-11-700x648.webp 700w, https:\/\/euvapz.com\/wp-content\/uploads\/2025\/02\/Discover-the-Best-Flavors-with-Bang-15000-Puffs-Disposable-Vape-No-Refills-Just-Enjoyment-11-324x300.webp 324w, https:\/\/euvapz.com\/wp-content\/uploads\/2025\/02\/Discover-the-Best-Flavors-with-Bang-15000-Puffs-Disposable-Vape-No-Refills-Just-Enjoyment-11-864x800.webp 864w, https:\/\/euvapz.com\/wp-content\/uploads\/2025\/02\/Discover-the-Best-Flavors-with-Bang-15000-Puffs-Disposable-Vape-No-Refills-Just-Enjoyment-11-768x711.webp 768w, https:\/\/euvapz.com\/wp-content\/uploads\/2025\/02\/Discover-the-Best-Flavors-with-Bang-15000-Puffs-Disposable-Vape-No-Refills-Just-Enjoyment-11-13x12.webp 13w\" sizes=\"(max-width: 1166px) 100vw, 1166px\" \/><\/h2>\n<h2><\/h2>\n<h2>Arome de <a href=\"https:\/\/euvapz.com\/ro\/categorie-produs\/bang-disposable-vape\/\">Bang 15000 Puffs<\/a> Vape de unic\u0103 folosin\u021b\u0103: O colec\u021bie savuroas\u0103<\/h2>\n<p>The <strong>Bang 15000 Puffs Vape de unic\u0103 folosin\u021b\u0103<\/strong> este disponibil \u00eentr-o gam\u0103 larg\u0103 de arome delicioase \u0219i interesante, ceea ce \u00eel face perfect pentru clien\u021bii cu gusturi variate. Mai jos, am detaliat fiecare arom\u0103 \u0219i experien\u021ba unic\u0103 pe care o ofer\u0103:<\/p>\n<p><strong>1. Ment\u0103<\/strong><\/p>\n<p>R\u0103coritoare \u0219i \u00eenghe\u021bat\u0103, <strong>Ment\u0103<\/strong> ofer\u0103 o experien\u021b\u0103 rece \u0219i crocant\u0103 care las\u0103 o senza\u021bie r\u0103coritoare la fiecare fum.<\/p>\n<p><strong>2. Ghea\u021b\u0103 cu ananas \u0219i nuc\u0103 de cocos<\/strong><\/p>\n<p>O fuziune tropical\u0103 de ananas suculent \u0219i nuc\u0103 de cocos cremoas\u0103, aceast\u0103 arom\u0103 are un finisaj mentolat rece, oferindu-i un gust fin \u0219i r\u0103coritor.<\/p>\n<p><strong>3. Pepene Bubblegum<\/strong><\/p>\n<p>Dulce \u0219i juc\u0103u\u0219, <strong>Pepene galben Bubblegum<\/strong> combin\u0103 aroma suculent\u0103 a pepenelui cu o arom\u0103 dulce de gum\u0103 de mestecat, care va aduce \u00eenapoi amintiri nostalgice.<\/p>\n<p><strong>4. Triple Berry Ice<\/strong><\/p>\n<p>Un amestec \u00eenc\u00e2nt\u0103tor de c\u0103p\u0219uni, zmeur\u0103 \u0219i afine, <strong>Triple Berry Ice<\/strong> este o vape delicios de dulce \u0219i picant\u0103, cu o lovitur\u0103 r\u0103coroas\u0103 de mentol.<\/p>\n<p><strong>5. Ghea\u021b\u0103 de piersici<\/strong><\/p>\n<p>Pentru fanii vaporiz\u0103rilor fructate cu o r\u0103ceal\u0103, <strong>Ghea\u021b\u0103 de piersici<\/strong> ofer\u0103 echilibrul perfect \u00eentre piersicile suculente, coapte \u0219i un final r\u0103coritor \u0219i \u00eenghe\u021bat.<\/p>\n<p><strong>6. Rodie<\/strong><\/p>\n<p>Bogat, picant \u0219i exotic, <strong>Rodie<\/strong> ofer\u0103 un vape \u00eendr\u0103zne\u021b \u0219i u\u0219or acru, perfect pentru cei care iubesc o arom\u0103 r\u0103coritoare, dar sofisticat\u0103.<\/p>\n<p><strong>7. Blue Razz Ice<\/strong><\/p>\n<p>O arom\u0103 dulce \u0219i acidulat\u0103 de zmeur\u0103 albastr\u0103, <strong>Blue Razz Ice<\/strong> ofer\u0103 o vape fructat\u0103 cu un finisaj \u00eenghe\u021bat, rece, perfect pentru cei care se bucur\u0103 de un gust proasp\u0103t, vibrant.<\/p>\n<p><strong>8. Pepene galben cu c\u0103p\u0219uni<\/strong><\/p>\n<p>O combina\u021bie suculent\u0103 \u0219i r\u0103coritoare, <strong>Pepene ro\u0219u cu c\u0103p\u0219uni<\/strong> este cel mai bun duo fructat, oferind un amestec fin de c\u0103p\u0219uni dulci \u0219i pepeni verzi.<\/p>\n<p><strong>9. Ment\u0103 pepene galben<\/strong><\/p>\n<p><strong>Ment\u0103 pepene galben<\/strong> ofer\u0103 un amestec perfect de pepene dulce \u0219i r\u0103coritor, cu un final rece \u0219i crocant de ment\u0103. Este o experien\u021b\u0103 fin\u0103, dulce \u0219i r\u0103coroas\u0103 deodat\u0103.<\/p>\n<p><strong>10. Sherbert curcubeu<\/strong><\/p>\n<p>Dulce, picant \u0219i cremos, <strong>Sherbert curcubeu<\/strong> reune\u0219te o combina\u021bie \u00eenc\u00e2nt\u0103toare de arome fructate \u0219i note fine \u0219i cremoase, oferind o experien\u021b\u0103 delicios de distractiv\u0103.<\/p>\n<p><strong>11. Mango cu c\u0103p\u0219uni<\/strong><\/p>\n<p>Un deliciu tropical, <strong>Mango cu c\u0103p\u0219uni<\/strong> combin\u0103 dulcea\u021ba c\u0103p\u0219unilor cu gustul \u00eendr\u0103zne\u021b \u0219i suculent al mango, cre\u00e2nd o fuziune perfect\u0103 de arome fructate.<\/p>\n<p><strong>12. Strugure regal<\/strong><\/p>\n<p><strong>Strugure regal<\/strong> aduce gustul bogat \u0219i dulce al strugurilor la vape-ul dvs., oferind o experien\u021b\u0103 rafinat\u0103, dulce \u0219i suculent\u0103 pe care iubitorii de struguri o vor aprecia.<\/p>\n<p><strong>13. S\u0103rutul pasiunii<\/strong><\/p>\n<p>Tropical \u0219i dulce, <strong>S\u0103rutul pasiunii<\/strong> este un amestec neted de fructe exotice, care ofer\u0103 o arom\u0103 picant\u0103, dar satisf\u0103c\u0103toare cu fiecare fum.<\/p>\n<p><strong>14. M\u0103r dublu<\/strong><\/p>\n<p>Pentru fanii aromelor fructate \u0219i crocante, <strong>M\u0103r dublu<\/strong> ofer\u0103 echilibrul perfect de mere dulci \u0219i acri\u0219oare, oferind o vape r\u0103coritoare.<\/p>\n<p><strong>15. Piersic\u0103 Mango<\/strong><\/p>\n<p><strong>Piersic\u0103 Mango<\/strong> \u00eembin\u0103 dulcea\u021ba piersicilor cu gustul tropical al mango, oferind o experien\u021b\u0103 de vape vibrant\u0103 \u0219i fructat\u0103.<\/p>\n<p><strong>16. Kiwi cu c\u0103p\u0219uni<\/strong><\/p>\n<p>O combina\u021bie str\u0103lucitoare \u0219i acidulat\u0103 de c\u0103p\u0219uni dulci \u0219i kiwi acru, <strong>C\u0103p\u0219uni Kiwi<\/strong> este o vape r\u0103coritoare \u0219i fructat\u0103, care este deopotriv\u0103 fin\u0103 \u0219i delicioas\u0103.<\/p>\n<p><strong>17. Ghea\u021b\u0103 de pepene ro\u0219u<\/strong><\/p>\n<p>Cu aroma sa suculent\u0103 de pepene galben combinat\u0103 cu un final r\u0103coros de mentol, <strong>Ghea\u021b\u0103 de pepene ro\u0219u<\/strong> ofer\u0103 o experien\u021b\u0103 de vaporizare r\u0103coritoare \u0219i fructat\u0103.<\/p>\n<p><strong>18. Melon albastru<\/strong><\/p>\n<p>Arome dulci de pepene galben cu un final rece de mentol, <strong>Melon albastru<\/strong> ofer\u0103 o experien\u021b\u0103 de vape r\u0103coritoare, dulce \u0219i \u00eenghe\u021bat\u0103.<\/p>\n<p><strong>19. Dragoste 66<\/strong><\/p>\n<p>O arom\u0103 unic\u0103 \u0219i misterioas\u0103, <strong>Dragoste 66<\/strong> combin\u0103 amestecuri de fructe tropicale pentru o vape dulce \u0219i satisf\u0103c\u0103toare, perfect\u0103 pentru cei c\u0103rora le place s\u0103 \u00eencerce lucruri noi.<\/p>\n<p><strong>20. Sex pe plaj\u0103<\/strong><\/p>\n<p>Un amestec delicios tropical de arome fructate, <strong>Sex pe plaj\u0103<\/strong> ofer\u0103 o vape neted\u0103, exotic\u0103, care este at\u00e2t r\u0103coritoare, c\u00e2t \u0219i dulce.<\/p>\n<p><strong>21. Piersic\u0103 boabe<\/strong><\/p>\n<p>Combin\u0103 dulcea\u021ba piersicilor cu gustul acri\u0219or al fructelor de p\u0103dure, <strong>Piersic\u0103 boabe<\/strong> ofer\u0103 o vape de fructe echilibrat\u0103, care este at\u00e2t dulce, c\u00e2t \u0219i picant\u0103.<\/p>\n<p><strong>22. Ment\u0103 rece<\/strong><\/p>\n<p>Pentru cei care iubesc gustul r\u0103coritor de ment\u0103, <strong>Ment\u0103 rece<\/strong> ofer\u0103 o experien\u021b\u0103 pl\u0103cut\u0103 \u0219i rece, perfect\u0103 pentru o pauz\u0103 r\u0103coritoare.<\/p>\n<p><strong>23. C\u0103p\u0219uni Lychee<\/strong><\/p>\n<p>Un amestec dulce \u0219i exotic de c\u0103p\u0219uni \u0219i lychee, <strong>C\u0103p\u0219uni Lychee<\/strong> ofer\u0103 o experien\u021b\u0103 de fumat fructat\u0103 \u0219i floral\u0103, cu un final r\u0103coritor.<\/p>\n<hr \/>\n<h2><img decoding=\"async\" class=\"alignnone size-full wp-image-24946\" src=\"https:\/\/euvapz.com\/wp-content\/uploads\/2025\/02\/Discover-the-Best-Flavors-with-Bang-15000-Puffs-Disposable-Vape-No-Refills-Just-Enjoyment-10.webp\" alt=\"Discover the Best Flavors with Bang 15000 Puffs DDiscover the Best Flavors with Bang 15000 Puffs Disposable Vape No Refills Just Enjoyment!Discover the Best Flavors with Bang 15000 Puffs Disposable Vape No Refills Just Enjoyment!Discover the Best Flavors with Bang 15000 Puffs Disposable Vape No Refills Just Enjoyment!Discover the Best Flavors with Bang 15000 Puffs Disposable Vape No Refills Just Enjoyment!Discover the Best Flavors with Bang 15000 Puffs Disposable Vape No Refills Just Enjoyment!Discover the Best Flavors with Bang 15000 Puffs Disposable Vape No Refills Just Enjoyment!Discover the Best Flavors with Bang 15000 Puffs Disposable Vape No Refills Just Enjoyment!Discover the Best Flavors with Bang 15000 Puffs Disposable Vape No Refills Just Enjoyment!Discover the Best Flavors with Bang 15000 Puffs Disposable Vape No Refills Just Enjoyment!Discover the Best Flavors with Bang 15000 Puffs Disposable Vape No Refills Just Enjoyment!Discover the Best Flavors with Bang 15000 Puffs Disposable Vape No Refills Just Enjoyment!Discover the Best Flavors with Bang 15000 Puffs Disposable Vape No Refills Just Enjoyment!Discover the Best Flavors with Bang 15000 Puffs Disposable Vape No Refills Just Enjoyment!Discover the Best Flavors with Bang 15000 Puffs Disposable Vape No Refills Just Enjoyment!Discover the Best Flavors with Bang 15000 Puffs Disposable Vape No Refills Just Enjoyment!Discover the Best Flavors with Bang 15000 Puffs Disposable Vape No Refills Just Enjoyment!Discover the Best Flavors with Bang 15000 Puffs Disposable Vape No Refills Just Enjoyment!Discover the Best Flavors with Bang 15000 Puffs Disposable Vape No Refills Just Enjoyment!Discover the Best Flavors with Bang 15000 Puffs Disposable Vape No Refills Just Enjoyment!isposable Vape No Refills Just Enjoyment!\" width=\"1296\" height=\"1080\" srcset=\"https:\/\/euvapz.com\/wp-content\/uploads\/2025\/02\/Discover-the-Best-Flavors-with-Bang-15000-Puffs-Disposable-Vape-No-Refills-Just-Enjoyment-10.webp 1296w, https:\/\/euvapz.com\/wp-content\/uploads\/2025\/02\/Discover-the-Best-Flavors-with-Bang-15000-Puffs-Disposable-Vape-No-Refills-Just-Enjoyment-10-430x358.webp 430w, https:\/\/euvapz.com\/wp-content\/uploads\/2025\/02\/Discover-the-Best-Flavors-with-Bang-15000-Puffs-Disposable-Vape-No-Refills-Just-Enjoyment-10-150x125.webp 150w, https:\/\/euvapz.com\/wp-content\/uploads\/2025\/02\/Discover-the-Best-Flavors-with-Bang-15000-Puffs-Disposable-Vape-No-Refills-Just-Enjoyment-10-700x583.webp 700w, https:\/\/euvapz.com\/wp-content\/uploads\/2025\/02\/Discover-the-Best-Flavors-with-Bang-15000-Puffs-Disposable-Vape-No-Refills-Just-Enjoyment-10-360x300.webp 360w, https:\/\/euvapz.com\/wp-content\/uploads\/2025\/02\/Discover-the-Best-Flavors-with-Bang-15000-Puffs-Disposable-Vape-No-Refills-Just-Enjoyment-10-960x800.webp 960w, https:\/\/euvapz.com\/wp-content\/uploads\/2025\/02\/Discover-the-Best-Flavors-with-Bang-15000-Puffs-Disposable-Vape-No-Refills-Just-Enjoyment-10-768x640.webp 768w, https:\/\/euvapz.com\/wp-content\/uploads\/2025\/02\/Discover-the-Best-Flavors-with-Bang-15000-Puffs-Disposable-Vape-No-Refills-Just-Enjoyment-10-14x12.webp 14w\" sizes=\"(max-width: 1296px) 100vw, 1296px\" \/><\/h2>\n<h2>De ce s\u0103 alege\u021bi Bang 15000 Puffs Vape cu ridicata de unic\u0103 folosin\u021b\u0103?<\/h2>\n<p>The <strong>Bang 15000 Puffs Vape cu ridicata de unic\u0103 folosin\u021b\u0103<\/strong> ofer\u0103 o varietate de beneficii care \u00eel fac o alegere excelent\u0103 pentru angrosi\u0219ti. Sufl\u0103rile sale de lung\u0103 durat\u0103, e-lichidul de \u00eenalt\u0103 calitate \u0219i performan\u021ba fiabil\u0103 \u00eel fac o op\u021biune atractiv\u0103 pentru clien\u021bii dvs. Gama larg\u0103 de arome delicioase asigur\u0103 c\u0103 exist\u0103 ceva pentru toat\u0103 lumea, indiferent dac\u0103 prefer\u0103 vaporiz\u0103rile fructate, mentolate sau \u00eenghe\u021bate.<\/p>\n<h3>Tabelul 1: Principalele caracteristici ale Bang 15000 Puffs <a href=\"https:\/\/euvapz.com\/ro\">Vape de unic\u0103 folosin\u021b\u0103<\/a><\/h3>\n<ul data-start=\"104\" data-end=\"307\">\n<li data-start=\"104\" data-end=\"136\">\n<p data-start=\"106\" data-end=\"136\"><strong data-start=\"106\" data-end=\"121\">Puff Count:<\/strong> 15.000 de pufuri<\/p>\n<\/li>\n<li data-start=\"137\" data-end=\"169\">\n<p data-start=\"139\" data-end=\"169\"><strong data-start=\"139\" data-end=\"161\">E-Liquid Capacity:<\/strong> 21 ml<\/p>\n<\/li>\n<li data-start=\"170\" data-end=\"202\">\n<p data-start=\"172\" data-end=\"202\"><strong data-start=\"172\" data-end=\"184\">Baterie:<\/strong> 16350 \u2013 651 mAh<\/p>\n<\/li>\n<li data-start=\"203\" data-end=\"231\">\n<p data-start=\"205\" data-end=\"231\"><strong data-start=\"205\" data-end=\"220\">Resistance:<\/strong> 1,2 ohmi<\/p>\n<\/li>\n<li data-start=\"232\" data-end=\"261\">\n<p data-start=\"234\" data-end=\"261\"><strong data-start=\"234\" data-end=\"252\">Charging Port:<\/strong> Tip C<\/p>\n<\/li>\n<li data-start=\"262\" data-end=\"307\">\n<p data-start=\"264\" data-end=\"307\"><strong data-start=\"264\" data-end=\"286\">Available Flavors:<\/strong> 23 de op\u021biuni vibrante<\/p>\n<\/li>\n<\/ul>\n<h2>Achizi\u021bii <a href=\"https:\/\/euvapz.com\/ro\/categorie-produs\/bang-disposable-vape\/\">Bang 15000 Puffs<\/a> Vape de unic\u0103 folosin\u021b\u0103 cu ridicata pentru magazinul dvs.<\/h2>\n<p>Ca angrosist, pute\u021bi profita de <strong>Bang 15000 Puffs Vape cu ridicata de unic\u0103 folosin\u021b\u0103<\/strong> prin oferirea acestui produs premium clien\u021bilor dvs. Cu bateria sa de lung\u0103 durat\u0103, e-lichidul de \u00eenalt\u0103 calitate \u0219i gama \u00eenc\u00e2nt\u0103toare de arome, este ad\u0103ugarea perfect\u0103 la inventarul dvs.<\/p>\n<h2>Concluzie: De ce vapa de unic\u0103 folosin\u021b\u0103 Bang 15000 Puffs este alegerea perfect\u0103 pentru angrosi\u0219ti<\/h2>\n<p>The <strong>Bang 15000 Puffs Vape cu ridicata de unic\u0103 folosin\u021b\u0103<\/strong> este produsul ideal pentru angrosi\u0219tii care doresc s\u0103 ofere clien\u021bilor lor vapori de unic\u0103 folosin\u021b\u0103 de \u00eenalt\u0103 calitate. Cu colec\u021bia sa excelent\u0103 de arome, performan\u021ba fiabil\u0103 \u0219i pre\u021bul accesibil, este un must-have pentru orice magazin de vape. Aproviziona\u021bi-v\u0103 cu acest vape premium ast\u0103zi \u0219i oferi\u021bi clien\u021bilor dvs. o experien\u021b\u0103 de vaping superioar\u0103!<\/p>","protected":false},"excerpt":{"rendered":"<p>The <strong data-start=\"4\" data-end=\"40\">Bang 15000 Puffs Vape de unic\u0103 folosin\u021b\u0103<\/strong> ofer\u0103 15.000 de pufuri de vapori netezi \u0219i aroma\u021bi. Cu 21 ml de e-lichid, o baterie de 651 mAh \u0219i 23 de arome interesante, ofer\u0103 sesiuni de lung\u0103 durat\u0103, satisf\u0103c\u0103toare. Cu \u00eenc\u0103rcare de tip C \u0219i rezisten\u021b\u0103 de 1,2 ohm, acest vape este perfect pentru angrosi\u0219tii care caut\u0103 calitate \u0219i varietate.<\/p>","protected":false},"featured_media":24948,"comment_status":"open","ping_status":"closed","template":"","meta":[],"product_brand":[78],"product_cat":[77],"product_tag":[],"class_list":{"0":"post-24935","1":"product","2":"type-product","3":"status-publish","4":"has-post-thumbnail","6":"product_brand-bang-disposable-vape","7":"product_cat-bang-disposable-vape","9":"first","10":"instock","11":"shipping-taxable","12":"purchasable","13":"product-type-variable"},"_links":{"self":[{"href":"https:\/\/euvapz.com\/ro\/wp-json\/wp\/v2\/product\/24935","targetHints":{"allow":["GET"]}}],"collection":[{"href":"https:\/\/euvapz.com\/ro\/wp-json\/wp\/v2\/product"}],"about":[{"href":"https:\/\/euvapz.com\/ro\/wp-json\/wp\/v2\/types\/product"}],"replies":[{"embeddable":true,"href":"https:\/\/euvapz.com\/ro\/wp-json\/wp\/v2\/comments?post=24935"}],"version-history":[{"count":3,"href":"https:\/\/euvapz.com\/ro\/wp-json\/wp\/v2\/product\/24935\/revisions"}],"predecessor-version":[{"id":39750,"href":"https:\/\/euvapz.com\/ro\/wp-json\/wp\/v2\/product\/24935\/revisions\/39750"}],"wp:featuredmedia":[{"embeddable":true,"href":"https:\/\/euvapz.com\/ro\/wp-json\/wp\/v2\/media\/24948"}],"wp:attachment":[{"href":"https:\/\/euvapz.com\/ro\/wp-json\/wp\/v2\/media?parent=24935"}],"wp:term":[{"taxonomy":"product_brand","embeddable":true,"href":"https:\/\/euvapz.com\/ro\/wp-json\/wp\/v2\/product_brand?post=24935"},{"taxonomy":"product_cat","embeddable":true,"href":"https:\/\/euvapz.com\/ro\/wp-json\/wp\/v2\/product_cat?post=24935"},{"taxonomy":"product_tag","embeddable":true,"href":"https:\/\/euvapz.com\/ro\/wp-json\/wp\/v2\/product_tag?post=24935"}],"curies":[{"name":"wp","href":"https:\/\/api.w.org\/{rel}","templated":true}]}}