{"id":31511,"date":"2025-03-22T08:03:56","date_gmt":"2025-03-22T08:03:56","guid":{"rendered":"https:\/\/euvapz.com\/?post_type=product&#038;p=31511"},"modified":"2025-10-13T01:28:31","modified_gmt":"2025-10-13T01:28:31","slug":"waspe-fw-30000-puffs-disposable-vape-dual-mesh-coil-for-extended-vaping","status":"publish","type":"product","link":"https:\/\/euvapz.com\/ro\/produs\/waspe-fw-30000-puffs-disposable-vape-dual-mesh-coil-for-extended-vaping\/","title":{"rendered":"WASPE FW 30000 Puffs Disposable Vape Dual Mesh Coil for Extended Vaping"},"content":{"rendered":"<p data-start=\"138\" data-end=\"433\"><img fetchpriority=\"high\" decoding=\"async\" class=\"alignnone size-full wp-image-31526\" src=\"https:\/\/euvapz.com\/wp-content\/uploads\/2025\/03\/WASPE-FW-30000-Puffs-Disposable-Vape-Dual-Mesh-Coil-for-Extended-Vaping-15.webp\" alt=\"WASPE FW 30000 Puffs Disposable Vape Dual Mesh Coil for Extended Vaping\" width=\"1120\" height=\"1120\" srcset=\"https:\/\/euvapz.com\/wp-content\/uploads\/2025\/03\/WASPE-FW-30000-Puffs-Disposable-Vape-Dual-Mesh-Coil-for-Extended-Vaping-15.webp 1120w, https:\/\/euvapz.com\/wp-content\/uploads\/2025\/03\/WASPE-FW-30000-Puffs-Disposable-Vape-Dual-Mesh-Coil-for-Extended-Vaping-15-300x300.webp 300w, https:\/\/euvapz.com\/wp-content\/uploads\/2025\/03\/WASPE-FW-30000-Puffs-Disposable-Vape-Dual-Mesh-Coil-for-Extended-Vaping-15-800x800.webp 800w, https:\/\/euvapz.com\/wp-content\/uploads\/2025\/03\/WASPE-FW-30000-Puffs-Disposable-Vape-Dual-Mesh-Coil-for-Extended-Vaping-15-150x150.webp 150w, https:\/\/euvapz.com\/wp-content\/uploads\/2025\/03\/WASPE-FW-30000-Puffs-Disposable-Vape-Dual-Mesh-Coil-for-Extended-Vaping-15-768x768.webp 768w, https:\/\/euvapz.com\/wp-content\/uploads\/2025\/03\/WASPE-FW-30000-Puffs-Disposable-Vape-Dual-Mesh-Coil-for-Extended-Vaping-15-12x12.webp 12w, https:\/\/euvapz.com\/wp-content\/uploads\/2025\/03\/WASPE-FW-30000-Puffs-Disposable-Vape-Dual-Mesh-Coil-for-Extended-Vaping-15-430x430.webp 430w, https:\/\/euvapz.com\/wp-content\/uploads\/2025\/03\/WASPE-FW-30000-Puffs-Disposable-Vape-Dual-Mesh-Coil-for-Extended-Vaping-15-700x700.webp 700w\" sizes=\"(max-width: 1120px) 100vw, 1120px\" \/><\/p>\n<p class=\"\" data-start=\"138\" data-end=\"433\">The <strong data-start=\"142\" data-end=\"182\">WASPE FW 30000 Puffs Disposable Vape<\/strong> is a powerful, long-lasting device that offers <strong data-start=\"230\" data-end=\"246\">30.000 de pufuri<\/strong> for an extended vaping experience. Designed for vapers who value quality and performance, this vape ensures smooth sessions with consistent vapor production throughout its long lifespan.<\/p>\n<p class=\"\" data-start=\"435\" data-end=\"775\">Echipat cu un <strong data-start=\"452\" data-end=\"483\">850mAh rechargeable battery<\/strong>, a <strong data-start=\"489\" data-end=\"501\">WASPE FW<\/strong> delivers reliable power and can be quickly recharged via the <strong data-start=\"563\" data-end=\"587\">Type-C charging port<\/strong>, ensuring you&#8217;re always ready to vape. Featuring <strong data-start=\"637\" data-end=\"656\">dual mesh coils<\/strong> (1\u03a9 + 1\u03a9), this device enhances flavor and vapor production, giving you an ultra-satisfying experience with each puff.<\/p>\n<p class=\"\" data-start=\"777\" data-end=\"1157\">Preumplut cu <strong data-start=\"793\" data-end=\"821\">28mL of premium e-liquid<\/strong>, a <strong data-start=\"827\" data-end=\"839\">WASPE FW<\/strong> comes with <strong data-start=\"851\" data-end=\"886\">0%, 2%, and 5% nicotine options<\/strong>, catering to a variety of preferences. The <strong data-start=\"930\" data-end=\"959\">sistem de flux de aer reglabil<\/strong> allows you to fine-tune your draw, whether you prefer a tight or more open inhale. With a <strong data-start=\"1050\" data-end=\"1065\">Afi\u0219aj LED<\/strong> to show battery and e-liquid levels, this device makes it easy to keep track of your usage.<\/p>\n<h2 data-start=\"1159\" data-end=\"1193\"><strong data-start=\"1159\" data-end=\"1193\">WASPE FW 30000 Puffs Features:<\/strong><\/h2>\n<ul data-start=\"1194\" data-end=\"1622\">\n<li class=\"\" data-start=\"1194\" data-end=\"1285\">\n<p class=\"\" data-start=\"1196\" data-end=\"1285\"><strong data-start=\"1196\" data-end=\"1205\">Puffs<\/strong>: Up to <strong data-start=\"1213\" data-end=\"1229\">30.000 de pufuri<\/strong> cu un <strong data-start=\"1237\" data-end=\"1255\">dual mesh coil<\/strong> for enhanced flavor and vapor<\/p>\n<\/li>\n<li class=\"\" data-start=\"1286\" data-end=\"1354\">\n<p class=\"\" data-start=\"1288\" data-end=\"1354\"><strong data-start=\"1288\" data-end=\"1299\">Baterie<\/strong>: <strong data-start=\"1301\" data-end=\"1324\">850mAh rechargeable<\/strong> cu <strong data-start=\"1330\" data-end=\"1354\">Type-C charging port<\/strong><\/p>\n<\/li>\n<li class=\"\" data-start=\"1355\" data-end=\"1420\">\n<p class=\"\" data-start=\"1357\" data-end=\"1420\"><strong data-start=\"1357\" data-end=\"1378\">Puterea nicotinei<\/strong>: Available in <strong data-start=\"1393\" data-end=\"1420\">0%, 2%, and 5% nicotine<\/strong><\/p>\n<\/li>\n<li class=\"\" data-start=\"1421\" data-end=\"1474\">\n<p class=\"\" data-start=\"1423\" data-end=\"1474\"><strong data-start=\"1423\" data-end=\"1444\">Capacitate E-liquid<\/strong>: <strong data-start=\"1446\" data-end=\"1465\">28mL pre-filled<\/strong> e-liquid<\/p>\n<\/li>\n<li class=\"\" data-start=\"1475\" data-end=\"1557\">\n<p class=\"\" data-start=\"1477\" data-end=\"1557\"><strong data-start=\"1477\" data-end=\"1499\">Flux de aer reglabil<\/strong>: Customize your draw for a personalized vaping experience<\/p>\n<\/li>\n<li class=\"\" data-start=\"1558\" data-end=\"1622\">\n<p class=\"\" data-start=\"1560\" data-end=\"1622\"><strong data-start=\"1560\" data-end=\"1571\">Display<\/strong>: <strong data-start=\"1573\" data-end=\"1588\">Afi\u0219aj LED<\/strong> shows battery and e-liquid levels<\/p>\n<\/li>\n<\/ul>\n<h2 data-start=\"1624\" data-end=\"1661\"><strong data-start=\"1624\" data-end=\"1661\">WASPE FW 30000 Puffs Flavor List:<\/strong><\/h2>\n<ol data-start=\"1662\" data-end=\"1999\">\n<li class=\"\" data-start=\"1662\" data-end=\"1681\">\n<p class=\"\" data-start=\"1665\" data-end=\"1681\">Mango cu c\u0103p\u0219uni<\/p>\n<\/li>\n<li class=\"\" data-start=\"1682\" data-end=\"1696\">\n<p class=\"\" data-start=\"1685\" data-end=\"1696\">Mixed Berry<\/p>\n<\/li>\n<li class=\"\" data-start=\"1697\" data-end=\"1714\">\n<p class=\"\" data-start=\"1700\" data-end=\"1714\">Ghea\u021b\u0103 de pepene ro\u0219u<\/p>\n<\/li>\n<li class=\"\" data-start=\"1715\" data-end=\"1739\">\n<p class=\"\" data-start=\"1718\" data-end=\"1739\">Pepene ro\u0219u cu c\u0103p\u0219uni<\/p>\n<\/li>\n<li class=\"\" data-start=\"1740\" data-end=\"1762\">\n<p class=\"\" data-start=\"1743\" data-end=\"1762\">Strawberry Red Bull<\/p>\n<\/li>\n<li class=\"\" data-start=\"1763\" data-end=\"1790\">\n<p class=\"\" data-start=\"1766\" data-end=\"1790\">Kiwi fructul pasiunii Guava<\/p>\n<\/li>\n<li class=\"\" data-start=\"1791\" data-end=\"1803\">\n<p class=\"\" data-start=\"1794\" data-end=\"1803\">Ghea\u021b\u0103 de struguri<\/p>\n<\/li>\n<li class=\"\" data-start=\"1804\" data-end=\"1823\">\n<p class=\"\" data-start=\"1807\" data-end=\"1823\">Double Apple Ice<\/p>\n<\/li>\n<li class=\"\" data-start=\"1824\" data-end=\"1846\">\n<p class=\"\" data-start=\"1827\" data-end=\"1846\">Afine Zmeur\u0103<\/p>\n<\/li>\n<li class=\"\" data-start=\"1847\" data-end=\"1873\">\n<p class=\"\" data-start=\"1851\" data-end=\"1873\">Watermelon Mango Peach<\/p>\n<\/li>\n<li class=\"\" data-start=\"1874\" data-end=\"1891\">\n<p class=\"\" data-start=\"1878\" data-end=\"1891\">Ghea\u021b\u0103 cu afine<\/p>\n<\/li>\n<li class=\"\" data-start=\"1892\" data-end=\"1907\">\n<p class=\"\" data-start=\"1896\" data-end=\"1907\">Piersic\u0103 boabe<\/p>\n<\/li>\n<li class=\"\" data-start=\"1908\" data-end=\"1927\">\n<p class=\"\" data-start=\"1912\" data-end=\"1927\">C\u0103p\u0219uni Kiwi<\/p>\n<\/li>\n<li class=\"\" data-start=\"1928\" data-end=\"1942\">\n<p class=\"\" data-start=\"1932\" data-end=\"1942\">Cherry Ice<\/p>\n<\/li>\n<li class=\"\" data-start=\"1943\" data-end=\"1974\">\n<p class=\"\" data-start=\"1947\" data-end=\"1974\">Strawberry Raspberry Cherry<\/p>\n<\/li>\n<li class=\"\" data-start=\"1975\" data-end=\"1999\">\n<p class=\"\" data-start=\"1979\" data-end=\"1999\">Pepene galben Bubblegum<\/p>\n<\/li>\n<\/ol>\n<p class=\"\" data-start=\"2001\" data-end=\"2390\">Cu <strong data-start=\"2006\" data-end=\"2035\">dual mesh coil technology<\/strong>, <strong data-start=\"2037\" data-end=\"2059\">debit de aer reglabil<\/strong>, and a variety of exciting flavors such as <strong data-start=\"2103\" data-end=\"2123\">Mango cu c\u0103p\u0219uni<\/strong> \u0219i <strong data-start=\"2128\" data-end=\"2146\">Ghea\u021b\u0103 de pepene ro\u0219u<\/strong>, a <strong data-start=\"2152\" data-end=\"2192\">WASPE FW 30000 Puffs Disposable Vape<\/strong> is the perfect device for vapers looking for <strong data-start=\"2238\" data-end=\"2253\">reliability<\/strong>, <strong data-start=\"2255\" data-end=\"2265\">arom\u0103<\/strong>, \u0219i <strong data-start=\"2271\" data-end=\"2299\">long-lasting performance<\/strong>. Whether you prefer fruity, icy, or bold flavors, this vape has something for every taste.<\/p>\n<h2 data-start=\"2001\" data-end=\"2390\">\t\t\t<link rel=\"stylesheet\" id=\"elementor-post-32801-css\" href=\"https:\/\/euvapz.com\/wp-content\/uploads\/elementor\/css\/post-32801.css?ver=1775243812\" type=\"text\/css\" media=\"all\">\n\t\t\t\t\t<div data-elementor-type=\"wp-post\" data-elementor-id=\"32801\" class=\"elementor elementor-32801\" data-elementor-post-type=\"cms_block\">\n\t\t\t\t<div class=\"wd-negative-gap elementor-element elementor-element-311ef4d e-flex e-con-boxed e-con e-parent\" data-id=\"311ef4d\" data-element_type=\"container\">\n\t\t\t\t\t<div class=\"e-con-inner\">\n\t\t\t\t<div class=\"elementor-element elementor-element-354d55bb color-scheme-inherit text-left elementor-widget elementor-widget-text-editor\" data-id=\"354d55bb\" data-element_type=\"widget\" data-widget_type=\"text-editor.default\">\n\t\t\t\t<div class=\"elementor-widget-container\">\n\t\t\t\t\t\t\t\t\t&nbsp;\n\n<script src=\"chrome-extension:\/\/fpelahbljekknahkcaegamhcndkfpfnc\/iFrame.js\" type=\"text\/javascript\"><\/script>\t\t\t\t\t\t\t\t<\/div>\n\t\t\t\t<\/div>\n\t\t\t\t\t<\/div>\n\t\t\t\t<\/div>\n\t\t<div class=\"wd-negative-gap elementor-element elementor-element-2f4b93b0 e-flex e-con-boxed e-con e-parent\" data-id=\"2f4b93b0\" data-element_type=\"container\">\n\t\t\t\t\t<div class=\"e-con-inner\">\n\t\t\t\t\t<\/div>\n\t\t\t\t<\/div>\n\t\t<div class=\"wd-negative-gap elementor-element elementor-element-200eec29 e-flex e-con-boxed e-con e-parent\" data-id=\"200eec29\" data-element_type=\"container\">\n\t\t\t\t\t<div class=\"e-con-inner\">\n\t\t\t\t<div class=\"elementor-element elementor-element-19faf1ba color-scheme-inherit text-left elementor-widget elementor-widget-text-editor\" data-id=\"19faf1ba\" data-element_type=\"widget\" data-widget_type=\"text-editor.default\">\n\t\t\t\t<div class=\"elementor-widget-container\">\n\t\t\t\t\t\t\t\t\t<h2><em><strong>\u00ceNTREB\u0102RI FRECVENTE<\/strong><\/em><\/h2><ul><li><h2><em><strong>Ce metode de expediere folosi\u021bi?<\/strong><\/em><\/h2><\/li><li><h2><em><strong><span style=\"color: #333333; font-size: 16px;\">Suntem parteneri cu transportatori de \u00eencredere precum UPS, DHL, FedEx \u0219i DPD. \u00cen func\u021bie de \u021bara de destina\u021bie, vom selecta cea mai bun\u0103 metod\u0103 de expediere pentru a asigura livrarea rapid\u0103 \u0219i sigur\u0103 a produselor dumneavoastr\u0103.<\/span><\/strong><\/em><\/h2><\/li><\/ul><ul><li><h2><em><strong>C\u00e2t timp va dura p\u00e2n\u0103 la sosirea comenzii mele?<\/strong><\/em><\/h2><\/li><\/ul><p data-start=\"340\" data-end=\"490\"><em><strong>\u00a0 \u00a0 \u00a0 De obicei, livrarea dureaz\u0103 \u00eentre 7-15 zile lucr\u0103toare. Cu toate acestea, \u00een timpul s\u0103rb\u0103torilor de v\u00e2rf sau al condi\u021biilor meteorologice nefavorabile, poate dura p\u00e2n\u0103 la 20 de zile lucr\u0103toare.<\/strong><\/em><\/p><ul><li data-start=\"492\" data-end=\"539\"><h2><em><strong>Comanda mea va trece de vam\u0103 f\u0103r\u0103 probleme?<\/strong><\/em><\/h2><\/li><li data-start=\"492\" data-end=\"539\"><h2><em><strong><span style=\"color: #333333; font-size: 16px;\">Ne ocup\u0103m de toate formalit\u0103\u021bile vamale pentru dvs., asigur\u00e2nd o livrare f\u0103r\u0103 probleme, f\u0103r\u0103 taxe sau tarife suplimentare. Garant\u0103m c\u0103 100% din expedierile noastre vor trece vama f\u0103r\u0103 probleme.<\/span><\/strong><\/em><\/h2><\/li><\/ul><ul><li data-start=\"718\" data-end=\"747\"><h2><em><strong>Pot avea \u00eencredere \u00een serviciul dvs.?<\/strong><\/em><\/h2><\/li><li data-start=\"718\" data-end=\"747\"><h2><em><strong><span style=\"color: #333333; font-size: 16px;\">Absolut! Accept\u0103m PayPal pentru pl\u0103\u021bi sigure, iar achizi\u021bia dvs. este protejat\u0103 de protec\u021bia cump\u0103r\u0103torului PayPal. De asemenea, pute\u021bi verifica recenziile noastre TrustPilot pentru a vedea ce spun al\u021bi clien\u021bi despre noi.<\/span><\/strong><\/em><\/h2><\/li><\/ul>\t\t\t\t\t\t\t\t<\/div>\n\t\t\t\t<\/div>\n\t\t\t\t\t<\/div>\n\t\t\t\t<\/div>\n\t\t<div class=\"wd-negative-gap elementor-element elementor-element-d4517fd e-flex e-con-boxed e-con e-parent\" data-id=\"d4517fd\" data-element_type=\"container\">\n\t\t\t\t\t<div class=\"e-con-inner\">\n\t\t\t\t<div class=\"elementor-element elementor-element-11cb93e5 elementor-widget elementor-widget-wd_button\" data-id=\"11cb93e5\" data-element_type=\"widget\" data-widget_type=\"wd_button.default\">\n\t\t\t\t<div class=\"elementor-widget-container\">\n\t\t\t\t\t\t\t<div class=\"wd-button-wrapper text-left\" >\n\t\t\t<a class=\"btn btn-style-link btn-style- btn-size-extra-large btn-scheme-inherit btn-scheme-hover-custom btn-icon-pos-right\"  href=\"https:\/\/euvapz.com\/ro\/faqs\/\">\n\t\t\t\t<span class=\"wd-btn-text\" data-elementor-setting-key=\"text\">\n\t\t\t\t\tFace\u021bi clic aici pentru mai multe \u00eentreb\u0103ri frecvente.\t\t\t\t<\/span>\n\n\t\t\t\t\t\t\t<\/a>\n\t\t<\/div>\n\t\t\t\t\t\t<\/div>\n\t\t\t\t<\/div>\n\t\t\t\t\t<\/div>\n\t\t\t\t<\/div>\n\t\t\t\t<\/div>\n\t\t<\/h2>","protected":false},"excerpt":{"rendered":"<p>The <strong data-start=\"7\" data-end=\"31\">WASPE FW 30000 Puffs<\/strong> Disposable Vape offers <strong data-start=\"55\" data-end=\"71\">30.000 de pufuri<\/strong>, <strong data-start=\"73\" data-end=\"90\">28mL e-liquid<\/strong>, \u0219i <strong data-start=\"96\" data-end=\"111\">5% nicotine<\/strong>, cu arome interesante, cum ar fi <strong data-start=\"140\" data-end=\"160\">Mango cu c\u0103p\u0219uni<\/strong> \u0219i <strong data-start=\"165\" data-end=\"183\">Ghea\u021b\u0103 de pepene ro\u0219u<\/strong> for a long-lasting, flavorful experience.<\/p>","protected":false},"featured_media":31522,"comment_status":"open","ping_status":"closed","template":"","meta":[],"product_brand":[111],"product_cat":[112],"product_tag":[],"class_list":{"0":"post-31511","1":"product","2":"type-product","3":"status-publish","4":"has-post-thumbnail","6":"product_brand-waspe-disposable-vapes","7":"product_cat-waspe-disposable-vapes","9":"first","10":"outofstock","11":"shipping-taxable","12":"purchasable","13":"product-type-variable"},"_links":{"self":[{"href":"https:\/\/euvapz.com\/ro\/wp-json\/wp\/v2\/product\/31511","targetHints":{"allow":["GET"]}}],"collection":[{"href":"https:\/\/euvapz.com\/ro\/wp-json\/wp\/v2\/product"}],"about":[{"href":"https:\/\/euvapz.com\/ro\/wp-json\/wp\/v2\/types\/product"}],"replies":[{"embeddable":true,"href":"https:\/\/euvapz.com\/ro\/wp-json\/wp\/v2\/comments?post=31511"}],"version-history":[{"count":3,"href":"https:\/\/euvapz.com\/ro\/wp-json\/wp\/v2\/product\/31511\/revisions"}],"predecessor-version":[{"id":32832,"href":"https:\/\/euvapz.com\/ro\/wp-json\/wp\/v2\/product\/31511\/revisions\/32832"}],"wp:featuredmedia":[{"embeddable":true,"href":"https:\/\/euvapz.com\/ro\/wp-json\/wp\/v2\/media\/31522"}],"wp:attachment":[{"href":"https:\/\/euvapz.com\/ro\/wp-json\/wp\/v2\/media?parent=31511"}],"wp:term":[{"taxonomy":"product_brand","embeddable":true,"href":"https:\/\/euvapz.com\/ro\/wp-json\/wp\/v2\/product_brand?post=31511"},{"taxonomy":"product_cat","embeddable":true,"href":"https:\/\/euvapz.com\/ro\/wp-json\/wp\/v2\/product_cat?post=31511"},{"taxonomy":"product_tag","embeddable":true,"href":"https:\/\/euvapz.com\/ro\/wp-json\/wp\/v2\/product_tag?post=31511"}],"curies":[{"name":"wp","href":"https:\/\/api.w.org\/{rel}","templated":true}]}}