{"id":32064,"date":"2025-03-22T09:46:04","date_gmt":"2025-03-22T09:46:04","guid":{"rendered":"https:\/\/euvapz.com\/?post_type=product&#038;p=32064"},"modified":"2026-03-16T06:00:33","modified_gmt":"2026-03-16T06:00:33","slug":"zooy-start-30000-puffs-disposable-vape-powerful-long-lasting-performance-with-dual-mesh-coil","status":"publish","type":"product","link":"https:\/\/euvapz.com\/ro\/produs\/zooy-start-30000-puffs-disposable-vape-powerful-long-lasting-performance-with-dual-mesh-coil\/","title":{"rendered":"ZOOY START 30000 Puffs Vape de unic\u0103 folosin\u021b\u0103 Performan\u021b\u0103 puternic\u0103 de lung\u0103 durat\u0103 cu bobin\u0103 Dual Mesh"},"content":{"rendered":"<p data-start=\"162\" data-end=\"526\"><img fetchpriority=\"high\" decoding=\"async\" class=\"alignnone size-full wp-image-32070\" src=\"https:\/\/euvapz.com\/wp-content\/uploads\/2025\/03\/ZOOY-START-30000-Puffs-Disposable-Vape-Powerful-Long-Lasting-Performance-with-Dual-Mesh-Coil-24.webp\" alt=\"ZOOY START 30000 Puffs Vape de unic\u0103 folosin\u021b\u0103 Performan\u021b\u0103 puternic\u0103 de lung\u0103 durat\u0103 cu bobin\u0103 Dual Mesh\" width=\"800\" height=\"800\" srcset=\"https:\/\/euvapz.com\/wp-content\/uploads\/2025\/03\/ZOOY-START-30000-Puffs-Disposable-Vape-Powerful-Long-Lasting-Performance-with-Dual-Mesh-Coil-24.webp 800w, https:\/\/euvapz.com\/wp-content\/uploads\/2025\/03\/ZOOY-START-30000-Puffs-Disposable-Vape-Powerful-Long-Lasting-Performance-with-Dual-Mesh-Coil-24-300x300.webp 300w, https:\/\/euvapz.com\/wp-content\/uploads\/2025\/03\/ZOOY-START-30000-Puffs-Disposable-Vape-Powerful-Long-Lasting-Performance-with-Dual-Mesh-Coil-24-150x150.webp 150w, https:\/\/euvapz.com\/wp-content\/uploads\/2025\/03\/ZOOY-START-30000-Puffs-Disposable-Vape-Powerful-Long-Lasting-Performance-with-Dual-Mesh-Coil-24-768x768.webp 768w, https:\/\/euvapz.com\/wp-content\/uploads\/2025\/03\/ZOOY-START-30000-Puffs-Disposable-Vape-Powerful-Long-Lasting-Performance-with-Dual-Mesh-Coil-24-12x12.webp 12w, https:\/\/euvapz.com\/wp-content\/uploads\/2025\/03\/ZOOY-START-30000-Puffs-Disposable-Vape-Powerful-Long-Lasting-Performance-with-Dual-Mesh-Coil-24-430x430.webp 430w, https:\/\/euvapz.com\/wp-content\/uploads\/2025\/03\/ZOOY-START-30000-Puffs-Disposable-Vape-Powerful-Long-Lasting-Performance-with-Dual-Mesh-Coil-24-700x700.webp 700w\" sizes=\"(max-width: 800px) 100vw, 800px\" \/><\/p>\n<p class=\"\" data-start=\"162\" data-end=\"526\">The <strong data-start=\"166\" data-end=\"208\">ZOOY START 30000 Puffs Disposable Vape<\/strong> is crafted for vapers who want a <strong data-start=\"242\" data-end=\"258\">de lung\u0103 durat\u0103<\/strong> \u0219i <strong data-start=\"263\" data-end=\"275\">puternic<\/strong> dispozitiv. Cu p\u00e2n\u0103 la <strong data-start=\"295\" data-end=\"311\">30.000 de pufuri<\/strong>, this vape ensures you can enjoy your sessions for an extended period without worrying about frequent replacements. It delivers top-tier performance, all while maintaining <strong data-start=\"484\" data-end=\"514\">smooth and flavorful vapor<\/strong> throughout.<\/p>\n<p class=\"\" data-start=\"528\" data-end=\"917\">Powered by a <strong data-start=\"541\" data-end=\"559\">dual mesh coil<\/strong>, the ZOOY START enhances vapor quality, providing a rich and consistent experience with every puff. The <strong data-start=\"664\" data-end=\"701\">rechargeable Type-C fast charging<\/strong> feature makes it quick and convenient to power up, ensuring you&#8217;re always ready to go. Whether you&#8217;re on the move or relaxing at home, this vape offers continuous performance, thanks to its efficient power delivery.<\/p>\n<p class=\"\" data-start=\"919\" data-end=\"1389\">Pre-filled with premium e-liquid, the ZOOY START offers a choice of nicotine strengths: <strong data-start=\"1007\" data-end=\"1025\">2%, 3%, and 5%<\/strong>, giving you the flexibility to choose the perfect strength for your needs. The <strong data-start=\"1105\" data-end=\"1127\">debit de aer reglabil<\/strong> system lets you fine-tune your draw to match your personal preferences, whether you like a tighter or looser inhale. Plus, the <strong data-start=\"1255\" data-end=\"1279\">3D curved LED screen<\/strong> adds a touch of style and modernity to the device, making it not just functional but also visually appealing.<\/p>\n<p class=\"\" data-start=\"1391\" data-end=\"1657\">With a range of delicious flavors like <strong data-start=\"1430\" data-end=\"1448\">Redbull Energy<\/strong>, <strong data-start=\"1450\" data-end=\"1467\">Blue Razz Ice<\/strong>, \u0219i <strong data-start=\"1473\" data-end=\"1498\">Pepene ro\u0219u cu c\u0103p\u0219uni<\/strong>, the ZOOY START 30000 Puffs offers a customizable vaping experience tailored to your taste. From <strong data-start=\"1596\" data-end=\"1606\">fruity<\/strong> to <strong data-start=\"1610\" data-end=\"1617\">icy<\/strong> blends, there&#8217;s something for everyone.<\/p>\n<p class=\"\" data-start=\"1659\" data-end=\"1832\">For vapers seeking a <strong data-start=\"1680\" data-end=\"1692\">reliable<\/strong>, <strong data-start=\"1694\" data-end=\"1706\">puternic<\/strong>, \u0219i <strong data-start=\"1712\" data-end=\"1723\">stylish<\/strong> device with long-lasting performance, the <strong data-start=\"1766\" data-end=\"1808\">ZOOY START 30000 Puffs Disposable Vape<\/strong> is the ultimate choice.<\/p>\n<h2 data-start=\"1834\" data-end=\"1870\"><strong data-start=\"1834\" data-end=\"1869\">ZOOY START 30000 Puffs Features<\/strong>:<\/h2>\n<ul data-start=\"1871\" data-end=\"2178\">\n<li class=\"\" data-start=\"1871\" data-end=\"1922\">\n<p class=\"\" data-start=\"1873\" data-end=\"1922\">P\u00e2n\u0103 la <strong data-start=\"1879\" data-end=\"1895\">30.000 de pufuri<\/strong> for long-lasting enjoyment<\/p>\n<\/li>\n<li class=\"\" data-start=\"1923\" data-end=\"1974\">\n<p class=\"\" data-start=\"1925\" data-end=\"1974\"><strong data-start=\"1925\" data-end=\"1943\">Dual mesh coil<\/strong> for smooth and flavorful vapor<\/p>\n<\/li>\n<li class=\"\" data-start=\"1975\" data-end=\"2023\">\n<p class=\"\" data-start=\"1977\" data-end=\"2023\"><strong data-start=\"1977\" data-end=\"1993\">Re\u00eenc\u0103rcabil\u0103<\/strong> cu <strong data-start=\"1999\" data-end=\"2023\">\u00cenc\u0103rcare rapid\u0103 de tip C<\/strong><\/p>\n<\/li>\n<li class=\"\" data-start=\"2024\" data-end=\"2072\">\n<p class=\"\" data-start=\"2026\" data-end=\"2072\"><strong data-start=\"2026\" data-end=\"2048\">Adjustable airflow<\/strong> for a personalized draw<\/p>\n<\/li>\n<li class=\"\" data-start=\"2073\" data-end=\"2115\">\n<p class=\"\" data-start=\"2075\" data-end=\"2115\"><strong data-start=\"2075\" data-end=\"2099\">3D curved LED screen<\/strong> for stylish use<\/p>\n<\/li>\n<li class=\"\" data-start=\"2116\" data-end=\"2178\">\n<p class=\"\" data-start=\"2118\" data-end=\"2178\">Disponibil \u00een <strong data-start=\"2131\" data-end=\"2139\">20mg<\/strong>, <strong data-start=\"2141\" data-end=\"2149\">30mg<\/strong>, <strong data-start=\"2151\" data-end=\"2178\">50mg nicotine strengths<\/strong><\/p>\n<\/li>\n<\/ul>\n<h2 data-start=\"2180\" data-end=\"2219\"><strong data-start=\"2180\" data-end=\"2218\">ZOOY START 30000 Puffs Flavor List<\/strong>:<\/h2>\n<ul data-start=\"2220\" data-end=\"2413\">\n<li class=\"\" data-start=\"2220\" data-end=\"2236\">\n<p class=\"\" data-start=\"2222\" data-end=\"2236\">Redbull Energy<\/p>\n<\/li>\n<li class=\"\" data-start=\"2237\" data-end=\"2252\">\n<p class=\"\" data-start=\"2239\" data-end=\"2252\">Blue Razz Ice<\/p>\n<\/li>\n<li class=\"\" data-start=\"2253\" data-end=\"2269\">\n<p class=\"\" data-start=\"2255\" data-end=\"2269\">Ghea\u021b\u0103 de pepene ro\u0219u<\/p>\n<\/li>\n<li class=\"\" data-start=\"2270\" data-end=\"2293\">\n<p class=\"\" data-start=\"2272\" data-end=\"2293\">Pepene ro\u0219u cu c\u0103p\u0219uni<\/p>\n<\/li>\n<li class=\"\" data-start=\"2294\" data-end=\"2307\">\n<p class=\"\" data-start=\"2296\" data-end=\"2307\">Suc de piersici<\/p>\n<\/li>\n<li class=\"\" data-start=\"2308\" data-end=\"2331\">\n<p class=\"\" data-start=\"2310\" data-end=\"2331\">Strawberry Banana Ice<\/p>\n<\/li>\n<li class=\"\" data-start=\"2332\" data-end=\"2347\">\n<p class=\"\" data-start=\"2334\" data-end=\"2347\">Ghea\u021b\u0103 cu afine<\/p>\n<\/li>\n<li class=\"\" data-start=\"2348\" data-end=\"2366\">\n<p class=\"\" data-start=\"2350\" data-end=\"2366\">Triple Berry Ice<\/p>\n<\/li>\n<li class=\"\" data-start=\"2367\" data-end=\"2384\">\n<p class=\"\" data-start=\"2369\" data-end=\"2384\">C\u0103p\u0219uni Kiwi<\/p>\n<\/li>\n<li class=\"\" data-start=\"2385\" data-end=\"2413\">\n<p class=\"\" data-start=\"2387\" data-end=\"2413\">Blueberry Cherry Cranberry<\/p>\n<\/li>\n<\/ul>\n<p class=\"\" data-start=\"2415\" data-end=\"2662\">The <strong data-start=\"2419\" data-end=\"2461\">ZOOY START 30000 Puffs Disposable Vape<\/strong> delivers not only <strong data-start=\"2480\" data-end=\"2496\">de lung\u0103 durat\u0103<\/strong> puffs but also the flexibility to choose from a range of <strong data-start=\"2554\" data-end=\"2575\">delicious flavors<\/strong> and nicotine strengths, making it a must-have for both casual and professional vapers.<\/p>\n<h2 data-start=\"2415\" data-end=\"2662\">\t\t\t<link rel=\"stylesheet\" id=\"elementor-post-32801-css\" href=\"https:\/\/euvapz.com\/wp-content\/uploads\/elementor\/css\/post-32801.css?ver=1778854920\" type=\"text\/css\" media=\"all\">\n\t\t\t\t\t<div data-elementor-type=\"wp-post\" data-elementor-id=\"32801\" class=\"elementor elementor-32801\" data-elementor-post-type=\"cms_block\">\n\t\t\t\t<div class=\"wd-negative-gap elementor-element elementor-element-311ef4d e-flex e-con-boxed e-con e-parent\" data-id=\"311ef4d\" data-element_type=\"container\" data-e-type=\"container\">\n\t\t\t\t\t<div class=\"e-con-inner\">\n\t\t\t\t<div class=\"elementor-element elementor-element-354d55bb color-scheme-inherit text-left elementor-widget elementor-widget-text-editor\" data-id=\"354d55bb\" data-element_type=\"widget\" data-e-type=\"widget\" data-widget_type=\"text-editor.default\">\n\t\t\t\t<div class=\"elementor-widget-container\">\n\t\t\t\t\t\t\t\t\t&nbsp;\n\n<script src=\"chrome-extension:\/\/fpelahbljekknahkcaegamhcndkfpfnc\/iFrame.js\" type=\"text\/javascript\"><\/script>\t\t\t\t\t\t\t\t<\/div>\n\t\t\t\t<\/div>\n\t\t\t\t\t<\/div>\n\t\t\t\t<\/div>\n\t\t<div class=\"wd-negative-gap elementor-element elementor-element-2f4b93b0 e-flex e-con-boxed e-con e-parent\" data-id=\"2f4b93b0\" data-element_type=\"container\" data-e-type=\"container\">\n\t\t\t\t\t<div class=\"e-con-inner\">\n\t\t\t\t\t<\/div>\n\t\t\t\t<\/div>\n\t\t<div class=\"wd-negative-gap elementor-element elementor-element-200eec29 e-flex e-con-boxed e-con e-parent\" data-id=\"200eec29\" data-element_type=\"container\" data-e-type=\"container\">\n\t\t\t\t\t<div class=\"e-con-inner\">\n\t\t\t\t<div class=\"elementor-element elementor-element-19faf1ba color-scheme-inherit text-left elementor-widget elementor-widget-text-editor\" data-id=\"19faf1ba\" data-element_type=\"widget\" data-e-type=\"widget\" data-widget_type=\"text-editor.default\">\n\t\t\t\t<div class=\"elementor-widget-container\">\n\t\t\t\t\t\t\t\t\t<h2><em><strong>\u00ceNTREB\u0102RI FRECVENTE<\/strong><\/em><\/h2><ul><li><h2><em><strong>Ce metode de expediere folosi\u021bi?<\/strong><\/em><\/h2><\/li><li><h2><em><strong><span style=\"color: #333333; font-size: 16px;\">Suntem parteneri cu transportatori de \u00eencredere precum UPS, DHL, FedEx \u0219i DPD. \u00cen func\u021bie de \u021bara de destina\u021bie, vom selecta cea mai bun\u0103 metod\u0103 de expediere pentru a asigura livrarea rapid\u0103 \u0219i sigur\u0103 a produselor dumneavoastr\u0103.<\/span><\/strong><\/em><\/h2><\/li><\/ul><ul><li><h2><em><strong>C\u00e2t timp va dura p\u00e2n\u0103 la sosirea comenzii mele?<\/strong><\/em><\/h2><\/li><\/ul><p data-start=\"340\" data-end=\"490\"><em><strong>\u00a0 \u00a0 \u00a0 De obicei, livrarea dureaz\u0103 \u00eentre 7-15 zile lucr\u0103toare. Cu toate acestea, \u00een timpul s\u0103rb\u0103torilor de v\u00e2rf sau al condi\u021biilor meteorologice nefavorabile, poate dura p\u00e2n\u0103 la 20 de zile lucr\u0103toare.<\/strong><\/em><\/p><ul><li data-start=\"492\" data-end=\"539\"><h2><em><strong>Comanda mea va trece de vam\u0103 f\u0103r\u0103 probleme?<\/strong><\/em><\/h2><\/li><li data-start=\"492\" data-end=\"539\"><h2><em><strong><span style=\"color: #333333; font-size: 16px;\">Ne ocup\u0103m de toate formalit\u0103\u021bile vamale pentru dvs., asigur\u00e2nd o livrare f\u0103r\u0103 probleme, f\u0103r\u0103 taxe sau tarife suplimentare. Garant\u0103m c\u0103 100% din expedierile noastre vor trece vama f\u0103r\u0103 probleme.<\/span><\/strong><\/em><\/h2><\/li><\/ul><ul><li data-start=\"718\" data-end=\"747\"><h2><em><strong>Pot avea \u00eencredere \u00een serviciul dvs.?<\/strong><\/em><\/h2><\/li><li data-start=\"718\" data-end=\"747\"><h2><em><strong><span style=\"color: #333333; font-size: 16px;\">Absolut! Accept\u0103m PayPal pentru pl\u0103\u021bi sigure, iar achizi\u021bia dvs. este protejat\u0103 de protec\u021bia cump\u0103r\u0103torului PayPal. De asemenea, pute\u021bi verifica recenziile noastre TrustPilot pentru a vedea ce spun al\u021bi clien\u021bi despre noi.<\/span><\/strong><\/em><\/h2><\/li><\/ul>\t\t\t\t\t\t\t\t<\/div>\n\t\t\t\t<\/div>\n\t\t\t\t\t<\/div>\n\t\t\t\t<\/div>\n\t\t<div class=\"wd-negative-gap elementor-element elementor-element-d4517fd e-flex e-con-boxed e-con e-parent\" data-id=\"d4517fd\" data-element_type=\"container\" data-e-type=\"container\">\n\t\t\t\t\t<div class=\"e-con-inner\">\n\t\t\t\t<div class=\"elementor-element elementor-element-11cb93e5 elementor-widget elementor-widget-wd_button\" data-id=\"11cb93e5\" data-element_type=\"widget\" data-e-type=\"widget\" data-widget_type=\"wd_button.default\">\n\t\t\t\t<div class=\"elementor-widget-container\">\n\t\t\t\t\t\t\t<div class=\"wd-button-wrapper text-left\" >\n\t\t\t<a class=\"btn btn-style-link btn-style- btn-size-extra-large btn-scheme-inherit btn-scheme-hover-custom btn-icon-pos-right\"  href=\"https:\/\/euvapz.com\/ro\/faqs\/\">\n\t\t\t\t<span class=\"wd-btn-text\" data-elementor-setting-key=\"text\">\n\t\t\t\t\tFace\u021bi clic aici pentru mai multe \u00eentreb\u0103ri frecvente.\t\t\t\t<\/span>\n\n\t\t\t\t\t\t\t<\/a>\n\t\t<\/div>\n\t\t\t\t\t\t<\/div>\n\t\t\t\t<\/div>\n\t\t\t\t\t<\/div>\n\t\t\t\t<\/div>\n\t\t\t\t<\/div>\n\t\t<\/h2>\n<p><script src=\"chrome-extension:\/\/fpelahbljekknahkcaegamhcndkfpfnc\/iFrame.js\" type=\"text\/javascript\"><\/script><\/p>\n<p><script src=\"chrome-extension:\/\/fpelahbljekknahkcaegamhcndkfpfnc\/iFrame.js\" type=\"text\/javascript\"><\/script><\/p>","protected":false},"excerpt":{"rendered":"<p>The <strong data-start=\"7\" data-end=\"49\">ZOOY START 30000 Puffs Disposable Vape<\/strong> offers up to <strong data-start=\"63\" data-end=\"79\">30.000 de pufuri<\/strong>, <strong data-start=\"81\" data-end=\"99\">dual mesh coil<\/strong> technology, and flavors like <strong data-start=\"129\" data-end=\"147\">Redbull Energy<\/strong>, <strong data-start=\"149\" data-end=\"166\">Blue Razz Ice<\/strong>, \u0219i <strong data-start=\"172\" data-end=\"197\">Pepene ro\u0219u cu c\u0103p\u0219uni<\/strong>, disponibil \u00een <strong data-start=\"212\" data-end=\"239\">2%, 3%, and 5% nicotine<\/strong> strengths.<\/p>","protected":false},"featured_media":33667,"comment_status":"open","ping_status":"closed","template":"","meta":[],"product_brand":[198],"product_cat":[199],"product_tag":[],"class_list":{"0":"post-32064","1":"product","2":"type-product","3":"status-publish","4":"has-post-thumbnail","6":"product_brand-zooy-disposable-vape","7":"product_cat-zooy-disposable-vape","9":"first","10":"instock","11":"shipping-taxable","12":"purchasable","13":"product-type-variable"},"_links":{"self":[{"href":"https:\/\/euvapz.com\/ro\/wp-json\/wp\/v2\/product\/32064","targetHints":{"allow":["GET"]}}],"collection":[{"href":"https:\/\/euvapz.com\/ro\/wp-json\/wp\/v2\/product"}],"about":[{"href":"https:\/\/euvapz.com\/ro\/wp-json\/wp\/v2\/types\/product"}],"replies":[{"embeddable":true,"href":"https:\/\/euvapz.com\/ro\/wp-json\/wp\/v2\/comments?post=32064"}],"version-history":[{"count":5,"href":"https:\/\/euvapz.com\/ro\/wp-json\/wp\/v2\/product\/32064\/revisions"}],"predecessor-version":[{"id":33674,"href":"https:\/\/euvapz.com\/ro\/wp-json\/wp\/v2\/product\/32064\/revisions\/33674"}],"wp:featuredmedia":[{"embeddable":true,"href":"https:\/\/euvapz.com\/ro\/wp-json\/wp\/v2\/media\/33667"}],"wp:attachment":[{"href":"https:\/\/euvapz.com\/ro\/wp-json\/wp\/v2\/media?parent=32064"}],"wp:term":[{"taxonomy":"product_brand","embeddable":true,"href":"https:\/\/euvapz.com\/ro\/wp-json\/wp\/v2\/product_brand?post=32064"},{"taxonomy":"product_cat","embeddable":true,"href":"https:\/\/euvapz.com\/ro\/wp-json\/wp\/v2\/product_cat?post=32064"},{"taxonomy":"product_tag","embeddable":true,"href":"https:\/\/euvapz.com\/ro\/wp-json\/wp\/v2\/product_tag?post=32064"}],"curies":[{"name":"wp","href":"https:\/\/api.w.org\/{rel}","templated":true}]}}