{"id":16213,"date":"2025-02-13T13:59:20","date_gmt":"2025-02-13T13:59:20","guid":{"rendered":"https:\/\/euvapz.com\/?post_type=product&#038;p=16213"},"modified":"2025-03-27T12:12:05","modified_gmt":"2025-03-27T12:12:05","slug":"atvs-25000-puffs-najlepsia-volba-pre-dlhotrvajuce-potesenie-z-vapingu","status":"publish","type":"product","link":"https:\/\/euvapz.com\/sk\/produkt\/atvs-25000-puffs-najlepsia-volba-pre-dlhotrvajuce-potesenie-z-vapingu\/","title":{"rendered":"ATVS 25000 Puffs Najlep\u0161ia vo\u013eba pre dlhotrvaj\u00faci p\u00f4\u017eitok z vapovania!"},"content":{"rendered":"<h2>\u00a0ATVS 25000 Puffs <a href=\"https:\/\/euvapz.com\/sk\">Ve\u013ekoobchodn\u00e9 jednorazov\u00e9 Vape<\/a><\/h2>\n<p>Str\u00e1nka <strong>ATVS 25000 Puffs Ve\u013ekoobchodn\u00e9 jednorazov\u00e9 Vape<\/strong> stanovuje nov\u00fd \u0161tandard v oblasti jednorazov\u00e9ho vapingu a pon\u00faka neuverite\u013en\u00fd <strong>25 000 d\u00fa\u0161kov<\/strong> na dlh\u0161\u00ed p\u00f4\u017eitok. Toto zariadenie je navrhnut\u00e9 pre t\u00fdch, ktor\u00ed chc\u00fa vysoko v\u00fdkonn\u00fd a dlhotrvaj\u00faci z\u00e1\u017eitok z vapovania, a je vybaven\u00e9 funkciami, ktor\u00e9 zabezpe\u010duj\u00fa bohat\u00fa chu\u0165 a hladk\u00fa paru pri ka\u017edom \u0161luku. \u010ci u\u017e h\u013ead\u00e1te vapovacie pero na osobn\u00e9 pou\u017eitie alebo na ve\u013ekoobchodn\u00fa distrib\u00faciu, vapovacie pero <strong>ATVS 25000 Puffs<\/strong> je va\u0161ou najlep\u0161ou vo\u013ebou.<\/p>\n<p>S <strong>Kapacita 22 ml e-tekutiny<\/strong>, v\u00fdkonn\u00fd <strong>1000mAh bat\u00e9ria<\/strong>a <strong>Cievka DUAL mesh<\/strong>, tento jednorazov\u00fd vape je vyroben\u00fd tak, aby vydr\u017eal. Na str\u00e1nke . <strong>Odpor 0,4\u03a9\/0,8\u03a9<\/strong> poskytuje optimalizovan\u00fd z\u00e1\u017eitok z vapovania, v\u010faka \u010domu je ide\u00e1lnou vo\u013ebou pre sk\u00fasen\u00fdch vaperov aj pre nov\u00e1\u010dikov vo svete jednorazov\u00fdch vapov. Navy\u0161e, v\u010faka mno\u017estvu lahodn\u00fdch pr\u00edchut\u00ed, ako napr. <strong>Mango Ice<\/strong>, <strong>\u010cu\u010doriedkov\u00fd \u013ead<\/strong>a <strong>Jahodov\u00fd mel\u00f3n<\/strong>, t\u00e1to vape s\u013eubuje nezabudnute\u013en\u00fd z\u00e1\u017eitok zaka\u017ed\u00fdm.<\/p>\n<p>Na euvapz.com pon\u00fakame toto pr\u00e9miov\u00e9 jednorazov\u00e9 vape pero pre ve\u013ekoobchodn\u00fdch odberate\u013eov v celej Eur\u00f3pe, \u010d\u00edm zabezpe\u010dujeme r\u00fdchle a jednoduch\u00e9 dodanie.<\/p>\n<hr \/>\n<h1><img fetchpriority=\"high\" decoding=\"async\" class=\"alignnone size-full wp-image-16238\" src=\"https:\/\/euvapz.com\/wp-content\/uploads\/2025\/02\/ATVS-25000-Puffs-The-Best-Choice-for-Long-Lasting-Vaping-Pleasure-1.webp\" alt=\"ATVS 25000 Puffs Najlep\u0161ia vo\u013eba pre dlhotrvaj\u00faci p\u00f4\u017eitok z vapovania!\" width=\"1000\" height=\"1000\" srcset=\"https:\/\/euvapz.com\/wp-content\/uploads\/2025\/02\/ATVS-25000-Puffs-The-Best-Choice-for-Long-Lasting-Vaping-Pleasure-1.webp 1000w, https:\/\/euvapz.com\/wp-content\/uploads\/2025\/02\/ATVS-25000-Puffs-The-Best-Choice-for-Long-Lasting-Vaping-Pleasure-1-300x300.webp 300w, https:\/\/euvapz.com\/wp-content\/uploads\/2025\/02\/ATVS-25000-Puffs-The-Best-Choice-for-Long-Lasting-Vaping-Pleasure-1-800x800.webp 800w, https:\/\/euvapz.com\/wp-content\/uploads\/2025\/02\/ATVS-25000-Puffs-The-Best-Choice-for-Long-Lasting-Vaping-Pleasure-1-150x150.webp 150w, https:\/\/euvapz.com\/wp-content\/uploads\/2025\/02\/ATVS-25000-Puffs-The-Best-Choice-for-Long-Lasting-Vaping-Pleasure-1-768x768.webp 768w, https:\/\/euvapz.com\/wp-content\/uploads\/2025\/02\/ATVS-25000-Puffs-The-Best-Choice-for-Long-Lasting-Vaping-Pleasure-1-12x12.webp 12w, https:\/\/euvapz.com\/wp-content\/uploads\/2025\/02\/ATVS-25000-Puffs-The-Best-Choice-for-Long-Lasting-Vaping-Pleasure-1-430x430.webp 430w, https:\/\/euvapz.com\/wp-content\/uploads\/2025\/02\/ATVS-25000-Puffs-The-Best-Choice-for-Long-Lasting-Vaping-Pleasure-1-700x700.webp 700w\" sizes=\"(max-width: 1000px) 100vw, 1000px\" \/><\/h1>\n<h2>K\u013e\u00fa\u010dov\u00e9 vlastnosti <a href=\"https:\/\/euvapz.com\/sk\/kategoria-produktu\/atvs-disposable-vape\/\">ATVS 25000 Puffs<\/a> Jednorazov\u00fd Vape<\/h2>\n<p>Str\u00e1nka <strong>ATVS 25000 Puffs na jedno pou\u017eitie<\/strong> je vybaven\u00fd pokro\u010dil\u00fdmi funkciami, ktor\u00e9 zaru\u010duj\u00fa vynikaj\u00faci z\u00e1\u017eitok z vapingu. Tu s\u00fa k\u013e\u00fa\u010dov\u00e9 \u0161pecifik\u00e1cie:<\/p>\n<table>\n<thead>\n<tr>\n<th>Funkcia<\/th>\n<th>Podrobnosti na<\/th>\n<\/tr>\n<\/thead>\n<tbody>\n<tr>\n<td><strong>Po\u010det obl\u00e1\u010dikov<\/strong><\/td>\n<td>25 000 puffov<\/td>\n<\/tr>\n<tr>\n<td><strong>Kapacita e-tekutiny<\/strong><\/td>\n<td>22 ml<\/td>\n<\/tr>\n<tr>\n<td><strong>Bat\u00e9ria<\/strong><\/td>\n<td>112040 Bat\u00e9ria<\/td>\n<\/tr>\n<tr>\n<td><strong>Kapacita bat\u00e9rie<\/strong><\/td>\n<td>1000 mAh<\/td>\n<\/tr>\n<tr>\n<td><strong>Cievka<\/strong><\/td>\n<td>Cievka DUAL Mesh<\/td>\n<\/tr>\n<tr>\n<td><strong>Odolnos\u0165<\/strong><\/td>\n<td>0,4\u03a9\/0,8\u03a9<\/td>\n<\/tr>\n<tr>\n<td><strong>Ve\u013ekos\u0165 v\u00fdrobku (vn\u00fatorn\u00e9 balenie)<\/strong><\/td>\n<td>52.2<em>26<\/em>99 mm (jeden kus)<\/td>\n<\/tr>\n<tr>\n<td><strong>Ve\u013ekos\u0165 vonkaj\u0161ieho balenia<\/strong><\/td>\n<td>132<em>119<\/em>160 mm (jedna krabica\/10 ks)<\/td>\n<\/tr>\n<tr>\n<td><strong>Hrub\u00e1 hmotnos\u0165<\/strong><\/td>\n<td>25,6 kg (200 ks)<\/td>\n<\/tr>\n<tr>\n<td><strong>Obsah nikot\u00ednovej soli<\/strong><\/td>\n<td>K dispoz\u00edcii v r\u00f4znych variantoch (5%, 3%, 2%, 0%)<\/td>\n<\/tr>\n<tr>\n<td><strong>Podpora<\/strong><\/td>\n<td>OEM\/ODM<\/td>\n<\/tr>\n<\/tbody>\n<\/table>\n<h3>Po\u010det \u0161lukov a kapacita e-tekutiny<\/h3>\n<p>Str\u00e1nka <strong>ATVS 25000 Puffs na jedno pou\u017eitie<\/strong> ponuky <strong>25 000 d\u00fa\u0161kov<\/strong>, \u010do zaru\u010duje dlhotrvaj\u00faci p\u00f4\u017eitok aj pre t\u00fdch najoddanej\u0161\u00edch vaperov. Str\u00e1nka <strong>Kapacita 22 ml e-tekutiny<\/strong> zaru\u010duje, \u017ee sa nebudete musie\u0165 stara\u0165 o dop\u013a\u0148anie n\u00e1plne, \u010do v\u00e1m poskytne bezprobl\u00e9mov\u00fd z\u00e1\u017eitok.<\/p>\n<h3>V\u00fdkonn\u00e1 bat\u00e9ria a sie\u0165ov\u00e1 cievka<\/h3>\n<p>Str\u00e1nka <strong>1000mAh bat\u00e9ria<\/strong> poskytuje dokonal\u00fd v\u00fdkon pre konzistentn\u00fd v\u00fdkon, zatia\u013e \u010do <strong>Cievka DUAL mesh<\/strong> zabezpe\u010duje plynul\u00fa a konzistentn\u00fa produkciu pary. Str\u00e1nka <strong>Odpor 0,4\u03a9\/0,8\u03a9<\/strong> poskytuje optim\u00e1lny ohrev pre bohat\u00fa a uspokojiv\u00fa chu\u0165.<\/p>\n<h3>Jednoduch\u00e9 pou\u017e\u00edvanie a pohodlie<\/h3>\n<p>Str\u00e1nka <strong>ATVS 25000 Puffs<\/strong> sa dod\u00e1va s <strong>Nab\u00edjate\u013en\u00fd typ C<\/strong> rozhranie pre pohodlie. Zariadenie je ur\u010den\u00e9 pre <strong>inhal\u00e1cia p\u013e\u00fac<\/strong>a zaka\u017ed\u00fdm v\u00e1m poskytne uspokojiv\u00fd \u0165ah. \u010ci u\u017e ho pou\u017e\u00edvate na cest\u00e1ch alebo doma, tento jednorazov\u00fd vape je dokonal\u00fdm spolo\u010dn\u00edkom pre va\u0161e potreby vapovania.<\/p>\n<hr \/>\n<h1><img decoding=\"async\" class=\"alignnone size-full wp-image-16247\" src=\"https:\/\/euvapz.com\/wp-content\/uploads\/2025\/02\/ATVS-25000-Puffs-The-Best-Choice-for-Long-Lasting-Vaping-Pleasure-17.webp\" alt=\"ATVS 25000 Puffs Najlep\u0161ia vo\u013eba pre dlhotrvaj\u00faci p\u00f4\u017eitok z vapovania!\" width=\"1000\" height=\"1000\" srcset=\"https:\/\/euvapz.com\/wp-content\/uploads\/2025\/02\/ATVS-25000-Puffs-The-Best-Choice-for-Long-Lasting-Vaping-Pleasure-17.webp 1000w, https:\/\/euvapz.com\/wp-content\/uploads\/2025\/02\/ATVS-25000-Puffs-The-Best-Choice-for-Long-Lasting-Vaping-Pleasure-17-300x300.webp 300w, https:\/\/euvapz.com\/wp-content\/uploads\/2025\/02\/ATVS-25000-Puffs-The-Best-Choice-for-Long-Lasting-Vaping-Pleasure-17-800x800.webp 800w, https:\/\/euvapz.com\/wp-content\/uploads\/2025\/02\/ATVS-25000-Puffs-The-Best-Choice-for-Long-Lasting-Vaping-Pleasure-17-150x150.webp 150w, https:\/\/euvapz.com\/wp-content\/uploads\/2025\/02\/ATVS-25000-Puffs-The-Best-Choice-for-Long-Lasting-Vaping-Pleasure-17-768x768.webp 768w, https:\/\/euvapz.com\/wp-content\/uploads\/2025\/02\/ATVS-25000-Puffs-The-Best-Choice-for-Long-Lasting-Vaping-Pleasure-17-12x12.webp 12w, https:\/\/euvapz.com\/wp-content\/uploads\/2025\/02\/ATVS-25000-Puffs-The-Best-Choice-for-Long-Lasting-Vaping-Pleasure-17-430x430.webp 430w, https:\/\/euvapz.com\/wp-content\/uploads\/2025\/02\/ATVS-25000-Puffs-The-Best-Choice-for-Long-Lasting-Vaping-Pleasure-17-700x700.webp 700w\" sizes=\"(max-width: 1000px) 100vw, 1000px\" \/><\/h1>\n<h2>Presk\u00famajte na\u0161u kolekciu lahodn\u00fdch chut\u00ed<\/h2>\n<p>Jedn\u00fdm z hlavn\u00fdch bodov <strong>ATVS 25000 Puffs<\/strong> je jeho \u0161irok\u00e1 \u0161k\u00e1la \u00fa\u017easn\u00fdch chut\u00ed. Tu je bli\u017e\u0161\u00ed poh\u013ead na n\u00e1dhern\u00e9 dostupn\u00e9 pr\u00edchute:<\/p>\n<table>\n<thead>\n<tr>\n<th>N\u00e1zov pr\u00edchute<\/th>\n<th>Popis<\/th>\n<\/tr>\n<\/thead>\n<tbody>\n<tr>\n<td><strong>Mango Ice<\/strong><\/td>\n<td>Tropick\u00e1 zmes sladk\u00e9ho, \u0161\u0165avnat\u00e9ho manga s osvie\u017euj\u00facim \u013eadov\u00fdm z\u00e1verom.<\/td>\n<\/tr>\n<tr>\n<td><strong>\u010cu\u010doriedkov\u00fd \u013ead<\/strong><\/td>\n<td>Sladk\u00e9 \u010du\u010doriedky s chladn\u00fdm, svie\u017eim \u013eadov\u00fdm z\u00e1verom pre osvie\u017euj\u00faci vape.<\/td>\n<\/tr>\n<tr>\n<td><strong>Jahodov\u00fd mel\u00f3n<\/strong><\/td>\n<td>Ovocn\u00e1 kombin\u00e1cia \u0161\u0165avnat\u00fdch jah\u00f4d a sladk\u00e9ho mel\u00f3nu pre vyv\u00e1\u017een\u00fd vape.<\/td>\n<\/tr>\n<tr>\n<td><strong>M\u00e4ta<\/strong><\/td>\n<td>Klasick\u00e1, chladiv\u00e1 m\u00e4tov\u00e1 pr\u00edchu\u0165 s osvie\u017euj\u00facim n\u00e1dychom.<\/td>\n<\/tr>\n<tr>\n<td><strong>\u013dad z vodn\u00e9ho mel\u00f3na<\/strong><\/td>\n<td>Sladk\u00fd zrel\u00fd mel\u00f3n s chladiv\u00fdm \u013eadov\u00fdm z\u00e1verom.<\/td>\n<\/tr>\n<tr>\n<td><strong>Ban\u00e1nov\u00fd oran\u017eov\u00fd \u013ead<\/strong><\/td>\n<td>Jemn\u00e1 zmes zrel\u00e9ho ban\u00e1nu a \u0161tip\u013eav\u00e9ho pomaran\u010da s osvie\u017euj\u00facim \u013eadov\u00fdm z\u00e1verom.<\/td>\n<\/tr>\n<tr>\n<td><strong>Jahodov\u00fd \u013ead<\/strong><\/td>\n<td>Sladk\u00e9, \u010derstv\u00e9 jahody s \u013eadov\u00fdm, chladiv\u00fdm pocitom.<\/td>\n<\/tr>\n<tr>\n<td><strong>Hroznov\u00fd \u013ead<\/strong><\/td>\n<td>Ovocn\u00e1, trpk\u00e1 chu\u0165 hrozna spojen\u00e1 s chladn\u00fdm, \u013eadov\u00fdm z\u00e1verom.<\/td>\n<\/tr>\n<tr>\n<td><strong>Guava Ice<\/strong><\/td>\n<td>Tropick\u00e1 pr\u00edchu\u0165 guavy s osvie\u017euj\u00facim \u013eadov\u00fdm n\u00e1dychom.<\/td>\n<\/tr>\n<tr>\n<td><strong>Brosky\u0148ov\u00fd \u013ead<\/strong><\/td>\n<td>Zrel\u00e9 broskyne s mraziv\u00fdm \u013eadov\u00fdm z\u00e1verom pre osvie\u017euj\u00faci z\u00e1\u017eitok.<\/td>\n<\/tr>\n<\/tbody>\n<\/table>\n<h3>Sk\u00fasenosti s chu\u0165ou<\/h3>\n<p>Str\u00e1nka <strong>ATVS 25000 Puffs<\/strong> pon\u00faka bohat\u00fa \u0161k\u00e1lu pr\u00edchut\u00ed, od ob\u013e\u00faben\u00fdch ovocn\u00fdch ako <strong>Mango Ice<\/strong> a <strong>Jahodov\u00fd mel\u00f3n<\/strong> na osvie\u017euj\u00face mentolov\u00e9 zmesi ako <strong>M\u00e4ta<\/strong> a <strong>\u013dad z vodn\u00e9ho mel\u00f3na<\/strong>. Ka\u017ed\u00e9 \u0161luknutie prin\u00e1\u0161a hladk\u00fa, konzistentn\u00fa chu\u0165, v\u010faka ktorej je ka\u017ed\u00e1 vape session uspokojiv\u00fdm z\u00e1\u017eitkom.<\/p>\n<h1><img decoding=\"async\" class=\"alignnone size-full wp-image-16242\" src=\"https:\/\/euvapz.com\/wp-content\/uploads\/2025\/02\/ATVS-25000-Puffs-The-Best-Choice-for-Long-Lasting-Vaping-Pleasure-5.webp\" alt=\"ATVS 25000 Puffs Najlep\u0161ia vo\u013eba pre dlhotrvaj\u00faci p\u00f4\u017eitok z vapovania!\" width=\"1000\" height=\"1000\" srcset=\"https:\/\/euvapz.com\/wp-content\/uploads\/2025\/02\/ATVS-25000-Puffs-The-Best-Choice-for-Long-Lasting-Vaping-Pleasure-5.webp 1000w, https:\/\/euvapz.com\/wp-content\/uploads\/2025\/02\/ATVS-25000-Puffs-The-Best-Choice-for-Long-Lasting-Vaping-Pleasure-5-300x300.webp 300w, https:\/\/euvapz.com\/wp-content\/uploads\/2025\/02\/ATVS-25000-Puffs-The-Best-Choice-for-Long-Lasting-Vaping-Pleasure-5-800x800.webp 800w, https:\/\/euvapz.com\/wp-content\/uploads\/2025\/02\/ATVS-25000-Puffs-The-Best-Choice-for-Long-Lasting-Vaping-Pleasure-5-150x150.webp 150w, https:\/\/euvapz.com\/wp-content\/uploads\/2025\/02\/ATVS-25000-Puffs-The-Best-Choice-for-Long-Lasting-Vaping-Pleasure-5-768x768.webp 768w, https:\/\/euvapz.com\/wp-content\/uploads\/2025\/02\/ATVS-25000-Puffs-The-Best-Choice-for-Long-Lasting-Vaping-Pleasure-5-12x12.webp 12w, https:\/\/euvapz.com\/wp-content\/uploads\/2025\/02\/ATVS-25000-Puffs-The-Best-Choice-for-Long-Lasting-Vaping-Pleasure-5-430x430.webp 430w, https:\/\/euvapz.com\/wp-content\/uploads\/2025\/02\/ATVS-25000-Puffs-The-Best-Choice-for-Long-Lasting-Vaping-Pleasure-5-700x700.webp 700w\" sizes=\"(max-width: 1000px) 100vw, 1000px\" \/><\/h1>\n<hr \/>\n<h2>Pre\u010do si vybra\u0165 <a href=\"https:\/\/euvapz.com\/sk\/kategoria-produktu\/atvs-disposable-vape\/\">ATVS 25000 Puffs<\/a> Vape na jedno pou\u017eitie?<\/h2>\n<h3>Dlhotrvaj\u00faci a v\u00fdkonn\u00fd<\/h3>\n<p>S <strong>25 000 d\u00fa\u0161kov<\/strong> a ve\u013ek\u00fd <strong>Kapacita 22 ml e-tekutiny<\/strong>,. <strong>ATVS 25000 Puffs<\/strong> pon\u00faka dlhotrvaj\u00faci p\u00f4\u017eitok. Toto zariadenie je navrhnut\u00e9 tak, aby poskytovalo dokonal\u00e9 mno\u017estvo pary, tak\u017ee je ide\u00e1lne pre t\u00fdch, ktor\u00ed chc\u00fa jednorazov\u00fd vape, ktor\u00fd vydr\u017e\u00ed.<\/p>\n<h3>Ide\u00e1lne pre ve\u013ekoobchodn\u00fdch odberate\u013eov<\/h3>\n<p>Ako <strong>ve\u013ekoobchodn\u00e9 jednorazov\u00e9 vape pero<\/strong>,. <strong>ATVS 25000 Puffs<\/strong> je skvelou vo\u013ebou pre maloobchodn\u00edkov. V\u010faka dlh\u00e9mu po\u010dtu \u0161lukov, r\u00f4znym pr\u00edchutiam a dob\u00edjacej bat\u00e9rii je to produkt, ktor\u00fd ur\u010dite oslov\u00ed va\u0161ich z\u00e1kazn\u00edkov. Z\u00e1soby tohto jednorazov\u00e9ho vapu zabezpe\u010dia, \u017ee va\u0161i z\u00e1kazn\u00edci bud\u00fa ma\u0165 pr\u00edstup ku kvalitn\u00e9mu a spo\u013eahliv\u00e9mu v\u00fdrobku.<\/p>\n<h3>Hladk\u00e1, konzistentn\u00e1 chu\u0165<\/h3>\n<p>V\u010faka svojej <strong>Cievka DUAL mesh<\/strong>,. <strong>ATVS 25000 Puffs<\/strong> poskytuje hladk\u00fa a konzistentn\u00fa paru. Vychutnajte si bohat\u00fa chu\u0165 s ka\u017ed\u00fdm \u0161lukom, v\u010faka \u010domu bude ka\u017ed\u00e9 \u0161lukovanie uspokojiv\u00fdm z\u00e1\u017eitkom.<\/p>\n<hr \/>\n<h2>Ako si objedna\u0165 ATVS 25000 Puffs <a href=\"https:\/\/euvapz.com\/sk\">Ve\u013ekoobchodn\u00e9 jednorazov\u00e9 Vape<\/a><\/h2>\n<h3>Jednoduch\u00fd proces objedn\u00e1vania na euvapz.com<\/h3>\n<p>Objedn\u00e1vanie <strong>ATVS 25000 Puffs na jedno pou\u017eitie<\/strong> je jednoduch\u00fd a bezpe\u010dn\u00fd euvapz.com. Jednoducho pridajte v\u00fdrobok do ko\u0161\u00edka, vyberte mno\u017estvo, ktor\u00e9 chcete objedna\u0165, a prejdite k pokladni. Prij\u00edmame r\u00f4zne sp\u00f4soby platby vr\u00e1tane <strong>PayPal<\/strong>, <strong>kreditn\u00e9 karty<\/strong>, <strong>iDEAL<\/strong>, <strong>Bancontact<\/strong>a <strong>Bankov\u00e9 prevody SEPA<\/strong>.<\/p>\n<h3>R\u00fdchla a spo\u013eahliv\u00e1 preprava po celej Eur\u00f3pe<\/h3>\n<p>Pon\u00fakame r\u00fdchlu a spo\u013eahliv\u00fa prepravu pre ve\u013ekoobchodn\u00fdch odberate\u013eov v celej Eur\u00f3pe. Po odoslan\u00ed objedn\u00e1vky <strong>ATVS 25000 Puffs na jedno pou\u017eitie<\/strong> bude dodan\u00fd r\u00fdchlo, tak\u017ee si m\u00f4\u017eete za\u010da\u0165 u\u017e\u00edva\u0165 zariadenie alebo ho bezodkladne distribuova\u0165 svojim z\u00e1kazn\u00edkom.<\/p>\n<hr \/>\n<h1><img loading=\"lazy\" decoding=\"async\" class=\"alignnone size-full wp-image-16248\" src=\"https:\/\/euvapz.com\/wp-content\/uploads\/2025\/02\/ATVS-25000-Puffs-The-Best-Choice-for-Long-Lasting-Vaping-Pleasure-18.webp\" alt=\"ATVS 25000 Puffs Najlep\u0161ia vo\u013eba pre dlhotrvaj\u00faci p\u00f4\u017eitok z vapovania!\" width=\"1000\" height=\"1000\" srcset=\"https:\/\/euvapz.com\/wp-content\/uploads\/2025\/02\/ATVS-25000-Puffs-The-Best-Choice-for-Long-Lasting-Vaping-Pleasure-18.webp 1000w, https:\/\/euvapz.com\/wp-content\/uploads\/2025\/02\/ATVS-25000-Puffs-The-Best-Choice-for-Long-Lasting-Vaping-Pleasure-18-300x300.webp 300w, https:\/\/euvapz.com\/wp-content\/uploads\/2025\/02\/ATVS-25000-Puffs-The-Best-Choice-for-Long-Lasting-Vaping-Pleasure-18-800x800.webp 800w, https:\/\/euvapz.com\/wp-content\/uploads\/2025\/02\/ATVS-25000-Puffs-The-Best-Choice-for-Long-Lasting-Vaping-Pleasure-18-150x150.webp 150w, https:\/\/euvapz.com\/wp-content\/uploads\/2025\/02\/ATVS-25000-Puffs-The-Best-Choice-for-Long-Lasting-Vaping-Pleasure-18-768x768.webp 768w, https:\/\/euvapz.com\/wp-content\/uploads\/2025\/02\/ATVS-25000-Puffs-The-Best-Choice-for-Long-Lasting-Vaping-Pleasure-18-12x12.webp 12w, https:\/\/euvapz.com\/wp-content\/uploads\/2025\/02\/ATVS-25000-Puffs-The-Best-Choice-for-Long-Lasting-Vaping-Pleasure-18-430x430.webp 430w, https:\/\/euvapz.com\/wp-content\/uploads\/2025\/02\/ATVS-25000-Puffs-The-Best-Choice-for-Long-Lasting-Vaping-Pleasure-18-700x700.webp 700w\" sizes=\"(max-width: 1000px) 100vw, 1000px\" \/><\/h1>\n<h2>Z\u00e1ver: Vylep\u0161ite svoj z\u00e1\u017eitok z vapingu s jednorazovou vapkou ATVS 25000 Puffs<\/h2>\n<p>Str\u00e1nka <strong>ATVS 25000 Puffs Ve\u013ekoobchodn\u00e9 jednorazov\u00e9 Vape<\/strong> je \u0161pi\u010dkov\u00fd jednorazov\u00fd vape, ktor\u00fd pon\u00faka <strong>25 000 d\u00fa\u0161kov<\/strong> hladkej, aromatickej pary. S ve\u013ek\u00fdm <strong>Kapacita 22 ml e-tekutiny<\/strong>, a <strong>Nab\u00edjate\u013en\u00e1 bat\u00e9ria s kapacitou 1000 mAh<\/strong>a mno\u017estvo lahodn\u00fdch pr\u00edchut\u00ed, je to ide\u00e1lne zariadenie pre dlhotrvaj\u00face uspokojenie z vapovania.<\/p>\n<p>Objednajte si e\u0161te dnes na euvapz.com za v\u00fdhodn\u00e9 ceny a r\u00fdchlu dopravu po celej Eur\u00f3pe. Za\u017eite dokonal\u00fd vaping s <strong>ATVS 25000 Puffs na jedno pou\u017eitie<\/strong>!<\/p>\n<p><script src=\"chrome-extension:\/\/fpelahbljekknahkcaegamhcndkfpfnc\/iFrame.js\" type=\"text\/javascript\"><\/script><\/p>\n<p><script src=\"chrome-extension:\/\/fpelahbljekknahkcaegamhcndkfpfnc\/iFrame.js\" type=\"text\/javascript\"><\/script><\/p>\n<p><script src=\"chrome-extension:\/\/fpelahbljekknahkcaegamhcndkfpfnc\/iFrame.js\" type=\"text\/javascript\"><\/script><\/p>","protected":false},"excerpt":{"rendered":"<div class=\"flex max-w-full flex-col flex-grow\">\n<div class=\"min-h-8 text-message flex w-full flex-col items-end gap-2 whitespace-normal break-words text-start [.text-message+&amp;]:mt-5\" dir=\"auto\" data-message-author-role=\"assistant\" data-message-id=\"f048b28b-d591-4e83-b626-2eacf9cef815\" data-message-model-slug=\"gpt-4o-mini\">\n<div class=\"flex w-full flex-col gap-1 empty:hidden first:pt-[3px]\">\n<div class=\"markdown prose w-full break-words dark:prose-invert light\">\n<p data-start=\"0\" data-end=\"515\" data-is-last-node=\"\">Str\u00e1nka <strong data-start=\"4\" data-end=\"40\">ATVS 25000 Puffs na jedno pou\u017eitie<\/strong> pon\u00faka a\u017e <strong data-start=\"54\" data-end=\"70\">25 000 d\u00fa\u0161kov<\/strong> s <strong data-start=\"78\" data-end=\"104\">Kapacita 22 ml e-tekutiny<\/strong> a <strong data-start=\"111\" data-end=\"143\">Nab\u00edjate\u013en\u00e1 bat\u00e9ria s kapacitou 1000 mAh<\/strong>. Obsahuje <strong data-start=\"157\" data-end=\"175\">Cievka DUAL mesh<\/strong> a <strong data-start=\"180\" data-end=\"204\">Odpor 0,4\u03a9\/0,8\u03a9<\/strong>, poskytuje hladk\u00fa a konzistentn\u00fa chu\u0165 pri ka\u017edom \u0161luku. Kompaktn\u00e9 a \u013eahko pou\u017eite\u013en\u00e9 zariadenie je ide\u00e1lne na dlhodob\u00fd p\u00f4\u017eitok. K dispoz\u00edcii s\u00fa r\u00f4zne lahodn\u00e9 pr\u00edchute, ako napr. <strong data-start=\"386\" data-end=\"399\">Mango Ice<\/strong>, <strong data-start=\"401\" data-end=\"426\">Jahodov\u00fd mel\u00f3n<\/strong>a <strong data-start=\"432\" data-end=\"445\">Hroznov\u00fd \u013ead<\/strong>, je ide\u00e1lny na osobn\u00e9 pou\u017eitie aj na ve\u013ekoobchodn\u00e9 objedn\u00e1vky v celej Eur\u00f3pe.<\/p>\n<\/div>\n<\/div>\n<\/div>\n<\/div>","protected":false},"featured_media":33925,"comment_status":"open","ping_status":"closed","template":"","meta":[],"product_brand":[75],"product_cat":[76],"product_tag":[],"class_list":{"0":"post-16213","1":"product","2":"type-product","3":"status-publish","4":"has-post-thumbnail","6":"product_brand-atvs-disposable-vape","7":"product_cat-atvs-disposable-vape","9":"first","10":"instock","11":"shipping-taxable","12":"purchasable","13":"product-type-variable"},"_links":{"self":[{"href":"https:\/\/euvapz.com\/sk\/wp-json\/wp\/v2\/product\/16213","targetHints":{"allow":["GET"]}}],"collection":[{"href":"https:\/\/euvapz.com\/sk\/wp-json\/wp\/v2\/product"}],"about":[{"href":"https:\/\/euvapz.com\/sk\/wp-json\/wp\/v2\/types\/product"}],"replies":[{"embeddable":true,"href":"https:\/\/euvapz.com\/sk\/wp-json\/wp\/v2\/comments?post=16213"}],"version-history":[{"count":7,"href":"https:\/\/euvapz.com\/sk\/wp-json\/wp\/v2\/product\/16213\/revisions"}],"predecessor-version":[{"id":33969,"href":"https:\/\/euvapz.com\/sk\/wp-json\/wp\/v2\/product\/16213\/revisions\/33969"}],"wp:featuredmedia":[{"embeddable":true,"href":"https:\/\/euvapz.com\/sk\/wp-json\/wp\/v2\/media\/33925"}],"wp:attachment":[{"href":"https:\/\/euvapz.com\/sk\/wp-json\/wp\/v2\/media?parent=16213"}],"wp:term":[{"taxonomy":"product_brand","embeddable":true,"href":"https:\/\/euvapz.com\/sk\/wp-json\/wp\/v2\/product_brand?post=16213"},{"taxonomy":"product_cat","embeddable":true,"href":"https:\/\/euvapz.com\/sk\/wp-json\/wp\/v2\/product_cat?post=16213"},{"taxonomy":"product_tag","embeddable":true,"href":"https:\/\/euvapz.com\/sk\/wp-json\/wp\/v2\/product_tag?post=16213"}],"curies":[{"name":"wp","href":"https:\/\/api.w.org\/{rel}","templated":true}]}}