{"id":27415,"date":"2025-03-12T06:48:20","date_gmt":"2025-03-12T06:48:20","guid":{"rendered":"https:\/\/euvapz.com\/?post_type=product&#038;p=27415"},"modified":"2025-03-27T09:11:03","modified_gmt":"2025-03-27T09:11:03","slug":"jnr-falcon-x-18000-puffs-dual-mesh-coil-digital-display-innovation","status":"publish","type":"product","link":"https:\/\/euvapz.com\/sk\/produkt\/jnr-falcon-x-18000-puffs-dual-mesh-coil-digital-display-innovation\/","title":{"rendered":"JNR Falcon X 18000 Puffs Dual Mesh Coil &amp; Digital Display Inov\u00e1cia!"},"content":{"rendered":"<h2><strong>Predstavenie modelu JNR Falcon X 18000 Puffs <a href=\"https:\/\/euvapz.com\/sk\">Jednorazov\u00fd Vape<\/a><\/strong><\/h2>\n<p>Str\u00e1nka <strong>JNR Falcon X 18000 puffov na jedno pou\u017eitie<\/strong> je pokro\u010dil\u00fd, vysoko v\u00fdkonn\u00fd jednorazov\u00fd vape navrhnut\u00fd pre ultrapr\u00e9miov\u00fd z\u00e1\u017eitok z vapovania. S <strong>18 000 d\u00fa\u0161kov<\/strong>, a <strong>mas\u00edvna kapacita 24 ml e-liquidu<\/strong>a <strong>Nab\u00edjate\u013en\u00e1 bat\u00e9ria s kapacitou 950 mAh<\/strong>, pon\u00faka bezkonkuren\u010dn\u00fa \u017eivotnos\u0165. Je vybaven\u00fd <strong>dvojit\u00e1 sie\u0165ov\u00e1 cievka a dvojit\u00e9 jadro<\/strong> syst\u00e9m, a <strong>digit\u00e1lny displej<\/strong>a <strong>nastavite\u013en\u00e9 pr\u00fadenie vzduchu<\/strong>, \u010do d\u00e1va vaperom \u00fapln\u00fa kontrolu nad ich sk\u00fasenos\u0165ami.<\/p>\n<p>Toto zariadenie men\u00ed pravidl\u00e1 hry v <strong>ve\u013ekoobchodn\u00e9 jednorazov\u00e9 vape pero<\/strong> pon\u00faka vysok\u00fa kapacitu, rozmanit\u00e9 mo\u017enosti v\u00fdberu chut\u00ed a \u0161pi\u010dkov\u00fa technol\u00f3giu. Ak h\u013ead\u00e1te <strong>ve\u013ekoobchodn\u00e9 jednorazov\u00e9 elektronick\u00e9 cigarety<\/strong>, <strong>jednorazov\u00fd hromadn\u00fd n\u00e1kup vape<\/strong> mo\u017enosti alebo <strong>ve\u013ekoobchodn\u00e9 jednorazov\u00e9 vape per\u00e1<\/strong>, tento model je ide\u00e1lnou vo\u013ebou.<\/p>\n<hr \/>\n<div style=\"width: 1080px;\" class=\"wp-video\"><video class=\"wp-video-shortcode\" id=\"video-27415-1\" width=\"1080\" height=\"1920\" preload=\"metadata\" controls=\"controls\"><source type=\"video\/mp4\" src=\"https:\/\/euvapz.com\/wp-content\/uploads\/2025\/03\/JNR-Falcon-X-18000-Puffs-Dual-Mesh-Coil-Digital-Display-Innovation-1.mp4?_=1\" \/><a href=\"https:\/\/euvapz.com\/wp-content\/uploads\/2025\/03\/JNR-Falcon-X-18000-Puffs-Dual-Mesh-Coil-Digital-Display-Innovation-1.mp4\">https:\/\/euvapz.com\/wp-content\/uploads\/2025\/03\/JNR-Falcon-X-18000-Puffs-Dual-Mesh-Coil-Digital-Display-Innovation-1.mp4<\/a><\/video><\/div>\n<h2><\/h2>\n<h2><strong>Bezkonkuren\u010dn\u00e9 funkcie <a href=\"https:\/\/euvapz.com\/sk\/kategoria-produktu\/jnr-disposable-vape\/\">JNR Falcon X 18000 Puffs<\/a> Jednorazov\u00fd Vape<\/strong><\/h2>\n<p>Tu s\u00fa niektor\u00e9 <strong>v\u00fdrazn\u00e9 funkcie<\/strong> ktor\u00e9 vytv\u00e1raj\u00fa <strong>JNR Falcon X 18000<\/strong> najlep\u0161ia vo\u013eba:<\/p>\n<table>\n<thead>\n<tr>\n<th><strong>Funkcia<\/strong><\/th>\n<th><strong>Popis<\/strong><\/th>\n<\/tr>\n<\/thead>\n<tbody>\n<tr>\n<td><strong>Puffy<\/strong><\/td>\n<td>18,000<\/td>\n<\/tr>\n<tr>\n<td><strong>Kapacita e-tekutiny<\/strong><\/td>\n<td>24 ml<\/td>\n<\/tr>\n<tr>\n<td><strong>Bat\u00e9ria<\/strong><\/td>\n<td>Nab\u00edjate\u013en\u00e1 950 mAh<\/td>\n<\/tr>\n<tr>\n<td><strong>Mo\u017enosti nikot\u00ednu<\/strong><\/td>\n<td>0% \/ 2% \/ 5%<\/td>\n<\/tr>\n<tr>\n<td><strong>Technol\u00f3gia cievky<\/strong><\/td>\n<td>Dvojit\u00e1 sie\u0165ov\u00e1 cievka a dvojit\u00e9 jadro<\/td>\n<\/tr>\n<tr>\n<td><strong>Odolnos\u0165 cievky<\/strong><\/td>\n<td>0,6\u03a9 Mesh Coil<\/td>\n<\/tr>\n<tr>\n<td><strong>Nastavite\u013en\u00e9 pr\u00fadenie vzduchu<\/strong><\/td>\n<td>\u00c1no<\/td>\n<\/tr>\n<tr>\n<td><strong>Zobrazenie<\/strong><\/td>\n<td>Digit\u00e1lna obrazovka<\/td>\n<\/tr>\n<\/tbody>\n<\/table>\n<p>Tento \u0161pi\u010dkov\u00fd vape je <strong>ide\u00e1lny pre dlhodob\u00fdch pou\u017e\u00edvate\u013eov<\/strong>, ktor\u00e9 pon\u00fakaj\u00fa dlh\u0161\u00ed z\u00e1\u017eitok z vapovania bez \u010dast\u00e9ho dob\u00edjania alebo dopl\u0148ovania.<\/p>\n<hr \/>\n<h2><strong>Presk\u00famanie v\u00fdberu vynikaj\u00facich chut\u00ed<\/strong><\/h2>\n<p>Jednou z najv\u00e4\u010d\u0161\u00edch atrakci\u00ed <strong><a href=\"https:\/\/euvapz.com\/sk\/kategoria-produktu\/jnr-disposable-vape\/\">JNR<\/a> Falcon X 18000 Puffs na jedno pou\u017eitie<\/strong> je jeho <strong>\u0161irok\u00e1 \u0161k\u00e1la viac ako 20 pr\u00e9miov\u00fdch pr\u00edchut\u00ed<\/strong>. Ka\u017ed\u00e1 pr\u00edchu\u0165 je starostlivo vytvoren\u00e1 tak, aby poskytovala v\u00fdnimo\u010dn\u00fd z\u00e1\u017eitok z vapovania.<\/p>\n<h3><strong>Ovocn\u00e9 a osvie\u017euj\u00face pr\u00edchute<\/strong> \ud83c\udf49\ud83c\udf53\ud83c\udf4d<\/h3>\n<ul>\n<li><strong>Blue Razz Ice<\/strong> - Odv\u00e1\u017ena zmes <strong>sladk\u00e9 modr\u00e9 maliny<\/strong> s osvie\u017euj\u00facim <strong>\u013eadov\u00fd povrch<\/strong>.<\/li>\n<li><strong>\u010cu\u010doriedka malina<\/strong> - \u00da\u017easn\u00e1 zmes <strong>\u0161\u0165avnat\u00e9 \u010du\u010doriedky<\/strong> a <strong>pikantn\u00e9 maliny<\/strong>.<\/li>\n<li><strong>Hroznov\u00fd \u013ead<\/strong> - <strong>Bohat\u00e9, odv\u00e1\u017ene hrozno<\/strong> s ostr\u00fdm <strong>mentolov\u00fd chlad<\/strong> pre osvie\u017euj\u00faci vape.<\/li>\n<li><strong>Kiwi a mel\u00f3nov\u00e1 zmrzlina<\/strong> - A <strong>sladk\u00e1, tropick\u00e1 f\u00fazia<\/strong> z <strong>kivi a mel\u00f3n<\/strong> s \u013eadov\u00fdm n\u00e1dychom.<\/li>\n<li><strong>Jahodov\u00e9 kiwi<\/strong> - The <strong>dokonal\u00e1 kombin\u00e1cia<\/strong> z <strong>sladk\u00e9 jahody<\/strong> a <strong>pikantn\u00e9 kiwi<\/strong> pre vyv\u00e1\u017een\u00fa chu\u0165.<\/li>\n<li><strong>Mel\u00f3nov\u00e1 \u017euva\u010dka<\/strong> - Nostalgick\u00e1 zmes <strong>\u0161\u0165avnat\u00fd mel\u00f3n<\/strong> a <strong>klasick\u00e1 bublinkov\u00e1 sladkos\u0165<\/strong>.<\/li>\n<\/ul>\n<h3><strong>Klasick\u00e9 a chladn\u00e9 pr\u00edchute<\/strong> \u2744\ufe0f\ud83c\udf6c<\/h3>\n<ul>\n<li><strong>Chladn\u00e1 m\u00e4ta<\/strong> - Osvie\u017euj\u00faci <strong>\u013eadovo chladiv\u00e1 m\u00e4ta<\/strong> s hladk\u00fdm a svie\u017eim z\u00e1verom.<\/li>\n<li><strong>Kysl\u00fd jablkov\u00fd \u013ead<\/strong> - Kol\u00e1\u010d, <strong>lahodn\u00e9 zelen\u00e9 jablko<\/strong> s chladivou mentolovou pr\u00edchu\u0165ou.<\/li>\n<li><strong>\u010cere\u0161\u0148ov\u00fd \u013ead<\/strong> - <strong>Sladk\u00e9 a trpk\u00e9 \u010dere\u0161ne<\/strong>, s \u013eadovou pr\u00edchu\u0165ou pre svie\u017eu chu\u0165.<\/li>\n<li><strong>Blue Razz Cherry<\/strong> - Sladk\u00e1 a z\u00e1rove\u0148 pikantn\u00e1 zmes <strong>modr\u00e1 malina<\/strong> a <strong>zrel\u00e9 \u010dere\u0161ne<\/strong>, \u010d\u00edm sa vytvor\u00ed \u0161\u0165avnat\u00e1 expl\u00f3zia chuti.<\/li>\n<\/ul>\n<h3><strong>Pr\u00edchute in\u0161pirovan\u00e9 dezertmi a cukrovinkami<\/strong> \ud83c\udf6c\ud83c\udf82<\/h3>\n<ul>\n<li><strong>Biela brosky\u0148a Razz<\/strong> - Jedine\u010dn\u00e1 kombin\u00e1cia <strong>jemn\u00e9 biele broskyne<\/strong> a <strong>pikantn\u00e9 maliny<\/strong>.<\/li>\n<li><strong>Ban\u00e1nov\u00fd \u013ead<\/strong> - Kr\u00e9mov\u00e1 a <strong>sladk\u00e1 ban\u00e1nov\u00e1 pr\u00edchu\u0165<\/strong> s mraziv\u00fdm mentolov\u00fdm n\u00e1dychom.<\/li>\n<li><strong>Ku\u017eelky<\/strong> - A <strong>zmes in\u0161pirovan\u00e1 cukrovinkami<\/strong> ovocn\u00fdch pr\u00edchut\u00ed pre \u017eiv\u00fd a vzru\u0161uj\u00faci z\u00e1\u017eitok z vapovania.<\/li>\n<li><strong>Berry Burst<\/strong> - Lahodn\u00e1 zmes <strong>zmie\u0161an\u00e9 bobu\u013eovit\u00e9 ovocie<\/strong>, ktor\u00fd pon\u00faka pln\u00e9 telo, <strong>\u0161\u0165avnat\u00e1 chu\u0165<\/strong>.<\/li>\n<\/ul>\n<h3><strong>Exotick\u00e9 a \u0161peci\u00e1lne zmesi<\/strong> \ud83c\udf79\ud83c\udf52<\/h3>\n<ul>\n<li><strong>Vi\u0161\u0148ov\u00fd mel\u00f3n zmrazi\u0165<\/strong> - The <strong>dokonal\u00e1 kombin\u00e1cia \u010dere\u0161n\u00ed a mel\u00f3nu<\/strong> s \u013eadov\u00fdm n\u00e1dychom.<\/li>\n<li><strong>Trojit\u00fd mel\u00f3n<\/strong> - Tropick\u00fd <strong>trio mel\u00f3nov\u00fdch pr\u00edchut\u00ed<\/strong>, ktor\u00e9 s\u00fa pln\u00e9 \u0161\u0165avnatej sladkosti.<\/li>\n<li><strong>Ovocn\u00e1 mu\u010denka Kiwi<\/strong> - A <strong>tropick\u00fd raj<\/strong> v ka\u017edom d\u00fa\u0161ku s marakujou a kivi.<\/li>\n<li><strong>Vodn\u00fd mel\u00f3n Li\u010di<\/strong> - Luxusn\u00fd a <strong>exotick\u00e1 zmes<\/strong> sladk\u00e9ho <strong>mel\u00f3n<\/strong> a <strong>ovocie li\u010di<\/strong>.<\/li>\n<\/ul>\n<p>Ka\u017ed\u00e1 z t\u00fdchto pr\u00edchut\u00ed je ur\u010den\u00e1 na <strong>zlep\u0161i\u0165 z\u00e1\u017eitok z vapovania<\/strong>, \u010do zaru\u010duje, \u017ee ka\u017ed\u00fd vdych je bohat\u00fd, hladk\u00fd a uspokojuj\u00faci.<\/p>\n<hr \/>\n<h2><img fetchpriority=\"high\" decoding=\"async\" class=\"alignnone size-full wp-image-27521\" src=\"https:\/\/euvapz.com\/wp-content\/uploads\/2025\/03\/JNR-Falcon-X-18000-Puffs-Dual-Mesh-Coil-Digital-Display-Innovation-22.webp\" alt=\"JNR Falcon X 18000 Puffs Dual Mesh Coil &amp; Digital Display Inov\u00e1cia!\" width=\"2048\" height=\"1152\" srcset=\"https:\/\/euvapz.com\/wp-content\/uploads\/2025\/03\/JNR-Falcon-X-18000-Puffs-Dual-Mesh-Coil-Digital-Display-Innovation-22.webp 2048w, https:\/\/euvapz.com\/wp-content\/uploads\/2025\/03\/JNR-Falcon-X-18000-Puffs-Dual-Mesh-Coil-Digital-Display-Innovation-22-400x225.webp 400w, https:\/\/euvapz.com\/wp-content\/uploads\/2025\/03\/JNR-Falcon-X-18000-Puffs-Dual-Mesh-Coil-Digital-Display-Innovation-22-1300x731.webp 1300w, https:\/\/euvapz.com\/wp-content\/uploads\/2025\/03\/JNR-Falcon-X-18000-Puffs-Dual-Mesh-Coil-Digital-Display-Innovation-22-768x432.webp 768w, https:\/\/euvapz.com\/wp-content\/uploads\/2025\/03\/JNR-Falcon-X-18000-Puffs-Dual-Mesh-Coil-Digital-Display-Innovation-22-1536x864.webp 1536w, https:\/\/euvapz.com\/wp-content\/uploads\/2025\/03\/JNR-Falcon-X-18000-Puffs-Dual-Mesh-Coil-Digital-Display-Innovation-22-18x10.webp 18w, https:\/\/euvapz.com\/wp-content\/uploads\/2025\/03\/JNR-Falcon-X-18000-Puffs-Dual-Mesh-Coil-Digital-Display-Innovation-22-430x242.webp 430w, https:\/\/euvapz.com\/wp-content\/uploads\/2025\/03\/JNR-Falcon-X-18000-Puffs-Dual-Mesh-Coil-Digital-Display-Innovation-22-700x394.webp 700w, https:\/\/euvapz.com\/wp-content\/uploads\/2025\/03\/JNR-Falcon-X-18000-Puffs-Dual-Mesh-Coil-Digital-Display-Innovation-22-150x84.webp 150w\" sizes=\"(max-width: 2048px) 100vw, 2048px\" \/><\/h2>\n<h2><strong><a href=\"https:\/\/euvapz.com\/sk\/kategoria-produktu\/jnr-disposable-vape\/\">Pre\u010do si vybra\u0165 JNR<\/a> Falcon X 18000 Puffs Vape na jedno pou\u017eitie?<\/strong><\/h2>\n<h3><strong>1. Obrovsk\u00fd po\u010det pufov - 18 000 pufov!<\/strong><\/h3>\n<p>Str\u00e1nka <strong>JNR Falcon X 18000<\/strong> je ide\u00e1lny pre <strong>dlhodob\u00e9 pou\u017e\u00edvanie<\/strong>, \u010d\u00edm sa eliminuje potreba \u010dastej v\u00fdmeny.<\/p>\n<h3><strong>2. Ve\u013ek\u00e1 kapacita 24 ml e-tekutiny<\/strong><\/h3>\n<p>A <strong>ve\u013ek\u00e1 kapacita<\/strong> znamen\u00e1, \u017ee dostanete <strong>viac chut\u00ed po\u010das dlh\u0161ieho obdobia<\/strong> bez ob\u00e1v o doplnenie.<\/p>\n<h3><strong>3. Technol\u00f3gia Dual Mesh Coil a Dual Core<\/strong><\/h3>\n<p>Tento vape poskytuje <strong>konzistentn\u00e1 chu\u0165<\/strong>, <strong>siln\u00e1 produkcia pary<\/strong>a <strong>hladk\u00e9 \u0165ahy<\/strong>.<\/p>\n<h3><strong>4. Nab\u00edjate\u013en\u00e1 bat\u00e9ria 950 mAh<\/strong><\/h3>\n<p>S <strong>R\u00fdchle nab\u00edjanie typu C<\/strong>, bat\u00e9ria vydr\u017e\u00ed dlh\u0161ie a r\u00fdchlej\u0161ie sa nab\u00edja, tak\u017ee m\u00f4\u017eete vapova\u0165 bez prest\u00e1vok.<\/p>\n<h3><strong>5. Digit\u00e1lny displej<\/strong><\/h3>\n<p>Sledujte v\u00fddr\u017e bat\u00e9rie a po\u010det vypusten\u00fdch dymov s <strong>pohodln\u00e1 digit\u00e1lna obrazovka<\/strong>.<\/p>\n<h3><strong>6. Mo\u017enosti sily nikot\u00ednu<\/strong><\/h3>\n<p>Vyberte si medzi <strong>0%, 2% alebo 5% nikot\u00ednu<\/strong> pod\u013ea va\u0161ich osobn\u00fdch preferenci\u00ed.<\/p>\n<hr \/>\n<h2><strong>Ide\u00e1lne pre ve\u013ekoobchodn\u00edkov a ve\u013ekoodberate\u013eov<\/strong><\/h2>\n<p>Ak h\u013ead\u00e1te <strong>ve\u013ekoobchodn\u00e9 jednorazov\u00e9 vape per\u00e1<\/strong>,. <strong><a href=\"https:\/\/euvapz.com\/sk\/kategoria-produktu\/jnr-disposable-vape\/\">JNR<\/a> Falcon X 18000 Puffs na jedno pou\u017eitie<\/strong> je <strong>ide\u00e1lna mo\u017enos\u0165 hromadn\u00e9ho n\u00e1kupu<\/strong> s <strong>konkuren\u010dn\u00e9 ceny<\/strong> a <strong>obrovsk\u00e9 z\u013eavy na hromadn\u00e9 objedn\u00e1vky<\/strong>.<\/p>\n<h3><strong>Hlavn\u00e9 v\u00fdhody pre ve\u013ekoobchodn\u00edkov:<\/strong><\/h3>\n<p>\u2714 <strong>Konkuren\u010dn\u00e9 ve\u013ekoobchodn\u00e9 ceny<\/strong> pre hromadn\u00e9 n\u00e1kupy<br \/>\n\u2714 <strong>Viacero mo\u017enost\u00ed sily nikot\u00ednu<\/strong> uspokoji\u0165 r\u00f4znych z\u00e1kazn\u00edkov<br \/>\n\u2714 <strong>\u0160irok\u00e1 \u0161k\u00e1la pr\u00edchut\u00ed<\/strong> aby vyhovovali preferenci\u00e1m ka\u017ed\u00e9ho vapera<br \/>\n\u2714 <strong>Bat\u00e9ria s dlhou v\u00fddr\u017eou a ve\u013ekou kapacitou e-tekutiny<\/strong> - ide\u00e1lny pre vysok\u00fd dopyt<\/p>\n<hr \/>\n<h2><strong>R\u00fdchla a spo\u013eahliv\u00e1 doprava - 8-15 dn\u00ed dodania<\/strong><\/h2>\n<p>Poskytujeme <strong>r\u00fdchle dodanie po celej Eur\u00f3pe<\/strong>, \u010d\u00edm sa zabezpe\u010d\u00ed, \u017ee dostanete <strong>jednorazov\u00e9 vapes<\/strong> v r\u00e1mci <strong>8-15 dn\u00ed<\/strong>.<\/p>\n<p>\u2714 <strong>R\u00fdchle spracovanie<\/strong> na zabezpe\u010denie r\u00fdchleho plnenia objedn\u00e1vok<br \/>\n\u2714 <strong>24-hodinov\u00fd z\u00e1kazn\u00edcky servis<\/strong> pre ak\u00e9ko\u013evek ot\u00e1zky<br \/>\n\u2714 <strong>Bezpe\u010dn\u00e9 a chr\u00e1nen\u00e9 balenie<\/strong> udr\u017eiava\u0165 va\u0161e v\u00fdrobky v perfektnom stave<\/p>\n<hr \/>\n<h2><strong>Objedna\u0165 JNR Falcon X 18000 Puffs <a href=\"https:\/\/euvapz.com\/sk\">Jednorazov\u00fd Vape<\/a> Dnes!<\/strong><\/h2>\n<p>Str\u00e1nka <strong>JNR Falcon X 18000 puffov na jedno pou\u017eitie<\/strong> je <strong>perfektn\u00e1 vo\u013eba<\/strong> pre vaperov, ktor\u00ed h\u013eadaj\u00fa <strong>dlhotrvaj\u00face, vysokokvalitn\u00e9 pr\u00edchute<\/strong>a pre ve\u013ekoobchodn\u00edkov, ktor\u00ed chc\u00fa <strong>roz\u0161\u00edri\u0165 svoj sortiment v\u00fdrobkov<\/strong>.<\/p>\n<p>\ud83d\udc49 <strong>Nenechajte si ujs\u0165 na\u0161e konkuren\u010dn\u00e9 ceny a mno\u017estevn\u00e9 z\u013eavy!<\/strong> Kliknite na na\u0161u webov\u00fa str\u00e1nku a zistite viac <strong>jednorazov\u00e9 vape pero v Eur\u00f3pe<\/strong> mo\u017enosti!<\/p>\n<p>\ud83d\ude80 <strong>Objednajte si teraz a u\u017eite si r\u00fdchle dodanie do 8-15 dn\u00ed!<\/strong> \ud83d\ude80<\/p>\n<p><script src=\"chrome-extension:\/\/fpelahbljekknahkcaegamhcndkfpfnc\/iFrame.js\" type=\"text\/javascript\"><\/script><\/p>\n<p><script src=\"chrome-extension:\/\/fpelahbljekknahkcaegamhcndkfpfnc\/iFrame.js\" type=\"text\/javascript\"><\/script><\/p>\n<p><script src=\"chrome-extension:\/\/fpelahbljekknahkcaegamhcndkfpfnc\/iFrame.js\" type=\"text\/javascript\"><\/script><\/p>","protected":false},"excerpt":{"rendered":"<p><strong data-start=\"3\" data-end=\"47\" data-is-only-node=\"\">JNR Falcon X 18000 puffov na jedno pou\u017eitie<\/strong> obsahuje <strong data-start=\"59\" data-end=\"129\">Nab\u00edjate\u013en\u00e1 bat\u00e9ria s kapacitou 950 mAh, dvojit\u00e1 sie\u0165ov\u00e1 cievka a dvojjadrov\u00e1 technol\u00f3gia<\/strong>a <strong data-start=\"137\" data-end=\"156\">digit\u00e1lny displej<\/strong>, ktor\u00e1 pon\u00faka <strong data-start=\"167\" data-end=\"196\">Mo\u017enosti nikot\u00ednu 0%\/2%\/5%<\/strong> s pr\u00edchu\u0165ami ako <strong data-start=\"215\" data-end=\"282\">Blue Razz Ice, Passion Fruit Kiwi a Cherry Watermelon Freeze<\/strong> pre mimoriadne hladk\u00fd z\u00e1\u017eitok.<\/p>","protected":false},"featured_media":33771,"comment_status":"open","ping_status":"closed","template":"","meta":[],"product_brand":[178],"product_cat":[179],"product_tag":[],"class_list":{"0":"post-27415","1":"product","2":"type-product","3":"status-publish","4":"has-post-thumbnail","6":"product_brand-jnr-disposable-vape","7":"product_cat-jnr-disposable-vape","9":"first","10":"instock","11":"shipping-taxable","12":"purchasable","13":"product-type-variable"},"_links":{"self":[{"href":"https:\/\/euvapz.com\/sk\/wp-json\/wp\/v2\/product\/27415","targetHints":{"allow":["GET"]}}],"collection":[{"href":"https:\/\/euvapz.com\/sk\/wp-json\/wp\/v2\/product"}],"about":[{"href":"https:\/\/euvapz.com\/sk\/wp-json\/wp\/v2\/types\/product"}],"replies":[{"embeddable":true,"href":"https:\/\/euvapz.com\/sk\/wp-json\/wp\/v2\/comments?post=27415"}],"version-history":[{"count":5,"href":"https:\/\/euvapz.com\/sk\/wp-json\/wp\/v2\/product\/27415\/revisions"}],"predecessor-version":[{"id":33874,"href":"https:\/\/euvapz.com\/sk\/wp-json\/wp\/v2\/product\/27415\/revisions\/33874"}],"wp:featuredmedia":[{"embeddable":true,"href":"https:\/\/euvapz.com\/sk\/wp-json\/wp\/v2\/media\/33771"}],"wp:attachment":[{"href":"https:\/\/euvapz.com\/sk\/wp-json\/wp\/v2\/media?parent=27415"}],"wp:term":[{"taxonomy":"product_brand","embeddable":true,"href":"https:\/\/euvapz.com\/sk\/wp-json\/wp\/v2\/product_brand?post=27415"},{"taxonomy":"product_cat","embeddable":true,"href":"https:\/\/euvapz.com\/sk\/wp-json\/wp\/v2\/product_cat?post=27415"},{"taxonomy":"product_tag","embeddable":true,"href":"https:\/\/euvapz.com\/sk\/wp-json\/wp\/v2\/product_tag?post=27415"}],"curies":[{"name":"wp","href":"https:\/\/api.w.org\/{rel}","templated":true}]}}