{"id":29628,"date":"2025-03-22T01:26:17","date_gmt":"2025-03-22T01:26:17","guid":{"rendered":"https:\/\/euvapz.com\/?post_type=product&#038;p=29628"},"modified":"2025-03-24T08:53:49","modified_gmt":"2025-03-24T08:53:49","slug":"bang-blaze-40000-puffs-12flavors-bk40s-jednorazovy-vape-maximalny-vykon-so-sietovou-cievkou","status":"publish","type":"product","link":"https:\/\/euvapz.com\/sk\/produkt\/bang-blaze-40000-puffs-12flavors-bk40s-jednorazovy-vape-maximalny-vykon-so-sietovou-cievkou\/","title":{"rendered":"BANG BLAZE 40000 Puffs 12FLAVORS BK40S Jednorazov\u00e9 vape Ultimate Performance s Mesh Coil"},"content":{"rendered":"<div class=\"flex max-w-full flex-col flex-grow\">\n<div class=\"min-h-8 text-message relative flex w-full flex-col items-end gap-2 whitespace-normal break-words text-start [.text-message+&amp;]:mt-5\" dir=\"auto\" data-message-author-role=\"assistant\" data-message-id=\"e2a5ddfd-2006-482b-a406-5b05b4327afd\" data-message-model-slug=\"gpt-4o\">\n<div class=\"flex w-full flex-col gap-1 empty:hidden first:pt-[3px]\">\n<div class=\"markdown prose w-full break-words dark:prose-invert light\">\n<p data-start=\"175\" data-end=\"569\"><img fetchpriority=\"high\" decoding=\"async\" class=\"alignnone size-full wp-image-29630\" src=\"https:\/\/euvapz.com\/wp-content\/uploads\/2025\/03\/BANG-BLAZE-40000-Puffs-12FLAVORS-BK40S-Disposable-Vape-Ultimate-Performance-with-Mesh-Coil-2-scaled.webp\" alt=\"BANG BLAZE 40000 Puffs 12FLAVORS BK40S Jednorazov\u00e9 vape Ultimate Performance s Mesh Coil\" width=\"828\" height=\"2560\" srcset=\"https:\/\/euvapz.com\/wp-content\/uploads\/2025\/03\/BANG-BLAZE-40000-Puffs-12FLAVORS-BK40S-Disposable-Vape-Ultimate-Performance-with-Mesh-Coil-2-scaled.webp 828w, https:\/\/euvapz.com\/wp-content\/uploads\/2025\/03\/BANG-BLAZE-40000-Puffs-12FLAVORS-BK40S-Disposable-Vape-Ultimate-Performance-with-Mesh-Coil-2-97x300.webp 97w, https:\/\/euvapz.com\/wp-content\/uploads\/2025\/03\/BANG-BLAZE-40000-Puffs-12FLAVORS-BK40S-Disposable-Vape-Ultimate-Performance-with-Mesh-Coil-2-259x800.webp 259w, https:\/\/euvapz.com\/wp-content\/uploads\/2025\/03\/BANG-BLAZE-40000-Puffs-12FLAVORS-BK40S-Disposable-Vape-Ultimate-Performance-with-Mesh-Coil-2-497x1536.webp 497w, https:\/\/euvapz.com\/wp-content\/uploads\/2025\/03\/BANG-BLAZE-40000-Puffs-12FLAVORS-BK40S-Disposable-Vape-Ultimate-Performance-with-Mesh-Coil-2-662x2048.webp 662w, https:\/\/euvapz.com\/wp-content\/uploads\/2025\/03\/BANG-BLAZE-40000-Puffs-12FLAVORS-BK40S-Disposable-Vape-Ultimate-Performance-with-Mesh-Coil-2-4x12.webp 4w, https:\/\/euvapz.com\/wp-content\/uploads\/2025\/03\/BANG-BLAZE-40000-Puffs-12FLAVORS-BK40S-Disposable-Vape-Ultimate-Performance-with-Mesh-Coil-2-430x1330.webp 430w, https:\/\/euvapz.com\/wp-content\/uploads\/2025\/03\/BANG-BLAZE-40000-Puffs-12FLAVORS-BK40S-Disposable-Vape-Ultimate-Performance-with-Mesh-Coil-2-700x2165.webp 700w, https:\/\/euvapz.com\/wp-content\/uploads\/2025\/03\/BANG-BLAZE-40000-Puffs-12FLAVORS-BK40S-Disposable-Vape-Ultimate-Performance-with-Mesh-Coil-2-150x464.webp 150w\" sizes=\"(max-width: 828px) 100vw, 828px\" \/><\/p>\n<p class=\"\" data-start=\"175\" data-end=\"569\">Str\u00e1nka <strong data-start=\"179\" data-end=\"237\">BANG BLAZE 40000 Puffs 12FLAVORS BK40S Jednorazov\u00fd Vape<\/strong> je ur\u010den\u00fd pre vaperov, ktor\u00ed vy\u017eaduj\u00fa <strong data-start=\"274\" data-end=\"290\">dlhotrvaj\u00faci<\/strong>, <strong data-start=\"292\" data-end=\"312\">vysoko v\u00fdkonn\u00e9<\/strong> zariadenie. S a\u017e <strong data-start=\"332\" data-end=\"348\">40 000 d\u00fa\u0161kov<\/strong>, tento vape zabezpe\u010duje <strong data-start=\"368\" data-end=\"393\">roz\u0161\u00edren\u00e1 spokojnos\u0165<\/strong> bez kompromisov v kvalite alebo chuti. \u010ci u\u017e ste nov\u00e1\u010dik vo vapingu alebo sk\u00fasen\u00fd nad\u0161enec, toto zariadenie poskytuje plynul\u00fd a pr\u00edjemn\u00fd z\u00e1\u017eitok od za\u010diatku a\u017e do konca.<\/p>\n<p class=\"\" data-start=\"571\" data-end=\"997\">Vybaven\u00fd <strong data-start=\"587\" data-end=\"618\">Nab\u00edjate\u013en\u00e1 bat\u00e9ria s kapacitou 650 mAh<\/strong>,. <strong data-start=\"624\" data-end=\"644\">BANG BLAZE BK40S<\/strong> poskytuje <strong data-start=\"654\" data-end=\"668\">konzistentn\u00e9<\/strong> a <strong data-start=\"673\" data-end=\"692\">\u00fa\u010dinn\u00fd v\u00fdkon<\/strong>, \u010d\u00edm sa zabezpe\u010d\u00ed, \u017ee va\u0161e vapovanie bude v\u017edy plynul\u00e9 a nepreru\u0161ovan\u00e9. Str\u00e1nka <strong data-start=\"765\" data-end=\"789\">R\u00fdchle nab\u00edjanie typu C<\/strong> funkcia umo\u017e\u0148uje <strong data-start=\"809\" data-end=\"828\">r\u00fdchle dob\u00edjanie<\/strong>, aby ste boli v\u017edy pripraven\u00ed na vapovanie. S <strong data-start=\"869\" data-end=\"889\">1,2ohmov\u00e1 sie\u0165ov\u00e1 cievka<\/strong>, zariadenie zabezpe\u010duje zv\u00fd\u0161en\u00fa produkciu pary a bohat\u00fa chu\u0165, ktor\u00e1 prin\u00e1\u0161a uspokojiv\u00fd z\u00e1sah pri ka\u017edom \u0161luknut\u00ed.<\/p>\n<p class=\"\" data-start=\"999\" data-end=\"1317\">Predplnen\u00e9 s <strong data-start=\"1015\" data-end=\"1043\">40 ml pr\u00e9miov\u00e9ho e-liquidu<\/strong>,. <strong data-start=\"1049\" data-end=\"1069\">BANG BLAZE BK40S<\/strong> pon\u00faka r\u00f4zne sily nikot\u00ednu.<strong data-start=\"1109\" data-end=\"1131\">0%, 2%, 3% a 5%<\/strong>-aby vyhovovali preferenci\u00e1m ka\u017ed\u00e9ho vapera. Zariadenie je tie\u017e vybaven\u00e9 <strong data-start=\"1194\" data-end=\"1216\">nastavite\u013en\u00e9 pr\u00fadenie vzduchu<\/strong> syst\u00e9m, ktor\u00fd v\u00e1m umo\u017en\u00ed prisp\u00f4sobi\u0165 si z\u00e1\u017eitok z vapovania, \u010di u\u017e preferujete tesn\u00e9 alebo otvoren\u00e9 vdychovanie.<\/p>\n<p class=\"\" data-start=\"1319\" data-end=\"1667\">S 12 vzru\u0161uj\u00facimi pr\u00edchu\u0165ami, ako napr. <strong data-start=\"1353\" data-end=\"1389\">Vodn\u00fd mel\u00f3n\/jahodov\u00fd mel\u00f3n<\/strong>, <strong data-start=\"1391\" data-end=\"1428\">\u010cu\u010doriedkov\u00fd \u013ead\/\u010du\u010doriedkov\u00e1 malina<\/strong>a <strong data-start=\"1434\" data-end=\"1464\">Mango Ice\/Strawberry Mango<\/strong>,. <strong data-start=\"1470\" data-end=\"1496\">BANG BLAZE 40000 Puffs<\/strong> zaru\u010duje <strong data-start=\"1510\" data-end=\"1523\">chutn\u00e9<\/strong>, <strong data-start=\"1525\" data-end=\"1539\">osvie\u017eenie<\/strong> sk\u00fasenosti s vapingom. \u010ci u\u017e m\u00e1te chu\u0165 na ovocn\u00e9, \u013eadov\u00e9 alebo tropick\u00e9 pr\u00edchute, tento vape pon\u00faka nie\u010do pre ka\u017ed\u00fa chu\u0165.<\/p>\n<p class=\"\" data-start=\"1669\" data-end=\"1861\">Sk\u00fasenosti <strong data-start=\"1680\" data-end=\"1701\">vaping na \u010fal\u0161ej \u00farovni<\/strong> s <strong data-start=\"1711\" data-end=\"1769\">BANG BLAZE 40000 Puffs 12FLAVORS BK40S Jednorazov\u00fd Vape<\/strong>-zariadenie, ktor\u00e9 dod\u00e1va <strong data-start=\"1793\" data-end=\"1802\">nap\u00e1janie<\/strong>, <strong data-start=\"1804\" data-end=\"1819\">v\u00fdkon<\/strong>a <strong data-start=\"1825\" data-end=\"1845\">bezkonkuren\u010dn\u00e1 chu\u0165<\/strong> v jednom balen\u00ed.<\/p>\n<h2 data-start=\"1863\" data-end=\"1923\"><strong data-start=\"1863\" data-end=\"1905\">BANG BLAZE 40000 Puffs 12FLAVORS BK40S<\/strong><br data-start=\"1905\" data-end=\"1908\" \/><strong data-start=\"1908\" data-end=\"1921\">Vlastnosti:<\/strong><\/h2>\n<ul data-start=\"1924\" data-end=\"2116\">\n<li class=\"\" data-start=\"1924\" data-end=\"1951\">\n<p class=\"\" data-start=\"1926\" data-end=\"1951\"><strong data-start=\"1926\" data-end=\"1935\">Puffy<\/strong>: A\u017e 40 000<\/p>\n<\/li>\n<li class=\"\" data-start=\"1952\" data-end=\"1974\">\n<p class=\"\" data-start=\"1954\" data-end=\"1974\"><strong data-start=\"1954\" data-end=\"1966\">E-liquid<\/strong>: 40 ml<\/p>\n<\/li>\n<li class=\"\" data-start=\"1975\" data-end=\"2007\">\n<p class=\"\" data-start=\"1977\" data-end=\"2007\"><strong data-start=\"1977\" data-end=\"1989\">Nikot\u00edn<\/strong>: 0%, 2%, 3%, 5%<\/p>\n<\/li>\n<li class=\"\" data-start=\"2008\" data-end=\"2031\">\n<p class=\"\" data-start=\"2010\" data-end=\"2031\"><strong data-start=\"2010\" data-end=\"2021\">Bat\u00e9ria<\/strong>: 650 mAh<\/p>\n<\/li>\n<li class=\"\" data-start=\"2032\" data-end=\"2060\">\n<p class=\"\" data-start=\"2034\" data-end=\"2060\"><strong data-start=\"2034\" data-end=\"2050\">Nab\u00edjate\u013en\u00e9<\/strong>: Typ C<\/p>\n<\/li>\n<li class=\"\" data-start=\"2061\" data-end=\"2091\">\n<p class=\"\" data-start=\"2063\" data-end=\"2091\"><strong data-start=\"2063\" data-end=\"2071\">Jadro<\/strong>: 1.2ohm Mesh Coil<\/p>\n<\/li>\n<li class=\"\" data-start=\"2092\" data-end=\"2116\">\n<p class=\"\" data-start=\"2094\" data-end=\"2116\"><strong data-start=\"2094\" data-end=\"2114\">Podpora OEM\/ODM<\/strong><\/p>\n<\/li>\n<\/ul>\n<h2 data-start=\"2118\" data-end=\"2181\"><strong data-start=\"2118\" data-end=\"2160\">BANG BLAZE 40000 Puffs 12FLAVORS BK40S<\/strong><br data-start=\"2160\" data-end=\"2163\" \/><strong data-start=\"2163\" data-end=\"2179\">Zoznam pr\u00edchut\u00ed:<\/strong><\/h2>\n<ul data-start=\"2182\" data-end=\"2552\">\n<li class=\"\" data-start=\"2182\" data-end=\"2218\">\n<p class=\"\" data-start=\"2184\" data-end=\"2218\">Vodn\u00fd mel\u00f3n\/jahodov\u00fd mel\u00f3n<\/p>\n<\/li>\n<li class=\"\" data-start=\"2219\" data-end=\"2256\">\n<p class=\"\" data-start=\"2221\" data-end=\"2256\">\u010cu\u010doriedkov\u00fd \u013ead\/\u010du\u010doriedkov\u00e1 malina<\/p>\n<\/li>\n<li class=\"\" data-start=\"2257\" data-end=\"2287\">\n<p class=\"\" data-start=\"2259\" data-end=\"2287\">Mango Ice\/Strawberry Mango<\/p>\n<\/li>\n<li class=\"\" data-start=\"2288\" data-end=\"2323\">\n<p class=\"\" data-start=\"2290\" data-end=\"2323\">Vodn\u00fd mel\u00f3n\/vodn\u00fd mel\u00f3n Bubblegum<\/p>\n<\/li>\n<li class=\"\" data-start=\"2324\" data-end=\"2359\">\n<p class=\"\" data-start=\"2326\" data-end=\"2359\">Anan\u00e1sov\u00fd \u013ead\/an\u00e1sov\u00fd kokos<\/p>\n<\/li>\n<li class=\"\" data-start=\"2360\" data-end=\"2388\">\n<p class=\"\" data-start=\"2362\" data-end=\"2388\">Zmie\u0161an\u00e9 ovocie\/trojit\u00e9 bobule<\/p>\n<\/li>\n<li class=\"\" data-start=\"2389\" data-end=\"2414\">\n<p class=\"\" data-start=\"2391\" data-end=\"2414\">Brosky\u0148a Ice\/Mango Peach<\/p>\n<\/li>\n<li class=\"\" data-start=\"2415\" data-end=\"2437\">\n<p class=\"\" data-start=\"2417\" data-end=\"2437\">\u010cere\u0161\u0148a\/\u010dere\u0161\u0148ov\u00e1 kola<\/p>\n<\/li>\n<li class=\"\" data-start=\"2438\" data-end=\"2463\">\n<p class=\"\" data-start=\"2440\" data-end=\"2463\">Hrozno\/\u010du\u010doriedka Hrozno<\/p>\n<\/li>\n<li class=\"\" data-start=\"2464\" data-end=\"2487\">\n<p class=\"\" data-start=\"2466\" data-end=\"2487\">M\u00e4ta\/Borievkov\u00e1 m\u00e4ta<\/p>\n<\/li>\n<li class=\"\" data-start=\"2488\" data-end=\"2517\">\n<p class=\"\" data-start=\"2490\" data-end=\"2517\">\u010cierny drak Ice\/Red Bull<\/p>\n<\/li>\n<li class=\"\" data-start=\"2518\" data-end=\"2552\">\n<p class=\"\" data-start=\"2520\" data-end=\"2552\">Jahodov\u00fd \u013ead\/jahodov\u00e9 kiwi<\/p>\n<\/li>\n<\/ul>\n<p class=\"\" data-start=\"2554\" data-end=\"2810\">Str\u00e1nka <strong data-start=\"2558\" data-end=\"2600\">BANG BLAZE 40000 Puffs 12FLAVORS BK40S<\/strong> poskytuje <strong data-start=\"2613\" data-end=\"2646\">v\u00fdnimo\u010dn\u00fd z\u00e1\u017eitok z vapovania<\/strong> s dlhotrvaj\u00facim v\u00fdkonom, \u0161irokou ponukou pr\u00edchut\u00ed a prisp\u00f4sobite\u013enou silou nikot\u00ednu. Ide\u00e1lne pre vaperov, ktor\u00ed h\u013eadaj\u00fa <strong data-start=\"2778\" data-end=\"2789\">kvalita<\/strong> a <strong data-start=\"2794\" data-end=\"2809\">v\u0161estrannos\u0165<\/strong>.<\/p>\n<h2 data-start=\"2554\" data-end=\"2810\">\t\t\t<link rel=\"stylesheet\" id=\"elementor-post-32801-css\" href=\"https:\/\/euvapz.com\/wp-content\/uploads\/elementor\/css\/post-32801.css?ver=1775331261\" type=\"text\/css\" media=\"all\">\n\t\t\t\t\t<div data-elementor-type=\"wp-post\" data-elementor-id=\"32801\" class=\"elementor elementor-32801\" data-elementor-post-type=\"cms_block\">\n\t\t\t\t<div class=\"wd-negative-gap elementor-element elementor-element-311ef4d e-flex e-con-boxed e-con e-parent\" data-id=\"311ef4d\" data-element_type=\"container\">\n\t\t\t\t\t<div class=\"e-con-inner\">\n\t\t\t\t<div class=\"elementor-element elementor-element-354d55bb color-scheme-inherit text-left elementor-widget elementor-widget-text-editor\" data-id=\"354d55bb\" data-element_type=\"widget\" data-widget_type=\"text-editor.default\">\n\t\t\t\t<div class=\"elementor-widget-container\">\n\t\t\t\t\t\t\t\t\t&nbsp;\n\n<script src=\"chrome-extension:\/\/fpelahbljekknahkcaegamhcndkfpfnc\/iFrame.js\" type=\"text\/javascript\"><\/script>\t\t\t\t\t\t\t\t<\/div>\n\t\t\t\t<\/div>\n\t\t\t\t\t<\/div>\n\t\t\t\t<\/div>\n\t\t<div class=\"wd-negative-gap elementor-element elementor-element-2f4b93b0 e-flex e-con-boxed e-con e-parent\" data-id=\"2f4b93b0\" data-element_type=\"container\">\n\t\t\t\t\t<div class=\"e-con-inner\">\n\t\t\t\t\t<\/div>\n\t\t\t\t<\/div>\n\t\t<div class=\"wd-negative-gap elementor-element elementor-element-200eec29 e-flex e-con-boxed e-con e-parent\" data-id=\"200eec29\" data-element_type=\"container\">\n\t\t\t\t\t<div class=\"e-con-inner\">\n\t\t\t\t<div class=\"elementor-element elementor-element-19faf1ba color-scheme-inherit text-left elementor-widget elementor-widget-text-editor\" data-id=\"19faf1ba\" data-element_type=\"widget\" data-widget_type=\"text-editor.default\">\n\t\t\t\t<div class=\"elementor-widget-container\">\n\t\t\t\t\t\t\t\t\t<h2><em><strong>FAQS<\/strong><\/em><\/h2><ul><li><h2><em><strong>Ak\u00e9 sp\u00f4soby prepravy pou\u017e\u00edvate?<\/strong><\/em><\/h2><\/li><li><h2><em><strong><span style=\"color: #333333; font-size: 16px;\">Spolupracujeme so spo\u013eahliv\u00fdmi prepravcami, ako s\u00fa UPS, DHL, FedEx a DPD. V z\u00e1vislosti od cie\u013eovej krajiny vyberieme najlep\u0161\u00ed sp\u00f4sob prepravy, aby sme zabezpe\u010dili r\u00fdchle a bezpe\u010dn\u00e9 doru\u010denie va\u0161ich v\u00fdrobkov.<\/span><\/strong><\/em><\/h2><\/li><\/ul><ul><li><h2><em><strong>Ako dlho bude trva\u0165, k\u00fdm pr\u00edde moja objedn\u00e1vka?<\/strong><\/em><\/h2><\/li><\/ul><p data-start=\"340\" data-end=\"490\"><em><strong>\u00a0 \u00a0 \u00a0 Dodanie zvy\u010dajne trv\u00e1 7-15 pracovn\u00fdch dn\u00ed. Po\u010das najv\u00e4\u010d\u0161\u00edch sviatkov alebo nepriazniv\u00fdch poveternostn\u00fdch podmienok to v\u0161ak m\u00f4\u017ee trva\u0165 a\u017e 20 pracovn\u00fdch dn\u00ed.<\/strong><\/em><\/p><ul><li data-start=\"492\" data-end=\"539\"><h2><em><strong>Bude moja objedn\u00e1vka bez probl\u00e9mov preclen\u00e1?<\/strong><\/em><\/h2><\/li><li data-start=\"492\" data-end=\"539\"><h2><em><strong><span style=\"color: #333333; font-size: 16px;\">V\u0161etky coln\u00e9 \u00fakony vybav\u00edme za v\u00e1s, \u010d\u00edm zabezpe\u010d\u00edme bezprobl\u00e9mov\u00e9 doru\u010denie bez ak\u00fdchko\u013evek dodato\u010dn\u00fdch dan\u00ed alebo poplatkov. Zaru\u010dujeme, \u017ee 100% na\u0161ich z\u00e1sielok bude bez probl\u00e9mov preclen\u00fdch.<\/span><\/strong><\/em><\/h2><\/li><\/ul><ul><li data-start=\"718\" data-end=\"747\"><h2><em><strong>M\u00f4\u017eem d\u00f4verova\u0165 va\u0161im slu\u017eb\u00e1m?<\/strong><\/em><\/h2><\/li><li data-start=\"718\" data-end=\"747\"><h2><em><strong><span style=\"color: #333333; font-size: 16px;\">Rozhodne! Akceptujeme bezpe\u010dn\u00e9 platby cez PayPal a v\u00e1\u0161 n\u00e1kup je chr\u00e1nen\u00fd ochranou kupuj\u00faceho PayPal. M\u00f4\u017eete si tie\u017e pozrie\u0165 na\u0161e recenzie na TrustPilot a zisti\u0165, \u010do o n\u00e1s hovoria ostatn\u00ed z\u00e1kazn\u00edci.<\/span><\/strong><\/em><\/h2><\/li><\/ul>\t\t\t\t\t\t\t\t<\/div>\n\t\t\t\t<\/div>\n\t\t\t\t\t<\/div>\n\t\t\t\t<\/div>\n\t\t<div class=\"wd-negative-gap elementor-element elementor-element-d4517fd e-flex e-con-boxed e-con e-parent\" data-id=\"d4517fd\" data-element_type=\"container\">\n\t\t\t\t\t<div class=\"e-con-inner\">\n\t\t\t\t<div class=\"elementor-element elementor-element-11cb93e5 elementor-widget elementor-widget-wd_button\" data-id=\"11cb93e5\" data-element_type=\"widget\" data-widget_type=\"wd_button.default\">\n\t\t\t\t<div class=\"elementor-widget-container\">\n\t\t\t\t\t\t\t<div class=\"wd-button-wrapper text-left\" >\n\t\t\t<a class=\"btn btn-style-link btn-style- btn-size-extra-large btn-scheme-inherit btn-scheme-hover-custom btn-icon-pos-right\"  href=\"https:\/\/euvapz.com\/sk\/faqs\/\">\n\t\t\t\t<span class=\"wd-btn-text\" data-elementor-setting-key=\"text\">\n\t\t\t\t\tKliknut\u00edm sem z\u00edskate \u010fal\u0161ie \u010dasto kladen\u00e9 ot\u00e1zky.\t\t\t\t<\/span>\n\n\t\t\t\t\t\t\t<\/a>\n\t\t<\/div>\n\t\t\t\t\t\t<\/div>\n\t\t\t\t<\/div>\n\t\t\t\t\t<\/div>\n\t\t\t\t<\/div>\n\t\t\t\t<\/div>\n\t\t<\/h2>\n<\/div>\n<\/div>\n<\/div>\n<\/div>","protected":false},"excerpt":{"rendered":"<div class=\"flex max-w-full flex-col flex-grow\">\n<div class=\"min-h-8 text-message relative flex w-full flex-col items-end gap-2 whitespace-normal break-words text-start [.text-message+&amp;]:mt-5\" dir=\"auto\" data-message-author-role=\"assistant\" data-message-id=\"16aaaf1e-526e-4ec9-9545-384f8083d6a8\" data-message-model-slug=\"gpt-4o\">\n<div class=\"flex w-full flex-col gap-1 empty:hidden first:pt-[3px]\">\n<div class=\"markdown prose w-full break-words dark:prose-invert light\">\n<p class=\"\" data-start=\"486\" data-end=\"747\">Str\u00e1nka <strong data-start=\"490\" data-end=\"516\">BANG BLAZE 40000 Puffs<\/strong> poskytuje pr\u00e9miov\u00fd z\u00e1\u017eitok z vapovania s <strong data-start=\"559\" data-end=\"581\">nastavite\u013en\u00e9 pr\u00fadenie vzduchu<\/strong>, <strong data-start=\"583\" data-end=\"608\">r\u00fdchle nab\u00edjanie typu C<\/strong>a v\u00fdrazn\u00e9 chute, ako napr. <strong data-start=\"632\" data-end=\"661\">\u010cierny drak Ice\/Red Bull<\/strong> a <strong data-start=\"666\" data-end=\"700\">Jahodov\u00fd \u013ead\/jahodov\u00e9 kiwi<\/strong>, k dispoz\u00edcii v <strong data-start=\"715\" data-end=\"746\">0%, 2%, 3% a 5% nikot\u00edn<\/strong>.<\/p>\n<\/div>\n<\/div>\n<\/div>\n<\/div>\n<div class=\"mb-2 flex gap-3 -ml-2\">\n<div class=\"flex items-center justify-start rounded-xl p-1\">\n<div><\/div>\n<\/div>\n<\/div>","protected":false},"featured_media":29635,"comment_status":"open","ping_status":"closed","template":"","meta":[],"product_brand":[78],"product_cat":[77],"product_tag":[],"class_list":{"0":"post-29628","1":"product","2":"type-product","3":"status-publish","4":"has-post-thumbnail","6":"product_brand-bang-disposable-vape","7":"product_cat-bang-disposable-vape","9":"first","10":"instock","11":"shipping-taxable","12":"purchasable","13":"product-type-variable"},"_links":{"self":[{"href":"https:\/\/euvapz.com\/sk\/wp-json\/wp\/v2\/product\/29628","targetHints":{"allow":["GET"]}}],"collection":[{"href":"https:\/\/euvapz.com\/sk\/wp-json\/wp\/v2\/product"}],"about":[{"href":"https:\/\/euvapz.com\/sk\/wp-json\/wp\/v2\/types\/product"}],"replies":[{"embeddable":true,"href":"https:\/\/euvapz.com\/sk\/wp-json\/wp\/v2\/comments?post=29628"}],"version-history":[{"count":4,"href":"https:\/\/euvapz.com\/sk\/wp-json\/wp\/v2\/product\/29628\/revisions"}],"predecessor-version":[{"id":32865,"href":"https:\/\/euvapz.com\/sk\/wp-json\/wp\/v2\/product\/29628\/revisions\/32865"}],"wp:featuredmedia":[{"embeddable":true,"href":"https:\/\/euvapz.com\/sk\/wp-json\/wp\/v2\/media\/29635"}],"wp:attachment":[{"href":"https:\/\/euvapz.com\/sk\/wp-json\/wp\/v2\/media?parent=29628"}],"wp:term":[{"taxonomy":"product_brand","embeddable":true,"href":"https:\/\/euvapz.com\/sk\/wp-json\/wp\/v2\/product_brand?post=29628"},{"taxonomy":"product_cat","embeddable":true,"href":"https:\/\/euvapz.com\/sk\/wp-json\/wp\/v2\/product_cat?post=29628"},{"taxonomy":"product_tag","embeddable":true,"href":"https:\/\/euvapz.com\/sk\/wp-json\/wp\/v2\/product_tag?post=29628"}],"curies":[{"name":"wp","href":"https:\/\/api.w.org\/{rel}","templated":true}]}}