{"id":31111,"date":"2025-03-22T06:46:23","date_gmt":"2025-03-22T06:46:23","guid":{"rendered":"https:\/\/euvapz.com\/?post_type=product&#038;p=31111"},"modified":"2025-03-27T06:27:58","modified_gmt":"2025-03-27T06:27:58","slug":"vapme-monster-16000-puffs-disposable-vape-long-lasting-performance-with-26ml-e-liquid","status":"publish","type":"product","link":"https:\/\/euvapz.com\/sk\/produkt\/vapme-monster-16000-puffs-disposable-vape-long-lasting-performance-with-26ml-e-liquid\/","title":{"rendered":"VAPME MONSTER 16000 Puffs Jednorazov\u00fd Vape Dlhotrvaj\u00faci v\u00fdkon s 26 ml E-Liquid"},"content":{"rendered":"<p data-start=\"157\" data-end=\"434\"><img fetchpriority=\"high\" decoding=\"async\" class=\"alignnone size-full wp-image-31113\" src=\"https:\/\/euvapz.com\/wp-content\/uploads\/2025\/03\/VAPME-MONSTER-16000-Puffs-Disposable-Vape-Long-Lasting-Performance-with-26mL-E-Liquid-5-scaled.webp\" alt=\"VAPME MONSTER 16000 Puffs Jednorazov\u00fd Vape Dlhotrvaj\u00faci v\u00fdkon s 26 ml E-Liquid\" width=\"2560\" height=\"1707\" srcset=\"https:\/\/euvapz.com\/wp-content\/uploads\/2025\/03\/VAPME-MONSTER-16000-Puffs-Disposable-Vape-Long-Lasting-Performance-with-26mL-E-Liquid-5-scaled.webp 2560w, https:\/\/euvapz.com\/wp-content\/uploads\/2025\/03\/VAPME-MONSTER-16000-Puffs-Disposable-Vape-Long-Lasting-Performance-with-26mL-E-Liquid-5-400x267.webp 400w, https:\/\/euvapz.com\/wp-content\/uploads\/2025\/03\/VAPME-MONSTER-16000-Puffs-Disposable-Vape-Long-Lasting-Performance-with-26mL-E-Liquid-5-1200x800.webp 1200w, https:\/\/euvapz.com\/wp-content\/uploads\/2025\/03\/VAPME-MONSTER-16000-Puffs-Disposable-Vape-Long-Lasting-Performance-with-26mL-E-Liquid-5-768x512.webp 768w, https:\/\/euvapz.com\/wp-content\/uploads\/2025\/03\/VAPME-MONSTER-16000-Puffs-Disposable-Vape-Long-Lasting-Performance-with-26mL-E-Liquid-5-1536x1024.webp 1536w, https:\/\/euvapz.com\/wp-content\/uploads\/2025\/03\/VAPME-MONSTER-16000-Puffs-Disposable-Vape-Long-Lasting-Performance-with-26mL-E-Liquid-5-2048x1366.webp 2048w, https:\/\/euvapz.com\/wp-content\/uploads\/2025\/03\/VAPME-MONSTER-16000-Puffs-Disposable-Vape-Long-Lasting-Performance-with-26mL-E-Liquid-5-18x12.webp 18w, https:\/\/euvapz.com\/wp-content\/uploads\/2025\/03\/VAPME-MONSTER-16000-Puffs-Disposable-Vape-Long-Lasting-Performance-with-26mL-E-Liquid-5-430x287.webp 430w, https:\/\/euvapz.com\/wp-content\/uploads\/2025\/03\/VAPME-MONSTER-16000-Puffs-Disposable-Vape-Long-Lasting-Performance-with-26mL-E-Liquid-5-700x467.webp 700w, https:\/\/euvapz.com\/wp-content\/uploads\/2025\/03\/VAPME-MONSTER-16000-Puffs-Disposable-Vape-Long-Lasting-Performance-with-26mL-E-Liquid-5-150x100.webp 150w\" sizes=\"(max-width: 2560px) 100vw, 2560px\" \/><\/p>\n<p class=\"\" data-start=\"157\" data-end=\"434\">Str\u00e1nka <strong data-start=\"161\" data-end=\"206\">VAPME MONSTER 16000 Puffs Disposable Vape<\/strong> is designed for vapers who seek a powerful, long-lasting device with exceptional performance. With up to <strong data-start=\"312\" data-end=\"328\">16 000 d\u00fa\u0161kov<\/strong>, this vape ensures you can enjoy extended sessions of rich, satisfying vapor without sacrificing quality.<\/p>\n<p class=\"\" data-start=\"436\" data-end=\"819\">Equipped with a robust <strong data-start=\"459\" data-end=\"490\">Nab\u00edjate\u013en\u00e1 bat\u00e9ria s kapacitou 650 mAh<\/strong>,. <strong data-start=\"496\" data-end=\"513\">VAPME MONSTER<\/strong> provides consistent and reliable power, ensuring smooth and uninterrupted vaping. The <strong data-start=\"600\" data-end=\"624\">Nab\u00edjac\u00ed port typu C<\/strong> enables quick recharges, so you\u2019re always ready to vape. Featuring a <strong data-start=\"694\" data-end=\"712\">1,0\u03a9 sie\u0165ov\u00e1 cievka<\/strong>, the device enhances flavor and vapor production, providing a truly satisfying experience with every puff.<\/p>\n<p class=\"\" data-start=\"821\" data-end=\"1152\">Predplnen\u00e9 s <strong data-start=\"837\" data-end=\"865\">26mL of premium e-liquid<\/strong>,. <strong data-start=\"871\" data-end=\"888\">VAPME MONSTER<\/strong> ponuky <strong data-start=\"896\" data-end=\"902\">2%<\/strong> a <strong data-start=\"907\" data-end=\"927\">5% nicotine salt<\/strong> strengths, catering to different preferences. With <strong data-start=\"979\" data-end=\"1002\">12 vzru\u0161uj\u00facich pr\u00edchut\u00ed<\/strong> ako <strong data-start=\"1008\" data-end=\"1030\">Citron\u00e1da Blue Razz<\/strong>, <strong data-start=\"1032\" data-end=\"1045\">Brosky\u0148ov\u00fd \u013ead<\/strong>a <strong data-start=\"1051\" data-end=\"1076\">Jahodov\u00fd mel\u00f3n<\/strong>, this device guarantees a flavorful vaping experience that suits any taste.<\/p>\n<h2 data-start=\"1154\" data-end=\"1193\"><strong data-start=\"1154\" data-end=\"1193\">VAPME MONSTER 16000 Puffs Features:<\/strong><\/h2>\n<ul data-start=\"1194\" data-end=\"1508\">\n<li class=\"\" data-start=\"1194\" data-end=\"1225\">\n<p class=\"\" data-start=\"1196\" data-end=\"1225\"><strong data-start=\"1196\" data-end=\"1205\">Puffy<\/strong>: Up to 16,000 puffs<\/p>\n<\/li>\n<li class=\"\" data-start=\"1226\" data-end=\"1275\">\n<p class=\"\" data-start=\"1228\" data-end=\"1275\"><strong data-start=\"1228\" data-end=\"1249\">Kapacita e-tekutiny<\/strong>: 26mL pre-filled e-liquid<\/p>\n<\/li>\n<li class=\"\" data-start=\"1276\" data-end=\"1345\">\n<p class=\"\" data-start=\"1278\" data-end=\"1345\"><strong data-start=\"1278\" data-end=\"1299\">Sila nikot\u00ednu<\/strong>: Available in <strong data-start=\"1314\" data-end=\"1320\">2%<\/strong> a <strong data-start=\"1325\" data-end=\"1345\">5% nicotine salt<\/strong><\/p>\n<\/li>\n<li class=\"\" data-start=\"1346\" data-end=\"1380\">\n<p class=\"\" data-start=\"1348\" data-end=\"1380\"><strong data-start=\"1348\" data-end=\"1359\">Bat\u00e9ria<\/strong>: 650mAh dob\u00edjac\u00ed<\/p>\n<\/li>\n<li class=\"\" data-start=\"1381\" data-end=\"1447\">\n<p class=\"\" data-start=\"1383\" data-end=\"1447\"><strong data-start=\"1383\" data-end=\"1391\">Cievka<\/strong>: 1.0\u03a9 mesh coil for optimal flavor and vapor production<\/p>\n<\/li>\n<li class=\"\" data-start=\"1448\" data-end=\"1508\">\n<p class=\"\" data-start=\"1450\" data-end=\"1508\"><strong data-start=\"1450\" data-end=\"1467\">Nab\u00edjac\u00ed port<\/strong>: Type-C for fast and efficient recharges<\/p>\n<\/li>\n<\/ul>\n<h2 data-start=\"1510\" data-end=\"1552\"><strong data-start=\"1510\" data-end=\"1552\">VAPME MONSTER 16000 Puffs Flavor List:<\/strong><\/h2>\n<ol data-start=\"1553\" data-end=\"1800\">\n<li class=\"\" data-start=\"1553\" data-end=\"1574\">\n<p class=\"\" data-start=\"1556\" data-end=\"1574\">Citron\u00e1da Blue Razz<\/p>\n<\/li>\n<li class=\"\" data-start=\"1575\" data-end=\"1587\">\n<p class=\"\" data-start=\"1578\" data-end=\"1587\">Brosky\u0148ov\u00fd \u013ead<\/p>\n<\/li>\n<li class=\"\" data-start=\"1588\" data-end=\"1605\">\n<p class=\"\" data-start=\"1591\" data-end=\"1605\">\u013dad z vodn\u00e9ho mel\u00f3na<\/p>\n<\/li>\n<li class=\"\" data-start=\"1606\" data-end=\"1628\">\n<p class=\"\" data-start=\"1609\" data-end=\"1628\">\u010cu\u010doriedka malina<\/p>\n<\/li>\n<li class=\"\" data-start=\"1629\" data-end=\"1642\">\n<p class=\"\" data-start=\"1632\" data-end=\"1642\">\u010cere\u0161\u0148ov\u00fd \u013ead<\/p>\n<\/li>\n<li class=\"\" data-start=\"1643\" data-end=\"1660\">\n<p class=\"\" data-start=\"1646\" data-end=\"1660\">Jahodov\u00fd \u013ead<\/p>\n<\/li>\n<li class=\"\" data-start=\"1661\" data-end=\"1685\">\n<p class=\"\" data-start=\"1664\" data-end=\"1685\">Jahodov\u00fd mel\u00f3n<\/p>\n<\/li>\n<li class=\"\" data-start=\"1686\" data-end=\"1702\">\n<p class=\"\" data-start=\"1689\" data-end=\"1702\">Zmie\u0161an\u00e9 bobule<\/p>\n<\/li>\n<li class=\"\" data-start=\"1703\" data-end=\"1721\">\n<p class=\"\" data-start=\"1706\" data-end=\"1721\">Jahodov\u00e9 kiwi<\/p>\n<\/li>\n<li class=\"\" data-start=\"1722\" data-end=\"1750\">\n<p class=\"\" data-start=\"1726\" data-end=\"1750\">Kiwi Mu\u010denka Ovocie Guava<\/p>\n<\/li>\n<li class=\"\" data-start=\"1751\" data-end=\"1774\">\n<p class=\"\" data-start=\"1755\" data-end=\"1774\">Strawberry Red Bull<\/p>\n<\/li>\n<li class=\"\" data-start=\"1775\" data-end=\"1800\">\n<p class=\"\" data-start=\"1779\" data-end=\"1800\">Brosky\u0148a Mango Anan\u00e1s<\/p>\n<\/li>\n<\/ol>\n<p class=\"\" data-start=\"1802\" data-end=\"2272\">Str\u00e1nka <strong data-start=\"1806\" data-end=\"1835\">VAPME MONSTER 16000 Puffs<\/strong> features <strong data-start=\"1845\" data-end=\"1869\">technol\u00f3gia sie\u0165ov\u00fdch cievok<\/strong> to deliver enhanced vapor production and a rich flavor profile with every puff. Whether you prefer <strong data-start=\"1969\" data-end=\"1979\">ovocn\u00fd<\/strong>, <strong data-start=\"1981\" data-end=\"1988\">\u013eadov\u00e1<\/strong>, or <strong data-start=\"1993\" data-end=\"2007\">osvie\u017eenie<\/strong> flavors, this disposable vape provides a premium experience that\u2019s perfect for both casual and professional vapers. The combination of <strong data-start=\"2143\" data-end=\"2163\">26mL of e-liquid<\/strong>, <strong data-start=\"2165\" data-end=\"2197\">Sila nikot\u00ednu 2% a 5%<\/strong>a <strong data-start=\"2205\" data-end=\"2218\">sie\u0165ov\u00e1 cievka<\/strong> ensures a long-lasting, satisfying vaping experience.<\/p>\n<h2 data-start=\"1802\" data-end=\"2272\">\t\t\t<link rel=\"stylesheet\" id=\"elementor-post-32801-css\" href=\"https:\/\/euvapz.com\/wp-content\/uploads\/elementor\/css\/post-32801.css?ver=1777553721\" type=\"text\/css\" media=\"all\">\n\t\t\t\t\t<div data-elementor-type=\"wp-post\" data-elementor-id=\"32801\" class=\"elementor elementor-32801\" data-elementor-post-type=\"cms_block\">\n\t\t\t\t<div class=\"wd-negative-gap elementor-element elementor-element-311ef4d e-flex e-con-boxed e-con e-parent\" data-id=\"311ef4d\" data-element_type=\"container\" data-e-type=\"container\">\n\t\t\t\t\t<div class=\"e-con-inner\">\n\t\t\t\t<div class=\"elementor-element elementor-element-354d55bb color-scheme-inherit text-left elementor-widget elementor-widget-text-editor\" data-id=\"354d55bb\" data-element_type=\"widget\" data-e-type=\"widget\" data-widget_type=\"text-editor.default\">\n\t\t\t\t<div class=\"elementor-widget-container\">\n\t\t\t\t\t\t\t\t\t&nbsp;\n\n<script src=\"chrome-extension:\/\/fpelahbljekknahkcaegamhcndkfpfnc\/iFrame.js\" type=\"text\/javascript\"><\/script>\t\t\t\t\t\t\t\t<\/div>\n\t\t\t\t<\/div>\n\t\t\t\t\t<\/div>\n\t\t\t\t<\/div>\n\t\t<div class=\"wd-negative-gap elementor-element elementor-element-2f4b93b0 e-flex e-con-boxed e-con e-parent\" data-id=\"2f4b93b0\" data-element_type=\"container\" data-e-type=\"container\">\n\t\t\t\t\t<div class=\"e-con-inner\">\n\t\t\t\t\t<\/div>\n\t\t\t\t<\/div>\n\t\t<div class=\"wd-negative-gap elementor-element elementor-element-200eec29 e-flex e-con-boxed e-con e-parent\" data-id=\"200eec29\" data-element_type=\"container\" data-e-type=\"container\">\n\t\t\t\t\t<div class=\"e-con-inner\">\n\t\t\t\t<div class=\"elementor-element elementor-element-19faf1ba color-scheme-inherit text-left elementor-widget elementor-widget-text-editor\" data-id=\"19faf1ba\" data-element_type=\"widget\" data-e-type=\"widget\" data-widget_type=\"text-editor.default\">\n\t\t\t\t<div class=\"elementor-widget-container\">\n\t\t\t\t\t\t\t\t\t<h2><em><strong>FAQS<\/strong><\/em><\/h2><ul><li><h2><em><strong>Ak\u00e9 sp\u00f4soby prepravy pou\u017e\u00edvate?<\/strong><\/em><\/h2><\/li><li><h2><em><strong><span style=\"color: #333333; font-size: 16px;\">Spolupracujeme so spo\u013eahliv\u00fdmi prepravcami, ako s\u00fa UPS, DHL, FedEx a DPD. V z\u00e1vislosti od cie\u013eovej krajiny vyberieme najlep\u0161\u00ed sp\u00f4sob prepravy, aby sme zabezpe\u010dili r\u00fdchle a bezpe\u010dn\u00e9 doru\u010denie va\u0161ich v\u00fdrobkov.<\/span><\/strong><\/em><\/h2><\/li><\/ul><ul><li><h2><em><strong>Ako dlho bude trva\u0165, k\u00fdm pr\u00edde moja objedn\u00e1vka?<\/strong><\/em><\/h2><\/li><\/ul><p data-start=\"340\" data-end=\"490\"><em><strong>\u00a0 \u00a0 \u00a0 Dodanie zvy\u010dajne trv\u00e1 7-15 pracovn\u00fdch dn\u00ed. Po\u010das najv\u00e4\u010d\u0161\u00edch sviatkov alebo nepriazniv\u00fdch poveternostn\u00fdch podmienok to v\u0161ak m\u00f4\u017ee trva\u0165 a\u017e 20 pracovn\u00fdch dn\u00ed.<\/strong><\/em><\/p><ul><li data-start=\"492\" data-end=\"539\"><h2><em><strong>Bude moja objedn\u00e1vka bez probl\u00e9mov preclen\u00e1?<\/strong><\/em><\/h2><\/li><li data-start=\"492\" data-end=\"539\"><h2><em><strong><span style=\"color: #333333; font-size: 16px;\">V\u0161etky coln\u00e9 \u00fakony vybav\u00edme za v\u00e1s, \u010d\u00edm zabezpe\u010d\u00edme bezprobl\u00e9mov\u00e9 doru\u010denie bez ak\u00fdchko\u013evek dodato\u010dn\u00fdch dan\u00ed alebo poplatkov. Zaru\u010dujeme, \u017ee 100% na\u0161ich z\u00e1sielok bude bez probl\u00e9mov preclen\u00fdch.<\/span><\/strong><\/em><\/h2><\/li><\/ul><ul><li data-start=\"718\" data-end=\"747\"><h2><em><strong>M\u00f4\u017eem d\u00f4verova\u0165 va\u0161im slu\u017eb\u00e1m?<\/strong><\/em><\/h2><\/li><li data-start=\"718\" data-end=\"747\"><h2><em><strong><span style=\"color: #333333; font-size: 16px;\">Rozhodne! Akceptujeme bezpe\u010dn\u00e9 platby cez PayPal a v\u00e1\u0161 n\u00e1kup je chr\u00e1nen\u00fd ochranou kupuj\u00faceho PayPal. M\u00f4\u017eete si tie\u017e pozrie\u0165 na\u0161e recenzie na TrustPilot a zisti\u0165, \u010do o n\u00e1s hovoria ostatn\u00ed z\u00e1kazn\u00edci.<\/span><\/strong><\/em><\/h2><\/li><\/ul>\t\t\t\t\t\t\t\t<\/div>\n\t\t\t\t<\/div>\n\t\t\t\t\t<\/div>\n\t\t\t\t<\/div>\n\t\t<div class=\"wd-negative-gap elementor-element elementor-element-d4517fd e-flex e-con-boxed e-con e-parent\" data-id=\"d4517fd\" data-element_type=\"container\" data-e-type=\"container\">\n\t\t\t\t\t<div class=\"e-con-inner\">\n\t\t\t\t<div class=\"elementor-element elementor-element-11cb93e5 elementor-widget elementor-widget-wd_button\" data-id=\"11cb93e5\" data-element_type=\"widget\" data-e-type=\"widget\" data-widget_type=\"wd_button.default\">\n\t\t\t\t<div class=\"elementor-widget-container\">\n\t\t\t\t\t\t\t<div class=\"wd-button-wrapper text-left\" >\n\t\t\t<a class=\"btn btn-style-link btn-style- btn-size-extra-large btn-scheme-inherit btn-scheme-hover-custom btn-icon-pos-right\"  href=\"https:\/\/euvapz.com\/sk\/faqs\/\">\n\t\t\t\t<span class=\"wd-btn-text\" data-elementor-setting-key=\"text\">\n\t\t\t\t\tKliknut\u00edm sem z\u00edskate \u010fal\u0161ie \u010dasto kladen\u00e9 ot\u00e1zky.\t\t\t\t<\/span>\n\n\t\t\t\t\t\t\t<\/a>\n\t\t<\/div>\n\t\t\t\t\t\t<\/div>\n\t\t\t\t<\/div>\n\t\t\t\t\t<\/div>\n\t\t\t\t<\/div>\n\t\t\t\t<\/div>\n\t\t<\/h2>\n<p><script src=\"chrome-extension:\/\/fpelahbljekknahkcaegamhcndkfpfnc\/iFrame.js\" type=\"text\/javascript\"><\/script><\/p>","protected":false},"excerpt":{"rendered":"<p>Str\u00e1nka <strong data-start=\"7\" data-end=\"36\">VAPME MONSTER 16000 Puffs<\/strong> Jednorazov\u00e9 ponuky Vape <strong data-start=\"60\" data-end=\"76\">16 000 d\u00fa\u0161kov<\/strong>, <strong data-start=\"78\" data-end=\"95\">26mL e-liquid<\/strong>a pr\u00edchute ako <strong data-start=\"114\" data-end=\"136\">Citron\u00e1da Blue Razz<\/strong> a <strong data-start=\"141\" data-end=\"154\">Brosky\u0148ov\u00fd \u013ead<\/strong>, so silou nikot\u00ednu <strong data-start=\"183\" data-end=\"189\">2%<\/strong> a <strong data-start=\"194\" data-end=\"200\">5%<\/strong>.<\/p>","protected":false},"featured_media":33712,"comment_status":"open","ping_status":"closed","template":"","meta":[],"product_brand":[194],"product_cat":[195],"product_tag":[],"class_list":{"0":"post-31111","1":"product","2":"type-product","3":"status-publish","4":"has-post-thumbnail","6":"product_brand-vapme-disposable-vape","7":"product_cat-vapme-disposable-vape","9":"first","10":"instock","11":"shipping-taxable","12":"purchasable","13":"product-type-variable"},"_links":{"self":[{"href":"https:\/\/euvapz.com\/sk\/wp-json\/wp\/v2\/product\/31111","targetHints":{"allow":["GET"]}}],"collection":[{"href":"https:\/\/euvapz.com\/sk\/wp-json\/wp\/v2\/product"}],"about":[{"href":"https:\/\/euvapz.com\/sk\/wp-json\/wp\/v2\/types\/product"}],"replies":[{"embeddable":true,"href":"https:\/\/euvapz.com\/sk\/wp-json\/wp\/v2\/comments?post=31111"}],"version-history":[{"count":4,"href":"https:\/\/euvapz.com\/sk\/wp-json\/wp\/v2\/product\/31111\/revisions"}],"predecessor-version":[{"id":33716,"href":"https:\/\/euvapz.com\/sk\/wp-json\/wp\/v2\/product\/31111\/revisions\/33716"}],"wp:featuredmedia":[{"embeddable":true,"href":"https:\/\/euvapz.com\/sk\/wp-json\/wp\/v2\/media\/33712"}],"wp:attachment":[{"href":"https:\/\/euvapz.com\/sk\/wp-json\/wp\/v2\/media?parent=31111"}],"wp:term":[{"taxonomy":"product_brand","embeddable":true,"href":"https:\/\/euvapz.com\/sk\/wp-json\/wp\/v2\/product_brand?post=31111"},{"taxonomy":"product_cat","embeddable":true,"href":"https:\/\/euvapz.com\/sk\/wp-json\/wp\/v2\/product_cat?post=31111"},{"taxonomy":"product_tag","embeddable":true,"href":"https:\/\/euvapz.com\/sk\/wp-json\/wp\/v2\/product_tag?post=31111"}],"curies":[{"name":"wp","href":"https:\/\/api.w.org\/{rel}","templated":true}]}}