{"id":33505,"date":"2025-03-25T09:04:23","date_gmt":"2025-03-25T09:04:23","guid":{"rendered":"https:\/\/euvapz.com\/?post_type=product&#038;p=33505"},"modified":"2025-03-27T08:16:29","modified_gmt":"2025-03-27T08:16:29","slug":"bug-04-bc5000-puffs-jednorazove-vape-12ml-e-liquid-500mah-bateria-mesh-coil-2-nikotin","status":"publish","type":"product","link":"https:\/\/euvapz.com\/sk\/produkt\/bug-04-bc5000-puffs-jednorazove-vape-12ml-e-liquid-500mah-bateria-mesh-coil-2-nikotin\/","title":{"rendered":"BUG 04 BC5000 Puffs Jednorazov\u00fd Vape 12ml E-Liquid 500mAh Bat\u00e9ria Mesh Coil 2% Nikot\u00edn"},"content":{"rendered":"<p data-start=\"155\" data-end=\"436\"><img fetchpriority=\"high\" decoding=\"async\" class=\"alignnone size-full wp-image-33506\" src=\"https:\/\/euvapz.com\/wp-content\/uploads\/2025\/03\/BUG-04-BC5000-Puffs-Disposable-Vape-12mL-E-Liquid-500mAh-Battery-Mesh-Coil-2-Nicotine-1.webp\" alt=\"BUG 04 BC5000 Puffs Jednorazov\u00fd Vape 12ml E-Liquid 500mAh Bat\u00e9ria Mesh Coil 2% Nikot\u00edn\" width=\"2000\" height=\"1069\" srcset=\"https:\/\/euvapz.com\/wp-content\/uploads\/2025\/03\/BUG-04-BC5000-Puffs-Disposable-Vape-12mL-E-Liquid-500mAh-Battery-Mesh-Coil-2-Nicotine-1.webp 2000w, https:\/\/euvapz.com\/wp-content\/uploads\/2025\/03\/BUG-04-BC5000-Puffs-Disposable-Vape-12mL-E-Liquid-500mAh-Battery-Mesh-Coil-2-Nicotine-1-400x214.webp 400w, https:\/\/euvapz.com\/wp-content\/uploads\/2025\/03\/BUG-04-BC5000-Puffs-Disposable-Vape-12mL-E-Liquid-500mAh-Battery-Mesh-Coil-2-Nicotine-1-1300x695.webp 1300w, https:\/\/euvapz.com\/wp-content\/uploads\/2025\/03\/BUG-04-BC5000-Puffs-Disposable-Vape-12mL-E-Liquid-500mAh-Battery-Mesh-Coil-2-Nicotine-1-768x410.webp 768w, https:\/\/euvapz.com\/wp-content\/uploads\/2025\/03\/BUG-04-BC5000-Puffs-Disposable-Vape-12mL-E-Liquid-500mAh-Battery-Mesh-Coil-2-Nicotine-1-1536x821.webp 1536w, https:\/\/euvapz.com\/wp-content\/uploads\/2025\/03\/BUG-04-BC5000-Puffs-Disposable-Vape-12mL-E-Liquid-500mAh-Battery-Mesh-Coil-2-Nicotine-1-18x10.webp 18w, https:\/\/euvapz.com\/wp-content\/uploads\/2025\/03\/BUG-04-BC5000-Puffs-Disposable-Vape-12mL-E-Liquid-500mAh-Battery-Mesh-Coil-2-Nicotine-1-430x230.webp 430w, https:\/\/euvapz.com\/wp-content\/uploads\/2025\/03\/BUG-04-BC5000-Puffs-Disposable-Vape-12mL-E-Liquid-500mAh-Battery-Mesh-Coil-2-Nicotine-1-700x374.webp 700w, https:\/\/euvapz.com\/wp-content\/uploads\/2025\/03\/BUG-04-BC5000-Puffs-Disposable-Vape-12mL-E-Liquid-500mAh-Battery-Mesh-Coil-2-Nicotine-1-150x80.webp 150w\" sizes=\"(max-width: 2000px) 100vw, 2000px\" \/><\/p>\n<p class=\"\" data-start=\"155\" data-end=\"436\">Str\u00e1nka <strong data-start=\"159\" data-end=\"198\">BUG 04 BC5000 Puffs Vape na jedno pou\u017eitie<\/strong> je ur\u010den\u00fd pre vaperov, ktor\u00ed h\u013eadaj\u00fa pohodln\u00e9, vysoko v\u00fdkonn\u00e9 zariadenie s dlhou \u017eivotnos\u0165ou. Pon\u00faka a\u017e <strong data-start=\"313\" data-end=\"327\">5000 obl\u00e1\u010dikov<\/strong>, t\u00e1to jednorazov\u00e1 vapka zaru\u010duje uspokojiv\u00fd z\u00e1\u017eitok, ktor\u00fd vydr\u017e\u00ed, bez toho, aby ste museli robi\u0165 kompromisy v chuti alebo kvalite.<\/p>\n<p class=\"\" data-start=\"438\" data-end=\"831\">Vybaven\u00fd <strong data-start=\"454\" data-end=\"485\">500mAh nab\u00edjate\u013en\u00e1 bat\u00e9ria<\/strong> a <strong data-start=\"490\" data-end=\"514\">R\u00fdchle nab\u00edjanie typu C<\/strong>,. <strong data-start=\"520\" data-end=\"530\">CHYBA 04<\/strong> poskytuje efekt\u00edvne a konzistentn\u00e9 nap\u00e1janie pre nepreru\u0161ovan\u00e9 rel\u00e1cie. Str\u00e1nka <strong data-start=\"600\" data-end=\"624\">technol\u00f3gia sie\u0165ov\u00fdch cievok<\/strong> s <strong data-start=\"632\" data-end=\"648\">1,1 ohmov\u00e9 jadro<\/strong> poskytuje hladk\u00fa, aromatick\u00fa paru, tak\u017ee ka\u017ed\u00e9 \u0161luknutie je rovnako pr\u00edjemn\u00e9 ako to predch\u00e1dzaj\u00face. Navy\u0161e <strong data-start=\"736\" data-end=\"755\">Nab\u00edjanie typu C<\/strong> zabezpe\u010duje r\u00fdchle dob\u00edjanie, tak\u017ee ste v\u017edy pripraven\u00ed na \u010fal\u0161ie vapovanie.<\/p>\n<p class=\"\" data-start=\"833\" data-end=\"1307\">Predplnen\u00e9 s <strong data-start=\"849\" data-end=\"877\">12 ml pr\u00e9miov\u00e9ho e-liquidu<\/strong>,. <strong data-start=\"883\" data-end=\"893\">CHYBA 04<\/strong> pon\u00faka mierne <strong data-start=\"912\" data-end=\"927\">2% nikot\u00edn<\/strong> sila, ktor\u00e1 vyhovuje t\u00fdm, ktor\u00ed d\u00e1vaj\u00fa prednos\u0165 hladk\u00e9mu, uspokojiv\u00e9mu z\u00e1sahu. Na str\u00e1nke . <strong data-start=\"997\" data-end=\"1019\">nastavite\u013en\u00e9 pr\u00fadenie vzduchu<\/strong> Funkcia v\u00e1m umo\u017e\u0148uje prisp\u00f4sobi\u0165 si vapingov\u00fd z\u00e1\u017eitok, \u010d\u00edm z\u00edskate kontrolu nad vdychovan\u00edm, \u010di u\u017e preferujete tesnej\u0161ie alebo otvorenej\u0161ie potiahnutie. Pomocou str\u00e1nky . <strong data-start=\"1166\" data-end=\"1187\">12 jedine\u010dn\u00fdch pr\u00edchut\u00ed<\/strong> ako <strong data-start=\"1193\" data-end=\"1211\">\u013dad z vodn\u00e9ho mel\u00f3na<\/strong>, <strong data-start=\"1213\" data-end=\"1233\">Jahodov\u00fd d\u017e\u00fas<\/strong>a <strong data-start=\"1239\" data-end=\"1252\">Brosky\u0148ov\u00fd \u013ead<\/strong>, toto zariadenie pon\u00faka nie\u010do pre ka\u017ed\u00fd vapersk\u00fd vkus.<\/p>\n<h3 class=\"\" data-start=\"1309\" data-end=\"1362\"><strong data-start=\"1313\" data-end=\"1362\">BUG 04 BC5000 Puffs Jednorazov\u00e9 vape Vlastnosti:<\/strong><\/h3>\n<ul data-start=\"1363\" data-end=\"2115\">\n<li class=\"\" data-start=\"1363\" data-end=\"1398\">\n<p class=\"\" data-start=\"1365\" data-end=\"1398\"><strong data-start=\"1365\" data-end=\"1375\">Pufy:<\/strong> A\u017e do <strong data-start=\"1382\" data-end=\"1396\">5000 obl\u00e1\u010dikov<\/strong><\/p>\n<\/li>\n<li class=\"\" data-start=\"1399\" data-end=\"1433\">\n<p class=\"\" data-start=\"1401\" data-end=\"1433\"><strong data-start=\"1401\" data-end=\"1410\">Jadro:<\/strong> <strong data-start=\"1411\" data-end=\"1431\">Mesh cievka 1,1ohm<\/strong><\/p>\n<\/li>\n<li class=\"\" data-start=\"1434\" data-end=\"1480\">\n<p class=\"\" data-start=\"1436\" data-end=\"1480\"><strong data-start=\"1436\" data-end=\"1449\">E-tekutina:<\/strong> <strong data-start=\"1450\" data-end=\"1458\">12 ml<\/strong> predplnen\u00fd e-liquid<\/p>\n<\/li>\n<li class=\"\" data-start=\"1481\" data-end=\"1514\">\n<p class=\"\" data-start=\"1483\" data-end=\"1514\"><strong data-start=\"1483\" data-end=\"1496\">Nikot\u00edn:<\/strong> <strong data-start=\"1497\" data-end=\"1512\">2% nikot\u00edn<\/strong><\/p>\n<\/li>\n<li class=\"\" data-start=\"1515\" data-end=\"1563\">\n<p class=\"\" data-start=\"1517\" data-end=\"1563\"><strong data-start=\"1517\" data-end=\"1529\">Bat\u00e9ria:<\/strong> <strong data-start=\"1530\" data-end=\"1561\">500mAh nab\u00edjate\u013en\u00e1 bat\u00e9ria<\/strong><\/p>\n<\/li>\n<li class=\"\" data-start=\"1564\" data-end=\"1610\">\n<p class=\"\" data-start=\"1566\" data-end=\"1610\"><strong data-start=\"1566\" data-end=\"1583\">Dob\u00edjate\u013en\u00e9:<\/strong> <strong data-start=\"1584\" data-end=\"1608\">R\u00fdchle nab\u00edjanie typu C<\/strong><\/p>\n<\/li>\n<li class=\"\" data-start=\"1611\" data-end=\"1669\">\n<p class=\"\" data-start=\"1613\" data-end=\"1669\"><strong data-start=\"1613\" data-end=\"1622\">Ve\u013ekos\u0165:<\/strong> <strong data-start=\"1623\" data-end=\"1637\">81<em data-start=\"1627\" data-end=\"1631\">41<\/em>20 mm<\/strong>, <strong data-start=\"1639\" data-end=\"1650\">Hmotnos\u0165:<\/strong> <strong data-start=\"1651\" data-end=\"1667\">50 g na jednotku<\/strong><\/p>\n<\/li>\n<li class=\"\" data-start=\"1670\" data-end=\"1718\">\n<p class=\"\" data-start=\"1672\" data-end=\"1718\"><strong data-start=\"1672\" data-end=\"1694\">Mo\u017enosti balenia:<\/strong> 10 ks\/box, 200 ks\/ks<\/p>\n<\/li>\n<li class=\"\" data-start=\"1719\" data-end=\"1787\">\n<p class=\"\" data-start=\"1721\" data-end=\"1787\"><strong data-start=\"1721\" data-end=\"1737\">Ve\u013ekos\u0165 kart\u00f3nu:<\/strong> <strong data-start=\"1738\" data-end=\"1755\">555<em data-start=\"1743\" data-end=\"1748\">220<\/em>290 mm<\/strong>, <strong data-start=\"1757\" data-end=\"1774\">Hrub\u00e1 hmotnos\u0165:<\/strong> <strong data-start=\"1775\" data-end=\"1785\">11,2 kg<\/strong><\/p>\n<\/li>\n<li class=\"\" data-start=\"1788\" data-end=\"2115\">\n<p class=\"\" data-start=\"1790\" data-end=\"1814\"><strong data-start=\"1790\" data-end=\"1812\">Dostupn\u00e9 pr\u00edchute:<\/strong><\/p>\n<ul data-start=\"1817\" data-end=\"2115\">\n<li class=\"\" data-start=\"1817\" data-end=\"1839\">\n<p class=\"\" data-start=\"1819\" data-end=\"1839\"><strong data-start=\"1819\" data-end=\"1837\">\u013dad z vodn\u00e9ho mel\u00f3na<\/strong><\/p>\n<\/li>\n<li class=\"\" data-start=\"1842\" data-end=\"1866\">\n<p class=\"\" data-start=\"1844\" data-end=\"1866\"><strong data-start=\"1844\" data-end=\"1864\">Jahodov\u00fd d\u017e\u00fas<\/strong><\/p>\n<\/li>\n<li class=\"\" data-start=\"1869\" data-end=\"1888\">\n<p class=\"\" data-start=\"1871\" data-end=\"1888\"><strong data-start=\"1871\" data-end=\"1886\">Hroznov\u00e9 \u017eel\u00e9<\/strong><\/p>\n<\/li>\n<li class=\"\" data-start=\"1891\" data-end=\"1908\">\n<p class=\"\" data-start=\"1893\" data-end=\"1908\"><strong data-start=\"1893\" data-end=\"1906\">Brosky\u0148ov\u00fd \u013ead<\/strong><\/p>\n<\/li>\n<li class=\"\" data-start=\"1911\" data-end=\"1933\">\n<p class=\"\" data-start=\"1913\" data-end=\"1933\"><strong data-start=\"1913\" data-end=\"1931\">Ostru\u017einov\u00fd \u013ead<\/strong><\/p>\n<\/li>\n<li class=\"\" data-start=\"1936\" data-end=\"1964\">\n<p class=\"\" data-start=\"1938\" data-end=\"1964\"><strong data-start=\"1938\" data-end=\"1962\">Kysl\u00e9 mango anan\u00e1s<\/strong><\/p>\n<\/li>\n<li class=\"\" data-start=\"1967\" data-end=\"1985\">\n<p class=\"\" data-start=\"1969\" data-end=\"1985\"><strong data-start=\"1969\" data-end=\"1983\">Lemon Lime<\/strong><\/p>\n<\/li>\n<li class=\"\" data-start=\"1988\" data-end=\"2009\">\n<p class=\"\" data-start=\"1990\" data-end=\"2009\"><strong data-start=\"1990\" data-end=\"2007\">\u010cu\u010doriedkov\u00fd \u013ead<\/strong><\/p>\n<\/li>\n<li class=\"\" data-start=\"2012\" data-end=\"2036\">\n<p class=\"\" data-start=\"2014\" data-end=\"2036\"><strong data-start=\"2014\" data-end=\"2034\">Jahodov\u00e9 mango<\/strong><\/p>\n<\/li>\n<li class=\"\" data-start=\"2039\" data-end=\"2056\">\n<p class=\"\" data-start=\"2041\" data-end=\"2056\"><strong data-start=\"2041\" data-end=\"2054\">Blue Razz<\/strong><\/p>\n<\/li>\n<li class=\"\" data-start=\"2059\" data-end=\"2087\">\n<p class=\"\" data-start=\"2061\" data-end=\"2087\"><strong data-start=\"2061\" data-end=\"2085\">Kysl\u00e9 jablko s malinami<\/strong><\/p>\n<\/li>\n<li class=\"\" data-start=\"2090\" data-end=\"2115\">\n<p class=\"\" data-start=\"2092\" data-end=\"2115\"><strong data-start=\"2092\" data-end=\"2115\">\u010cu\u010doriedka malina<\/strong><\/p>\n<\/li>\n<\/ul>\n<\/li>\n<\/ul>\n<h3 class=\"\" data-start=\"2117\" data-end=\"2176\"><strong data-start=\"2121\" data-end=\"2176\">Pre\u010do si vybra\u0165 BUG 04 BC5000 Puffs Vape na jedno pou\u017eitie?<\/strong><\/h3>\n<p class=\"\" data-start=\"2178\" data-end=\"2735\">Str\u00e1nka <strong data-start=\"2182\" data-end=\"2221\">BUG 04 BC5000 Puffs Vape na jedno pou\u017eitie<\/strong> je dokonalou kombin\u00e1ciou pohodlia, v\u00fdkonu a chuti. S <strong data-start=\"2287\" data-end=\"2301\">5000 obl\u00e1\u010dikov<\/strong> a <strong data-start=\"2306\" data-end=\"2326\">12 ml e-tekutiny<\/strong>, tento vape zaru\u010duje dlhotrvaj\u00faci p\u00f4\u017eitok. Poh\u00e1\u0148an\u00fd <strong data-start=\"2383\" data-end=\"2414\">500mAh nab\u00edjate\u013en\u00e1 bat\u00e9ria<\/strong> a s <strong data-start=\"2429\" data-end=\"2453\">technol\u00f3gia sie\u0165ov\u00fdch cievok<\/strong>, poskytuje konzistentn\u00fa chu\u0165 a hladk\u00fa paru pri ka\u017edom \u0161luku. . <strong data-start=\"2523\" data-end=\"2545\">nastavite\u013en\u00e9 pr\u00fadenie vzduchu<\/strong> umo\u017e\u0148uje prisp\u00f4sobi\u0165 si vapovanie, zatia\u013e \u010do <strong data-start=\"2601\" data-end=\"2616\">2% nikot\u00edn<\/strong> poskytuje uspokojiv\u00fd z\u00e1sah. \u010ci u\u017e d\u00e1vate prednos\u0165 ovocn\u00fdm, \u013eadov\u00fdm alebo sladk\u00fdm zmesiam. <strong data-start=\"2697\" data-end=\"2707\">CHYBA 04<\/strong> si ka\u017ed\u00fd n\u00e1jde nie\u010do pre seba.<\/p>\n<h2 data-start=\"2178\" data-end=\"2735\">\t\t\t<link rel=\"stylesheet\" id=\"elementor-post-32801-css\" href=\"https:\/\/euvapz.com\/wp-content\/uploads\/elementor\/css\/post-32801.css?ver=1775243812\" type=\"text\/css\" media=\"all\">\n\t\t\t\t\t<div data-elementor-type=\"wp-post\" data-elementor-id=\"32801\" class=\"elementor elementor-32801\" data-elementor-post-type=\"cms_block\">\n\t\t\t\t<div class=\"wd-negative-gap elementor-element elementor-element-311ef4d e-flex e-con-boxed e-con e-parent\" data-id=\"311ef4d\" data-element_type=\"container\">\n\t\t\t\t\t<div class=\"e-con-inner\">\n\t\t\t\t<div class=\"elementor-element elementor-element-354d55bb color-scheme-inherit text-left elementor-widget elementor-widget-text-editor\" data-id=\"354d55bb\" data-element_type=\"widget\" data-widget_type=\"text-editor.default\">\n\t\t\t\t<div class=\"elementor-widget-container\">\n\t\t\t\t\t\t\t\t\t&nbsp;\n\n<script src=\"chrome-extension:\/\/fpelahbljekknahkcaegamhcndkfpfnc\/iFrame.js\" type=\"text\/javascript\"><\/script>\t\t\t\t\t\t\t\t<\/div>\n\t\t\t\t<\/div>\n\t\t\t\t\t<\/div>\n\t\t\t\t<\/div>\n\t\t<div class=\"wd-negative-gap elementor-element elementor-element-2f4b93b0 e-flex e-con-boxed e-con e-parent\" data-id=\"2f4b93b0\" data-element_type=\"container\">\n\t\t\t\t\t<div class=\"e-con-inner\">\n\t\t\t\t\t<\/div>\n\t\t\t\t<\/div>\n\t\t<div class=\"wd-negative-gap elementor-element elementor-element-200eec29 e-flex e-con-boxed e-con e-parent\" data-id=\"200eec29\" data-element_type=\"container\">\n\t\t\t\t\t<div class=\"e-con-inner\">\n\t\t\t\t<div class=\"elementor-element elementor-element-19faf1ba color-scheme-inherit text-left elementor-widget elementor-widget-text-editor\" data-id=\"19faf1ba\" data-element_type=\"widget\" data-widget_type=\"text-editor.default\">\n\t\t\t\t<div class=\"elementor-widget-container\">\n\t\t\t\t\t\t\t\t\t<h2><em><strong>FAQS<\/strong><\/em><\/h2><ul><li><h2><em><strong>Ak\u00e9 sp\u00f4soby prepravy pou\u017e\u00edvate?<\/strong><\/em><\/h2><\/li><li><h2><em><strong><span style=\"color: #333333; font-size: 16px;\">Spolupracujeme so spo\u013eahliv\u00fdmi prepravcami, ako s\u00fa UPS, DHL, FedEx a DPD. V z\u00e1vislosti od cie\u013eovej krajiny vyberieme najlep\u0161\u00ed sp\u00f4sob prepravy, aby sme zabezpe\u010dili r\u00fdchle a bezpe\u010dn\u00e9 doru\u010denie va\u0161ich v\u00fdrobkov.<\/span><\/strong><\/em><\/h2><\/li><\/ul><ul><li><h2><em><strong>Ako dlho bude trva\u0165, k\u00fdm pr\u00edde moja objedn\u00e1vka?<\/strong><\/em><\/h2><\/li><\/ul><p data-start=\"340\" data-end=\"490\"><em><strong>\u00a0 \u00a0 \u00a0 Dodanie zvy\u010dajne trv\u00e1 7-15 pracovn\u00fdch dn\u00ed. Po\u010das najv\u00e4\u010d\u0161\u00edch sviatkov alebo nepriazniv\u00fdch poveternostn\u00fdch podmienok to v\u0161ak m\u00f4\u017ee trva\u0165 a\u017e 20 pracovn\u00fdch dn\u00ed.<\/strong><\/em><\/p><ul><li data-start=\"492\" data-end=\"539\"><h2><em><strong>Bude moja objedn\u00e1vka bez probl\u00e9mov preclen\u00e1?<\/strong><\/em><\/h2><\/li><li data-start=\"492\" data-end=\"539\"><h2><em><strong><span style=\"color: #333333; font-size: 16px;\">V\u0161etky coln\u00e9 \u00fakony vybav\u00edme za v\u00e1s, \u010d\u00edm zabezpe\u010d\u00edme bezprobl\u00e9mov\u00e9 doru\u010denie bez ak\u00fdchko\u013evek dodato\u010dn\u00fdch dan\u00ed alebo poplatkov. Zaru\u010dujeme, \u017ee 100% na\u0161ich z\u00e1sielok bude bez probl\u00e9mov preclen\u00fdch.<\/span><\/strong><\/em><\/h2><\/li><\/ul><ul><li data-start=\"718\" data-end=\"747\"><h2><em><strong>M\u00f4\u017eem d\u00f4verova\u0165 va\u0161im slu\u017eb\u00e1m?<\/strong><\/em><\/h2><\/li><li data-start=\"718\" data-end=\"747\"><h2><em><strong><span style=\"color: #333333; font-size: 16px;\">Rozhodne! Akceptujeme bezpe\u010dn\u00e9 platby cez PayPal a v\u00e1\u0161 n\u00e1kup je chr\u00e1nen\u00fd ochranou kupuj\u00faceho PayPal. M\u00f4\u017eete si tie\u017e pozrie\u0165 na\u0161e recenzie na TrustPilot a zisti\u0165, \u010do o n\u00e1s hovoria ostatn\u00ed z\u00e1kazn\u00edci.<\/span><\/strong><\/em><\/h2><\/li><\/ul>\t\t\t\t\t\t\t\t<\/div>\n\t\t\t\t<\/div>\n\t\t\t\t\t<\/div>\n\t\t\t\t<\/div>\n\t\t<div class=\"wd-negative-gap elementor-element elementor-element-d4517fd e-flex e-con-boxed e-con e-parent\" data-id=\"d4517fd\" data-element_type=\"container\">\n\t\t\t\t\t<div class=\"e-con-inner\">\n\t\t\t\t<div class=\"elementor-element elementor-element-11cb93e5 elementor-widget elementor-widget-wd_button\" data-id=\"11cb93e5\" data-element_type=\"widget\" data-widget_type=\"wd_button.default\">\n\t\t\t\t<div class=\"elementor-widget-container\">\n\t\t\t\t\t\t\t<div class=\"wd-button-wrapper text-left\" >\n\t\t\t<a class=\"btn btn-style-link btn-style- btn-size-extra-large btn-scheme-inherit btn-scheme-hover-custom btn-icon-pos-right\"  href=\"https:\/\/euvapz.com\/sk\/faqs\/\">\n\t\t\t\t<span class=\"wd-btn-text\" data-elementor-setting-key=\"text\">\n\t\t\t\t\tKliknut\u00edm sem z\u00edskate \u010fal\u0161ie \u010dasto kladen\u00e9 ot\u00e1zky.\t\t\t\t<\/span>\n\n\t\t\t\t\t\t\t<\/a>\n\t\t<\/div>\n\t\t\t\t\t\t<\/div>\n\t\t\t\t<\/div>\n\t\t\t\t\t<\/div>\n\t\t\t\t<\/div>\n\t\t\t\t<\/div>\n\t\t<\/h2>\n<p><script src=\"chrome-extension:\/\/fpelahbljekknahkcaegamhcndkfpfnc\/iFrame.js\" type=\"text\/javascript\"><\/script><\/p>","protected":false},"excerpt":{"rendered":"<p>Jednorazov\u00e1 vapka BUG 04 BC5000 Puffs pon\u00faka a\u017e 5000 \u0161lukov, 12 ml e-liquidu a technol\u00f3giu mesh coil, dostupn\u00fa v pr\u00edchutiach ako Watermelon Ice a Strawberry Juice s nikot\u00ednom 2%.<\/p>","protected":false},"featured_media":33792,"comment_status":"open","ping_status":"closed","template":"","meta":[],"product_brand":[200],"product_cat":[201],"product_tag":[],"class_list":{"0":"post-33505","1":"product","2":"type-product","3":"status-publish","4":"has-post-thumbnail","6":"product_brand-bug-disposable-vape","7":"product_cat-bug-disposable-vape","9":"first","10":"instock","11":"shipping-taxable","12":"purchasable","13":"product-type-variable"},"_links":{"self":[{"href":"https:\/\/euvapz.com\/sk\/wp-json\/wp\/v2\/product\/33505","targetHints":{"allow":["GET"]}}],"collection":[{"href":"https:\/\/euvapz.com\/sk\/wp-json\/wp\/v2\/product"}],"about":[{"href":"https:\/\/euvapz.com\/sk\/wp-json\/wp\/v2\/types\/product"}],"replies":[{"embeddable":true,"href":"https:\/\/euvapz.com\/sk\/wp-json\/wp\/v2\/comments?post=33505"}],"version-history":[{"count":3,"href":"https:\/\/euvapz.com\/sk\/wp-json\/wp\/v2\/product\/33505\/revisions"}],"predecessor-version":[{"id":33800,"href":"https:\/\/euvapz.com\/sk\/wp-json\/wp\/v2\/product\/33505\/revisions\/33800"}],"wp:featuredmedia":[{"embeddable":true,"href":"https:\/\/euvapz.com\/sk\/wp-json\/wp\/v2\/media\/33792"}],"wp:attachment":[{"href":"https:\/\/euvapz.com\/sk\/wp-json\/wp\/v2\/media?parent=33505"}],"wp:term":[{"taxonomy":"product_brand","embeddable":true,"href":"https:\/\/euvapz.com\/sk\/wp-json\/wp\/v2\/product_brand?post=33505"},{"taxonomy":"product_cat","embeddable":true,"href":"https:\/\/euvapz.com\/sk\/wp-json\/wp\/v2\/product_cat?post=33505"},{"taxonomy":"product_tag","embeddable":true,"href":"https:\/\/euvapz.com\/sk\/wp-json\/wp\/v2\/product_tag?post=33505"}],"curies":[{"name":"wp","href":"https:\/\/api.w.org\/{rel}","templated":true}]}}