{"id":35844,"date":"2025-05-24T10:02:09","date_gmt":"2025-05-24T10:02:09","guid":{"rendered":"https:\/\/euvapz.com\/?post_type=product&#038;p=35844"},"modified":"2025-06-01T11:42:15","modified_gmt":"2025-06-01T11:42:15","slug":"hazey-d195-18000-puffs-dobijacie-jednorazove-vape","status":"publish","type":"product","link":"https:\/\/euvapz.com\/sk\/produkt\/hazey-d195-18000-puffs-dobijacie-jednorazove-vape\/","title":{"rendered":"Hazey D195 18000 Puffs Nab\u00edjate\u013en\u00e9 jednorazov\u00e9 vape"},"content":{"rendered":"<p data-start=\"236\" data-end=\"710\">Predstavujeme <strong data-start=\"252\" data-end=\"294\">Hazey D195 18000 puffov na jedno pou\u017eitie<\/strong>, pr\u00e9miov\u00e9 vapovacie zariadenie navrhnut\u00e9 tak, aby poskytovalo v\u00fdnimo\u010dn\u00fd v\u00fdkon a dlhotrvaj\u00facu spokojnos\u0165. Zariadenie Hazey D195, ktor\u00e9 bolo vytvoren\u00e9 pre n\u00e1ro\u010dn\u00fdch vaperov na eur\u00f3pskom trhu, kombinuje pokro\u010dil\u00fa technol\u00f3giu s elegantn\u00fdm, u\u017e\u00edvate\u013esky pr\u00edvetiv\u00fdm dizajnom a poskytuje a\u017e 18 000 po\u0165ahov z jedn\u00e9ho zariadenia. \u010ci u\u017e h\u013ead\u00e1te pohodlie, rozmanitos\u0165 chut\u00ed alebo spo\u013eahliv\u00fa kvalitu, Hazey D195 predstavuje \u0161pi\u010dkov\u00fa vo\u013ebu v oblasti jednorazov\u00fdch vapov.<\/p>\n<hr data-start=\"712\" data-end=\"715\" \/>\n<h2 data-start=\"717\" data-end=\"737\">Hazey D195 18000 Puffs Vlastnosti produktu<\/h2>\n<ul data-start=\"739\" data-end=\"1640\">\n<li data-start=\"739\" data-end=\"777\">\n<p data-start=\"741\" data-end=\"777\"><strong data-start=\"741\" data-end=\"751\">Model:<\/strong> Hazey D195 s displejom<\/p>\n<\/li>\n<li data-start=\"778\" data-end=\"887\">\n<p data-start=\"780\" data-end=\"887\"><strong data-start=\"780\" data-end=\"790\">Pufy:<\/strong> Vychutnajte si a\u017e 18 000 po\u0165ahov, \u010do zaru\u010duje dlh\u0161ie vapovanie bez potreby \u010dastej v\u00fdmeny.<\/p>\n<\/li>\n<li data-start=\"888\" data-end=\"1000\">\n<p data-start=\"890\" data-end=\"1000\"><strong data-start=\"890\" data-end=\"912\">Kapacita e-tekutiny:<\/strong> Ve\u013ek\u00e1 kapacita 28 ml liquidu umo\u017e\u0148uje dlhodob\u00e9 pou\u017e\u00edvanie a intenz\u00edvne podanie chuti.<\/p>\n<\/li>\n<li data-start=\"1001\" data-end=\"1126\">\n<p data-start=\"1003\" data-end=\"1126\"><strong data-start=\"1003\" data-end=\"1025\">Sila nikot\u00ednu:<\/strong> K dispoz\u00edcii s\u00fa \u00farovne nikot\u00ednu 2% a 5%, ktor\u00e9 vyhovuj\u00fa stredne siln\u00fdm aj siln\u00fdm nikot\u00ednov\u00fdm preferenci\u00e1m.<\/p>\n<\/li>\n<li data-start=\"1127\" data-end=\"1215\">\n<p data-start=\"1129\" data-end=\"1215\"><strong data-start=\"1129\" data-end=\"1141\">Bat\u00e9ria:<\/strong> Zabudovan\u00e1 nab\u00edjate\u013en\u00e1 bat\u00e9ria s kapacitou 600 mAh podporuje dlhotrvaj\u00faci v\u00fdkon.<\/p>\n<\/li>\n<li data-start=\"1216\" data-end=\"1327\">\n<p data-start=\"1218\" data-end=\"1327\"><strong data-start=\"1218\" data-end=\"1232\">Typ cievky:<\/strong> Je vybaven\u00fd vysoko \u00fa\u010dinnou sie\u0165ovou \u0161pir\u00e1lkou pre lep\u0161iu produkciu pary a bohat\u0161iu chu\u0165.<\/p>\n<\/li>\n<li data-start=\"1328\" data-end=\"1421\">\n<p data-start=\"1330\" data-end=\"1421\"><strong data-start=\"1330\" data-end=\"1345\">Odolnos\u0165:<\/strong> Odpor 0,8 \u03a9 navrhnut\u00fd na optimaliz\u00e1ciu plynul\u00e9ho a konzistentn\u00e9ho v\u00fdstupu pary.<\/p>\n<\/li>\n<li data-start=\"1422\" data-end=\"1523\">\n<p data-start=\"1424\" data-end=\"1523\"><strong data-start=\"1424\" data-end=\"1441\">Dob\u00edjate\u013en\u00e9:<\/strong> \u00c1no, s r\u00fdchlym portom Type-C na r\u00fdchle a pohodln\u00e9 nab\u00edjanie.<\/p>\n<\/li>\n<li data-start=\"1524\" data-end=\"1640\">\n<p data-start=\"1526\" data-end=\"1640\"><strong data-start=\"1526\" data-end=\"1538\">Zobrazenie:<\/strong> Integrovan\u00fd displej kvapaliny a \u00farovne nabitia bat\u00e9rie poskytuje aktualiz\u00e1cie stavu v re\u00e1lnom \u010dase, aby ste boli informovan\u00ed.<\/p>\n<\/li>\n<\/ul>\n<hr data-start=\"1642\" data-end=\"1645\" \/>\n<h2 data-start=\"1647\" data-end=\"1667\">Hazey D195 18000 Puffs V\u00fdber pr\u00edchut\u00ed<\/h2>\n<p data-start=\"1669\" data-end=\"1774\">Str\u00e1nka <strong>Hazey D195 18000 Puffs<\/strong>\u00a0Jednorazov\u00e9 \u0161lukovanie Vape sa m\u00f4\u017ee pochv\u00e1li\u0165 \u0161irokou ponukou 15 l\u00e1kav\u00fdch pr\u00edchut\u00ed, ktor\u00e9 vyhovuj\u00fa ka\u017ed\u00e9mu vkusu:<\/p>\n<ol data-start=\"1776\" data-end=\"2095\">\n<li data-start=\"1776\" data-end=\"1795\">\n<p data-start=\"1779\" data-end=\"1795\">Jahodov\u00fd \u013ead<\/p>\n<\/li>\n<li data-start=\"1796\" data-end=\"1815\">\n<p data-start=\"1799\" data-end=\"1815\">\u013dad z vodn\u00e9ho mel\u00f3na<\/p>\n<\/li>\n<li data-start=\"1816\" data-end=\"1834\">\n<p data-start=\"1819\" data-end=\"1834\">\u010cu\u010doriedkov\u00fd \u013ead<\/p>\n<\/li>\n<li data-start=\"1835\" data-end=\"1849\">\n<p data-start=\"1838\" data-end=\"1849\">Hroznov\u00fd \u013ead<\/p>\n<\/li>\n<li data-start=\"1850\" data-end=\"1868\">\n<p data-start=\"1853\" data-end=\"1868\">Anan\u00e1sov\u00fd \u013ead<\/p>\n<\/li>\n<li data-start=\"1869\" data-end=\"1895\">\n<p data-start=\"1872\" data-end=\"1895\">Jahodov\u00fd mel\u00f3n<\/p>\n<\/li>\n<li data-start=\"1896\" data-end=\"1925\">\n<p data-start=\"1899\" data-end=\"1925\">Kiwi Mu\u010denka Ovocie Guava<\/p>\n<\/li>\n<li data-start=\"1926\" data-end=\"1943\">\n<p data-start=\"1929\" data-end=\"1943\">Trojit\u00e9 mango<\/p>\n<\/li>\n<li data-start=\"1944\" data-end=\"1961\">\n<p data-start=\"1947\" data-end=\"1961\">Dvojit\u00e9 jablko<\/p>\n<\/li>\n<li data-start=\"1962\" data-end=\"1976\">\n<p data-start=\"1966\" data-end=\"1976\">Cola Ice<\/p>\n<\/li>\n<li data-start=\"1977\" data-end=\"1993\">\n<p data-start=\"1981\" data-end=\"1993\">Lemon Lime<\/p>\n<\/li>\n<li data-start=\"1994\" data-end=\"2018\">\n<p data-start=\"1998\" data-end=\"2018\">Limetkov\u00e1 mu\u010denka<\/p>\n<\/li>\n<li data-start=\"2019\" data-end=\"2043\">\n<p data-start=\"2023\" data-end=\"2043\">Hrozno \u010diernych r\u00edbezl\u00ed<\/p>\n<\/li>\n<li data-start=\"2044\" data-end=\"2077\">\n<p data-start=\"2048\" data-end=\"2077\">Jahoda malina \u010dere\u0161\u0148a<\/p>\n<\/li>\n<li data-start=\"2078\" data-end=\"2095\">\n<p data-start=\"2082\" data-end=\"2095\">Jablko Hrozno<\/p>\n<\/li>\n<\/ol>\n<p data-start=\"2097\" data-end=\"2255\">Ka\u017ed\u00e1 pr\u00edchu\u0165 je odborne vytvoren\u00e1 tak, aby pon\u00fakla osvie\u017euj\u00faci, hladk\u00fd vapingov\u00fd z\u00e1\u017eitok so \u017eiv\u00fdmi t\u00f3nmi a chladn\u00fdm z\u00e1verom, ktor\u00fd je ide\u00e1lny pre eur\u00f3pske vapingov\u00e9 preferencie.<\/p>\n<hr data-start=\"2257\" data-end=\"2260\" \/>\n<h2 data-start=\"2262\" data-end=\"2298\">\u010casto kladen\u00e9 ot\u00e1zky (FAQ)<\/h2>\n<p data-start=\"2300\" data-end=\"2603\"><strong data-start=\"2300\" data-end=\"2348\">Ot\u00e1zka 1: Ako sa Hazey D195 dod\u00e1va do Eur\u00f3py? <\/strong><br data-start=\"2348\" data-end=\"2351\" \/>Odpove\u010f: Hazey D195 18000 Puffs Disposable Vape sa dod\u00e1va v bezpe\u010dn\u00fdch kart\u00f3noch s ochrann\u00fdm obalom, aby sa zabezpe\u010dilo bezpe\u010dn\u00e9 doru\u010denie. Spolupracujeme s d\u00f4veryhodn\u00fdmi poskytovate\u013emi logistick\u00fdch slu\u017eieb, ktor\u00ed pon\u00fakaj\u00fa sledovan\u00e9 mo\u017enosti prepravy do Eur\u00f3py vr\u00e1tane podpory pri colnom odbaven\u00ed.<\/p>\n<p data-start=\"2605\" data-end=\"2878\"><strong data-start=\"2605\" data-end=\"2668\">Ot\u00e1zka \u010d. 2: Ak\u00e9 sp\u00f4soby dopravy a dodacie lehoty s\u00fa k dispoz\u00edcii?<\/strong><br data-start=\"2668\" data-end=\"2671\" \/>Odpove\u010f: Poskytujeme r\u00f4zne mo\u017enosti prepravy, napr\u00edklad \u0161tandardn\u00e9 a zr\u00fdchlen\u00e9 doru\u010denie. Typick\u00e9 dodacie lehoty v r\u00e1mci Eur\u00f3py sa pohybuj\u00fa od 5 do 12 pracovn\u00fdch dn\u00ed v z\u00e1vislosti od destin\u00e1cie a zvolen\u00e9ho sp\u00f4sobu dopravy.<\/p>\n<p data-start=\"2880\" data-end=\"3092\"><strong data-start=\"2880\" data-end=\"2920\">Ot\u00e1zka 3: D\u00e1 sa zariadenie Hazey D195 nab\u00edja\u0165?<\/strong><br data-start=\"2920\" data-end=\"2923\" \/>Odpove\u010f: \u00c1no, Hazey D195 m\u00e1 zabudovan\u00fa 600mAh nab\u00edjate\u013en\u00fa bat\u00e9riu a vyu\u017e\u00edva modern\u00fd port typu C, ktor\u00fd umo\u017e\u0148uje r\u00fdchle a jednoduch\u00e9 dob\u00edjanie a predl\u017euje \u017eivotnos\u0165 zariadenia.<\/p>\n<p data-start=\"3094\" data-end=\"3418\"><strong data-start=\"3094\" data-end=\"3142\">Ot\u00e1zka \u010d. 4: Ak\u00e9 s\u00fa va\u0161e z\u00e1sady vr\u00e1tenia a v\u00fdmeny tovaru?<\/strong><br data-start=\"3142\" data-end=\"3145\" \/>Odpove\u010f: Na\u0161ou prioritou je spokojnos\u0165 z\u00e1kazn\u00edkov. Ak dostanete chybn\u00e9, po\u0161koden\u00e9 alebo nespr\u00e1vne v\u00fdrobky, kontaktujte n\u00e1s do 7 dn\u00ed od ich prijatia a po\u017eiadajte o v\u00fdmenu alebo vr\u00e1tenie pe\u0148az\u00ed. Vr\u00e1tenie alebo v\u00fdmena neotvoren\u00fdch a nepou\u017eit\u00fdch v\u00fdrobkov je prij\u00edman\u00e1 do 14 dn\u00ed na z\u00e1klade schv\u00e1lenia.<\/p>\n<p data-start=\"3420\" data-end=\"3610\"><strong data-start=\"3420\" data-end=\"3477\">Ot\u00e1zka 5: S\u00fa k dispoz\u00edcii r\u00f4zne sily nikot\u00ednu?<\/strong><br data-start=\"3477\" data-end=\"3480\" \/>Odpove\u010f: \u00c1no, Hazey D195 je k dispoz\u00edcii v sil\u00e1ch nikot\u00ednu 2% a 5%, aby vyhovoval r\u00f4znym preferenci\u00e1m pou\u017e\u00edvate\u013eov na eur\u00f3pskom trhu.<\/p>\n<p data-start=\"3612\" data-end=\"3831\"><strong data-start=\"3612\" data-end=\"3662\">Ot\u00e1zka 6: Ako m\u00f4\u017eem skontrolova\u0165 \u00farove\u0148 nabitia bat\u00e9rie a kvapaliny?<\/strong><br data-start=\"3662\" data-end=\"3665\" \/>Odpove\u010f: Zariadenie obsahuje integrovan\u00fd displej, ktor\u00fd zobrazuje v\u00fddr\u017e bat\u00e9rie aj zost\u00e1vaj\u00facu tekutinu, \u010do umo\u017e\u0148uje jednoduch\u00e9 sledovanie, aby sa predi\u0161lo neo\u010dak\u00e1van\u00e9mu vy\u010derpaniu energie alebo elektronickej tekutiny.<\/p>\n<hr data-start=\"3833\" data-end=\"3836\" \/>\n<p data-start=\"3838\" data-end=\"4146\">Str\u00e1nka <strong data-start=\"3842\" data-end=\"3884\">Hazey D195 18000 puffov na jedno pou\u017eitie<\/strong> je va\u0161e dokonal\u00e9 rie\u0161enie pre spo\u013eahliv\u00fd, aromatick\u00fd a dlhotrvaj\u00faci vaping prisp\u00f4soben\u00fd eur\u00f3pskemu trhu. Kombin\u00e1cia p\u00f4sobivej v\u00fddr\u017ee bat\u00e9rie, ve\u013ek\u00e9ho z\u00e1sobn\u00edka na liquid a \u0161irokej \u0161k\u00e1ly pr\u00edchut\u00ed pon\u00faka pohodlie a spokojnos\u0165 pri ka\u017edom \u0161luknut\u00ed.<\/p>","protected":false},"excerpt":{"rendered":"<p><strong>Hazey D195 18000 puffov na jedno pou\u017eitie<\/strong> obsahuje <strong>600 mAh<\/strong> dob\u00edjate\u013en\u00e1 bat\u00e9ria, <strong>28 ml<\/strong> e-liquid a sie\u0165ov\u00e1 cievka pre plynul\u00e9 a dlhotrvaj\u00face vapovanie.<\/p>","protected":false},"featured_media":36288,"comment_status":"open","ping_status":"closed","template":"","meta":[],"product_brand":[],"product_cat":[206],"product_tag":[],"class_list":{"0":"post-35844","1":"product","2":"type-product","3":"status-publish","4":"has-post-thumbnail","6":"product_cat-hazey-disposable-vape","8":"first","9":"instock","10":"shipping-taxable","11":"purchasable","12":"product-type-variable"},"_links":{"self":[{"href":"https:\/\/euvapz.com\/sk\/wp-json\/wp\/v2\/product\/35844","targetHints":{"allow":["GET"]}}],"collection":[{"href":"https:\/\/euvapz.com\/sk\/wp-json\/wp\/v2\/product"}],"about":[{"href":"https:\/\/euvapz.com\/sk\/wp-json\/wp\/v2\/types\/product"}],"replies":[{"embeddable":true,"href":"https:\/\/euvapz.com\/sk\/wp-json\/wp\/v2\/comments?post=35844"}],"version-history":[{"count":3,"href":"https:\/\/euvapz.com\/sk\/wp-json\/wp\/v2\/product\/35844\/revisions"}],"predecessor-version":[{"id":36032,"href":"https:\/\/euvapz.com\/sk\/wp-json\/wp\/v2\/product\/35844\/revisions\/36032"}],"wp:featuredmedia":[{"embeddable":true,"href":"https:\/\/euvapz.com\/sk\/wp-json\/wp\/v2\/media\/36288"}],"wp:attachment":[{"href":"https:\/\/euvapz.com\/sk\/wp-json\/wp\/v2\/media?parent=35844"}],"wp:term":[{"taxonomy":"product_brand","embeddable":true,"href":"https:\/\/euvapz.com\/sk\/wp-json\/wp\/v2\/product_brand?post=35844"},{"taxonomy":"product_cat","embeddable":true,"href":"https:\/\/euvapz.com\/sk\/wp-json\/wp\/v2\/product_cat?post=35844"},{"taxonomy":"product_tag","embeddable":true,"href":"https:\/\/euvapz.com\/sk\/wp-json\/wp\/v2\/product_tag?post=35844"}],"curies":[{"name":"wp","href":"https:\/\/api.w.org\/{rel}","templated":true}]}}