{"id":36033,"date":"2025-05-27T02:37:46","date_gmt":"2025-05-27T02:37:46","guid":{"rendered":"https:\/\/euvapz.com\/?post_type=product&#038;p=36033"},"modified":"2025-05-27T02:37:47","modified_gmt":"2025-05-27T02:37:47","slug":"crystal-mary-groove-50000-puffs-smart-powerful-unmatched","status":"publish","type":"product","link":"https:\/\/euvapz.com\/sk\/produkt\/crystal-mary-groove-50000-puffs-smart-powerful-unmatched\/","title":{"rendered":"CRYSTAL MARY Groove 50000 PUFFS Inteligentn\u00e9 v\u00fdkonn\u00e9 bezkonkuren\u010dn\u00e9"},"content":{"rendered":"<h2 data-start=\"130\" data-end=\"150\"><strong data-start=\"134\" data-end=\"150\">CRYSTAL MARY Groove 50000 PUFFS \u00davod<\/strong><\/h2>\n<p data-start=\"152\" data-end=\"578\">Vst\u00fapte do bud\u00facnosti jednorazov\u00e9ho vapingu s <strong data-start=\"203\" data-end=\"238\">CRYSTAL MARY Groove 50000 PUFFS Jednorazov\u00e9 vape\u00a0<\/strong>, vysokokapacitn\u00e1 vapka s inteligentn\u00fdmi funkciami navrhnut\u00e1 pre chu\u0165, v\u00fdkon a kontrolu. Toto zariadenie je navrhnut\u00e9 s prvotriednymi funkciami a bezkonkuren\u010dnou \u017eivotnos\u0165ou a predstavuje skuto\u010dn\u00fa zmenu pre sk\u00fasen\u00fdch vaperov aj nov\u00e1\u010dikov. \u010ci u\u017e sa nah\u00e1\u0148ate za mrakmi, alebo za \u010distou chu\u0165ou, Groove 50K prin\u00e1\u0161a plynul\u00fd, prisp\u00f4sobite\u013en\u00fd z\u00e1\u017eitok pri ka\u017edom \u0161luknut\u00ed.<\/p>\n<p data-start=\"580\" data-end=\"882\">Toto nie je len \u010fal\u0161ia jednorazov\u00e1 pom\u00f4cka - je to <strong data-start=\"624\" data-end=\"665\">revol\u00facia v pohodl\u00ed a ovl\u00e1dan\u00ed<\/strong>, zabalen\u00fd do elegantn\u00e9ho, kompaktn\u00e9ho dizajnu a vybaven\u00fd najmodernej\u0161ou technol\u00f3giou. Od inteligentn\u00e9ho dotykov\u00e9ho displeja a\u017e po nastavite\u013en\u00fd prietok vzduchu a du\u00e1lne sie\u0165ov\u00e9 cievky, <strong data-start=\"817\" data-end=\"844\">CRYSTAL MARY Groove 50K Vape na jedno pou\u017eitie\u00a0<\/strong> je postaven\u00e1 tak, aby zap\u00f4sobila, d\u00fa\u0161ok za d\u00fa\u0161kom.<\/p>\n<hr data-start=\"884\" data-end=\"887\" \/>\n<h2 data-start=\"889\" data-end=\"905\"><strong data-start=\"893\" data-end=\"905\">CRYSTAL MARY Groove 50000 PUFFS Vlastnosti<\/strong><\/h2>\n<ul data-start=\"907\" data-end=\"2144\">\n<li data-start=\"907\" data-end=\"1152\">\n<p data-start=\"909\" data-end=\"1152\"><strong data-start=\"909\" data-end=\"946\">Obrovsk\u00fd po\u010det puffov - 50 000 puffov<\/strong><br data-start=\"946\" data-end=\"949\" \/>Str\u00e1nka <strong data-start=\"955\" data-end=\"990\">CRYSTAL MARY Groove 50000 PUFFS Jednorazov\u00e9 vape\u00a0<\/strong> dod\u00e1va a\u017e do <strong data-start=\"1006\" data-end=\"1019\">50K obl\u00e1\u010dikov<\/strong>, ktor\u00e9 pon\u00fakaj\u00fa jeden z najvy\u0161\u0161\u00edch po\u010dtov nad\u00fdchan\u00e9ho vzduchu na s\u00fa\u010dasnom trhu. Dlhodob\u00e1 v\u00fddr\u017e a ide\u00e1lna pre n\u00e1ro\u010dn\u00fdch pou\u017e\u00edvate\u013eov alebo t\u00fdch, ktor\u00ed si cenia pohodlie.<\/p>\n<\/li>\n<li data-start=\"1154\" data-end=\"1425\">\n<p data-start=\"1156\" data-end=\"1425\"><strong data-start=\"1156\" data-end=\"1200\">Inteligentn\u00e1 dotykov\u00e1 obrazovka s ovl\u00e1dan\u00edm NIC a ICE<\/strong><br data-start=\"1200\" data-end=\"1203\" \/>Prevezmite kontrolu nad svojou vapkou v\u010faka zabudovan\u00e9mu <strong data-start=\"1247\" data-end=\"1268\">inteligentn\u00fd dotykov\u00fd displej<\/strong> ktor\u00fd umo\u017e\u0148uje nastavenie v re\u00e1lnom \u010dase <strong data-start=\"1305\" data-end=\"1317\">nikot\u00edn<\/strong> a <strong data-start=\"1322\" data-end=\"1336\">hladiny \u013eadu<\/strong>. Ka\u017ed\u00fd d\u00fa\u0161ok si prisp\u00f4sobte presne pod\u013ea svojich preferenci\u00ed - \u010di u\u017e m\u00e1te radi odv\u00e1\u017enu, chladn\u00fa alebo jemn\u00fa k\u00e1vu.<\/p>\n<\/li>\n<li data-start=\"1427\" data-end=\"1641\">\n<p data-start=\"1429\" data-end=\"1641\"><strong data-start=\"1429\" data-end=\"1461\">Dvojit\u00e1 sie\u0165ov\u00e1 cievka - 0,6\u03a9 + 1,5\u03a9<\/strong><br data-start=\"1461\" data-end=\"1464\" \/>Str\u00e1nka <strong data-start=\"1470\" data-end=\"1495\">syst\u00e9m dvojitej sie\u0165ovej cievky<\/strong> zaru\u010duje rovnomern\u00e9 zahrievanie, lep\u0161iu chu\u0165 a hlad\u0161ie mraky. \u010ci u\u017e ste milovn\u00edci chuti, alebo nad\u0161enci mrakov, t\u00e1to konfigur\u00e1cia cievky v\u00e1m to umo\u017en\u00ed.<\/p>\n<\/li>\n<li data-start=\"1643\" data-end=\"1788\">\n<p data-start=\"1645\" data-end=\"1788\"><strong data-start=\"1645\" data-end=\"1674\">Nastavite\u013en\u00fd syst\u00e9m pr\u00fadenia vzduchu<\/strong><br data-start=\"1674\" data-end=\"1677\" \/>Prisp\u00f4sobte si odpor pri \u0165ahan\u00ed, aby ste dosiahli tesnej\u0161\u00ed z\u00e1\u017eitok pri \u0161lukovan\u00ed z \u00fast do p\u013e\u00fac alebo vo\u013enej\u0161\u00ed, vzdu\u0161nej\u0161\u00ed priamy z\u00e1sah do p\u013e\u00fac.<\/p>\n<\/li>\n<li data-start=\"1790\" data-end=\"1983\">\n<p data-start=\"1792\" data-end=\"1983\"><strong data-start=\"1792\" data-end=\"1834\">Dob\u00edjanie pomocou r\u00fdchleho nab\u00edjania typu C<\/strong><br data-start=\"1834\" data-end=\"1837\" \/>Vybaven\u00fd <strong data-start=\"1855\" data-end=\"1866\">1000 mAh<\/strong> nab\u00edjate\u013en\u00e1 bat\u00e9ria a <strong data-start=\"1892\" data-end=\"1902\">Typ C<\/strong> r\u00fdchlonab\u00edjac\u00edm portom z\u00edskate nepretr\u017eit\u00fd v\u00fdkon s r\u00fdchlym dob\u00edjan\u00edm.<\/p>\n<\/li>\n<li data-start=\"1985\" data-end=\"2144\">\n<p data-start=\"1987\" data-end=\"2144\"><strong data-start=\"1987\" data-end=\"2023\">Kompaktn\u00fd a cestovn\u00fd dizajn<\/strong><br data-start=\"2023\" data-end=\"2026\" \/>Len na <strong data-start=\"2036\" data-end=\"2062\">51,1 x 21,5 x 106,96 mm<\/strong> a v\u00e1\u017eenie <strong data-start=\"2076\" data-end=\"2084\">130g<\/strong>, je ultraprenosn\u00fd bez toho, aby ste museli obetova\u0165 v\u00fdkon alebo funkcie.<\/p>\n<\/li>\n<\/ul>\n<hr data-start=\"2146\" data-end=\"2149\" \/>\n<h2 data-start=\"2151\" data-end=\"2176\"><strong data-start=\"2155\" data-end=\"2176\">CRYSTAL MARY Groove 50000 PUFFS Dostupn\u00e9 pr\u00edchute<\/strong><\/h2>\n<p data-start=\"2178\" data-end=\"2347\">Objavte dynamick\u00fa ponuku chut\u00ed, ktor\u00e9 uspokoja ka\u017ed\u00fd chu\u0165ov\u00fd poh\u00e1rik. \u010ci u\u017e d\u00e1vate prednos\u0165 ovocn\u00fdm, m\u00e4tov\u00fdm, kysl\u00fdm alebo cukrovinkami in\u0161pirovan\u00fdm profilom, n\u00e1jdete tu pr\u00edchu\u0165 pre ka\u017ed\u00fa n\u00e1ladu.<\/p>\n<ol data-start=\"2349\" data-end=\"3060\">\n<li data-start=\"2349\" data-end=\"2429\">\n<p data-start=\"2352\" data-end=\"2429\"><strong data-start=\"2352\" data-end=\"2369\">Blue Razz Ice<\/strong> - \u0160\u0165avnat\u00e1 modr\u00e1 malina s mraziv\u00fdm z\u00e1verom.<\/p>\n<\/li>\n<li data-start=\"2430\" data-end=\"2489\">\n<p data-start=\"2433\" data-end=\"2489\"><strong data-start=\"2433\" data-end=\"2447\">Miami Mint<\/strong> - Chladn\u00fd, svie\u017ei a osvie\u017euj\u00faci.<\/p>\n<\/li>\n<li data-start=\"2490\" data-end=\"2550\">\n<p data-start=\"2493\" data-end=\"2550\"><strong data-start=\"2493\" data-end=\"2511\">\u013dad z vodn\u00e9ho mel\u00f3na<\/strong> - Letn\u00e1 sladkos\u0165 s chladn\u00fdm n\u00e1dychom.<\/p>\n<\/li>\n<li data-start=\"2551\" data-end=\"2625\">\n<p data-start=\"2554\" data-end=\"2625\"><strong data-start=\"2554\" data-end=\"2574\">Jahodov\u00fd B-Pop<\/strong> - Prenikav\u00e1 bobu\u013eov\u00e1 chu\u0165 s n\u00e1dychom sladkosti.<\/p>\n<\/li>\n<li data-start=\"2626\" data-end=\"2690\">\n<p data-start=\"2629\" data-end=\"2690\"><strong data-start=\"2629\" data-end=\"2647\">Kysl\u00fd jablkov\u00fd \u013ead<\/strong> - Trpk\u00e9 zelen\u00e9 jablko s \u013eadov\u00fdmi t\u00f3nmi.<\/p>\n<\/li>\n<li data-start=\"2691\" data-end=\"2755\">\n<p data-start=\"2694\" data-end=\"2755\"><strong data-start=\"2694\" data-end=\"2718\">Kysl\u00e9 mango anan\u00e1s<\/strong> - Tropick\u00fd twist s kyslou pr\u00edchu\u0165ou.<\/p>\n<\/li>\n<li data-start=\"2756\" data-end=\"2811\">\n<p data-start=\"2759\" data-end=\"2811\"><strong data-start=\"2759\" data-end=\"2774\">Citr\u00f3nov\u00e9 hlavy<\/strong> - Citrusov\u00fd n\u00e1dych, ktor\u00fd je \u00fadern\u00fd.<\/p>\n<\/li>\n<li data-start=\"2812\" data-end=\"2887\">\n<p data-start=\"2815\" data-end=\"2887\"><strong data-start=\"2815\" data-end=\"2838\">Ban\u00e1nov\u00e9 mrazen\u00e9 taffy<\/strong> - Kr\u00e9mov\u00fd ban\u00e1n s nostalgick\u00fdm cukr\u00edkov\u00fdm z\u00e1verom.<\/p>\n<\/li>\n<li data-start=\"2888\" data-end=\"2983\">\n<p data-start=\"2891\" data-end=\"2983\"><strong data-start=\"2891\" data-end=\"2901\">Sour F<\/strong>*ing Fab** - Odv\u00e1\u017eny, pikantn\u00fd a nefal\u0161ovane kysl\u00fd (pre milovn\u00edkov extr\u00e9mnych chut\u00ed).<\/p>\n<\/li>\n<li data-start=\"2984\" data-end=\"3060\">\n<p data-start=\"2988\" data-end=\"3060\"><strong data-start=\"2988\" data-end=\"3017\">Jahodov\u00fd osvie\u017eova\u010d Kiwi<\/strong> - Ovocn\u00e1 f\u00fazia klasick\u00fdch letn\u00fdch vibr\u00e1ci\u00ed.<\/p>\n<\/li>\n<\/ol>\n<hr data-start=\"3062\" data-end=\"3065\" \/>\n<h2 data-start=\"3067\" data-end=\"3100\"><strong data-start=\"3071\" data-end=\"3100\">\u010casto kladen\u00e9 ot\u00e1zky - Vr\u00e1tenie a v\u00fdmena tovaru<\/strong><\/h2>\n<p data-start=\"3102\" data-end=\"3443\"><strong data-start=\"3102\" data-end=\"3185\">Ot\u00e1zka: Ak\u00e9 s\u00fa va\u0161e pravidl\u00e1 vr\u00e1tenia a v\u00fdmeny tovaru CRYSTAL MARY Groove 50000 PUFFS?<\/strong><br data-start=\"3185\" data-end=\"3188\" \/>Sna\u017e\u00edme sa o spokojnos\u0165 z\u00e1kazn\u00edkov a stoj\u00edme za kvalitou <strong data-start=\"3266\" data-end=\"3293\">CRYSTAL MARY Groove 50K<\/strong>. Ak v\u00e1\u0161 v\u00fdrobok pr\u00edde chybn\u00fd, po\u0161koden\u00fd alebo v\u00fdrazne nezodpoved\u00e1 opisu, m\u00f4\u017eete po\u017eiada\u0165 o <strong data-start=\"3392\" data-end=\"3428\">vr\u00e1tenie alebo v\u00fdmena do 7 dn\u00ed<\/strong> doru\u010denia.<\/p>\n<ul data-start=\"3444\" data-end=\"3731\">\n<li data-start=\"3444\" data-end=\"3503\">\n<p data-start=\"3446\" data-end=\"3503\">Polo\u017eky musia by\u0165 <strong data-start=\"3460\" data-end=\"3470\">nepou\u017e\u00edvan\u00e9<\/strong> a v <strong data-start=\"3478\" data-end=\"3500\">origin\u00e1lne balenie<\/strong>.<\/p>\n<\/li>\n<li data-start=\"3504\" data-end=\"3634\">\n<p data-start=\"3506\" data-end=\"3634\">Ak chcete iniciova\u0165 vr\u00e1tenie alebo v\u00fdmenu tovaru. <strong data-start=\"3547\" data-end=\"3584\">kontaktujte n\u00e1\u0161 t\u00edm slu\u017eieb z\u00e1kazn\u00edkom<\/strong> s \u010d\u00edslom objedn\u00e1vky a fotografiami probl\u00e9mu.<\/p>\n<\/li>\n<li data-start=\"3635\" data-end=\"3731\">\n<p data-start=\"3637\" data-end=\"3731\">Po schv\u00e1len\u00ed zorganizujeme <strong data-start=\"3670\" data-end=\"3700\">v\u00fdmena alebo vr\u00e1tenie pe\u0148az\u00ed v plnej v\u00fd\u0161ke<\/strong>, v z\u00e1vislosti od va\u0161ich preferenci\u00ed.<\/p>\n<\/li>\n<\/ul>\n<p data-start=\"3733\" data-end=\"3822\"><em data-start=\"3733\" data-end=\"3822\">Upozornenie: Z hygienick\u00fdch a bezpe\u010dnostn\u00fdch d\u00f4vodov neprij\u00edmame vr\u00e1tenie pou\u017eit\u00e9ho tovaru.<\/em><\/p>","protected":false},"excerpt":{"rendered":"<p>Za\u017eite a\u017e 50 000 d\u00fa\u0161kov s <strong>CRYSTAL MARY Groove 50000 PUFFS<\/strong> <strong>Jednorazov\u00fd Vape<\/strong> - s dvojit\u00fdmi sie\u0165ov\u00fdmi \u0161pir\u00e1lami, nastavite\u013en\u00fdm prietokom vzduchu a inteligentn\u00fdm dotykov\u00fdm displejom pre \u00fapln\u00fa kontrolu nikot\u00ednu a \u013eadu.<\/p>","protected":false},"featured_media":36140,"comment_status":"open","ping_status":"closed","template":"","meta":[],"product_brand":[],"product_cat":[207],"product_tag":[],"class_list":{"0":"post-36033","1":"product","2":"type-product","3":"status-publish","4":"has-post-thumbnail","6":"product_cat-crystal-disposable-vape","8":"first","9":"instock","10":"shipping-taxable","11":"purchasable","12":"product-type-variable"},"_links":{"self":[{"href":"https:\/\/euvapz.com\/sk\/wp-json\/wp\/v2\/product\/36033","targetHints":{"allow":["GET"]}}],"collection":[{"href":"https:\/\/euvapz.com\/sk\/wp-json\/wp\/v2\/product"}],"about":[{"href":"https:\/\/euvapz.com\/sk\/wp-json\/wp\/v2\/types\/product"}],"replies":[{"embeddable":true,"href":"https:\/\/euvapz.com\/sk\/wp-json\/wp\/v2\/comments?post=36033"}],"version-history":[{"count":2,"href":"https:\/\/euvapz.com\/sk\/wp-json\/wp\/v2\/product\/36033\/revisions"}],"predecessor-version":[{"id":36144,"href":"https:\/\/euvapz.com\/sk\/wp-json\/wp\/v2\/product\/36033\/revisions\/36144"}],"wp:featuredmedia":[{"embeddable":true,"href":"https:\/\/euvapz.com\/sk\/wp-json\/wp\/v2\/media\/36140"}],"wp:attachment":[{"href":"https:\/\/euvapz.com\/sk\/wp-json\/wp\/v2\/media?parent=36033"}],"wp:term":[{"taxonomy":"product_brand","embeddable":true,"href":"https:\/\/euvapz.com\/sk\/wp-json\/wp\/v2\/product_brand?post=36033"},{"taxonomy":"product_cat","embeddable":true,"href":"https:\/\/euvapz.com\/sk\/wp-json\/wp\/v2\/product_cat?post=36033"},{"taxonomy":"product_tag","embeddable":true,"href":"https:\/\/euvapz.com\/sk\/wp-json\/wp\/v2\/product_tag?post=36033"}],"curies":[{"name":"wp","href":"https:\/\/api.w.org\/{rel}","templated":true}]}}