{"id":33420,"date":"2025-03-25T08:42:05","date_gmt":"2025-03-25T08:42:05","guid":{"rendered":"https:\/\/euvapz.com\/?post_type=product&#038;p=33420"},"modified":"2025-03-27T08:16:23","modified_gmt":"2025-03-27T08:16:23","slug":"bug-01-opica-12000-puffs-enkratno-vape-18ml-e-tekocina-800mah-baterija-mrezasta-tuljava-vec-ravni-nikotina","status":"publish","type":"product","link":"https:\/\/euvapz.com\/sl\/izdelek\/bug-01-opica-12000-puffs-enkratno-vape-18ml-e-tekocina-800mah-baterija-mrezasta-tuljava-vec-ravni-nikotina\/","title":{"rendered":"BUG 01 Monkey 12000 Puffs Vape za enkratno uporabo 18mL E-teko\u010dina 800mAh baterija Mesh Coil Ve\u010d stopenj nikotina"},"content":{"rendered":"<p data-start=\"180\" data-end=\"472\"><img fetchpriority=\"high\" decoding=\"async\" class=\"alignnone size-full wp-image-33428\" src=\"https:\/\/euvapz.com\/wp-content\/uploads\/2025\/03\/BUG-01-Monkey-12000-Puffs-Disposable-Vape-18mL-E-Liquid-800mAh-Battery-Mesh-Coil-Multiple-Nicotine-Levels-8.webp\" alt=\"BUG 01 Monkey 12000 Puffs Vape za enkratno uporabo 18mL E-teko\u010dina 800mAh baterija Mesh Coil Ve\u010d stopenj nikotina\" width=\"2000\" height=\"1069\" srcset=\"https:\/\/euvapz.com\/wp-content\/uploads\/2025\/03\/BUG-01-Monkey-12000-Puffs-Disposable-Vape-18mL-E-Liquid-800mAh-Battery-Mesh-Coil-Multiple-Nicotine-Levels-8.webp 2000w, https:\/\/euvapz.com\/wp-content\/uploads\/2025\/03\/BUG-01-Monkey-12000-Puffs-Disposable-Vape-18mL-E-Liquid-800mAh-Battery-Mesh-Coil-Multiple-Nicotine-Levels-8-400x214.webp 400w, https:\/\/euvapz.com\/wp-content\/uploads\/2025\/03\/BUG-01-Monkey-12000-Puffs-Disposable-Vape-18mL-E-Liquid-800mAh-Battery-Mesh-Coil-Multiple-Nicotine-Levels-8-1300x695.webp 1300w, https:\/\/euvapz.com\/wp-content\/uploads\/2025\/03\/BUG-01-Monkey-12000-Puffs-Disposable-Vape-18mL-E-Liquid-800mAh-Battery-Mesh-Coil-Multiple-Nicotine-Levels-8-768x410.webp 768w, https:\/\/euvapz.com\/wp-content\/uploads\/2025\/03\/BUG-01-Monkey-12000-Puffs-Disposable-Vape-18mL-E-Liquid-800mAh-Battery-Mesh-Coil-Multiple-Nicotine-Levels-8-1536x821.webp 1536w, https:\/\/euvapz.com\/wp-content\/uploads\/2025\/03\/BUG-01-Monkey-12000-Puffs-Disposable-Vape-18mL-E-Liquid-800mAh-Battery-Mesh-Coil-Multiple-Nicotine-Levels-8-18x10.webp 18w, https:\/\/euvapz.com\/wp-content\/uploads\/2025\/03\/BUG-01-Monkey-12000-Puffs-Disposable-Vape-18mL-E-Liquid-800mAh-Battery-Mesh-Coil-Multiple-Nicotine-Levels-8-430x230.webp 430w, https:\/\/euvapz.com\/wp-content\/uploads\/2025\/03\/BUG-01-Monkey-12000-Puffs-Disposable-Vape-18mL-E-Liquid-800mAh-Battery-Mesh-Coil-Multiple-Nicotine-Levels-8-700x374.webp 700w, https:\/\/euvapz.com\/wp-content\/uploads\/2025\/03\/BUG-01-Monkey-12000-Puffs-Disposable-Vape-18mL-E-Liquid-800mAh-Battery-Mesh-Coil-Multiple-Nicotine-Levels-8-150x80.webp 150w\" sizes=\"(max-width: 2000px) 100vw, 2000px\" \/><\/p>\n<p class=\"\" data-start=\"180\" data-end=\"472\">Spletna stran <strong data-start=\"184\" data-end=\"229\">BUG 01 Monkey 12000 Puffs za enkratno uporabo Vape<\/strong> je vrhunski vape za enkratno uporabo, zasnovan za vaperje, ki si \u017eelijo mo\u010dne in dolgotrajne izku\u0161nje brez kompromisov. Z do <strong data-start=\"355\" data-end=\"370\">12.000 oblivov<\/strong>ta naprava zagotavlja dalj\u0161e u\u017eivanje, saj zagotavlja bogat okus in gladko paro za vsako sejo.<\/p>\n<p class=\"\" data-start=\"474\" data-end=\"801\">Opremljen je z <strong data-start=\"491\" data-end=\"522\">800 mAh akumulatorska baterija<\/strong> in . <strong data-start=\"527\" data-end=\"551\">Hitro polnjenje tipa C<\/strong>, je <strong data-start=\"557\" data-end=\"574\">Napaka 01 Opica<\/strong> zagotavlja u\u010dinkovito in enakomerno napajanje, kar omogo\u010da nemoteno vapiranje brez prekinitev. Spletna stran <strong data-start=\"680\" data-end=\"704\">tehnologija mre\u017enih tuljav<\/strong> in . <strong data-start=\"709\" data-end=\"725\">1,1-ohmsko jedro<\/strong> zagotavljajo enakomeren proces segrevanja in z vsakim potegom ustvarijo aromati\u010dno paro.<\/p>\n<p class=\"\" data-start=\"803\" data-end=\"1142\">Predhodno napolnjen z <strong data-start=\"819\" data-end=\"839\">18 ml e-teko\u010dine<\/strong>, je <strong data-start=\"845\" data-end=\"862\">Napaka 01 Opica<\/strong> ponuja zadovoljivo nikotinsko izku\u0161njo, na voljo v <strong data-start=\"917\" data-end=\"941\">2% mo\u010d nikotina<\/strong> po svojih \u017eeljah. Sistem nastavljivega pretoka zraka vam omogo\u010da, da si prilagodite poteg, ne glede na to, ali imate raje tesnej\u0161i vdih ali bolj odprt vdih, zato je idealen tako za za\u010detnike kot za izku\u0161ene vaperje.<\/p>\n<p class=\"\" data-start=\"1144\" data-end=\"1426\">S spletno stranjo <strong data-start=\"1149\" data-end=\"1183\">12 edinstvenih in vznemirljivih okusov<\/strong>, vklju\u010dno z <strong data-start=\"1195\" data-end=\"1213\">Led iz lubenice<\/strong>, <strong data-start=\"1215\" data-end=\"1235\">Jagodni sok<\/strong>in <strong data-start=\"1241\" data-end=\"1256\">Grozdni \u017eele<\/strong>, je <strong data-start=\"1262\" data-end=\"1279\">Napaka 01 Opica<\/strong> zagotavlja okusno in osve\u017eilno izku\u0161njo. Ne glede na to, ali u\u017eivate v sadnih, ledenih ali tropskih me\u0161anicah, ta naprava ima okus, ki ustreza va\u0161emu okusu.<\/p>\n<h3 class=\"\" data-start=\"1428\" data-end=\"1487\"><strong data-start=\"1432\" data-end=\"1487\">BUG 01 Monkey 12000 Puffs Vape za enkratno uporabo Zna\u010dilnosti:<\/strong><\/h3>\n<ul data-start=\"1488\" data-end=\"2229\">\n<li class=\"\" data-start=\"1488\" data-end=\"1524\">\n<p class=\"\" data-start=\"1490\" data-end=\"1524\"><strong data-start=\"1490\" data-end=\"1500\">Puffs:<\/strong> Do <strong data-start=\"1507\" data-end=\"1522\">12.000 oblivov<\/strong><\/p>\n<\/li>\n<li class=\"\" data-start=\"1525\" data-end=\"1559\">\n<p class=\"\" data-start=\"1527\" data-end=\"1559\"><strong data-start=\"1527\" data-end=\"1536\">Jedro:<\/strong> <strong data-start=\"1537\" data-end=\"1557\">Mesh tuljava 1.1ohm<\/strong><\/p>\n<\/li>\n<li class=\"\" data-start=\"1560\" data-end=\"1597\">\n<p class=\"\" data-start=\"1562\" data-end=\"1597\"><strong data-start=\"1562\" data-end=\"1575\">E-teko\u010dina:<\/strong> <strong data-start=\"1576\" data-end=\"1584\">18 ml<\/strong> vnaprej napolnjen<\/p>\n<\/li>\n<li class=\"\" data-start=\"1598\" data-end=\"1631\">\n<p class=\"\" data-start=\"1600\" data-end=\"1631\"><strong data-start=\"1600\" data-end=\"1613\">Nikotin:<\/strong> <strong data-start=\"1614\" data-end=\"1629\">2% nikotin<\/strong><\/p>\n<\/li>\n<li class=\"\" data-start=\"1632\" data-end=\"1670\">\n<p class=\"\" data-start=\"1634\" data-end=\"1670\"><strong data-start=\"1634\" data-end=\"1646\">Baterija:<\/strong> <strong data-start=\"1647\" data-end=\"1668\">800mAh VPU v notranjosti<\/strong><\/p>\n<\/li>\n<li class=\"\" data-start=\"1671\" data-end=\"1717\">\n<p class=\"\" data-start=\"1673\" data-end=\"1717\"><strong data-start=\"1673\" data-end=\"1690\">Polnilna baterija:<\/strong> <strong data-start=\"1691\" data-end=\"1715\">Hitro polnjenje tipa C<\/strong><\/p>\n<\/li>\n<li class=\"\" data-start=\"1718\" data-end=\"1780\">\n<p class=\"\" data-start=\"1720\" data-end=\"1780\"><strong data-start=\"1720\" data-end=\"1729\">Velikost:<\/strong> <strong data-start=\"1730\" data-end=\"1748\">91 * 27 * 47 mm<\/strong>, <strong data-start=\"1750\" data-end=\"1761\">Te\u017ea:<\/strong> <strong data-start=\"1762\" data-end=\"1778\">82 g na enoto<\/strong><\/p>\n<\/li>\n<li class=\"\" data-start=\"1781\" data-end=\"1829\">\n<p class=\"\" data-start=\"1783\" data-end=\"1829\"><strong data-start=\"1783\" data-end=\"1805\">Mo\u017enosti pakiranja:<\/strong> 10 kosov v \u0161katli, 200 kosov v \u0161katli<\/p>\n<\/li>\n<li class=\"\" data-start=\"1830\" data-end=\"1900\">\n<p class=\"\" data-start=\"1832\" data-end=\"1900\"><strong data-start=\"1832\" data-end=\"1848\">Velikost \u0161katle:<\/strong> <strong data-start=\"1849\" data-end=\"1867\">585<em data-start=\"1854\" data-end=\"1859\">310<\/em>248 mm<\/strong>, <strong data-start=\"1869\" data-end=\"1886\">Bruto te\u017ea:<\/strong> <strong data-start=\"1887\" data-end=\"1898\">17,97 kg<\/strong><\/p>\n<\/li>\n<li class=\"\" data-start=\"1901\" data-end=\"2229\">\n<p class=\"\" data-start=\"1903\" data-end=\"1927\"><strong data-start=\"1903\" data-end=\"1925\">Na voljo so okusi:<\/strong><\/p>\n<ul data-start=\"1930\" data-end=\"2229\">\n<li class=\"\" data-start=\"1930\" data-end=\"1952\">\n<p class=\"\" data-start=\"1932\" data-end=\"1952\"><strong data-start=\"1932\" data-end=\"1950\">Led iz lubenice<\/strong><\/p>\n<\/li>\n<li class=\"\" data-start=\"1955\" data-end=\"1979\">\n<p class=\"\" data-start=\"1957\" data-end=\"1979\"><strong data-start=\"1957\" data-end=\"1977\">Jagodni sok<\/strong><\/p>\n<\/li>\n<li class=\"\" data-start=\"1982\" data-end=\"2001\">\n<p class=\"\" data-start=\"1984\" data-end=\"2001\"><strong data-start=\"1984\" data-end=\"1999\">Grozdni \u017eele<\/strong><\/p>\n<\/li>\n<li class=\"\" data-start=\"2004\" data-end=\"2021\">\n<p class=\"\" data-start=\"2006\" data-end=\"2021\"><strong data-start=\"2006\" data-end=\"2019\">Ledena breskev<\/strong><\/p>\n<\/li>\n<li class=\"\" data-start=\"2024\" data-end=\"2046\">\n<p class=\"\" data-start=\"2026\" data-end=\"2046\"><strong data-start=\"2026\" data-end=\"2044\">Blackberry Ice<\/strong><\/p>\n<\/li>\n<li class=\"\" data-start=\"2049\" data-end=\"2077\">\n<p class=\"\" data-start=\"2051\" data-end=\"2077\"><strong data-start=\"2051\" data-end=\"2075\">Kisli mango ananas<\/strong><\/p>\n<\/li>\n<li class=\"\" data-start=\"2080\" data-end=\"2098\">\n<p class=\"\" data-start=\"2082\" data-end=\"2098\"><strong data-start=\"2082\" data-end=\"2096\">Lemon Lime<\/strong><\/p>\n<\/li>\n<li class=\"\" data-start=\"2101\" data-end=\"2118\">\n<p class=\"\" data-start=\"2103\" data-end=\"2118\"><strong data-start=\"2103\" data-end=\"2116\">Modri razz<\/strong><\/p>\n<\/li>\n<li class=\"\" data-start=\"2121\" data-end=\"2154\">\n<p class=\"\" data-start=\"2123\" data-end=\"2154\"><strong data-start=\"2123\" data-end=\"2152\">Pasijonka Pomaran\u010da Guava<\/strong><\/p>\n<\/li>\n<li class=\"\" data-start=\"2157\" data-end=\"2177\">\n<p class=\"\" data-start=\"2159\" data-end=\"2177\"><strong data-start=\"2159\" data-end=\"2175\">Energijski napitek<\/strong><\/p>\n<\/li>\n<li class=\"\" data-start=\"2180\" data-end=\"2201\">\n<p class=\"\" data-start=\"2182\" data-end=\"2201\"><strong data-start=\"2182\" data-end=\"2199\">Borovni\u010dev led<\/strong><\/p>\n<\/li>\n<li class=\"\" data-start=\"2204\" data-end=\"2229\">\n<p class=\"\" data-start=\"2206\" data-end=\"2229\"><strong data-start=\"2206\" data-end=\"2229\">Borovnica malina<\/strong><\/p>\n<\/li>\n<\/ul>\n<\/li>\n<\/ul>\n<h3 class=\"\" data-start=\"2231\" data-end=\"2296\"><strong data-start=\"2235\" data-end=\"2296\">Zakaj izbrati BUG 01 Monkey 12000 Puffs Vape za enkratno uporabo?<\/strong><\/h3>\n<p class=\"\" data-start=\"2298\" data-end=\"2918\">Spletna stran <strong data-start=\"2302\" data-end=\"2347\">BUG 01 Monkey 12000 Puffs za enkratno uporabo Vape<\/strong> je zasnovan za izjemno izku\u0161njo vapinga z <strong data-start=\"2404\" data-end=\"2424\">18 ml e-teko\u010dine<\/strong> in . <strong data-start=\"2429\" data-end=\"2444\">2% nikotin<\/strong>, ki zagotavlja dolgotrajno u\u017eivanje in zadovoljiv okus. Naprava ima naslednje zna\u010dilnosti <strong data-start=\"2522\" data-end=\"2546\">tehnologija mre\u017enih tuljav<\/strong> za gladko in enakomerno izku\u0161njo vapinga ter <strong data-start=\"2599\" data-end=\"2630\">800 mAh akumulatorska baterija<\/strong> zagotavlja zanesljivo delovanje med vsakim zasedanjem. Z razli\u010dnimi okusnimi aromami, kot so <strong data-start=\"2728\" data-end=\"2746\">Led iz lubenice<\/strong> in . <strong data-start=\"2751\" data-end=\"2771\">Jagodni sok<\/strong>in mo\u017enostjo prilagajanja pretoka zraka. <strong data-start=\"2817\" data-end=\"2834\">Napaka 01 Opica<\/strong> je popoln vape za enkratno uporabo za tiste, ki i\u0161\u010dejo kakovost in raznolikost v vsakem izdihu.<\/p>\n<h2 data-start=\"2298\" data-end=\"2918\">\t\t\t<link rel=\"stylesheet\" id=\"elementor-post-32801-css\" href=\"https:\/\/euvapz.com\/wp-content\/uploads\/elementor\/css\/post-32801.css?ver=1778854920\" type=\"text\/css\" media=\"all\">\n\t\t\t\t\t<div data-elementor-type=\"wp-post\" data-elementor-id=\"32801\" class=\"elementor elementor-32801\" data-elementor-post-type=\"cms_block\">\n\t\t\t\t<div class=\"wd-negative-gap elementor-element elementor-element-311ef4d e-flex e-con-boxed e-con e-parent\" data-id=\"311ef4d\" data-element_type=\"container\" data-e-type=\"container\">\n\t\t\t\t\t<div class=\"e-con-inner\">\n\t\t\t\t<div class=\"elementor-element elementor-element-354d55bb color-scheme-inherit text-left elementor-widget elementor-widget-text-editor\" data-id=\"354d55bb\" data-element_type=\"widget\" data-e-type=\"widget\" data-widget_type=\"text-editor.default\">\n\t\t\t\t<div class=\"elementor-widget-container\">\n\t\t\t\t\t\t\t\t\t&nbsp;\n\n<script src=\"chrome-extension:\/\/fpelahbljekknahkcaegamhcndkfpfnc\/iFrame.js\" type=\"text\/javascript\"><\/script>\t\t\t\t\t\t\t\t<\/div>\n\t\t\t\t<\/div>\n\t\t\t\t\t<\/div>\n\t\t\t\t<\/div>\n\t\t<div class=\"wd-negative-gap elementor-element elementor-element-2f4b93b0 e-flex e-con-boxed e-con e-parent\" data-id=\"2f4b93b0\" data-element_type=\"container\" data-e-type=\"container\">\n\t\t\t\t\t<div class=\"e-con-inner\">\n\t\t\t\t\t<\/div>\n\t\t\t\t<\/div>\n\t\t<div class=\"wd-negative-gap elementor-element elementor-element-200eec29 e-flex e-con-boxed e-con e-parent\" data-id=\"200eec29\" data-element_type=\"container\" data-e-type=\"container\">\n\t\t\t\t\t<div class=\"e-con-inner\">\n\t\t\t\t<div class=\"elementor-element elementor-element-19faf1ba color-scheme-inherit text-left elementor-widget elementor-widget-text-editor\" data-id=\"19faf1ba\" data-element_type=\"widget\" data-e-type=\"widget\" data-widget_type=\"text-editor.default\">\n\t\t\t\t<div class=\"elementor-widget-container\">\n\t\t\t\t\t\t\t\t\t<h2><em><strong>POGOSTA VPRA\u0160ANJA<\/strong><\/em><\/h2><ul><li><h2><em><strong>Katere na\u010dine po\u0161iljanja uporabljate?<\/strong><\/em><\/h2><\/li><li><h2><em><strong><span style=\"color: #333333; font-size: 16px;\">Sodelujemo z zanesljivimi prevozniki, kot so UPS, DHL, FedEx in DPD. Glede na namembno dr\u017eavo bomo izbrali najbolj\u0161i na\u010din po\u0161iljanja in zagotovili hitro in varno dostavo va\u0161ih izdelkov.<\/span><\/strong><\/em><\/h2><\/li><\/ul><ul><li><h2><em><strong>Koliko \u010dasa bo trajalo, da bo moje naro\u010dilo prispelo?<\/strong><\/em><\/h2><\/li><\/ul><p data-start=\"340\" data-end=\"490\"><em><strong>\u00a0 \u00a0 \u00a0 Obi\u010dajno traja od 7 do 15 delovnih dni. Med najve\u010djimi prazniki ali neugodnimi vremenskimi razmerami pa lahko traja tudi do 20 delovnih dni.<\/strong><\/em><\/p><ul><li data-start=\"492\" data-end=\"539\"><h2><em><strong>Bo moje naro\u010dilo brez te\u017eav carinjeno?<\/strong><\/em><\/h2><\/li><li data-start=\"492\" data-end=\"539\"><h2><em><strong><span style=\"color: #333333; font-size: 16px;\">Za vas opravimo vse carinske postopke in tako zagotovimo nemoteno dostavo brez dodatnih davkov ali pristojbin. Zagotavljamo, da bo 100% na\u0161ih po\u0161iljk brez te\u017eav carinjena.<\/span><\/strong><\/em><\/h2><\/li><\/ul><ul><li data-start=\"718\" data-end=\"747\"><h2><em><strong>Ali lahko zaupam va\u0161i storitvi?<\/strong><\/em><\/h2><\/li><li data-start=\"718\" data-end=\"747\"><h2><em><strong><span style=\"color: #333333; font-size: 16px;\">Absolutno! Sprejemamo PayPal za varna pla\u010dila, va\u0161 nakup pa je za\u0161\u010diten s PayPalovo za\u0161\u010dito kupca. Preverite tudi na\u0161e ocene TrustPilot, da vidite, kaj o nas pravijo drugi kupci.<\/span><\/strong><\/em><\/h2><\/li><\/ul>\t\t\t\t\t\t\t\t<\/div>\n\t\t\t\t<\/div>\n\t\t\t\t\t<\/div>\n\t\t\t\t<\/div>\n\t\t<div class=\"wd-negative-gap elementor-element elementor-element-d4517fd e-flex e-con-boxed e-con e-parent\" data-id=\"d4517fd\" data-element_type=\"container\" data-e-type=\"container\">\n\t\t\t\t\t<div class=\"e-con-inner\">\n\t\t\t\t<div class=\"elementor-element elementor-element-11cb93e5 elementor-widget elementor-widget-wd_button\" data-id=\"11cb93e5\" data-element_type=\"widget\" data-e-type=\"widget\" data-widget_type=\"wd_button.default\">\n\t\t\t\t<div class=\"elementor-widget-container\">\n\t\t\t\t\t\t\t<div class=\"wd-button-wrapper text-left\" >\n\t\t\t<a class=\"btn btn-style-link btn-style- btn-size-extra-large btn-scheme-inherit btn-scheme-hover-custom btn-icon-pos-right\"  href=\"https:\/\/euvapz.com\/sl\/faqs\/\">\n\t\t\t\t<span class=\"wd-btn-text\" data-elementor-setting-key=\"text\">\n\t\t\t\t\tKliknite tukaj za ve\u010d pogosto zastavljenih vpra\u0161anj.\t\t\t\t<\/span>\n\n\t\t\t\t\t\t\t<\/a>\n\t\t<\/div>\n\t\t\t\t\t\t<\/div>\n\t\t\t\t<\/div>\n\t\t\t\t\t<\/div>\n\t\t\t\t<\/div>\n\t\t\t\t<\/div>\n\t\t<\/h2>\n<p><script src=\"chrome-extension:\/\/fpelahbljekknahkcaegamhcndkfpfnc\/iFrame.js\" type=\"text\/javascript\"><\/script><\/p>\n<p><script src=\"chrome-extension:\/\/fpelahbljekknahkcaegamhcndkfpfnc\/iFrame.js\" type=\"text\/javascript\"><\/script><\/p>","protected":false},"excerpt":{"rendered":"<p>Vape za enkratno uporabo BUG 01 Monkey 12000 puffov ponuja do 12000 puffov, 18 ml e-teko\u010dine in tehnologijo mre\u017easte tuljave, na voljo je v okusih, kot sta lubeni\u010dni led in jagodni sok, z mo\u010djo nikotina 2%.<\/p>","protected":false},"featured_media":33789,"comment_status":"open","ping_status":"closed","template":"","meta":[],"product_brand":[200],"product_cat":[201],"product_tag":[],"class_list":{"0":"post-33420","1":"product","2":"type-product","3":"status-publish","4":"has-post-thumbnail","6":"product_brand-bug-disposable-vape","7":"product_cat-bug-disposable-vape","9":"first","10":"instock","11":"shipping-taxable","12":"purchasable","13":"product-type-variable"},"_links":{"self":[{"href":"https:\/\/euvapz.com\/sl\/wp-json\/wp\/v2\/product\/33420","targetHints":{"allow":["GET"]}}],"collection":[{"href":"https:\/\/euvapz.com\/sl\/wp-json\/wp\/v2\/product"}],"about":[{"href":"https:\/\/euvapz.com\/sl\/wp-json\/wp\/v2\/types\/product"}],"replies":[{"embeddable":true,"href":"https:\/\/euvapz.com\/sl\/wp-json\/wp\/v2\/comments?post=33420"}],"version-history":[{"count":4,"href":"https:\/\/euvapz.com\/sl\/wp-json\/wp\/v2\/product\/33420\/revisions"}],"predecessor-version":[{"id":33799,"href":"https:\/\/euvapz.com\/sl\/wp-json\/wp\/v2\/product\/33420\/revisions\/33799"}],"wp:featuredmedia":[{"embeddable":true,"href":"https:\/\/euvapz.com\/sl\/wp-json\/wp\/v2\/media\/33789"}],"wp:attachment":[{"href":"https:\/\/euvapz.com\/sl\/wp-json\/wp\/v2\/media?parent=33420"}],"wp:term":[{"taxonomy":"product_brand","embeddable":true,"href":"https:\/\/euvapz.com\/sl\/wp-json\/wp\/v2\/product_brand?post=33420"},{"taxonomy":"product_cat","embeddable":true,"href":"https:\/\/euvapz.com\/sl\/wp-json\/wp\/v2\/product_cat?post=33420"},{"taxonomy":"product_tag","embeddable":true,"href":"https:\/\/euvapz.com\/sl\/wp-json\/wp\/v2\/product_tag?post=33420"}],"curies":[{"name":"wp","href":"https:\/\/api.w.org\/{rel}","templated":true}]}}