{"id":35811,"date":"2025-05-24T09:22:36","date_gmt":"2025-05-24T09:22:36","guid":{"rendered":"https:\/\/euvapz.com\/?post_type=product&#038;p=35811"},"modified":"2025-05-24T09:22:41","modified_gmt":"2025-05-24T09:22:41","slug":"hazey-a40-15000-puffs-polnilno-enkratno-vape","status":"publish","type":"product","link":"https:\/\/euvapz.com\/sl\/izdelek\/hazey-a40-15000-puffs-polnilno-enkratno-vape\/","title":{"rendered":"Hazey A40 15000 Puffs polnjenje za enkratno uporabo Vape"},"content":{"rendered":"<p data-start=\"201\" data-end=\"675\">Predstavitev <strong data-start=\"217\" data-end=\"258\">Hazey A40 15000 PUFFS za enkratno uporabo<\/strong>, najsodobnej\u0161a naprava za uparjanje, zasnovana za dolgotrajno zadovoljstvo in udobje. Naprava Hazey A40 je zasnovana z najnovej\u0161o tehnologijo in vrhunskimi materiali ter zagotavlja izjemno izku\u0161njo vapinga z do 15 000 izpihi iz ene same naprave. Ne glede na to, ali ste izku\u0161eni vaper ali novinec, Hazey A40 izstopa kot idealna izbira zaradi raznolikosti okusov, zmogljive baterije in uporabniku prijaznih funkcij.<\/p>\n<hr data-start=\"677\" data-end=\"680\" \/>\n<h2 data-start=\"682\" data-end=\"702\">Hazey A40 15000 Puffs Lastnosti izdelka<\/h2>\n<ul data-start=\"704\" data-end=\"1732\">\n<li data-start=\"704\" data-end=\"741\">\n<p data-start=\"706\" data-end=\"741\"><strong data-start=\"706\" data-end=\"716\">Model:<\/strong> Hazey A40 z zaslonom<\/p>\n<\/li>\n<li data-start=\"742\" data-end=\"842\">\n<p data-start=\"744\" data-end=\"842\"><strong data-start=\"744\" data-end=\"754\">Puffs:<\/strong> Do 15.000 vpihov na napravo, kar omogo\u010da dalj\u0161o uporabo brez pogostih zamenjav.<\/p>\n<\/li>\n<li data-start=\"843\" data-end=\"931\">\n<p data-start=\"845\" data-end=\"931\"><strong data-start=\"845\" data-end=\"867\">Kapaciteta e-teko\u010dine:<\/strong> Velika 25 ml prostornina teko\u010dine zagotavlja dolgotrajno vapiranje.<\/p>\n<\/li>\n<li data-start=\"932\" data-end=\"1036\">\n<p data-start=\"934\" data-end=\"1036\"><strong data-start=\"934\" data-end=\"956\">Mo\u010d nikotina:<\/strong> Na voljo sta koncentraciji nikotina 2% in 5%, ki ustrezata razli\u010dnim \u017eeljam.<\/p>\n<\/li>\n<li data-start=\"1037\" data-end=\"1125\">\n<p data-start=\"1039\" data-end=\"1125\"><strong data-start=\"1039\" data-end=\"1051\">Baterija:<\/strong> Vgrajena 650 mAh akumulatorska baterija omogo\u010da dolgotrajno delovanje.<\/p>\n<\/li>\n<li data-start=\"1126\" data-end=\"1224\">\n<p data-start=\"1128\" data-end=\"1224\"><strong data-start=\"1128\" data-end=\"1142\">Vrsta tuljave:<\/strong> Opremljen je z visokokakovostno mre\u017easto tuljavo za optimalen okus in proizvodnjo pare.<\/p>\n<\/li>\n<li data-start=\"1225\" data-end=\"1295\">\n<p data-start=\"1227\" data-end=\"1295\"><strong data-start=\"1227\" data-end=\"1242\">Odpornost:<\/strong> Upornost 0,8 \u03a9 za gladko in dosledno vaping.<\/p>\n<\/li>\n<li data-start=\"1296\" data-end=\"1401\">\n<p data-start=\"1298\" data-end=\"1401\"><strong data-start=\"1298\" data-end=\"1315\">Polnilna baterija:<\/strong> Da, s priro\u010dnim vhodom za polnjenje tipa C za hitro in u\u010dinkovito polnjenje.<\/p>\n<\/li>\n<li data-start=\"1402\" data-end=\"1504\">\n<p data-start=\"1404\" data-end=\"1504\"><strong data-start=\"1404\" data-end=\"1416\">Zaslon:<\/strong> Vgrajen prikazovalnik teko\u010dine in ravni baterije vas obve\u0161\u010da o stanju vape.<\/p>\n<\/li>\n<li data-start=\"1505\" data-end=\"1586\">\n<p data-start=\"1507\" data-end=\"1586\"><strong data-start=\"1507\" data-end=\"1518\">Te\u017ea:<\/strong> Je lahek, saj tehta le 0,11 kg, zato je prenosen in enostaven za prena\u0161anje.<\/p>\n<\/li>\n<li data-start=\"1587\" data-end=\"1732\">\n<p data-start=\"1589\" data-end=\"1732\"><strong data-start=\"1589\" data-end=\"1603\">Pakiranje:<\/strong> Velikost posameznega pakiranja je 3,5 cm x 3,5 cm x 13,5 cm; velikost \u0161katle je 16 cm x 89,5 cm x 29 cm, ki vsebuje 200 enot na \u0161katlo, ki tehta 22 kg.<\/p>\n<\/li>\n<\/ul>\n<hr data-start=\"1734\" data-end=\"1737\" \/>\n<h2 data-start=\"1739\" data-end=\"1760\">Hazey A40 15000 Puffs Razpolo\u017eljivi okusi<\/h2>\n<p data-start=\"1762\" data-end=\"1841\">Hazey A40 ponuja bogato paleto okusov, ki bodo zadovoljili vsak okus:<\/p>\n<ol data-start=\"1843\" data-end=\"2065\">\n<li data-start=\"1843\" data-end=\"1862\">\n<p data-start=\"1846\" data-end=\"1862\">Jagodni led<\/p>\n<\/li>\n<li data-start=\"1863\" data-end=\"1882\">\n<p data-start=\"1866\" data-end=\"1882\">Led iz lubenice<\/p>\n<\/li>\n<li data-start=\"1883\" data-end=\"1901\">\n<p data-start=\"1886\" data-end=\"1901\">Borovni\u010dev led<\/p>\n<\/li>\n<li data-start=\"1902\" data-end=\"1931\">\n<p data-start=\"1905\" data-end=\"1931\">Kivi Pasijonka Guava<\/p>\n<\/li>\n<li data-start=\"1932\" data-end=\"1956\">\n<p data-start=\"1935\" data-end=\"1956\">Borovnica malina<\/p>\n<\/li>\n<li data-start=\"1957\" data-end=\"1984\">\n<p data-start=\"1960\" data-end=\"1984\">Breskev mango lubenica<\/p>\n<\/li>\n<li data-start=\"1985\" data-end=\"2002\">\n<p data-start=\"1988\" data-end=\"2002\">Energijski napitek<\/p>\n<\/li>\n<li data-start=\"2003\" data-end=\"2025\">\n<p data-start=\"2006\" data-end=\"2025\">Jagoda Banana<\/p>\n<\/li>\n<li data-start=\"2026\" data-end=\"2038\">\n<p data-start=\"2029\" data-end=\"2038\">Ice Pop<\/p>\n<\/li>\n<li data-start=\"2039\" data-end=\"2065\">\n<p data-start=\"2043\" data-end=\"2065\">lubenica Bubblegum<\/p>\n<\/li>\n<\/ol>\n<p data-start=\"2067\" data-end=\"2201\">Vsak okus je skrbno izdelan, da zagotavlja osve\u017eujo\u010do in gladko izku\u0161njo vapinga s popolnim ravnovesjem okusa in hladnosti.<\/p>\n<hr data-start=\"2203\" data-end=\"2206\" \/>\n<h2 data-start=\"2208\" data-end=\"2244\">Pogosto zastavljena vpra\u0161anja (FAQ)<\/h2>\n<p data-start=\"2246\" data-end=\"2513\"><strong data-start=\"2246\" data-end=\"2283\">V1: Kako se Hazey A40 po\u0161ilja?<\/strong><br data-start=\"2283\" data-end=\"2286\" \/>O: Hazey A40 15000 PUFFS Vape za enkratno uporabo je varno dobavljen v \u0161katlah, ki vsebujejo po 200 enot. Uporabljamo zanesljive partnerje za po\u0161iljanje, ki zagotavljajo, da va\u0161i izdelki prispejo varno in pravo\u010dasno, pri \u010demer je za vsako naro\u010dilo zagotovljeno sledenje.<\/p>\n<p data-start=\"2515\" data-end=\"2817\"><strong data-start=\"2515\" data-end=\"2572\">V2: Kak\u0161ne so mo\u017enosti po\u0161iljanja in dobavni roki?<\/strong><br data-start=\"2572\" data-end=\"2575\" \/>O: Ponujamo ve\u010d na\u010dinov po\u0161iljanja, vklju\u010dno s standardnimi in pospe\u0161enimi mo\u017enostmi. \u010cas dostave je odvisen od va\u0161e lokacije, vendar obi\u010dajno traja od 5 do 15 delovnih dni. Na voljo je mednarodna dostava s podporo pri carinjenju.<\/p>\n<p data-start=\"2819\" data-end=\"3037\"><strong data-start=\"2819\" data-end=\"2861\">V3: Ali lahko ponovno napolnim vape Hazey A40?<\/strong><br data-start=\"2861\" data-end=\"2864\" \/>O: Da, Hazey A40 ima vgrajeno baterijo s kapaciteto 650 mAh in uporablja sodobna vrata za polnjenje tipa C, ki omogo\u010dajo hitro in priro\u010dno polnjenje naprave.<\/p>\n<p data-start=\"3039\" data-end=\"3376\"><strong data-start=\"3039\" data-end=\"3087\">V4: Kak\u0161en je va\u0161 pravilnik o vra\u010dilu in zamenjavi?<\/strong><br data-start=\"3087\" data-end=\"3090\" \/>O: Zadovoljstvo strank je na\u0161a prednostna naloga. \u010ce prejmete okvarjene ali po\u0161kodovane izdelke, nas kontaktirajte v 7 dneh po prejemu. Po preverjanju te\u017eave vam nudimo zamenjavo ali vra\u010dilo denarja. Neuporabljene in neodprte izdelke lahko vrnete ali zamenjate v 14 dneh, \u010de so odobreni.<\/p>\n<p data-start=\"3378\" data-end=\"3592\"><strong data-start=\"3378\" data-end=\"3422\">V5: Ali je mo\u010d nikotina nastavljiva?<\/strong><br data-start=\"3422\" data-end=\"3425\" \/>O: Hazey A40 je na voljo v fiksnih nikotinskih stopnjah 2% in 5%. Ob naro\u010dilu lahko izberete ustrezno stopnjo nikotina glede na svoje \u017eelje.<\/p>\n<p data-start=\"3594\" data-end=\"3801\"><strong data-start=\"3594\" data-end=\"3647\">V6: Kako lahko ugotovim stanje baterije in teko\u010dine?<\/strong><br data-start=\"3647\" data-end=\"3650\" \/>O: Naprava ima vgrajen zaslon, ki prikazuje stanje baterije in preostalo koli\u010dino teko\u010dine ter vam pomaga u\u010dinkovito upravljati uporabo in polnjenje.<\/p>\n<hr data-start=\"3803\" data-end=\"3806\" \/>\n<p data-start=\"3808\" data-end=\"4050\">Spletna stran <strong data-start=\"3812\" data-end=\"3853\">Hazey A40 15000 PUFFS za enkratno uporabo<\/strong> je kot nala\u0161\u010d za vaperje, ki i\u0161\u010dejo napravo za enostavno polnjenje z impresivno dolgo \u017eivljenjsko dobo in \u0161tevilnimi mo\u017enostmi okusov. Izkusite me\u0161anico inovacij in okusa \u0161e danes s Hazey A40.<\/p>","protected":false},"excerpt":{"rendered":"<p><strong>Hazey A40 15000 PUFFS za enkratno uporabo<\/strong> ima akumulatorsko baterijo <strong>650 mAh<\/strong> baterije, <strong>25 ml<\/strong> e-teko\u010dino in mre\u017easto tuljavo za gladko in dolgotrajno vaping.<\/p>","protected":false},"featured_media":35840,"comment_status":"open","ping_status":"closed","template":"","meta":[],"product_brand":[],"product_cat":[206],"product_tag":[],"class_list":{"0":"post-35811","1":"product","2":"type-product","3":"status-publish","4":"has-post-thumbnail","6":"product_cat-hazey-disposable-vape","8":"first","9":"instock","10":"shipping-taxable","11":"purchasable","12":"product-type-variable"},"_links":{"self":[{"href":"https:\/\/euvapz.com\/sl\/wp-json\/wp\/v2\/product\/35811","targetHints":{"allow":["GET"]}}],"collection":[{"href":"https:\/\/euvapz.com\/sl\/wp-json\/wp\/v2\/product"}],"about":[{"href":"https:\/\/euvapz.com\/sl\/wp-json\/wp\/v2\/types\/product"}],"replies":[{"embeddable":true,"href":"https:\/\/euvapz.com\/sl\/wp-json\/wp\/v2\/comments?post=35811"}],"version-history":[{"count":2,"href":"https:\/\/euvapz.com\/sl\/wp-json\/wp\/v2\/product\/35811\/revisions"}],"predecessor-version":[{"id":35845,"href":"https:\/\/euvapz.com\/sl\/wp-json\/wp\/v2\/product\/35811\/revisions\/35845"}],"wp:featuredmedia":[{"embeddable":true,"href":"https:\/\/euvapz.com\/sl\/wp-json\/wp\/v2\/media\/35840"}],"wp:attachment":[{"href":"https:\/\/euvapz.com\/sl\/wp-json\/wp\/v2\/media?parent=35811"}],"wp:term":[{"taxonomy":"product_brand","embeddable":true,"href":"https:\/\/euvapz.com\/sl\/wp-json\/wp\/v2\/product_brand?post=35811"},{"taxonomy":"product_cat","embeddable":true,"href":"https:\/\/euvapz.com\/sl\/wp-json\/wp\/v2\/product_cat?post=35811"},{"taxonomy":"product_tag","embeddable":true,"href":"https:\/\/euvapz.com\/sl\/wp-json\/wp\/v2\/product_tag?post=35811"}],"curies":[{"name":"wp","href":"https:\/\/api.w.org\/{rel}","templated":true}]}}