{"id":26635,"date":"2025-02-28T12:57:33","date_gmt":"2025-02-28T12:57:33","guid":{"rendered":"https:\/\/euvapz.com\/?post_type=product&#038;p=26635"},"modified":"2025-03-27T09:32:32","modified_gmt":"2025-03-27T09:32:32","slug":"arymi-elibar-18000-puffar-engangs-vape-perfekt-for-bulk-kop-grossist","status":"publish","type":"product","link":"https:\/\/euvapz.com\/sv\/produkt\/arymi-elibar-18000-puffar-engangs-vape-perfekt-for-bulk-kop-grossist\/","title":{"rendered":"ARYMI Elibar 18000 Puffs Eng\u00e5ngsvape Perfekt f\u00f6r bulkink\u00f6p och partihandel"},"content":{"rendered":"<p>Den <strong>ARYMI Elibar 18000 puffar <a href=\"https:\/\/euvapz.com\/sv\">Vape f\u00f6r eng\u00e5ngsbruk<\/a><\/strong> \u00e4r den ultimata vapingl\u00f6sningen f\u00f6r dem som s\u00f6ker l\u00e5ngvariga, smakrika och h\u00f6gkvalitativa upplevelser i varje bloss. Oavsett om du \u00e4r en erfaren vaper eller en nykomling, erbjuder den h\u00e4r enheten n\u00e5got f\u00f6r alla. Med sin imponerande <strong>18000 puffar<\/strong>ett brett utbud av unika och livfulla smaker, och p\u00e5litliga <strong>USB-C-laddning<\/strong>garanterar denna enhet tillfredsst\u00e4llelse i varje session.<\/p>\n<p>I den h\u00e4r artikeln kommer vi att utforska de enast\u00e5ende egenskaperna hos <strong><a href=\"https:\/\/euvapz.com\/sv\/produkt-kategori\/arymi-disposable-vape\/\">ARYMI Elibar 18000 puffar<\/a> Vape f\u00f6r eng\u00e5ngsbruk<\/strong> och diskutera dess breda utbud av l\u00e4ckra smaker som g\u00f6r att den sticker ut p\u00e5 den tr\u00e5nga marknaden f\u00f6r eng\u00e5ngs vape. Dessutom kommer vi att v\u00e4gleda dig genom de olika f\u00f6rdelarna med att k\u00f6pa den h\u00e4r produkten i bulk och hur den v\u00e4nder sig till b\u00e5de <strong>eng\u00e5ngs vape pennor f\u00f6r eng\u00e5ngsbruk<\/strong> och enskilda anv\u00e4ndare i hela Europa.<\/p>\n<hr \/>\n<h2>\u00a0<img fetchpriority=\"high\" decoding=\"async\" class=\"alignnone size-full wp-image-26636\" src=\"https:\/\/euvapz.com\/wp-content\/uploads\/2025\/02\/ARYMI-Elibar-18000-Puffs-Disposable-Vape-Perfect-for-Bulk-Buying-Wholesale-1.webp\" alt=\"ARYMI Elibar 18000 Puffs Eng\u00e5ngsvape Perfekt f\u00f6r bulkink\u00f6p och partihandel\" width=\"1080\" height=\"1080\" srcset=\"https:\/\/euvapz.com\/wp-content\/uploads\/2025\/02\/ARYMI-Elibar-18000-Puffs-Disposable-Vape-Perfect-for-Bulk-Buying-Wholesale-1.webp 1080w, https:\/\/euvapz.com\/wp-content\/uploads\/2025\/02\/ARYMI-Elibar-18000-Puffs-Disposable-Vape-Perfect-for-Bulk-Buying-Wholesale-1-430x430.webp 430w, https:\/\/euvapz.com\/wp-content\/uploads\/2025\/02\/ARYMI-Elibar-18000-Puffs-Disposable-Vape-Perfect-for-Bulk-Buying-Wholesale-1-150x150.webp 150w, https:\/\/euvapz.com\/wp-content\/uploads\/2025\/02\/ARYMI-Elibar-18000-Puffs-Disposable-Vape-Perfect-for-Bulk-Buying-Wholesale-1-700x700.webp 700w, https:\/\/euvapz.com\/wp-content\/uploads\/2025\/02\/ARYMI-Elibar-18000-Puffs-Disposable-Vape-Perfect-for-Bulk-Buying-Wholesale-1-300x300.webp 300w, https:\/\/euvapz.com\/wp-content\/uploads\/2025\/02\/ARYMI-Elibar-18000-Puffs-Disposable-Vape-Perfect-for-Bulk-Buying-Wholesale-1-800x800.webp 800w, https:\/\/euvapz.com\/wp-content\/uploads\/2025\/02\/ARYMI-Elibar-18000-Puffs-Disposable-Vape-Perfect-for-Bulk-Buying-Wholesale-1-768x768.webp 768w, https:\/\/euvapz.com\/wp-content\/uploads\/2025\/02\/ARYMI-Elibar-18000-Puffs-Disposable-Vape-Perfect-for-Bulk-Buying-Wholesale-1-12x12.webp 12w\" sizes=\"(max-width: 1080px) 100vw, 1080px\" \/><\/h2>\n<h2><strong>ARYMI Elibar 18000 Puffs Eng\u00e5ngs Vape: Viktiga egenskaper<\/strong><\/h2>\n<h3><strong>Imponerande antal puffar: 18000 puffar<\/strong><\/h3>\n<p>Den <strong>ARYMI Elibar 18000 Puffs Eng\u00e5ngsvape<\/strong> \u00e4r konstruerad f\u00f6r att h\u00e5lla. Erbjuder upp till <strong>18.000 puffar<\/strong>h\u00e5ller den l\u00e4ngre \u00e4n de flesta eng\u00e5ngsvapnen p\u00e5 marknaden. Detta inneb\u00e4r f\u00e4rre byten, mer v\u00e4rde och en konsekvent vapingupplevelse. Perfekt f\u00f6r dig som gillar l\u00e5nga, oavbrutna sessioner.<\/p>\n<h3><strong>Nikotinstyrka: 0,5%<\/strong><\/h3>\n<p>Med en <strong>0,5% nikotinstyrka<\/strong>, den <strong>ARYMI Elibar<\/strong> erbjuder den perfekta balansen mellan att tillfredsst\u00e4lla dina beg\u00e4r och s\u00e4kerst\u00e4lla en smidig, njutbar vapingupplevelse. Nikotinstyrkan passar b\u00e5de l\u00e4tta och m\u00e5ttliga r\u00f6kare, vilket s\u00e4kerst\u00e4ller att den uppfyller behoven hos en m\u00e5ngsidig publik.<\/p>\n<h3><strong>Motst\u00e5nd: 0.6\u03a9<\/strong><\/h3>\n<p>Utrustad med en <strong>0,6\u03a9 spole<\/strong>, den <strong><a href=\"https:\/\/euvapz.com\/sv\/produkt-kategori\/arymi-disposable-vape\/\">ARYMI Elibar 18000 puffar<\/a> Vape f\u00f6r eng\u00e5ngsbruk<\/strong> s\u00e4kerst\u00e4ller en j\u00e4mn dragning och konsekvent \u00e5ngproduktion. Det l\u00e4gre motst\u00e5ndet bidrar till enhetens f\u00f6rm\u00e5ga att ge rika smaker och tillfredsst\u00e4llande moln.<\/p>\n<h3><strong>Konstant volt: 3,6V<\/strong><\/h3>\n<p>Den <strong>ARYMI Elibar<\/strong> arbetar vid en stabil <strong>3.6V<\/strong>vilket ger en j\u00e4mn effekt f\u00f6r varje bloss. Denna sp\u00e4nning s\u00e4kerst\u00e4ller att enheten ger en stadig och p\u00e5litlig vapingupplevelse fr\u00e5n b\u00f6rjan till slut.<\/p>\n<h3><strong>Bekv\u00e4m USB-C-laddning<\/strong><\/h3>\n<p>F\u00f6r dem som f\u00f6redrar att ladda sina eng\u00e5ngsvapor finns <strong>USB-C-laddningsport<\/strong> \u00e4r en extra f\u00f6rdel. Det h\u00e4r moderna laddningsalternativet s\u00e4kerst\u00e4ller snabb och effektiv laddning, vilket f\u00f6rl\u00e4nger vape-apparatens livsl\u00e4ngd och g\u00f6r att du kan f\u00e5 ut mesta m\u00f6jliga av din enhet.<\/p>\n<hr \/>\n<h2><strong>Ett brett utbud av l\u00e4ckra smaker<\/strong><\/h2>\n<p>En av de mest utm\u00e4rkande funktionerna i <strong>ARYMI Elibar 18000 Puffs Eng\u00e5ngsvape <\/strong>\u00e4r dess breda utbud av sp\u00e4nnande smaker. Oavsett om du gillar fruktiga blandningar, uppfriskande mentol eller klassiska tobakssmaker finns det n\u00e5got f\u00f6r alla. H\u00e4r \u00e4r n\u00e5gra av de mest popul\u00e4ra smakerna som finns tillg\u00e4ngliga:<\/p>\n<h3><strong>Fruktiga smaker<\/strong><\/h3>\n<ul>\n<li><strong>Persika Mango Vattenmelon<\/strong> - En tropisk blandning av s\u00f6t persika, uppfriskande mango och saftig vattenmelon som spricker av smak i varje bloss.<\/li>\n<li><strong>Jordgubb Kiwi<\/strong> - En h\u00e4rlig kombination av s\u00f6ta jordgubbar och syrlig kiwi som ger en upplevelse som f\u00e5r det att vattnas i munnen.<\/li>\n<li><strong>Passionsfrukt<\/strong> - En tropisk njutning som balanserar passionsfruktens s\u00f6tma och syrlighet f\u00f6r en uppfriskande vapingupplevelse.<\/li>\n<li><strong>Jordgubbar Vattenmelon<\/strong> - En s\u00f6t, fruktig kombo som kombinerar smaken av mogna jordgubbar och sval vattenmelon f\u00f6r en perfekt vape hela dagen.<\/li>\n<li><strong>Persika is<\/strong> - En uppfriskande persikosmak med en sval mentolfinish som \u00e4r perfekt f\u00f6r varma dagar.<\/li>\n<\/ul>\n<h3><strong>Mentol- och mintsmak<\/strong><\/h3>\n<ul>\n<li><strong>Lush Ice<\/strong> - En sval mentolsmak med en antydan till s\u00f6t frukt, vilket ger en kyld vapingupplevelse.<\/li>\n<li><strong>Citronmynta<\/strong> - Den syrliga citronskalen m\u00f6ter den svala friskheten fr\u00e5n mynta f\u00f6r en verkligt uppfriskande vape.<\/li>\n<li><strong>Jordgubb Mint<\/strong> - En perfekt balans mellan s\u00f6t jordgubbssmak och uppfriskande mynta.<\/li>\n<\/ul>\n<h3><strong>B\u00e4rsmaker<\/strong><\/h3>\n<ul>\n<li><strong>Mixa b\u00e4r<\/strong> - En blandning av olika b\u00e4r, fylld med naturlig s\u00f6tma och en antydan till syrlighet.<\/li>\n<li><strong>Aloe Druva<\/strong> - En unik blandning av aloe vera och s\u00f6ta druvor f\u00f6r en mjuk, exotisk vape.<\/li>\n<li><strong>Bj\u00f6rnb\u00e4rsis<\/strong> - Rik bj\u00f6rnb\u00e4rssmak kompletterad med en isig mentolfinish f\u00f6r en sval, uppfriskande upplevelse.<\/li>\n<li><strong>Bl\u00e5b\u00e4r Hallon<\/strong> - En balanserad blandning av s\u00f6ta bl\u00e5b\u00e4r och syrliga hallon som skapar en h\u00e4rligt fruktig vape.<\/li>\n<\/ul>\n<h3><strong>Klassiska och unika smaker<\/strong><\/h3>\n<ul>\n<li><strong>Tuggummi Mint<\/strong> - En blandning av s\u00f6tt bubbelgum och uppfriskande mint, med en nostalgisk smak som f\u00e5r dig att komma tillbaka.<\/li>\n<li><strong>Rosa citron<\/strong> - En syrlig och uppfriskande blandning av citron med en s\u00f6t, l\u00e4tt blommig twist.<\/li>\n<li><strong>Cola Citron<\/strong> - Den klassiska smaken av cola med en fr\u00e4sch citrontwist f\u00f6r en uppfriskande, kolsyrad vape-upplevelse.<\/li>\n<li><strong>Jordgubb Mango<\/strong> - En len, tropisk kombination av mogna jordgubbar och saftig mango.<\/li>\n<li><strong>Double Apple Shisha<\/strong> - En dj\u00e4rv \u00e4ppelsmak med inslag av traditionell shishatobak, perfekt f\u00f6r dem som tycker om rika, aromatiska smaker.<\/li>\n<li><strong>Mango is<\/strong> - En svalkande mangosmak i kombination med en mentolfinish ger en perfekt tropisk vape.<\/li>\n<\/ul>\n<hr \/>\n<h2><img decoding=\"async\" class=\"alignnone size-full wp-image-26640\" src=\"https:\/\/euvapz.com\/wp-content\/uploads\/2025\/02\/ARYMI-Elibar-18000-Puffs-Disposable-Vape-Perfect-for-Bulk-Buying-Wholesale-5.webp\" alt=\"ARYMI Elibar 18000 Puffs Eng\u00e5ngsvape Perfekt f\u00f6r bulkink\u00f6p och partihandel\" width=\"2000\" height=\"2000\" srcset=\"https:\/\/euvapz.com\/wp-content\/uploads\/2025\/02\/ARYMI-Elibar-18000-Puffs-Disposable-Vape-Perfect-for-Bulk-Buying-Wholesale-5.webp 2000w, https:\/\/euvapz.com\/wp-content\/uploads\/2025\/02\/ARYMI-Elibar-18000-Puffs-Disposable-Vape-Perfect-for-Bulk-Buying-Wholesale-5-430x430.webp 430w, https:\/\/euvapz.com\/wp-content\/uploads\/2025\/02\/ARYMI-Elibar-18000-Puffs-Disposable-Vape-Perfect-for-Bulk-Buying-Wholesale-5-150x150.webp 150w, https:\/\/euvapz.com\/wp-content\/uploads\/2025\/02\/ARYMI-Elibar-18000-Puffs-Disposable-Vape-Perfect-for-Bulk-Buying-Wholesale-5-700x700.webp 700w, https:\/\/euvapz.com\/wp-content\/uploads\/2025\/02\/ARYMI-Elibar-18000-Puffs-Disposable-Vape-Perfect-for-Bulk-Buying-Wholesale-5-300x300.webp 300w, https:\/\/euvapz.com\/wp-content\/uploads\/2025\/02\/ARYMI-Elibar-18000-Puffs-Disposable-Vape-Perfect-for-Bulk-Buying-Wholesale-5-800x800.webp 800w, https:\/\/euvapz.com\/wp-content\/uploads\/2025\/02\/ARYMI-Elibar-18000-Puffs-Disposable-Vape-Perfect-for-Bulk-Buying-Wholesale-5-768x768.webp 768w, https:\/\/euvapz.com\/wp-content\/uploads\/2025\/02\/ARYMI-Elibar-18000-Puffs-Disposable-Vape-Perfect-for-Bulk-Buying-Wholesale-5-1536x1536.webp 1536w, https:\/\/euvapz.com\/wp-content\/uploads\/2025\/02\/ARYMI-Elibar-18000-Puffs-Disposable-Vape-Perfect-for-Bulk-Buying-Wholesale-5-12x12.webp 12w\" sizes=\"(max-width: 2000px) 100vw, 2000px\" \/><\/h2>\n<h2><strong>F\u00f6rdelar med ARYMI Elibar 18000 Puffs eng\u00e5ngsvape<\/strong><\/h2>\n<h3><strong>L\u00e5ng livsl\u00e4ngd<\/strong><\/h3>\n<p>Med upp till <strong>18.000 puffar<\/strong>, den <strong>ARYMI Elibar<\/strong> s\u00e4kerst\u00e4ller att du f\u00e5r maximal njutning och v\u00e4rde fr\u00e5n din enhet. Den \u00e4r perfekt f\u00f6r personer som inte vill byta ut sina vape-pennor ofta.<\/p>\n<h3><strong>Bekv\u00e4m laddning<\/strong><\/h3>\n<p>Tack vare <strong>USB-C-laddningsport<\/strong>kan anv\u00e4ndarna snabbt och enkelt ladda upp enheten f\u00f6r att f\u00f6rl\u00e4nga dess livsl\u00e4ngd, vilket g\u00f6r den till ett milj\u00f6v\u00e4nligt och kostnadseffektivt alternativ.<\/p>\n<h3><strong>Portabel och enkel att anv\u00e4nda<\/strong><\/h3>\n<p>Med sin kompakta och l\u00e4tta design \u00e4r <strong>ARYMI Elibar 18000 Puffs Eng\u00e5ngsvape<\/strong> \u00e4r l\u00e4tt att b\u00e4ra med sig, f\u00f6rvara och anv\u00e4nda n\u00e4r du \u00e4r p\u00e5 spr\u00e5ng. Vapna och ladda n\u00e4r det beh\u00f6vs - inget behov av p\u00e5fyllning eller kr\u00e5ngligt underh\u00e5ll.<\/p>\n<h3><strong>Inga kompromisser n\u00e4r det g\u00e4ller smak<\/strong><\/h3>\n<p>Den <strong>ARYMI Elibar<\/strong> kommer med en m\u00e4ngd olika smakrika alternativ, fr\u00e5n fruktig till mint till klassisk, vilket s\u00e4kerst\u00e4ller att det finns n\u00e5got f\u00f6r alla smakpreferenser. Varje smak \u00e4r utformad f\u00f6r att ge en rik, fyllig smak med varje bloss.<\/p>\n<hr \/>\n<h2><img decoding=\"async\" class=\"alignnone size-full wp-image-26639\" src=\"https:\/\/euvapz.com\/wp-content\/uploads\/2025\/02\/ARYMI-Elibar-18000-Puffs-Disposable-Vape-Perfect-for-Bulk-Buying-Wholesale-4.webp\" alt=\"ARYMI Elibar 18000 Puffs Eng\u00e5ngsvape Perfekt f\u00f6r bulkink\u00f6p och partihandel\" width=\"1080\" height=\"1080\" srcset=\"https:\/\/euvapz.com\/wp-content\/uploads\/2025\/02\/ARYMI-Elibar-18000-Puffs-Disposable-Vape-Perfect-for-Bulk-Buying-Wholesale-4.webp 1080w, https:\/\/euvapz.com\/wp-content\/uploads\/2025\/02\/ARYMI-Elibar-18000-Puffs-Disposable-Vape-Perfect-for-Bulk-Buying-Wholesale-4-430x430.webp 430w, https:\/\/euvapz.com\/wp-content\/uploads\/2025\/02\/ARYMI-Elibar-18000-Puffs-Disposable-Vape-Perfect-for-Bulk-Buying-Wholesale-4-150x150.webp 150w, https:\/\/euvapz.com\/wp-content\/uploads\/2025\/02\/ARYMI-Elibar-18000-Puffs-Disposable-Vape-Perfect-for-Bulk-Buying-Wholesale-4-700x700.webp 700w, https:\/\/euvapz.com\/wp-content\/uploads\/2025\/02\/ARYMI-Elibar-18000-Puffs-Disposable-Vape-Perfect-for-Bulk-Buying-Wholesale-4-300x300.webp 300w, https:\/\/euvapz.com\/wp-content\/uploads\/2025\/02\/ARYMI-Elibar-18000-Puffs-Disposable-Vape-Perfect-for-Bulk-Buying-Wholesale-4-800x800.webp 800w, https:\/\/euvapz.com\/wp-content\/uploads\/2025\/02\/ARYMI-Elibar-18000-Puffs-Disposable-Vape-Perfect-for-Bulk-Buying-Wholesale-4-768x768.webp 768w, https:\/\/euvapz.com\/wp-content\/uploads\/2025\/02\/ARYMI-Elibar-18000-Puffs-Disposable-Vape-Perfect-for-Bulk-Buying-Wholesale-4-12x12.webp 12w\" sizes=\"(max-width: 1080px) 100vw, 1080px\" \/><\/h2>\n<h2><strong>Varf\u00f6r v\u00e4lja ARYMI Elibar f\u00f6r dina behov av eng\u00e5ngsvape i grossistledet<\/strong><\/h2>\n<h3><strong>Perfekt f\u00f6r bulkk\u00f6p<\/strong><\/h3>\n<p>Den <strong><a href=\"https:\/\/euvapz.com\/sv\/produkt-kategori\/arymi-disposable-vape\/\">ARYMI Elibar 18000 puffar<\/a> Vape f\u00f6r eng\u00e5ngsbruk<\/strong> \u00e4r idealisk f\u00f6r <strong>eng\u00e5ngsartiklar bulk k\u00f6p vape<\/strong> behov. Partihandelsk\u00f6pare kan dra nytta av konkurrenskraftiga priser, alternativ f\u00f6r ink\u00f6p i bulk och en produkt som uppfyller den h\u00f6ga efterfr\u00e5gan fr\u00e5n konsumenter som letar efter p\u00e5litliga och l\u00e5ngvariga eng\u00e5ngsvapor.<\/p>\n<h3><strong>P\u00e5litlig leverant\u00f6r f\u00f6r europeiska marknader<\/strong><\/h3>\n<p>Som grossist \u00e4r ink\u00f6p <strong>ARYMI Elibar<\/strong> eng\u00e5ngsvapes genom oss s\u00e4kerst\u00e4ller att du f\u00e5r en produkt som \u00e4r v\u00e4l l\u00e4mpad f\u00f6r den europeiska marknaden. V\u00e5ra produkter levereras effektivt och uppfyller f\u00f6rv\u00e4ntningarna hos b\u00e5de \u00e5terf\u00f6rs\u00e4ljare och enskilda k\u00f6pare i hela Europa.<\/p>\n<h3><strong>Garanterad kundtillfredsst\u00e4llelse<\/strong><\/h3>\n<p>V\u00e5rt fokus ligger p\u00e5 att tillhandah\u00e5lla h\u00f6gkvalitativa produkter som uppfyller behoven hos b\u00e5de slutkonsumenter och grossistk\u00f6pare. Med <strong>ARYMI Elibar<\/strong>v\u00e4ljer du en produkt som ger tillf\u00f6rlitlighet, smakvariation och l\u00e5ngvarig njutning.<\/p>\n<hr \/>\n<h2><strong>Tekniska specifikationer f\u00f6r ARYMI Elibar 18000 Puffs eng\u00e5ngsvape<\/strong><\/h2>\n<table>\n<thead>\n<tr>\n<th><strong>Funktion<\/strong><\/th>\n<th><strong>Specifikation<\/strong><\/th>\n<\/tr>\n<\/thead>\n<tbody>\n<tr>\n<td><strong>Puffar<\/strong><\/td>\n<td>18,000<\/td>\n<\/tr>\n<tr>\n<td><strong>Nikotinstyrka<\/strong><\/td>\n<td>0.5%<\/td>\n<\/tr>\n<tr>\n<td><strong>Motst\u00e5nd<\/strong><\/td>\n<td>0.6\u03a9<\/td>\n<\/tr>\n<tr>\n<td><strong>Sp\u00e4nning<\/strong><\/td>\n<td>3.6V<\/td>\n<\/tr>\n<tr>\n<td><strong>Port f\u00f6r laddning<\/strong><\/td>\n<td>USB-C<\/td>\n<\/tr>\n<tr>\n<td><strong>Kapacitet f\u00f6r e-v\u00e4tska<\/strong><\/td>\n<td>36ml (18ml x 2)<\/td>\n<\/tr>\n<\/tbody>\n<\/table>\n<hr \/>\n<h2><strong>Slutsats<\/strong><\/h2>\n<p>Den <strong>ARYMI Elibar 18000 puffar <a href=\"https:\/\/euvapz.com\/sv\">Vape f\u00f6r eng\u00e5ngsbruk<\/a><\/strong> \u00e4r en game-changer i v\u00e4rlden av eng\u00e5ngsvapor. Med sin <strong>l\u00e5ngvariga puffar<\/strong>, <strong>uts\u00f6kt variation av smaker<\/strong>, och <strong>l\u00e4ttanv\u00e4nd design<\/strong>erbjuder den en f\u00f6rstklassig vapingupplevelse. Oavsett om du letar efter en personlig enhet eller beh\u00f6ver k\u00f6pa i bulk f\u00f6r ditt f\u00f6retag, \u00e4r <strong>ARYMI Elibar<\/strong> har du t\u00e4ckt. K\u00f6p nu och njut av den b\u00e4sta vapingupplevelsen som finns.<\/p>\n<p><script src=\"chrome-extension:\/\/fpelahbljekknahkcaegamhcndkfpfnc\/iFrame.js\" type=\"text\/javascript\"><\/script><\/p>","protected":false},"excerpt":{"rendered":"<p>Den <strong data-start=\"4\" data-end=\"48\">ARYMI Elibar 18000 Puffs Eng\u00e5ngsvape<\/strong> ger upp till 18 000 puffar med 36 ml e-juice, vilket ger mjuka, smakrika tr\u00e4ffar. Med en 0,6\u03a9 mesh-spole, 0,5% nikotinstyrka och USB-C-laddning garanterar den konsekvent prestanda. Med smaker som <strong data-start=\"258\" data-end=\"284\">Persika Mango Vattenmelon<\/strong> och <strong data-start=\"289\" data-end=\"308\">Jordgubb Kiwi<\/strong>\u00e4r det perfekt f\u00f6r l\u00e5ngvarig tillfredsst\u00e4llelse och perfekt f\u00f6r grossistk\u00f6p i bulk.<\/p>","protected":false},"featured_media":33892,"comment_status":"open","ping_status":"closed","template":"","meta":[],"product_brand":[170],"product_cat":[172],"product_tag":[],"class_list":{"0":"post-26635","1":"product","2":"type-product","3":"status-publish","4":"has-post-thumbnail","6":"product_brand-arymi-disposable-vape","7":"product_cat-arymi-disposable-vape","9":"first","10":"instock","11":"shipping-taxable","12":"purchasable","13":"product-type-variable"},"_links":{"self":[{"href":"https:\/\/euvapz.com\/sv\/wp-json\/wp\/v2\/product\/26635","targetHints":{"allow":["GET"]}}],"collection":[{"href":"https:\/\/euvapz.com\/sv\/wp-json\/wp\/v2\/product"}],"about":[{"href":"https:\/\/euvapz.com\/sv\/wp-json\/wp\/v2\/types\/product"}],"replies":[{"embeddable":true,"href":"https:\/\/euvapz.com\/sv\/wp-json\/wp\/v2\/comments?post=26635"}],"version-history":[{"count":3,"href":"https:\/\/euvapz.com\/sv\/wp-json\/wp\/v2\/product\/26635\/revisions"}],"predecessor-version":[{"id":33896,"href":"https:\/\/euvapz.com\/sv\/wp-json\/wp\/v2\/product\/26635\/revisions\/33896"}],"wp:featuredmedia":[{"embeddable":true,"href":"https:\/\/euvapz.com\/sv\/wp-json\/wp\/v2\/media\/33892"}],"wp:attachment":[{"href":"https:\/\/euvapz.com\/sv\/wp-json\/wp\/v2\/media?parent=26635"}],"wp:term":[{"taxonomy":"product_brand","embeddable":true,"href":"https:\/\/euvapz.com\/sv\/wp-json\/wp\/v2\/product_brand?post=26635"},{"taxonomy":"product_cat","embeddable":true,"href":"https:\/\/euvapz.com\/sv\/wp-json\/wp\/v2\/product_cat?post=26635"},{"taxonomy":"product_tag","embeddable":true,"href":"https:\/\/euvapz.com\/sv\/wp-json\/wp\/v2\/product_tag?post=26635"}],"curies":[{"name":"wp","href":"https:\/\/api.w.org\/{rel}","templated":true}]}}