{"id":26714,"date":"2025-02-28T13:30:30","date_gmt":"2025-02-28T13:30:30","guid":{"rendered":"https:\/\/euvapz.com\/?post_type=product&#038;p=26714"},"modified":"2025-03-27T09:32:41","modified_gmt":"2025-03-27T09:32:41","slug":"arymi-lt-x-15000-puffar-engangsvape-justerbart-luftflode-for-anpassade-drag","status":"publish","type":"product","link":"https:\/\/euvapz.com\/sv\/produkt\/arymi-lt-x-15000-puffar-engangsvape-justerbart-luftflode-for-anpassade-drag\/","title":{"rendered":"ARYMI LT.X 15000 Puffs Eng\u00e5ngsvape Justerbart luftfl\u00f6de f\u00f6r skr\u00e4ddarsydda dragningar"},"content":{"rendered":"<p>Den <strong>ARYMI LT.X 15000 puffar <a href=\"https:\/\/euvapz.com\/sv\">Vape f\u00f6r eng\u00e5ngsbruk<\/a><\/strong> \u00e4r en spelf\u00f6r\u00e4ndrande enhet designad f\u00f6r dem som v\u00e4rdes\u00e4tter livsl\u00e4ngd, smak och bekv\u00e4mlighet i ett snyggt paket. Denna toppmoderna vape-pennan erbjuder extraordin\u00e4ra 15 000 puffar, vilket s\u00e4kerst\u00e4ller att anv\u00e4ndarna f\u00e5r en l\u00e5ngvarig upplevelse med varje puff. Oavsett om du \u00e4r en avslappnad vaper eller en tung anv\u00e4ndare, levererar ARYMI LT.X h\u00f6g prestanda och en tillfredsst\u00e4llande dragning med varje inandning.<\/p>\n<p>Vid <strong>euvapz.com<\/strong>erbjuder vi <strong>eng\u00e5ngs vape pennor f\u00f6r eng\u00e5ngsbruk<\/strong> och alternativ f\u00f6r bulkk\u00f6p f\u00f6r att hj\u00e4lpa distribut\u00f6rer och \u00e5terf\u00f6rs\u00e4ljare att m\u00f6ta den v\u00e4xande efterfr\u00e5gan p\u00e5 h\u00f6gkvalitativa eng\u00e5ngsvapor i Europa. Den h\u00e4r modellen har ett justerbart luftfl\u00f6de, dubbla mesh-spolar och en l\u00e4ttanv\u00e4nd design - allt du beh\u00f6ver f\u00f6r en f\u00f6rh\u00f6jd vapingupplevelse.<\/p>\n<hr \/>\n<h3><\/h3>\n<h3><strong>Viktiga egenskaper hos ARYMI LT.X 15000 Puffs Eng\u00e5ngs Vape<\/strong><\/h3>\n<h4><strong>Puffar: 15000<\/strong><\/h4>\n<ul>\n<li>Den <a href=\"https:\/\/euvapz.com\/sv\/produkt-kategori\/arymi-disposable-vape\/\"><strong>ARYMI LT.X<\/strong><\/a> har imponerande 15 000 puffar, vilket m\u00f6jligg\u00f6r l\u00e5ngvarig anv\u00e4ndning utan att beh\u00f6va bytas ut ofta. Detta ut\u00f6kade antal puffar g\u00f6r den idealisk f\u00f6r marknader med h\u00f6g efterfr\u00e5gan och konsumenter som vill ha v\u00e4rde och l\u00e5ng livsl\u00e4ngd i sina eng\u00e5ngsvapor.<\/li>\n<\/ul>\n<h4><strong>Nikotinstyrka<\/strong><\/h4>\n<ul>\n<li>ARYMI LT.X finns tillg\u00e4nglig i en m\u00e4ngd olika nikotinstyrkor f\u00f6r att passa individuella preferenser. Den \u00e4r formulerad f\u00f6r att ge en j\u00e4mn och konsekvent nikotintr\u00e4ff, vilket g\u00f6r den perfekt f\u00f6r dem som vill ha en njutbar vapingupplevelse.<\/li>\n<\/ul>\n<h4><strong>Motst\u00e5nd: 1,2\u03a9<\/strong><\/h4>\n<ul>\n<li>Motst\u00e5ndet p\u00e5 1,2\u03a9 i ARYMI LT.X s\u00e4kerst\u00e4ller en balanserad, smakrik \u00e5nga vid varje drag. Detta spolmotst\u00e5nd \u00e4r optimerat f\u00f6r j\u00e4mn \u00e5ngproduktion och en tillfredsst\u00e4llande throat hit, vilket ger den perfekta balansen mellan smak och \u00e5nga.<\/li>\n<\/ul>\n<h4><strong>USB-C-laddning<\/strong><\/h4>\n<ul>\n<li>ARYMI LT.X \u00e4r av eng\u00e5ngskarakt\u00e4r, men har \u00e4nd\u00e5 en <strong>USB-C-laddningsport<\/strong>Detta ger extra bekv\u00e4mlighet f\u00f6r anv\u00e4ndare som vill ladda och f\u00f6rl\u00e4nga enhetens livsl\u00e4ngd. Den h\u00e4r funktionen s\u00e4kerst\u00e4ller att du inte f\u00e5r slut p\u00e5 \u00e5nga i f\u00f6rtid.<\/li>\n<\/ul>\n<h4><strong>Dual Mesh Coil-design<\/strong><\/h4>\n<ul>\n<li>Den <strong>Spole med dubbla n\u00e4t<\/strong> tekniken \u00f6kar ytarean, vilket ger snabb och j\u00e4mn uppv\u00e4rmning f\u00f6r en mjukare dragning och f\u00f6rb\u00e4ttrad smakleverans. Oavsett om du anv\u00e4nder enheten under en l\u00e4ngre period eller njuter av den n\u00e4r du \u00e4r p\u00e5 spr\u00e5ng, erbjuder mesh-spolarna \u00f6verl\u00e4gsen prestanda j\u00e4mf\u00f6rt med traditionella spolar.<\/li>\n<\/ul>\n<h4><strong>Justerbart luftfl\u00f6de<\/strong><\/h4>\n<ul>\n<li>Den <strong>justerbart luftfl\u00f6de<\/strong> funktionen g\u00f6r det m\u00f6jligt f\u00f6r anv\u00e4ndare att anpassa sin vapingupplevelse, oavsett om de f\u00f6redrar en stramare dragning f\u00f6r en mer koncentrerad tr\u00e4ff eller en l\u00f6sare dragning f\u00f6r st\u00f6rre \u00e5ngmoln.<\/li>\n<\/ul>\n<hr \/>\n<h3><strong>Smaker av ARYMI LT.X 15000 Puffs Eng\u00e5ngs Vape<\/strong><\/h3>\n<p>Den <a href=\"https:\/\/euvapz.com\/sv\/produkt-kategori\/arymi-disposable-vape\/\"><strong>ARYMI LT.X<\/strong> <\/a>finns i en rad l\u00e4ckra smaker som \u00e4r utformade f\u00f6r att tillfredsst\u00e4lla alla vaper-gommar. Fr\u00e5n uppfriskande fruktiga blandningar till iskalla svala sensationer, de tillg\u00e4ngliga smakerna inkluderar:<\/p>\n<ol>\n<li><strong>Blue Razz Gummy<\/strong> - En s\u00f6t, syrlig blandning av bl\u00e5 hallon med en godisliknande gummy finish.<\/li>\n<li><strong>Bl\u00e5b\u00e4r Hallon<\/strong> - En syrlig men \u00e4nd\u00e5 s\u00f6t blandning av saftiga bl\u00e5b\u00e4r och hallon.<\/li>\n<li><strong>Miami Mint<\/strong> - En sval, uppfriskande mintsmak med en touch av tropisk k\u00e4nsla.<\/li>\n<li><strong>Jordgubbs-hallon-is<\/strong> - En s\u00f6t och syrlig kombination av jordgubbar och hallon, f\u00f6rst\u00e4rkt med en kylig, isig k\u00e4nsla.<\/li>\n<li><strong>Jordgubbar Vattenmelon<\/strong> - En perfekt blandning av f\u00e4rska jordgubbar och vattenmelon, perfekt f\u00f6r dem som gillar fruktiga smaker.<\/li>\n<li><strong>Sommartid<\/strong> - En fruktig, tropisk blandning som tar dig direkt till stranden med varje bloss.<\/li>\n<li><strong>Persika is<\/strong> - En len och s\u00f6t persikosmak kompletterad med en isig finish f\u00f6r en svalkande k\u00e4nsla.<\/li>\n<li><strong>Banan is<\/strong> - En len banansmak med en frostig, svalkande effekt.<\/li>\n<\/ol>\n<hr \/>\n<h3><\/h3>\n<h3><img fetchpriority=\"high\" decoding=\"async\" class=\"alignnone size-full wp-image-26745\" src=\"https:\/\/euvapz.com\/wp-content\/uploads\/2025\/02\/ARYMI-LT.X-15000-Puffs-Disposable-Vape-Adjustable-Airflow-for-Customized-Draws-9.webp\" alt=\"ARYMI LT.X 15000 Puffs Eng\u00e5ngsvape Justerbart luftfl\u00f6de f\u00f6r skr\u00e4ddarsydda dragningar\" width=\"744\" height=\"1080\" srcset=\"https:\/\/euvapz.com\/wp-content\/uploads\/2025\/02\/ARYMI-LT.X-15000-Puffs-Disposable-Vape-Adjustable-Airflow-for-Customized-Draws-9.webp 744w, https:\/\/euvapz.com\/wp-content\/uploads\/2025\/02\/ARYMI-LT.X-15000-Puffs-Disposable-Vape-Adjustable-Airflow-for-Customized-Draws-9-430x624.webp 430w, https:\/\/euvapz.com\/wp-content\/uploads\/2025\/02\/ARYMI-LT.X-15000-Puffs-Disposable-Vape-Adjustable-Airflow-for-Customized-Draws-9-150x218.webp 150w, https:\/\/euvapz.com\/wp-content\/uploads\/2025\/02\/ARYMI-LT.X-15000-Puffs-Disposable-Vape-Adjustable-Airflow-for-Customized-Draws-9-700x1016.webp 700w, https:\/\/euvapz.com\/wp-content\/uploads\/2025\/02\/ARYMI-LT.X-15000-Puffs-Disposable-Vape-Adjustable-Airflow-for-Customized-Draws-9-207x300.webp 207w, https:\/\/euvapz.com\/wp-content\/uploads\/2025\/02\/ARYMI-LT.X-15000-Puffs-Disposable-Vape-Adjustable-Airflow-for-Customized-Draws-9-551x800.webp 551w, https:\/\/euvapz.com\/wp-content\/uploads\/2025\/02\/ARYMI-LT.X-15000-Puffs-Disposable-Vape-Adjustable-Airflow-for-Customized-Draws-9-8x12.webp 8w\" sizes=\"(max-width: 744px) 100vw, 744px\" \/><\/h3>\n<h3><strong>Varf\u00f6r v\u00e4lja ARYMI LT.X 15000 Puffs Eng\u00e5ngs Vape?<\/strong><\/h3>\n<h4><strong>\u00d6verl\u00e4gsen smakkvalitet<\/strong><\/h4>\n<p>ARYMI LT.X garanterar rika, livfulla smaker som sticker ut p\u00e5 en fullsatt marknad. Oavsett om du \u00e4r ett fan av fruktiga, mintiga eller isfyllda smaker, \u00e4r <strong>spolteknik med dubbla n\u00e4t<\/strong> och <strong>justerbart luftfl\u00f6de<\/strong> g\u00f6r varje puff smakfull och tillfredsst\u00e4llande.<\/p>\n<h4><strong>L\u00e5ng livsl\u00e4ngd och kostnadseffektivitet<\/strong><\/h4>\n<p>Med upp till <strong>15.000 puffar<\/strong>erbjuder denna eng\u00e5ngsvape ett o\u00f6vertr\u00e4ffat v\u00e4rde f\u00f6r anv\u00e4ndare som vill ha en l\u00e5ngvarig upplevelse utan att st\u00e4ndigt byta ut sin enhet. F\u00f6r <strong>grossist eng\u00e5ngs vape penna<\/strong> distribut\u00f6rer, s\u00e4kerst\u00e4ller denna funktion att kunderna f\u00e5r mer v\u00e4rde f\u00f6r sin investering, vilket leder till \u00e5terkommande aff\u00e4rer.<\/p>\n<h4><strong>Bekv\u00e4mt och anv\u00e4ndarv\u00e4nligt<\/strong><\/h4>\n<p>Den <strong>USB-C-laddning<\/strong> port garanterar snabb laddning, medan det justerbara luftfl\u00f6det och de dubbla mesh-spolarna ger en anpassningsbar vapingupplevelse. Den eleganta, kompakta designen g\u00f6r den l\u00e4tt att b\u00e4ra med sig och den \u00e4r eng\u00e5ngsbruk f\u00f6r extra bekv\u00e4mlighet.<\/p>\n<h4><strong>Perfekt f\u00f6r grossist- och bulkk\u00f6p<\/strong><\/h4>\n<p>Den <a href=\"https:\/\/euvapz.com\/sv\/produkt-kategori\/arymi-disposable-vape\/\"><strong>ARYMI LT.X 15000 puffar<\/strong><\/a> Disposable Vape \u00e4r ett popul\u00e4rt val f\u00f6r distribut\u00f6rer och grossister i hela Europa. <strong>euvapz.com<\/strong> erbjuder attraktiva grossistpriser f\u00f6r stork\u00f6pare, vilket s\u00e4kerst\u00e4ller att du kan m\u00f6ta den v\u00e4xande efterfr\u00e5gan p\u00e5 eng\u00e5ngsvape p\u00e5 den europeiska marknaden.<\/p>\n<hr \/>\n<h3><strong>Specifikationer Tabell<\/strong><\/h3>\n<table>\n<thead>\n<tr>\n<th>Funktion<\/th>\n<th>Detaljer<\/th>\n<\/tr>\n<\/thead>\n<tbody>\n<tr>\n<td><strong>Puffar<\/strong><\/td>\n<td>15,000<\/td>\n<\/tr>\n<tr>\n<td><strong>Nikotinstyrka<\/strong><\/td>\n<td>5%<\/td>\n<\/tr>\n<tr>\n<td><strong>Motst\u00e5nd<\/strong><\/td>\n<td>1.2\u03a9<\/td>\n<\/tr>\n<tr>\n<td><strong>Laddning<\/strong><\/td>\n<td>USB-C<\/td>\n<\/tr>\n<tr>\n<td><strong>Typ av spole<\/strong><\/td>\n<td>Spole med dubbla n\u00e4t<\/td>\n<\/tr>\n<tr>\n<td><strong>Luftfl\u00f6de<\/strong><\/td>\n<td>Justerbar<\/td>\n<\/tr>\n<tr>\n<td><strong>M\u00e5tt och dimensioner<\/strong><\/td>\n<td>112.9<em>42.3<\/em>23,0 mm<\/td>\n<\/tr>\n<tr>\n<td><strong>Smakalternativ<\/strong><\/td>\n<td>Blue Razz Gummy, Miami Mint, Strawberry Watermelon, etc.<\/td>\n<\/tr>\n<tr>\n<td><strong>Vikt<\/strong><\/td>\n<td>98g<\/td>\n<\/tr>\n<tr>\n<td><strong>F\u00f6rpackningsstorlek<\/strong><\/td>\n<td>10 vapes per f\u00f6rpackning<\/td>\n<\/tr>\n<\/tbody>\n<\/table>\n<hr \/>\n<h3><strong>F\u00f6rdelar med att k\u00f6pa ARYMI LT.X 15000 Puffs eng\u00e5ngsvape i bulk<\/strong><\/h3>\n<ol>\n<li><strong>Konkurrenskraftiga priser f\u00f6r grossistink\u00f6p<\/strong>\n<ul>\n<li>Vi erbjuder <strong>eng\u00e5ngs vape pennor f\u00f6r eng\u00e5ngsbruk<\/strong> till konkurrenskraftiga priser. Bulkk\u00f6p g\u00f6r det m\u00f6jligt f\u00f6r \u00e5terf\u00f6rs\u00e4ljare att maximera vinsten samtidigt som de erbjuder h\u00f6gkvalitativa produkter till kunderna.<\/li>\n<\/ul>\n<\/li>\n<li><strong>Brett utbud av smaker<\/strong>\n<ul>\n<li>V\u00e5r <strong><a href=\"https:\/\/euvapz.com\/sv\/produkt-kategori\/arymi-disposable-vape\/\">ARYMI LT.X 15000 puffar<\/a> Vape f\u00f6r eng\u00e5ngsbruk<\/strong> finns i ett brett urval av smaker som tilltalar en bred publik med varierande smak.<\/li>\n<\/ul>\n<\/li>\n<li><strong>Enhetlighet och kvalitetss\u00e4kring<\/strong>\n<ul>\n<li>Varje ARYMI LT.X \u00e4r utformad f\u00f6r att leverera samma h\u00f6ga standard f\u00f6r prestanda och smak, vilket s\u00e4kerst\u00e4ller att dina kunder f\u00e5r en f\u00f6rstklassig vapingupplevelse varje g\u00e5ng.<\/li>\n<\/ul>\n<\/li>\n<li><strong>Snabb frakt \u00f6ver hela Europa<\/strong>\n<ul>\n<li>Vi erbjuder snabb och tillf\u00f6rlitlig leverans f\u00f6r bulkbest\u00e4llningar i hela Europa, s\u00e5 att du aldrig f\u00e5r slut p\u00e5 lager.<\/li>\n<\/ul>\n<\/li>\n<\/ol>\n<hr \/>\n<h3><strong>Varf\u00f6r Vapers \u00e4lskar ARYMI LT.X 15000 Puffs Eng\u00e5ngs Vape<\/strong><\/h3>\n<h4><strong>Den l\u00e5ngvariga upplevelsen<\/strong><\/h4>\n<p>M\u00e5nga vapers uppskattar att <strong>ARYMI LT.X<\/strong> erbjudanden <strong>15.000 puffar<\/strong>vilket g\u00f6r den till en av de mest l\u00e5nglivade eng\u00e5ngsvapnen p\u00e5 marknaden idag. Detta s\u00e4kerst\u00e4ller att anv\u00e4ndarna inte st\u00e4ndigt beh\u00f6ver oroa sig f\u00f6r att f\u00e5 slut p\u00e5 vape.<\/p>\n<h4><strong>Rika smakprofiler<\/strong><\/h4>\n<p>ARYMI LT.X levererar inte bara nikotin, den levererar en fullst\u00e4ndig smakupplevelse. Mesh coil-tekniken s\u00e4kerst\u00e4ller att varje smak levereras i sin renaste form, oavsett om du gillar fruktiga blandningar, uppfriskande mint eller n\u00e5got s\u00f6tare.<\/p>\n<hr \/>\n<h3><strong>Hur man best\u00e4ller ARYMI LT.X 15000 Puffs eng\u00e5ngsvape<\/strong><\/h3>\n<ol>\n<li><strong>Bes\u00f6k v\u00e5r webbplats<\/strong>\n<ul>\n<li>G\u00e5 till <strong>euvapz.com<\/strong> f\u00f6r att visa alla tillg\u00e4ngliga varianter av <strong><a href=\"https:\/\/euvapz.com\/sv\/produkt-kategori\/arymi-disposable-vape\/\">ARYMI LT.X 15000 puffar<\/a> Vape f\u00f6r eng\u00e5ngsbruk<\/strong>.<\/li>\n<\/ul>\n<\/li>\n<li><strong>V\u00e4lj din kvantitet<\/strong>\n<ul>\n<li>V\u00e4lj det antal f\u00f6rpackningar du vill k\u00f6pa. Vi erbjuder alternativ f\u00f6r bulkk\u00f6p f\u00f6r grossister f\u00f6r att tillgodose dina lagerbehov.<\/li>\n<\/ul>\n<\/li>\n<li><strong>Checka ut<\/strong>\n<ul>\n<li>Slutf\u00f6r ditt k\u00f6p med hj\u00e4lp av olika s\u00e4kra betalningsalternativ som finns p\u00e5 v\u00e5r webbplats.<\/li>\n<\/ul>\n<\/li>\n<li><strong>Snabb leverans<\/strong>\n<ul>\n<li>Vi erbjuder snabb och p\u00e5litlig frakt till de flesta europeiska l\u00e4nder.<\/li>\n<\/ul>\n<\/li>\n<\/ol>\n<hr \/>\n<h3><strong>Slutsats<\/strong><\/h3>\n<p>Den <strong>ARYMI LT.X 15000 puffar <a href=\"https:\/\/euvapz.com\/sv\">Vape f\u00f6r eng\u00e5ngsbruk<\/a><\/strong> \u00e4r utformad f\u00f6r att tillgodose b\u00e5de tillf\u00e4lliga vapers och marknader med h\u00f6g efterfr\u00e5gan. Med sin imponerande <strong>15.000 puffar<\/strong>Tack vare sin unika design, rika smakval och h\u00e5llbara konstruktion ger den oslagbart v\u00e4rde f\u00f6r pengarna. Oavsett om du k\u00f6per f\u00f6r personligt bruk eller i bulk f\u00f6r \u00e5terf\u00f6rs\u00e4ljning, kommer denna eng\u00e5ngs vape penna s\u00e4kert att tillfredsst\u00e4lla b\u00e5de dig och dina kunder.<\/p>\n<p>Redo att fylla p\u00e5 med denna toppklassiga produkt? Bes\u00f6k euvapz.com idag och f\u00e5 de b\u00e4sta erbjudandena f\u00f6r <strong>eng\u00e5ngs vape pennor f\u00f6r eng\u00e5ngsbruk<\/strong> och <strong>elektroniska cigaretter f\u00f6r eng\u00e5ngsbruk<\/strong>.<\/p>\n<p><script src=\"chrome-extension:\/\/fpelahbljekknahkcaegamhcndkfpfnc\/iFrame.js\" type=\"text\/javascript\"><\/script><\/p>","protected":false},"excerpt":{"rendered":"<p>Den <strong data-start=\"4\" data-end=\"46\">ARYMI LT.X 15000 puffar eng\u00e5ngsvape<\/strong> ger 15 000 puffar av j\u00e4mn, smakrik vaping. Med en <strong data-start=\"110\" data-end=\"128\">spole med dubbla n\u00e4t<\/strong>, <strong data-start=\"130\" data-end=\"152\">justerbart luftfl\u00f6de<\/strong>, och <strong data-start=\"158\" data-end=\"176\">USB-C-laddning<\/strong>\u00e4r den byggd f\u00f6r h\u00e5llbarhet och bekv\u00e4mlighet. Finns i en m\u00e4ngd olika sp\u00e4nnande smaker som <strong data-start=\"269\" data-end=\"288\">Blue Razz Gummy<\/strong>, <strong data-start=\"290\" data-end=\"303\">Persika is<\/strong>, och <strong data-start=\"309\" data-end=\"337\">Jordgubbs-hallon-is<\/strong>\u00e4r den perfekt f\u00f6r b\u00e5de personligt bruk och <strong data-start=\"378\" data-end=\"393\">Bulkk\u00f6p<\/strong>. Njut av h\u00f6g prestanda i varje puff!<\/p>","protected":false},"featured_media":33894,"comment_status":"open","ping_status":"closed","template":"","meta":[],"product_brand":[170],"product_cat":[172],"product_tag":[],"class_list":{"0":"post-26714","1":"product","2":"type-product","3":"status-publish","4":"has-post-thumbnail","6":"product_brand-arymi-disposable-vape","7":"product_cat-arymi-disposable-vape","9":"first","10":"instock","11":"shipping-taxable","12":"purchasable","13":"product-type-variable"},"_links":{"self":[{"href":"https:\/\/euvapz.com\/sv\/wp-json\/wp\/v2\/product\/26714","targetHints":{"allow":["GET"]}}],"collection":[{"href":"https:\/\/euvapz.com\/sv\/wp-json\/wp\/v2\/product"}],"about":[{"href":"https:\/\/euvapz.com\/sv\/wp-json\/wp\/v2\/types\/product"}],"replies":[{"embeddable":true,"href":"https:\/\/euvapz.com\/sv\/wp-json\/wp\/v2\/comments?post=26714"}],"version-history":[{"count":4,"href":"https:\/\/euvapz.com\/sv\/wp-json\/wp\/v2\/product\/26714\/revisions"}],"predecessor-version":[{"id":33897,"href":"https:\/\/euvapz.com\/sv\/wp-json\/wp\/v2\/product\/26714\/revisions\/33897"}],"wp:featuredmedia":[{"embeddable":true,"href":"https:\/\/euvapz.com\/sv\/wp-json\/wp\/v2\/media\/33894"}],"wp:attachment":[{"href":"https:\/\/euvapz.com\/sv\/wp-json\/wp\/v2\/media?parent=26714"}],"wp:term":[{"taxonomy":"product_brand","embeddable":true,"href":"https:\/\/euvapz.com\/sv\/wp-json\/wp\/v2\/product_brand?post=26714"},{"taxonomy":"product_cat","embeddable":true,"href":"https:\/\/euvapz.com\/sv\/wp-json\/wp\/v2\/product_cat?post=26714"},{"taxonomy":"product_tag","embeddable":true,"href":"https:\/\/euvapz.com\/sv\/wp-json\/wp\/v2\/product_tag?post=26714"}],"curies":[{"name":"wp","href":"https:\/\/api.w.org\/{rel}","templated":true}]}}