{"id":30175,"date":"2025-03-22T02:27:52","date_gmt":"2025-03-22T02:27:52","guid":{"rendered":"https:\/\/euvapz.com\/?post_type=product&#038;p=30175"},"modified":"2025-03-27T09:06:21","modified_gmt":"2025-03-27T09:06:21","slug":"bood-infinity-30000-puffar-engangs-vape-langvarig-prestanda-med-20-ml-e-vatska","status":"publish","type":"product","link":"https:\/\/euvapz.com\/sv\/produkt\/bood-infinity-30000-puffar-engangs-vape-langvarig-prestanda-med-20-ml-e-vatska\/","title":{"rendered":"Bood Infinity 30000 Puffs Eng\u00e5ngsvape L\u00e5ngvarig prestanda med 20 ml e-v\u00e4tska"},"content":{"rendered":"<p data-start=\"157\" data-end=\"417\"><img fetchpriority=\"high\" decoding=\"async\" class=\"alignnone size-full wp-image-30179\" src=\"https:\/\/euvapz.com\/wp-content\/uploads\/2025\/03\/Bood-Infinity-30000-Puffs-Disposable-Vape-Long-Lasting-Performance-with-20mL-E-Liquid-4.webp\" alt=\"Bood Infinity 30000 Puffs Eng\u00e5ngsvape L\u00e5ngvarig prestanda med 20 ml e-v\u00e4tska\" width=\"466\" height=\"915\" srcset=\"https:\/\/euvapz.com\/wp-content\/uploads\/2025\/03\/Bood-Infinity-30000-Puffs-Disposable-Vape-Long-Lasting-Performance-with-20mL-E-Liquid-4.webp 466w, https:\/\/euvapz.com\/wp-content\/uploads\/2025\/03\/Bood-Infinity-30000-Puffs-Disposable-Vape-Long-Lasting-Performance-with-20mL-E-Liquid-4-153x300.webp 153w, https:\/\/euvapz.com\/wp-content\/uploads\/2025\/03\/Bood-Infinity-30000-Puffs-Disposable-Vape-Long-Lasting-Performance-with-20mL-E-Liquid-4-407x800.webp 407w, https:\/\/euvapz.com\/wp-content\/uploads\/2025\/03\/Bood-Infinity-30000-Puffs-Disposable-Vape-Long-Lasting-Performance-with-20mL-E-Liquid-4-6x12.webp 6w, https:\/\/euvapz.com\/wp-content\/uploads\/2025\/03\/Bood-Infinity-30000-Puffs-Disposable-Vape-Long-Lasting-Performance-with-20mL-E-Liquid-4-430x844.webp 430w, https:\/\/euvapz.com\/wp-content\/uploads\/2025\/03\/Bood-Infinity-30000-Puffs-Disposable-Vape-Long-Lasting-Performance-with-20mL-E-Liquid-4-150x295.webp 150w\" sizes=\"(max-width: 466px) 100vw, 466px\" \/><\/p>\n<p class=\"\" data-start=\"157\" data-end=\"417\">Den <strong data-start=\"161\" data-end=\"206\">Bood Infinity 30000 Puffs Eng\u00e5ngs Vape<\/strong> \u00e4r utformad f\u00f6r vapnare som vill ha en h\u00f6gpresterande och l\u00e5ngvarig vapingupplevelse. Med upp till <strong data-start=\"313\" data-end=\"329\">30.000 puffar<\/strong>Denna eng\u00e5ngsvape garanterar l\u00e5ngvarig njutning utan att offra smak eller kvalitet.<\/p>\n<p class=\"\" data-start=\"419\" data-end=\"787\">Utrustad med en <strong data-start=\"435\" data-end=\"466\">650mAh uppladdningsbart batteri<\/strong>Med Bood Infinity f\u00e5r du en j\u00e4mn och p\u00e5litlig str\u00f6mf\u00f6rs\u00f6rjning f\u00f6r en smidig och konsekvent vapingupplevelse. Den <strong data-start=\"569\" data-end=\"593\">1,0\u03a9 dubbla n\u00e4tspolar<\/strong> ger optimal \u00e5ngproduktion, medan den <strong data-start=\"638\" data-end=\"652\">3,6 V str\u00f6mf\u00f6rs\u00f6rjning<\/strong> s\u00e4kerst\u00e4ller att varje bloss \u00e4r tillfredsst\u00e4llande. Type-C-laddningsfunktionen ger bekv\u00e4m och snabb laddning, s\u00e5 att du alltid \u00e4r redo att vaporisera.<\/p>\n<p class=\"\" data-start=\"789\" data-end=\"1137\">F\u00f6rfylld med <strong data-start=\"805\" data-end=\"833\">20 ml premium e-juice<\/strong> (18 ml verklig kapacitet), erbjuder Bood Infinity en tillfredsst\u00e4llande nikotinupplevelse tillg\u00e4nglig i <strong data-start=\"929\" data-end=\"947\">0%, 2% och 5%<\/strong> nikotinstyrkor, vilket tillgodoser en rad olika preferenser. Det justerbara luftfl\u00f6dessystemet g\u00f6r att du kan skr\u00e4ddarsy ditt drag s\u00e5 att det passar din perfekta vaping-stil, oavsett om du f\u00f6redrar en t\u00e4t eller luftig tr\u00e4ff.<\/p>\n<p class=\"\" data-start=\"1139\" data-end=\"1473\">Med <strong data-start=\"1144\" data-end=\"1165\">10 unika smaker<\/strong> att v\u00e4lja mellan, inklusive uppfriskande alternativ som <strong data-start=\"1216\" data-end=\"1241\">Jordgubbar Vattenmelon<\/strong>, <strong data-start=\"1243\" data-end=\"1269\">Peachy Mango Ananas<\/strong>och den svala k\u00e4nslan av <strong data-start=\"1297\" data-end=\"1309\">Lush Ice<\/strong>Med Bood Infinity f\u00e5r du en smakupplevelse som passar alla smaker. Oavsett om du \u00e4r p\u00e5 hum\u00f6r f\u00f6r n\u00e5got fruktigt, isigt eller dj\u00e4rvt, har denna vape dig t\u00e4ckt.<\/p>\n<p class=\"\" data-start=\"1475\" data-end=\"1664\">Den <strong data-start=\"1479\" data-end=\"1524\">Bood Infinity 30000 Puffs Eng\u00e5ngs Vape<\/strong> levererar kraft, prestanda och tillfredsst\u00e4llelse, vilket g\u00f6r den till det perfekta valet f\u00f6r dem som vill ha en l\u00e5ngvarig, h\u00f6gkvalitativ vapingupplevelse.<\/p>\n<h2 data-start=\"1666\" data-end=\"1705\"><strong data-start=\"1666\" data-end=\"1705\">Bood Infinity 30000 Puffs Funktioner:<\/strong><\/h2>\n<ul data-start=\"1706\" data-end=\"1970\">\n<li class=\"\" data-start=\"1706\" data-end=\"1737\">\n<p class=\"\" data-start=\"1708\" data-end=\"1737\"><strong data-start=\"1708\" data-end=\"1717\">Puffar<\/strong>: Upp till 30.000 puffar<\/p>\n<\/li>\n<li class=\"\" data-start=\"1738\" data-end=\"1779\">\n<p class=\"\" data-start=\"1740\" data-end=\"1779\"><strong data-start=\"1740\" data-end=\"1759\">E-v\u00e4tskans volym<\/strong>: 20mL (18mL faktiskt)<\/p>\n<\/li>\n<li class=\"\" data-start=\"1780\" data-end=\"1814\">\n<p class=\"\" data-start=\"1782\" data-end=\"1814\"><strong data-start=\"1782\" data-end=\"1793\">Batteri<\/strong>: 650mAh uppladdningsbar<\/p>\n<\/li>\n<li class=\"\" data-start=\"1815\" data-end=\"1847\">\n<p class=\"\" data-start=\"1817\" data-end=\"1847\"><strong data-start=\"1817\" data-end=\"1826\">Spolar<\/strong>: 1,0\u03a9 dubbel mesh-spole<\/p>\n<\/li>\n<li class=\"\" data-start=\"1848\" data-end=\"1865\">\n<p class=\"\" data-start=\"1850\" data-end=\"1865\"><strong data-start=\"1850\" data-end=\"1859\">Kraft<\/strong>: 3.6V<\/p>\n<\/li>\n<li class=\"\" data-start=\"1866\" data-end=\"1892\">\n<p class=\"\" data-start=\"1868\" data-end=\"1892\"><strong data-start=\"1868\" data-end=\"1880\">Nikotin<\/strong>: 0%, 2%, 5%<\/p>\n<\/li>\n<li class=\"\" data-start=\"1893\" data-end=\"1937\">\n<p class=\"\" data-start=\"1895\" data-end=\"1937\"><strong data-start=\"1895\" data-end=\"1917\">Justerbart luftfl\u00f6de<\/strong> f\u00f6r kundanpassad ritning<\/p>\n<\/li>\n<li class=\"\" data-start=\"1938\" data-end=\"1970\">\n<p class=\"\" data-start=\"1940\" data-end=\"1970\"><strong data-start=\"1940\" data-end=\"1970\">Bekv\u00e4m typ C-laddning<\/strong><\/p>\n<\/li>\n<\/ul>\n<h2 data-start=\"1972\" data-end=\"2014\"><strong data-start=\"1972\" data-end=\"2014\">Bood Infinity 30000 Puffs Smaklista:<\/strong><\/h2>\n<ol data-start=\"2015\" data-end=\"2185\">\n<li class=\"\" data-start=\"2015\" data-end=\"2039\">\n<p class=\"\" data-start=\"2018\" data-end=\"2039\">Jordgubbar Vattenmelon<\/p>\n<\/li>\n<li class=\"\" data-start=\"2040\" data-end=\"2065\">\n<p class=\"\" data-start=\"2043\" data-end=\"2065\">Peachy Mango Ananas<\/p>\n<\/li>\n<li class=\"\" data-start=\"2066\" data-end=\"2077\">\n<p class=\"\" data-start=\"2069\" data-end=\"2077\">Lush Ice<\/p>\n<\/li>\n<li class=\"\" data-start=\"2078\" data-end=\"2092\">\n<p class=\"\" data-start=\"2081\" data-end=\"2092\">Berry Burst<\/p>\n<\/li>\n<li class=\"\" data-start=\"2093\" data-end=\"2111\">\n<p class=\"\" data-start=\"2096\" data-end=\"2111\">Jordgubb Kiwi<\/p>\n<\/li>\n<li class=\"\" data-start=\"2112\" data-end=\"2121\">\n<p class=\"\" data-start=\"2115\" data-end=\"2121\">Hawaii<\/p>\n<\/li>\n<li class=\"\" data-start=\"2122\" data-end=\"2138\">\n<p class=\"\" data-start=\"2125\" data-end=\"2138\">Blue Razz Ice<\/p>\n<\/li>\n<li class=\"\" data-start=\"2139\" data-end=\"2160\">\n<p class=\"\" data-start=\"2142\" data-end=\"2160\">Bl\u00e5b\u00e4rslimonad<\/p>\n<\/li>\n<li class=\"\" data-start=\"2161\" data-end=\"2173\">\n<p class=\"\" data-start=\"2164\" data-end=\"2173\">Svart is<\/p>\n<\/li>\n<li class=\"\" data-start=\"2174\" data-end=\"2185\">\n<p class=\"\" data-start=\"2178\" data-end=\"2185\">Tiffany<\/p>\n<\/li>\n<\/ol>\n<p class=\"\" data-start=\"2187\" data-end=\"2525\">Med sin avancerade mesh coil-teknik och ett brett utbud av aptitretande smaker \u00e4r <strong data-start=\"2275\" data-end=\"2304\">Bood Infinity 30000 puffar<\/strong> erbjuder en ultratillfredsst\u00e4llande, l\u00e5ngvarig vapingupplevelse som uppfyller behoven hos b\u00e5de avslappnade vapers och de som kr\u00e4ver topprestanda. Oavsett om du njuter av en fruktig, isig eller exotisk smak har den h\u00e4r enheten allt.<\/p>\n<h2 data-start=\"2187\" data-end=\"2525\">\t\t\t<link rel=\"stylesheet\" id=\"elementor-post-32801-css\" href=\"https:\/\/euvapz.com\/wp-content\/uploads\/elementor\/css\/post-32801.css?ver=1775506409\" type=\"text\/css\" media=\"all\">\n\t\t\t\t\t<div data-elementor-type=\"wp-post\" data-elementor-id=\"32801\" class=\"elementor elementor-32801\" data-elementor-post-type=\"cms_block\">\n\t\t\t\t<div class=\"wd-negative-gap elementor-element elementor-element-311ef4d e-flex e-con-boxed e-con e-parent\" data-id=\"311ef4d\" data-element_type=\"container\">\n\t\t\t\t\t<div class=\"e-con-inner\">\n\t\t\t\t<div class=\"elementor-element elementor-element-354d55bb color-scheme-inherit text-left elementor-widget elementor-widget-text-editor\" data-id=\"354d55bb\" data-element_type=\"widget\" data-widget_type=\"text-editor.default\">\n\t\t\t\t<div class=\"elementor-widget-container\">\n\t\t\t\t\t\t\t\t\t&nbsp;\n\n<script src=\"chrome-extension:\/\/fpelahbljekknahkcaegamhcndkfpfnc\/iFrame.js\" type=\"text\/javascript\"><\/script>\t\t\t\t\t\t\t\t<\/div>\n\t\t\t\t<\/div>\n\t\t\t\t\t<\/div>\n\t\t\t\t<\/div>\n\t\t<div class=\"wd-negative-gap elementor-element elementor-element-2f4b93b0 e-flex e-con-boxed e-con e-parent\" data-id=\"2f4b93b0\" data-element_type=\"container\">\n\t\t\t\t\t<div class=\"e-con-inner\">\n\t\t\t\t\t<\/div>\n\t\t\t\t<\/div>\n\t\t<div class=\"wd-negative-gap elementor-element elementor-element-200eec29 e-flex e-con-boxed e-con e-parent\" data-id=\"200eec29\" data-element_type=\"container\">\n\t\t\t\t\t<div class=\"e-con-inner\">\n\t\t\t\t<div class=\"elementor-element elementor-element-19faf1ba color-scheme-inherit text-left elementor-widget elementor-widget-text-editor\" data-id=\"19faf1ba\" data-element_type=\"widget\" data-widget_type=\"text-editor.default\">\n\t\t\t\t<div class=\"elementor-widget-container\">\n\t\t\t\t\t\t\t\t\t<h2><em><strong>VANLIGA FR\u00c5GOR<\/strong><\/em><\/h2><ul><li><h2><em><strong>Vilka leveransmetoder anv\u00e4nder du?<\/strong><\/em><\/h2><\/li><li><h2><em><strong><span style=\"color: #333333; font-size: 16px;\">Vi samarbetar med p\u00e5litliga transport\u00f6rer som UPS, DHL, FedEx och DPD. Beroende p\u00e5 destinationsland v\u00e4ljer vi den b\u00e4sta fraktmetoden f\u00f6r att s\u00e4kerst\u00e4lla snabb och s\u00e4ker leverans av dina produkter.<\/span><\/strong><\/em><\/h2><\/li><\/ul><ul><li><h2><em><strong>Hur l\u00e5ng tid tar det innan min best\u00e4llning kommer fram?<\/strong><\/em><\/h2><\/li><\/ul><p data-start=\"340\" data-end=\"490\"><em><strong>\u00a0 \u00a0 \u00a0 Vanligtvis tar leveransen mellan 7-15 arbetsdagar. Under h\u00f6gs\u00e4song eller vid ogynnsamma v\u00e4derf\u00f6rh\u00e5llanden kan det dock ta upp till 20 arbetsdagar.<\/strong><\/em><\/p><ul><li data-start=\"492\" data-end=\"539\"><h2><em><strong>Kommer min best\u00e4llning att passera tullen utan problem?<\/strong><\/em><\/h2><\/li><li data-start=\"492\" data-end=\"539\"><h2><em><strong><span style=\"color: #333333; font-size: 16px;\">Vi hanterar all tullklarering \u00e5t dig, vilket s\u00e4kerst\u00e4ller en smidig leverans utan extra skatter eller avgifter. Vi garanterar att 100% av v\u00e5ra f\u00f6rs\u00e4ndelser kommer att tullklareras utan problem.<\/span><\/strong><\/em><\/h2><\/li><\/ul><ul><li data-start=\"718\" data-end=\"747\"><h2><em><strong>Kan jag lita p\u00e5 er service?<\/strong><\/em><\/h2><\/li><li data-start=\"718\" data-end=\"747\"><h2><em><strong><span style=\"color: #333333; font-size: 16px;\">Absolut! Vi accepterar PayPal f\u00f6r s\u00e4kra betalningar, och ditt k\u00f6p skyddas av PayPals k\u00f6parskydd. Du kan ocks\u00e5 kolla v\u00e5ra TrustPilot-recensioner f\u00f6r att se vad andra kunder s\u00e4ger om oss.<\/span><\/strong><\/em><\/h2><\/li><\/ul>\t\t\t\t\t\t\t\t<\/div>\n\t\t\t\t<\/div>\n\t\t\t\t\t<\/div>\n\t\t\t\t<\/div>\n\t\t<div class=\"wd-negative-gap elementor-element elementor-element-d4517fd e-flex e-con-boxed e-con e-parent\" data-id=\"d4517fd\" data-element_type=\"container\">\n\t\t\t\t\t<div class=\"e-con-inner\">\n\t\t\t\t<div class=\"elementor-element elementor-element-11cb93e5 elementor-widget elementor-widget-wd_button\" data-id=\"11cb93e5\" data-element_type=\"widget\" data-widget_type=\"wd_button.default\">\n\t\t\t\t<div class=\"elementor-widget-container\">\n\t\t\t\t\t\t\t<div class=\"wd-button-wrapper text-left\" >\n\t\t\t<a class=\"btn btn-style-link btn-style- btn-size-extra-large btn-scheme-inherit btn-scheme-hover-custom btn-icon-pos-right\"  href=\"https:\/\/euvapz.com\/sv\/faqs\/\">\n\t\t\t\t<span class=\"wd-btn-text\" data-elementor-setting-key=\"text\">\n\t\t\t\t\tKlicka h\u00e4r f\u00f6r mer information om vanliga fr\u00e5gor.\t\t\t\t<\/span>\n\n\t\t\t\t\t\t\t<\/a>\n\t\t<\/div>\n\t\t\t\t\t\t<\/div>\n\t\t\t\t<\/div>\n\t\t\t\t\t<\/div>\n\t\t\t\t<\/div>\n\t\t\t\t<\/div>\n\t\t<\/h2>\n<p><script src=\"chrome-extension:\/\/fpelahbljekknahkcaegamhcndkfpfnc\/iFrame.js\" type=\"text\/javascript\"><\/script><\/p>\n<p><script src=\"chrome-extension:\/\/fpelahbljekknahkcaegamhcndkfpfnc\/iFrame.js\" type=\"text\/javascript\"><\/script><\/p>","protected":false},"excerpt":{"rendered":"<div class=\"flex max-w-full flex-col flex-grow\">\n<div class=\"min-h-8 text-message relative flex w-full flex-col items-end gap-2 whitespace-normal break-words text-start [.text-message+&amp;]:mt-5\" dir=\"auto\" data-message-author-role=\"assistant\" data-message-id=\"f5481d09-9a57-4db4-b446-763788a9980b\" data-message-model-slug=\"gpt-4o\">\n<div class=\"flex w-full flex-col gap-1 empty:hidden first:pt-[3px]\">\n<div class=\"markdown prose w-full break-words dark:prose-invert light\">\n<p class=\"\" data-start=\"483\" data-end=\"754\">Den <strong data-start=\"487\" data-end=\"516\">Bood Infinity 30000 puffar<\/strong> Vape f\u00f6r eng\u00e5ngsbruk ger upp till <strong data-start=\"548\" data-end=\"564\">30.000 puffar<\/strong>, <strong data-start=\"566\" data-end=\"594\">20 ml premium e-juice<\/strong>, och <strong data-start=\"600\" data-end=\"622\">justerbart luftfl\u00f6de<\/strong>, tillg\u00e4nglig i nikotinstyrkorna <strong data-start=\"659\" data-end=\"677\">0%, 2% och 5%<\/strong>med l\u00e4ckra alternativ som <strong data-start=\"707\" data-end=\"726\">Jordgubb Kiwi<\/strong> och <strong data-start=\"731\" data-end=\"753\">Bl\u00e5b\u00e4rslimonad<\/strong>.<\/p>\n<\/div>\n<\/div>\n<\/div>\n<\/div>\n<div class=\"mb-2 flex gap-3 -ml-2\">\n<div class=\"flex items-center justify-start rounded-xl p-1\">\n<div><\/div>\n<\/div>\n<\/div>","protected":false},"featured_media":33761,"comment_status":"open","ping_status":"closed","template":"","meta":[],"product_brand":[188],"product_cat":[189],"product_tag":[],"class_list":{"0":"post-30175","1":"product","2":"type-product","3":"status-publish","4":"has-post-thumbnail","6":"product_brand-bood-disposable-vape","7":"product_cat-bood-disposable-vape","9":"first","10":"instock","11":"shipping-taxable","12":"purchasable","13":"product-type-variable"},"_links":{"self":[{"href":"https:\/\/euvapz.com\/sv\/wp-json\/wp\/v2\/product\/30175","targetHints":{"allow":["GET"]}}],"collection":[{"href":"https:\/\/euvapz.com\/sv\/wp-json\/wp\/v2\/product"}],"about":[{"href":"https:\/\/euvapz.com\/sv\/wp-json\/wp\/v2\/types\/product"}],"replies":[{"embeddable":true,"href":"https:\/\/euvapz.com\/sv\/wp-json\/wp\/v2\/comments?post=30175"}],"version-history":[{"count":6,"href":"https:\/\/euvapz.com\/sv\/wp-json\/wp\/v2\/product\/30175\/revisions"}],"predecessor-version":[{"id":33877,"href":"https:\/\/euvapz.com\/sv\/wp-json\/wp\/v2\/product\/30175\/revisions\/33877"}],"wp:featuredmedia":[{"embeddable":true,"href":"https:\/\/euvapz.com\/sv\/wp-json\/wp\/v2\/media\/33761"}],"wp:attachment":[{"href":"https:\/\/euvapz.com\/sv\/wp-json\/wp\/v2\/media?parent=30175"}],"wp:term":[{"taxonomy":"product_brand","embeddable":true,"href":"https:\/\/euvapz.com\/sv\/wp-json\/wp\/v2\/product_brand?post=30175"},{"taxonomy":"product_cat","embeddable":true,"href":"https:\/\/euvapz.com\/sv\/wp-json\/wp\/v2\/product_cat?post=30175"},{"taxonomy":"product_tag","embeddable":true,"href":"https:\/\/euvapz.com\/sv\/wp-json\/wp\/v2\/product_tag?post=30175"}],"curies":[{"name":"wp","href":"https:\/\/api.w.org\/{rel}","templated":true}]}}