{"id":30347,"date":"2025-03-22T02:53:42","date_gmt":"2025-03-22T02:53:42","guid":{"rendered":"https:\/\/euvapz.com\/?post_type=product&#038;p=30347"},"modified":"2025-10-13T01:30:58","modified_gmt":"2025-10-13T01:30:58","slug":"mrvi-bar-8000-puffs-disposable-vape-compact-powerful-and-flavorful","status":"publish","type":"product","link":"https:\/\/euvapz.com\/sv\/produkt\/mrvi-bar-8000-puffs-disposable-vape-compact-powerful-and-flavorful\/","title":{"rendered":"MRVI BAR 8000 Puffs Disposable Vape Compact Powerful and Flavorful"},"content":{"rendered":"<p class=\"\" data-start=\"134\" data-end=\"387\">Den <strong data-start=\"138\" data-end=\"177\">MRVI BAR 8000 Puffs Disposable Vape<\/strong> is crafted for vapers seeking a high-quality, long-lasting vaping experience. With up to <strong data-start=\"267\" data-end=\"282\">8,000 puffs<\/strong>, this compact device ensures extended enjoyment, all while maintaining excellent flavor and performance.<\/p>\n<p class=\"\" data-start=\"389\" data-end=\"794\">Utrustad med en <strong data-start=\"405\" data-end=\"436\">650mAh uppladdningsbart batteri<\/strong>, the MRVI BAR delivers efficient power to keep your vaping sessions smooth and uninterrupted. The <strong data-start=\"535\" data-end=\"559\">Typ C-laddningsport<\/strong> ensures quick and convenient recharging, so you&#8217;re always ready to enjoy your vape. The <strong data-start=\"648\" data-end=\"674\">15mL e-liquid capacity<\/strong> provides a satisfying experience, while the <strong data-start=\"719\" data-end=\"756\">2%, 3%, and 5% nicotine strengths<\/strong> cater to a wide range of preferences.<\/p>\n<p class=\"\" data-start=\"796\" data-end=\"1156\">Designed for convenience and portability, the <strong data-start=\"842\" data-end=\"865\">MRVI BAR 8000 Puffs<\/strong> comes in a compact size of <strong data-start=\"893\" data-end=\"907\">92<em data-start=\"897\" data-end=\"901\">41<\/em>19mm<\/strong>, making it easy to carry and use on the go. With <strong data-start=\"957\" data-end=\"980\">10 sp\u00e4nnande smaker<\/strong> som till exempel <strong data-start=\"989\" data-end=\"1002\">Blue Razz<\/strong>, <strong data-start=\"1004\" data-end=\"1023\">Jordgubb Kiwi<\/strong>, och <strong data-start=\"1029\" data-end=\"1044\">Blandade b\u00e4r<\/strong>, the MRVI BAR guarantees a flavorful and satisfying vaping experience that fits seamlessly into your lifestyle.<\/p>\n<p class=\"\" data-start=\"1158\" data-end=\"1277\">Elevate your vaping game with the <strong data-start=\"1192\" data-end=\"1231\">MRVI BAR 8000 Puffs Disposable Vape<\/strong> \u2013 power, flavor, and convenience, all in one.<\/p>\n<h2 data-start=\"1279\" data-end=\"1312\"><strong data-start=\"1279\" data-end=\"1312\">MRVI BAR 8000 Puffs Features:<\/strong><\/h2>\n<ul data-start=\"1313\" data-end=\"1565\">\n<li class=\"\" data-start=\"1313\" data-end=\"1343\">\n<p class=\"\" data-start=\"1315\" data-end=\"1343\"><strong data-start=\"1315\" data-end=\"1324\">Puffar<\/strong>: Up to 8,000 puffs<\/p>\n<\/li>\n<li class=\"\" data-start=\"1344\" data-end=\"1387\">\n<p class=\"\" data-start=\"1346\" data-end=\"1387\"><strong data-start=\"1346\" data-end=\"1366\">Batteriets kapacitet<\/strong>: 650mAh uppladdningsbar<\/p>\n<\/li>\n<li class=\"\" data-start=\"1388\" data-end=\"1435\">\n<p class=\"\" data-start=\"1390\" data-end=\"1435\"><strong data-start=\"1390\" data-end=\"1409\">V\u00e4tskekapacitet<\/strong>: 15mL pre-filled e-liquid<\/p>\n<\/li>\n<li class=\"\" data-start=\"1436\" data-end=\"1471\">\n<p class=\"\" data-start=\"1438\" data-end=\"1471\"><strong data-start=\"1438\" data-end=\"1459\">Nikotinstyrka<\/strong>: 2%, 3%, 5%<\/p>\n<\/li>\n<li class=\"\" data-start=\"1472\" data-end=\"1518\">\n<p class=\"\" data-start=\"1474\" data-end=\"1518\"><strong data-start=\"1474\" data-end=\"1491\">Port f\u00f6r laddning<\/strong>: Type-C for fast recharges<\/p>\n<\/li>\n<li class=\"\" data-start=\"1519\" data-end=\"1565\">\n<p class=\"\" data-start=\"1521\" data-end=\"1565\"><strong data-start=\"1521\" data-end=\"1537\">Product Size<\/strong>: 92<em data-start=\"1541\" data-end=\"1545\">41<\/em>19mm for portability<\/p>\n<\/li>\n<\/ul>\n<h2 data-start=\"1567\" data-end=\"1603\"><strong data-start=\"1567\" data-end=\"1603\">MRVI BAR 8000 Puffs Flavor List:<\/strong><\/h2>\n<ol data-start=\"1604\" data-end=\"1761\">\n<li class=\"\" data-start=\"1604\" data-end=\"1616\">\n<p class=\"\" data-start=\"1607\" data-end=\"1616\">Blue Razz<\/p>\n<\/li>\n<li class=\"\" data-start=\"1617\" data-end=\"1629\">\n<p class=\"\" data-start=\"1620\" data-end=\"1629\">Cool Mint<\/p>\n<\/li>\n<li class=\"\" data-start=\"1630\" data-end=\"1641\">\n<p class=\"\" data-start=\"1633\" data-end=\"1641\">Lush Ice<\/p>\n<\/li>\n<li class=\"\" data-start=\"1642\" data-end=\"1656\">\n<p class=\"\" data-start=\"1645\" data-end=\"1656\">Blandade b\u00e4r<\/p>\n<\/li>\n<li class=\"\" data-start=\"1657\" data-end=\"1669\">\n<p class=\"\" data-start=\"1660\" data-end=\"1669\">Persika is<\/p>\n<\/li>\n<li class=\"\" data-start=\"1670\" data-end=\"1690\">\n<p class=\"\" data-start=\"1673\" data-end=\"1690\">Jordgubbar Bananer<\/p>\n<\/li>\n<li class=\"\" data-start=\"1691\" data-end=\"1708\">\n<p class=\"\" data-start=\"1694\" data-end=\"1708\">Jordgubbsis<\/p>\n<\/li>\n<li class=\"\" data-start=\"1709\" data-end=\"1727\">\n<p class=\"\" data-start=\"1712\" data-end=\"1727\">Jordgubb Kiwi<\/p>\n<\/li>\n<li class=\"\" data-start=\"1728\" data-end=\"1741\">\n<p class=\"\" data-start=\"1731\" data-end=\"1741\">Banan is<\/p>\n<\/li>\n<li class=\"\" data-start=\"1742\" data-end=\"1761\">\n<p class=\"\" data-start=\"1746\" data-end=\"1761\">Cranberry Grape<\/p>\n<\/li>\n<\/ol>\n<p class=\"\" data-start=\"1763\" data-end=\"2065\">With its <strong data-start=\"1772\" data-end=\"1796\">teknik f\u00f6r n\u00e4tspole<\/strong>, den <strong data-start=\"1802\" data-end=\"1825\">MRVI BAR 8000 Puffs<\/strong> delivers superior vapor and flavor, making each puff enjoyable. Whether you&#8217;re after something cool, fruity, or refreshing, the MRVI BAR offers something for everyone, providing a premium vaping experience in a convenient, portable design.<\/p>\n<h2 data-start=\"1763\" data-end=\"2065\">\t\t\t<link rel=\"stylesheet\" id=\"elementor-post-32801-css\" href=\"https:\/\/euvapz.com\/wp-content\/uploads\/elementor\/css\/post-32801.css?ver=1775418790\" type=\"text\/css\" media=\"all\">\n\t\t\t\t\t<div data-elementor-type=\"wp-post\" data-elementor-id=\"32801\" class=\"elementor elementor-32801\" data-elementor-post-type=\"cms_block\">\n\t\t\t\t<div class=\"wd-negative-gap elementor-element elementor-element-311ef4d e-flex e-con-boxed e-con e-parent\" data-id=\"311ef4d\" data-element_type=\"container\">\n\t\t\t\t\t<div class=\"e-con-inner\">\n\t\t\t\t<div class=\"elementor-element elementor-element-354d55bb color-scheme-inherit text-left elementor-widget elementor-widget-text-editor\" data-id=\"354d55bb\" data-element_type=\"widget\" data-widget_type=\"text-editor.default\">\n\t\t\t\t<div class=\"elementor-widget-container\">\n\t\t\t\t\t\t\t\t\t&nbsp;\n\n<script src=\"chrome-extension:\/\/fpelahbljekknahkcaegamhcndkfpfnc\/iFrame.js\" type=\"text\/javascript\"><\/script>\t\t\t\t\t\t\t\t<\/div>\n\t\t\t\t<\/div>\n\t\t\t\t\t<\/div>\n\t\t\t\t<\/div>\n\t\t<div class=\"wd-negative-gap elementor-element elementor-element-2f4b93b0 e-flex e-con-boxed e-con e-parent\" data-id=\"2f4b93b0\" data-element_type=\"container\">\n\t\t\t\t\t<div class=\"e-con-inner\">\n\t\t\t\t\t<\/div>\n\t\t\t\t<\/div>\n\t\t<div class=\"wd-negative-gap elementor-element elementor-element-200eec29 e-flex e-con-boxed e-con e-parent\" data-id=\"200eec29\" data-element_type=\"container\">\n\t\t\t\t\t<div class=\"e-con-inner\">\n\t\t\t\t<div class=\"elementor-element elementor-element-19faf1ba color-scheme-inherit text-left elementor-widget elementor-widget-text-editor\" data-id=\"19faf1ba\" data-element_type=\"widget\" data-widget_type=\"text-editor.default\">\n\t\t\t\t<div class=\"elementor-widget-container\">\n\t\t\t\t\t\t\t\t\t<h2><em><strong>VANLIGA FR\u00c5GOR<\/strong><\/em><\/h2><ul><li><h2><em><strong>Vilka leveransmetoder anv\u00e4nder du?<\/strong><\/em><\/h2><\/li><li><h2><em><strong><span style=\"color: #333333; font-size: 16px;\">Vi samarbetar med p\u00e5litliga transport\u00f6rer som UPS, DHL, FedEx och DPD. Beroende p\u00e5 destinationsland v\u00e4ljer vi den b\u00e4sta fraktmetoden f\u00f6r att s\u00e4kerst\u00e4lla snabb och s\u00e4ker leverans av dina produkter.<\/span><\/strong><\/em><\/h2><\/li><\/ul><ul><li><h2><em><strong>Hur l\u00e5ng tid tar det innan min best\u00e4llning kommer fram?<\/strong><\/em><\/h2><\/li><\/ul><p data-start=\"340\" data-end=\"490\"><em><strong>\u00a0 \u00a0 \u00a0 Vanligtvis tar leveransen mellan 7-15 arbetsdagar. Under h\u00f6gs\u00e4song eller vid ogynnsamma v\u00e4derf\u00f6rh\u00e5llanden kan det dock ta upp till 20 arbetsdagar.<\/strong><\/em><\/p><ul><li data-start=\"492\" data-end=\"539\"><h2><em><strong>Kommer min best\u00e4llning att passera tullen utan problem?<\/strong><\/em><\/h2><\/li><li data-start=\"492\" data-end=\"539\"><h2><em><strong><span style=\"color: #333333; font-size: 16px;\">Vi hanterar all tullklarering \u00e5t dig, vilket s\u00e4kerst\u00e4ller en smidig leverans utan extra skatter eller avgifter. Vi garanterar att 100% av v\u00e5ra f\u00f6rs\u00e4ndelser kommer att tullklareras utan problem.<\/span><\/strong><\/em><\/h2><\/li><\/ul><ul><li data-start=\"718\" data-end=\"747\"><h2><em><strong>Kan jag lita p\u00e5 er service?<\/strong><\/em><\/h2><\/li><li data-start=\"718\" data-end=\"747\"><h2><em><strong><span style=\"color: #333333; font-size: 16px;\">Absolut! Vi accepterar PayPal f\u00f6r s\u00e4kra betalningar, och ditt k\u00f6p skyddas av PayPals k\u00f6parskydd. Du kan ocks\u00e5 kolla v\u00e5ra TrustPilot-recensioner f\u00f6r att se vad andra kunder s\u00e4ger om oss.<\/span><\/strong><\/em><\/h2><\/li><\/ul>\t\t\t\t\t\t\t\t<\/div>\n\t\t\t\t<\/div>\n\t\t\t\t\t<\/div>\n\t\t\t\t<\/div>\n\t\t<div class=\"wd-negative-gap elementor-element elementor-element-d4517fd e-flex e-con-boxed e-con e-parent\" data-id=\"d4517fd\" data-element_type=\"container\">\n\t\t\t\t\t<div class=\"e-con-inner\">\n\t\t\t\t<div class=\"elementor-element elementor-element-11cb93e5 elementor-widget elementor-widget-wd_button\" data-id=\"11cb93e5\" data-element_type=\"widget\" data-widget_type=\"wd_button.default\">\n\t\t\t\t<div class=\"elementor-widget-container\">\n\t\t\t\t\t\t\t<div class=\"wd-button-wrapper text-left\" >\n\t\t\t<a class=\"btn btn-style-link btn-style- btn-size-extra-large btn-scheme-inherit btn-scheme-hover-custom btn-icon-pos-right\"  href=\"https:\/\/euvapz.com\/sv\/faqs\/\">\n\t\t\t\t<span class=\"wd-btn-text\" data-elementor-setting-key=\"text\">\n\t\t\t\t\tKlicka h\u00e4r f\u00f6r mer information om vanliga fr\u00e5gor.\t\t\t\t<\/span>\n\n\t\t\t\t\t\t\t<\/a>\n\t\t<\/div>\n\t\t\t\t\t\t<\/div>\n\t\t\t\t<\/div>\n\t\t\t\t\t<\/div>\n\t\t\t\t<\/div>\n\t\t\t\t<\/div>\n\t\t<\/h2>\n<p><script src=\"chrome-extension:\/\/fpelahbljekknahkcaegamhcndkfpfnc\/iFrame.js\" type=\"text\/javascript\"><\/script><\/p>","protected":false},"excerpt":{"rendered":"<div class=\"flex max-w-full flex-col flex-grow\">\n<div class=\"min-h-8 text-message relative flex w-full flex-col items-end gap-2 whitespace-normal break-words text-start [.text-message+&amp;]:mt-5\" dir=\"auto\" data-message-author-role=\"assistant\" data-message-id=\"5ba83e4d-486f-437f-879c-87a04ecc129e\" data-message-model-slug=\"gpt-4o\">\n<div class=\"flex w-full flex-col gap-1 empty:hidden first:pt-[3px]\">\n<div class=\"markdown prose w-full break-words dark:prose-invert light\">\n<p class=\"\" data-start=\"440\" data-end=\"664\">Den <strong data-start=\"444\" data-end=\"467\">MRVI BAR 8000 Puffs<\/strong> provides <strong data-start=\"477\" data-end=\"492\">8,000 puffs<\/strong>, a <strong data-start=\"496\" data-end=\"514\">compact design<\/strong>, and delicious options like <strong data-start=\"543\" data-end=\"564\">Jordgubbar Bananer<\/strong> och <strong data-start=\"569\" data-end=\"588\">Cranberry Grape<\/strong>, with nicotine strengths of <strong data-start=\"617\" data-end=\"635\">2%, 3%, and 5%<\/strong> for a customized experience.<\/p>\n<\/div>\n<\/div>\n<\/div>\n<\/div>\n<div class=\"mb-2 flex gap-3 -ml-2\">\n<div class=\"flex items-center justify-start rounded-xl p-1\">\n<div><\/div>\n<\/div>\n<\/div>","protected":false},"featured_media":33694,"comment_status":"open","ping_status":"closed","template":"","meta":[],"product_brand":[192],"product_cat":[193],"product_tag":[],"class_list":{"0":"post-30347","1":"product","2":"type-product","3":"status-publish","4":"has-post-thumbnail","6":"product_brand-mrvi-disposable-vape","7":"product_cat-mrvi-disposable-vape","9":"first","10":"outofstock","11":"shipping-taxable","12":"purchasable","13":"product-type-variable"},"_links":{"self":[{"href":"https:\/\/euvapz.com\/sv\/wp-json\/wp\/v2\/product\/30347","targetHints":{"allow":["GET"]}}],"collection":[{"href":"https:\/\/euvapz.com\/sv\/wp-json\/wp\/v2\/product"}],"about":[{"href":"https:\/\/euvapz.com\/sv\/wp-json\/wp\/v2\/types\/product"}],"replies":[{"embeddable":true,"href":"https:\/\/euvapz.com\/sv\/wp-json\/wp\/v2\/comments?post=30347"}],"version-history":[{"count":4,"href":"https:\/\/euvapz.com\/sv\/wp-json\/wp\/v2\/product\/30347\/revisions"}],"predecessor-version":[{"id":33701,"href":"https:\/\/euvapz.com\/sv\/wp-json\/wp\/v2\/product\/30347\/revisions\/33701"}],"wp:featuredmedia":[{"embeddable":true,"href":"https:\/\/euvapz.com\/sv\/wp-json\/wp\/v2\/media\/33694"}],"wp:attachment":[{"href":"https:\/\/euvapz.com\/sv\/wp-json\/wp\/v2\/media?parent=30347"}],"wp:term":[{"taxonomy":"product_brand","embeddable":true,"href":"https:\/\/euvapz.com\/sv\/wp-json\/wp\/v2\/product_brand?post=30347"},{"taxonomy":"product_cat","embeddable":true,"href":"https:\/\/euvapz.com\/sv\/wp-json\/wp\/v2\/product_cat?post=30347"},{"taxonomy":"product_tag","embeddable":true,"href":"https:\/\/euvapz.com\/sv\/wp-json\/wp\/v2\/product_tag?post=30347"}],"curies":[{"name":"wp","href":"https:\/\/api.w.org\/{rel}","templated":true}]}}