{"id":32064,"date":"2025-03-22T09:46:04","date_gmt":"2025-03-22T09:46:04","guid":{"rendered":"https:\/\/euvapz.com\/?post_type=product&#038;p=32064"},"modified":"2026-03-16T06:00:33","modified_gmt":"2026-03-16T06:00:33","slug":"zooy-start-30000-puffs-disposable-vape-powerful-long-lasting-performance-with-dual-mesh-coil","status":"publish","type":"product","link":"https:\/\/euvapz.com\/sv\/produkt\/zooy-start-30000-puffs-disposable-vape-powerful-long-lasting-performance-with-dual-mesh-coil\/","title":{"rendered":"ZOOY START 30000 Puffs Eng\u00e5ngsvape Kraftfull och l\u00e5ngvarig prestanda med Dual Mesh Coil"},"content":{"rendered":"<p data-start=\"162\" data-end=\"526\"><img fetchpriority=\"high\" decoding=\"async\" class=\"alignnone size-full wp-image-32070\" src=\"https:\/\/euvapz.com\/wp-content\/uploads\/2025\/03\/ZOOY-START-30000-Puffs-Disposable-Vape-Powerful-Long-Lasting-Performance-with-Dual-Mesh-Coil-24.webp\" alt=\"ZOOY START 30000 Puffs Eng\u00e5ngsvape Kraftfull och l\u00e5ngvarig prestanda med Dual Mesh Coil\" width=\"800\" height=\"800\" srcset=\"https:\/\/euvapz.com\/wp-content\/uploads\/2025\/03\/ZOOY-START-30000-Puffs-Disposable-Vape-Powerful-Long-Lasting-Performance-with-Dual-Mesh-Coil-24.webp 800w, https:\/\/euvapz.com\/wp-content\/uploads\/2025\/03\/ZOOY-START-30000-Puffs-Disposable-Vape-Powerful-Long-Lasting-Performance-with-Dual-Mesh-Coil-24-300x300.webp 300w, https:\/\/euvapz.com\/wp-content\/uploads\/2025\/03\/ZOOY-START-30000-Puffs-Disposable-Vape-Powerful-Long-Lasting-Performance-with-Dual-Mesh-Coil-24-150x150.webp 150w, https:\/\/euvapz.com\/wp-content\/uploads\/2025\/03\/ZOOY-START-30000-Puffs-Disposable-Vape-Powerful-Long-Lasting-Performance-with-Dual-Mesh-Coil-24-768x768.webp 768w, https:\/\/euvapz.com\/wp-content\/uploads\/2025\/03\/ZOOY-START-30000-Puffs-Disposable-Vape-Powerful-Long-Lasting-Performance-with-Dual-Mesh-Coil-24-12x12.webp 12w, https:\/\/euvapz.com\/wp-content\/uploads\/2025\/03\/ZOOY-START-30000-Puffs-Disposable-Vape-Powerful-Long-Lasting-Performance-with-Dual-Mesh-Coil-24-430x430.webp 430w, https:\/\/euvapz.com\/wp-content\/uploads\/2025\/03\/ZOOY-START-30000-Puffs-Disposable-Vape-Powerful-Long-Lasting-Performance-with-Dual-Mesh-Coil-24-700x700.webp 700w\" sizes=\"(max-width: 800px) 100vw, 800px\" \/><\/p>\n<p class=\"\" data-start=\"162\" data-end=\"526\">Den <strong data-start=\"166\" data-end=\"208\">ZOOY START 30000 Puffs Disposable Vape<\/strong> is crafted for vapers who want a <strong data-start=\"242\" data-end=\"258\">l\u00e5ngvarig<\/strong> och <strong data-start=\"263\" data-end=\"275\">kraftfull<\/strong> device. With up to <strong data-start=\"295\" data-end=\"311\">30.000 puffar<\/strong>, this vape ensures you can enjoy your sessions for an extended period without worrying about frequent replacements. It delivers top-tier performance, all while maintaining <strong data-start=\"484\" data-end=\"514\">smooth and flavorful vapor<\/strong> throughout.<\/p>\n<p class=\"\" data-start=\"528\" data-end=\"917\">Drivs av en <strong data-start=\"541\" data-end=\"559\">spole med dubbla n\u00e4t<\/strong>, the ZOOY START enhances vapor quality, providing a rich and consistent experience with every puff. The <strong data-start=\"664\" data-end=\"701\">rechargeable Type-C fast charging<\/strong> feature makes it quick and convenient to power up, ensuring you&#8217;re always ready to go. Whether you&#8217;re on the move or relaxing at home, this vape offers continuous performance, thanks to its efficient power delivery.<\/p>\n<p class=\"\" data-start=\"919\" data-end=\"1389\">Pre-filled with premium e-liquid, the ZOOY START offers a choice of nicotine strengths: <strong data-start=\"1007\" data-end=\"1025\">2%, 3%, and 5%<\/strong>, giving you the flexibility to choose the perfect strength for your needs. The <strong data-start=\"1105\" data-end=\"1127\">justerbart luftfl\u00f6de<\/strong> system lets you fine-tune your draw to match your personal preferences, whether you like a tighter or looser inhale. Plus, the <strong data-start=\"1255\" data-end=\"1279\">3D curved LED screen<\/strong> adds a touch of style and modernity to the device, making it not just functional but also visually appealing.<\/p>\n<p class=\"\" data-start=\"1391\" data-end=\"1657\">With a range of delicious flavors like <strong data-start=\"1430\" data-end=\"1448\">Redbull Energy<\/strong>, <strong data-start=\"1450\" data-end=\"1467\">Blue Razz Ice<\/strong>, och <strong data-start=\"1473\" data-end=\"1498\">Jordgubbar Vattenmelon<\/strong>, the ZOOY START 30000 Puffs offers a customizable vaping experience tailored to your taste. From <strong data-start=\"1596\" data-end=\"1606\">fruktig<\/strong> till <strong data-start=\"1610\" data-end=\"1617\">iskall<\/strong> blends, there&#8217;s something for everyone.<\/p>\n<p class=\"\" data-start=\"1659\" data-end=\"1832\">For vapers seeking a <strong data-start=\"1680\" data-end=\"1692\">reliable<\/strong>, <strong data-start=\"1694\" data-end=\"1706\">kraftfull<\/strong>, och <strong data-start=\"1712\" data-end=\"1723\">stylish<\/strong> device with long-lasting performance, the <strong data-start=\"1766\" data-end=\"1808\">ZOOY START 30000 Puffs Disposable Vape<\/strong> is the ultimate choice.<\/p>\n<h2 data-start=\"1834\" data-end=\"1870\"><strong data-start=\"1834\" data-end=\"1869\">ZOOY START 30000 Puffs Features<\/strong>:<\/h2>\n<ul data-start=\"1871\" data-end=\"2178\">\n<li class=\"\" data-start=\"1871\" data-end=\"1922\">\n<p class=\"\" data-start=\"1873\" data-end=\"1922\">Upp till <strong data-start=\"1879\" data-end=\"1895\">30.000 puffar<\/strong> for long-lasting enjoyment<\/p>\n<\/li>\n<li class=\"\" data-start=\"1923\" data-end=\"1974\">\n<p class=\"\" data-start=\"1925\" data-end=\"1974\"><strong data-start=\"1925\" data-end=\"1943\">Dual mesh coil<\/strong> for smooth and flavorful vapor<\/p>\n<\/li>\n<li class=\"\" data-start=\"1975\" data-end=\"2023\">\n<p class=\"\" data-start=\"1977\" data-end=\"2023\"><strong data-start=\"1977\" data-end=\"1993\">Uppladdningsbar<\/strong> med <strong data-start=\"1999\" data-end=\"2023\">Typ-C snabbladdning<\/strong><\/p>\n<\/li>\n<li class=\"\" data-start=\"2024\" data-end=\"2072\">\n<p class=\"\" data-start=\"2026\" data-end=\"2072\"><strong data-start=\"2026\" data-end=\"2048\">Justerbart luftfl\u00f6de<\/strong> for a personalized draw<\/p>\n<\/li>\n<li class=\"\" data-start=\"2073\" data-end=\"2115\">\n<p class=\"\" data-start=\"2075\" data-end=\"2115\"><strong data-start=\"2075\" data-end=\"2099\">3D curved LED screen<\/strong> for stylish use<\/p>\n<\/li>\n<li class=\"\" data-start=\"2116\" data-end=\"2178\">\n<p class=\"\" data-start=\"2118\" data-end=\"2178\">Tillg\u00e4nglig i <strong data-start=\"2131\" data-end=\"2139\">20mg<\/strong>, <strong data-start=\"2141\" data-end=\"2149\">30mg<\/strong>, <strong data-start=\"2151\" data-end=\"2178\">50mg nicotine strengths<\/strong><\/p>\n<\/li>\n<\/ul>\n<h2 data-start=\"2180\" data-end=\"2219\"><strong data-start=\"2180\" data-end=\"2218\">ZOOY START 30000 Puffs Flavor List<\/strong>:<\/h2>\n<ul data-start=\"2220\" data-end=\"2413\">\n<li class=\"\" data-start=\"2220\" data-end=\"2236\">\n<p class=\"\" data-start=\"2222\" data-end=\"2236\">Redbull Energy<\/p>\n<\/li>\n<li class=\"\" data-start=\"2237\" data-end=\"2252\">\n<p class=\"\" data-start=\"2239\" data-end=\"2252\">Blue Razz Ice<\/p>\n<\/li>\n<li class=\"\" data-start=\"2253\" data-end=\"2269\">\n<p class=\"\" data-start=\"2255\" data-end=\"2269\">Vattenmelon-is<\/p>\n<\/li>\n<li class=\"\" data-start=\"2270\" data-end=\"2293\">\n<p class=\"\" data-start=\"2272\" data-end=\"2293\">Jordgubbar Vattenmelon<\/p>\n<\/li>\n<li class=\"\" data-start=\"2294\" data-end=\"2307\">\n<p class=\"\" data-start=\"2296\" data-end=\"2307\">Peach Juice<\/p>\n<\/li>\n<li class=\"\" data-start=\"2308\" data-end=\"2331\">\n<p class=\"\" data-start=\"2310\" data-end=\"2331\">Strawberry Banana Ice<\/p>\n<\/li>\n<li class=\"\" data-start=\"2332\" data-end=\"2347\">\n<p class=\"\" data-start=\"2334\" data-end=\"2347\">Bl\u00e5b\u00e4rsis<\/p>\n<\/li>\n<li class=\"\" data-start=\"2348\" data-end=\"2366\">\n<p class=\"\" data-start=\"2350\" data-end=\"2366\">Triple Berry Ice<\/p>\n<\/li>\n<li class=\"\" data-start=\"2367\" data-end=\"2384\">\n<p class=\"\" data-start=\"2369\" data-end=\"2384\">Jordgubb Kiwi<\/p>\n<\/li>\n<li class=\"\" data-start=\"2385\" data-end=\"2413\">\n<p class=\"\" data-start=\"2387\" data-end=\"2413\">Bl\u00e5b\u00e4r K\u00f6rsb\u00e4r Tranb\u00e4r<\/p>\n<\/li>\n<\/ul>\n<p class=\"\" data-start=\"2415\" data-end=\"2662\">Den <strong data-start=\"2419\" data-end=\"2461\">ZOOY START 30000 Puffs Disposable Vape<\/strong> delivers not only <strong data-start=\"2480\" data-end=\"2496\">l\u00e5ngvarig<\/strong> puffs but also the flexibility to choose from a range of <strong data-start=\"2554\" data-end=\"2575\">l\u00e4ckra smaker<\/strong> and nicotine strengths, making it a must-have for both casual and professional vapers.<\/p>\n<h2 data-start=\"2415\" data-end=\"2662\">\t\t\t<link rel=\"stylesheet\" id=\"elementor-post-32801-css\" href=\"https:\/\/euvapz.com\/wp-content\/uploads\/elementor\/css\/post-32801.css?ver=1778766677\" type=\"text\/css\" media=\"all\">\n\t\t\t\t\t<div data-elementor-type=\"wp-post\" data-elementor-id=\"32801\" class=\"elementor elementor-32801\" data-elementor-post-type=\"cms_block\">\n\t\t\t\t<div class=\"wd-negative-gap elementor-element elementor-element-311ef4d e-flex e-con-boxed e-con e-parent\" data-id=\"311ef4d\" data-element_type=\"container\" data-e-type=\"container\">\n\t\t\t\t\t<div class=\"e-con-inner\">\n\t\t\t\t<div class=\"elementor-element elementor-element-354d55bb color-scheme-inherit text-left elementor-widget elementor-widget-text-editor\" data-id=\"354d55bb\" data-element_type=\"widget\" data-e-type=\"widget\" data-widget_type=\"text-editor.default\">\n\t\t\t\t<div class=\"elementor-widget-container\">\n\t\t\t\t\t\t\t\t\t&nbsp;\n\n<script src=\"chrome-extension:\/\/fpelahbljekknahkcaegamhcndkfpfnc\/iFrame.js\" type=\"text\/javascript\"><\/script>\t\t\t\t\t\t\t\t<\/div>\n\t\t\t\t<\/div>\n\t\t\t\t\t<\/div>\n\t\t\t\t<\/div>\n\t\t<div class=\"wd-negative-gap elementor-element elementor-element-2f4b93b0 e-flex e-con-boxed e-con e-parent\" data-id=\"2f4b93b0\" data-element_type=\"container\" data-e-type=\"container\">\n\t\t\t\t\t<div class=\"e-con-inner\">\n\t\t\t\t\t<\/div>\n\t\t\t\t<\/div>\n\t\t<div class=\"wd-negative-gap elementor-element elementor-element-200eec29 e-flex e-con-boxed e-con e-parent\" data-id=\"200eec29\" data-element_type=\"container\" data-e-type=\"container\">\n\t\t\t\t\t<div class=\"e-con-inner\">\n\t\t\t\t<div class=\"elementor-element elementor-element-19faf1ba color-scheme-inherit text-left elementor-widget elementor-widget-text-editor\" data-id=\"19faf1ba\" data-element_type=\"widget\" data-e-type=\"widget\" data-widget_type=\"text-editor.default\">\n\t\t\t\t<div class=\"elementor-widget-container\">\n\t\t\t\t\t\t\t\t\t<h2><em><strong>VANLIGA FR\u00c5GOR<\/strong><\/em><\/h2><ul><li><h2><em><strong>Vilka leveransmetoder anv\u00e4nder du?<\/strong><\/em><\/h2><\/li><li><h2><em><strong><span style=\"color: #333333; font-size: 16px;\">Vi samarbetar med p\u00e5litliga transport\u00f6rer som UPS, DHL, FedEx och DPD. Beroende p\u00e5 destinationsland v\u00e4ljer vi den b\u00e4sta fraktmetoden f\u00f6r att s\u00e4kerst\u00e4lla snabb och s\u00e4ker leverans av dina produkter.<\/span><\/strong><\/em><\/h2><\/li><\/ul><ul><li><h2><em><strong>Hur l\u00e5ng tid tar det innan min best\u00e4llning kommer fram?<\/strong><\/em><\/h2><\/li><\/ul><p data-start=\"340\" data-end=\"490\"><em><strong>\u00a0 \u00a0 \u00a0 Vanligtvis tar leveransen mellan 7-15 arbetsdagar. Under h\u00f6gs\u00e4song eller vid ogynnsamma v\u00e4derf\u00f6rh\u00e5llanden kan det dock ta upp till 20 arbetsdagar.<\/strong><\/em><\/p><ul><li data-start=\"492\" data-end=\"539\"><h2><em><strong>Kommer min best\u00e4llning att passera tullen utan problem?<\/strong><\/em><\/h2><\/li><li data-start=\"492\" data-end=\"539\"><h2><em><strong><span style=\"color: #333333; font-size: 16px;\">Vi hanterar all tullklarering \u00e5t dig, vilket s\u00e4kerst\u00e4ller en smidig leverans utan extra skatter eller avgifter. Vi garanterar att 100% av v\u00e5ra f\u00f6rs\u00e4ndelser kommer att tullklareras utan problem.<\/span><\/strong><\/em><\/h2><\/li><\/ul><ul><li data-start=\"718\" data-end=\"747\"><h2><em><strong>Kan jag lita p\u00e5 er service?<\/strong><\/em><\/h2><\/li><li data-start=\"718\" data-end=\"747\"><h2><em><strong><span style=\"color: #333333; font-size: 16px;\">Absolut! Vi accepterar PayPal f\u00f6r s\u00e4kra betalningar, och ditt k\u00f6p skyddas av PayPals k\u00f6parskydd. Du kan ocks\u00e5 kolla v\u00e5ra TrustPilot-recensioner f\u00f6r att se vad andra kunder s\u00e4ger om oss.<\/span><\/strong><\/em><\/h2><\/li><\/ul>\t\t\t\t\t\t\t\t<\/div>\n\t\t\t\t<\/div>\n\t\t\t\t\t<\/div>\n\t\t\t\t<\/div>\n\t\t<div class=\"wd-negative-gap elementor-element elementor-element-d4517fd e-flex e-con-boxed e-con e-parent\" data-id=\"d4517fd\" data-element_type=\"container\" data-e-type=\"container\">\n\t\t\t\t\t<div class=\"e-con-inner\">\n\t\t\t\t<div class=\"elementor-element elementor-element-11cb93e5 elementor-widget elementor-widget-wd_button\" data-id=\"11cb93e5\" data-element_type=\"widget\" data-e-type=\"widget\" data-widget_type=\"wd_button.default\">\n\t\t\t\t<div class=\"elementor-widget-container\">\n\t\t\t\t\t\t\t<div class=\"wd-button-wrapper text-left\" >\n\t\t\t<a class=\"btn btn-style-link btn-style- btn-size-extra-large btn-scheme-inherit btn-scheme-hover-custom btn-icon-pos-right\"  href=\"https:\/\/euvapz.com\/sv\/faqs\/\">\n\t\t\t\t<span class=\"wd-btn-text\" data-elementor-setting-key=\"text\">\n\t\t\t\t\tKlicka h\u00e4r f\u00f6r mer information om vanliga fr\u00e5gor.\t\t\t\t<\/span>\n\n\t\t\t\t\t\t\t<\/a>\n\t\t<\/div>\n\t\t\t\t\t\t<\/div>\n\t\t\t\t<\/div>\n\t\t\t\t\t<\/div>\n\t\t\t\t<\/div>\n\t\t\t\t<\/div>\n\t\t<\/h2>\n<p><script src=\"chrome-extension:\/\/fpelahbljekknahkcaegamhcndkfpfnc\/iFrame.js\" type=\"text\/javascript\"><\/script><\/p>\n<p><script src=\"chrome-extension:\/\/fpelahbljekknahkcaegamhcndkfpfnc\/iFrame.js\" type=\"text\/javascript\"><\/script><\/p>","protected":false},"excerpt":{"rendered":"<p>Den <strong data-start=\"7\" data-end=\"49\">ZOOY START 30000 Puffs Disposable Vape<\/strong> erbjuder upp till <strong data-start=\"63\" data-end=\"79\">30.000 puffar<\/strong>, <strong data-start=\"81\" data-end=\"99\">spole med dubbla n\u00e4t<\/strong> technology, and flavors like <strong data-start=\"129\" data-end=\"147\">Redbull Energy<\/strong>, <strong data-start=\"149\" data-end=\"166\">Blue Razz Ice<\/strong>, och <strong data-start=\"172\" data-end=\"197\">Jordgubbar Vattenmelon<\/strong>, available in <strong data-start=\"212\" data-end=\"239\">2%, 3%, and 5% nicotine<\/strong> strengths.<\/p>","protected":false},"featured_media":33667,"comment_status":"open","ping_status":"closed","template":"","meta":[],"product_brand":[198],"product_cat":[199],"product_tag":[],"class_list":{"0":"post-32064","1":"product","2":"type-product","3":"status-publish","4":"has-post-thumbnail","6":"product_brand-zooy-disposable-vape","7":"product_cat-zooy-disposable-vape","9":"first","10":"instock","11":"shipping-taxable","12":"purchasable","13":"product-type-variable"},"_links":{"self":[{"href":"https:\/\/euvapz.com\/sv\/wp-json\/wp\/v2\/product\/32064","targetHints":{"allow":["GET"]}}],"collection":[{"href":"https:\/\/euvapz.com\/sv\/wp-json\/wp\/v2\/product"}],"about":[{"href":"https:\/\/euvapz.com\/sv\/wp-json\/wp\/v2\/types\/product"}],"replies":[{"embeddable":true,"href":"https:\/\/euvapz.com\/sv\/wp-json\/wp\/v2\/comments?post=32064"}],"version-history":[{"count":5,"href":"https:\/\/euvapz.com\/sv\/wp-json\/wp\/v2\/product\/32064\/revisions"}],"predecessor-version":[{"id":33674,"href":"https:\/\/euvapz.com\/sv\/wp-json\/wp\/v2\/product\/32064\/revisions\/33674"}],"wp:featuredmedia":[{"embeddable":true,"href":"https:\/\/euvapz.com\/sv\/wp-json\/wp\/v2\/media\/33667"}],"wp:attachment":[{"href":"https:\/\/euvapz.com\/sv\/wp-json\/wp\/v2\/media?parent=32064"}],"wp:term":[{"taxonomy":"product_brand","embeddable":true,"href":"https:\/\/euvapz.com\/sv\/wp-json\/wp\/v2\/product_brand?post=32064"},{"taxonomy":"product_cat","embeddable":true,"href":"https:\/\/euvapz.com\/sv\/wp-json\/wp\/v2\/product_cat?post=32064"},{"taxonomy":"product_tag","embeddable":true,"href":"https:\/\/euvapz.com\/sv\/wp-json\/wp\/v2\/product_tag?post=32064"}],"curies":[{"name":"wp","href":"https:\/\/api.w.org\/{rel}","templated":true}]}}