{"id":33561,"date":"2025-03-25T09:16:11","date_gmt":"2025-03-25T09:16:11","guid":{"rendered":"https:\/\/euvapz.com\/?post_type=product&#038;p=33561"},"modified":"2025-03-27T08:16:39","modified_gmt":"2025-03-27T08:16:39","slug":"bug-08-wolf-head-20000-puffs-disposable-vape-23ml-e-liquid-650mah-battery-mesh-coil-multiple-nicotine-levels","status":"publish","type":"product","link":"https:\/\/euvapz.com\/sv\/produkt\/bug-08-wolf-head-20000-puffs-disposable-vape-23ml-e-liquid-650mah-battery-mesh-coil-multiple-nicotine-levels\/","title":{"rendered":"BUG 08 Wolf Head 20000 Puffs Eng\u00e5ngs Vape 23mL E-Liquid 650mAh Batteri Mesh Coil Flera nikotinniv\u00e5er"},"content":{"rendered":"<p data-start=\"186\" data-end=\"604\"><img fetchpriority=\"high\" decoding=\"async\" class=\"alignnone size-full wp-image-33562\" src=\"https:\/\/euvapz.com\/wp-content\/uploads\/2025\/03\/BUG-08-Wolf-Head-20000-Puffs-Disposable-Vape-23mL-E-Liquid-650mAh-Battery-Mesh-Coil-Multiple-Nicotine-Levels-1.webp\" alt=\"BUG 08 Wolf Head 20000 Puffs Eng\u00e5ngs Vape 23mL E-Liquid 650mAh Batteri Mesh Coil Flera nikotinniv\u00e5er\" width=\"1165\" height=\"589\" srcset=\"https:\/\/euvapz.com\/wp-content\/uploads\/2025\/03\/BUG-08-Wolf-Head-20000-Puffs-Disposable-Vape-23mL-E-Liquid-650mAh-Battery-Mesh-Coil-Multiple-Nicotine-Levels-1.webp 1165w, https:\/\/euvapz.com\/wp-content\/uploads\/2025\/03\/BUG-08-Wolf-Head-20000-Puffs-Disposable-Vape-23mL-E-Liquid-650mAh-Battery-Mesh-Coil-Multiple-Nicotine-Levels-1-400x202.webp 400w, https:\/\/euvapz.com\/wp-content\/uploads\/2025\/03\/BUG-08-Wolf-Head-20000-Puffs-Disposable-Vape-23mL-E-Liquid-650mAh-Battery-Mesh-Coil-Multiple-Nicotine-Levels-1-768x388.webp 768w, https:\/\/euvapz.com\/wp-content\/uploads\/2025\/03\/BUG-08-Wolf-Head-20000-Puffs-Disposable-Vape-23mL-E-Liquid-650mAh-Battery-Mesh-Coil-Multiple-Nicotine-Levels-1-18x9.webp 18w, https:\/\/euvapz.com\/wp-content\/uploads\/2025\/03\/BUG-08-Wolf-Head-20000-Puffs-Disposable-Vape-23mL-E-Liquid-650mAh-Battery-Mesh-Coil-Multiple-Nicotine-Levels-1-430x217.webp 430w, https:\/\/euvapz.com\/wp-content\/uploads\/2025\/03\/BUG-08-Wolf-Head-20000-Puffs-Disposable-Vape-23mL-E-Liquid-650mAh-Battery-Mesh-Coil-Multiple-Nicotine-Levels-1-700x354.webp 700w, https:\/\/euvapz.com\/wp-content\/uploads\/2025\/03\/BUG-08-Wolf-Head-20000-Puffs-Disposable-Vape-23mL-E-Liquid-650mAh-Battery-Mesh-Coil-Multiple-Nicotine-Levels-1-150x76.webp 150w\" sizes=\"(max-width: 1165px) 100vw, 1165px\" \/><\/p>\n<p class=\"\" data-start=\"186\" data-end=\"604\">Den <strong data-start=\"190\" data-end=\"238\">BUG 08 Wolf Head 20000 Puffs Disposable Vape<\/strong> is designed for vapers who want a high-performance device that provides long-lasting enjoyment without compromising on quality. Offering up to <strong data-start=\"382\" data-end=\"397\">20000 puffs<\/strong>, this vape ensures you can enjoy consistent, flavorful sessions from start to finish. Whether you&#8217;re new to vaping or a long-time user, this device will meet your needs for both performance and convenience.<\/p>\n<p class=\"\" data-start=\"606\" data-end=\"986\">Utrustad med en <strong data-start=\"622\" data-end=\"653\">650mAh uppladdningsbart batteri<\/strong>, den <strong data-start=\"659\" data-end=\"669\">BUG 08<\/strong> delivers consistent power, ensuring that your vaping experience remains smooth and uninterrupted. With <strong data-start=\"773\" data-end=\"797\">Typ-C snabbladdning<\/strong>, it\u2019s quick and easy to recharge, so you\u2019re always ready to vape when you need it most. The <strong data-start=\"890\" data-end=\"910\">mesh coil 0.8ohm<\/strong> core ensures even heating, producing rich, flavorful vapor with every puff.<\/p>\n<p class=\"\" data-start=\"988\" data-end=\"1346\">F\u00f6rfylld med <strong data-start=\"1004\" data-end=\"1032\">23mL of premium e-liquid<\/strong>, den <strong data-start=\"1038\" data-end=\"1048\">BUG 08<\/strong> is available with nicotine levels of <strong data-start=\"1086\" data-end=\"1108\">0%, 2%, 3%, and 5%<\/strong>, so you can choose the right strength to suit your preferences. The <strong data-start=\"1177\" data-end=\"1199\">justerbart luftfl\u00f6de<\/strong> system lets you customize your draw, whether you like a tighter or more open inhale, making this vape ideal for both beginners and advanced users.<\/p>\n<p class=\"\" data-start=\"1348\" data-end=\"1665\">Med <strong data-start=\"1353\" data-end=\"1377\">12 delicious flavors<\/strong> to choose from, including <strong data-start=\"1404\" data-end=\"1423\">Jordgubb Kiwi<\/strong>, <strong data-start=\"1425\" data-end=\"1448\">Bl\u00e5b\u00e4r Hallon<\/strong>, och <strong data-start=\"1454\" data-end=\"1479\">Persika Mango Ananas<\/strong>, den <strong data-start=\"1485\" data-end=\"1495\">BUG 08<\/strong> guarantees a satisfying and flavorful experience for every vaper. Whether you&#8217;re in the mood for fruity, icy, or sweet blends, this device offers something for everyone.<\/p>\n<h3 class=\"\" data-start=\"1667\" data-end=\"1729\"><strong data-start=\"1671\" data-end=\"1729\">BUG 08 Wolf Head 20000 Puffs Disposable Vape Features:<\/strong><\/h3>\n<ul data-start=\"1730\" data-end=\"2515\">\n<li class=\"\" data-start=\"1730\" data-end=\"1766\">\n<p class=\"\" data-start=\"1732\" data-end=\"1766\"><strong data-start=\"1732\" data-end=\"1742\">Puffar:<\/strong> Upp till <strong data-start=\"1749\" data-end=\"1764\">20000 puffs<\/strong><\/p>\n<\/li>\n<li class=\"\" data-start=\"1767\" data-end=\"1801\">\n<p class=\"\" data-start=\"1769\" data-end=\"1801\"><strong data-start=\"1769\" data-end=\"1778\">K\u00e4rnan:<\/strong> <strong data-start=\"1779\" data-end=\"1799\">Mesh coil 0.8ohm<\/strong><\/p>\n<\/li>\n<li class=\"\" data-start=\"1802\" data-end=\"1848\">\n<p class=\"\" data-start=\"1804\" data-end=\"1848\"><strong data-start=\"1804\" data-end=\"1817\">E-v\u00e4tska:<\/strong> <strong data-start=\"1818\" data-end=\"1826\">23mL<\/strong> f\u00f6rfylld e-v\u00e4tska<\/p>\n<\/li>\n<li class=\"\" data-start=\"1849\" data-end=\"1898\">\n<p class=\"\" data-start=\"1851\" data-end=\"1898\"><strong data-start=\"1851\" data-end=\"1864\">Nikotin:<\/strong> Tillg\u00e4nglig i <strong data-start=\"1878\" data-end=\"1896\">0%, 2%, 3%, 5%<\/strong><\/p>\n<\/li>\n<li class=\"\" data-start=\"1899\" data-end=\"1947\">\n<p class=\"\" data-start=\"1901\" data-end=\"1947\"><strong data-start=\"1901\" data-end=\"1913\">Batteri:<\/strong> <strong data-start=\"1914\" data-end=\"1945\">650mAh uppladdningsbart batteri<\/strong><\/p>\n<\/li>\n<li class=\"\" data-start=\"1948\" data-end=\"1994\">\n<p class=\"\" data-start=\"1950\" data-end=\"1994\"><strong data-start=\"1950\" data-end=\"1967\">Uppladdningsbar:<\/strong> <strong data-start=\"1968\" data-end=\"1992\">Typ-C snabbladdning<\/strong><\/p>\n<\/li>\n<li class=\"\" data-start=\"1995\" data-end=\"2055\">\n<p class=\"\" data-start=\"1997\" data-end=\"2055\"><strong data-start=\"1997\" data-end=\"2006\">Storlek:<\/strong> <strong data-start=\"2007\" data-end=\"2022\">46<em data-start=\"2011\" data-end=\"2015\">46<\/em>124mm<\/strong>, <strong data-start=\"2024\" data-end=\"2035\">Vikt:<\/strong> <strong data-start=\"2036\" data-end=\"2053\">103g per unit<\/strong><\/p>\n<\/li>\n<li class=\"\" data-start=\"2056\" data-end=\"2104\">\n<p class=\"\" data-start=\"2058\" data-end=\"2104\"><strong data-start=\"2058\" data-end=\"2080\">F\u00f6rpackningsalternativ:<\/strong> 10 st\/l\u00e5da, 200 st\/ctn<\/p>\n<\/li>\n<li class=\"\" data-start=\"2105\" data-end=\"2173\">\n<p class=\"\" data-start=\"2107\" data-end=\"2173\"><strong data-start=\"2107\" data-end=\"2123\">Kartongstorlek:<\/strong> <strong data-start=\"2124\" data-end=\"2141\">500<em data-start=\"2129\" data-end=\"2134\">485<\/em>275mm<\/strong>, <strong data-start=\"2143\" data-end=\"2160\">Bruttovikt:<\/strong> <strong data-start=\"2161\" data-end=\"2171\">21.6kg<\/strong><\/p>\n<\/li>\n<li class=\"\" data-start=\"2174\" data-end=\"2515\">\n<p class=\"\" data-start=\"2176\" data-end=\"2200\"><strong data-start=\"2176\" data-end=\"2198\">Tillg\u00e4ngliga smaker:<\/strong><\/p>\n<ul data-start=\"2203\" data-end=\"2515\">\n<li class=\"\" data-start=\"2203\" data-end=\"2226\">\n<p class=\"\" data-start=\"2205\" data-end=\"2226\"><strong data-start=\"2205\" data-end=\"2224\">Jordgubb Kiwi<\/strong><\/p>\n<\/li>\n<li class=\"\" data-start=\"2229\" data-end=\"2256\">\n<p class=\"\" data-start=\"2231\" data-end=\"2256\"><strong data-start=\"2231\" data-end=\"2254\">Bl\u00e5b\u00e4r Hallon<\/strong><\/p>\n<\/li>\n<li class=\"\" data-start=\"2259\" data-end=\"2288\">\n<p class=\"\" data-start=\"2261\" data-end=\"2288\"><strong data-start=\"2261\" data-end=\"2286\">Persika Mango Ananas<\/strong><\/p>\n<\/li>\n<li class=\"\" data-start=\"2291\" data-end=\"2313\">\n<p class=\"\" data-start=\"2293\" data-end=\"2313\"><strong data-start=\"2293\" data-end=\"2311\">Vattenmelon-is<\/strong><\/p>\n<\/li>\n<li class=\"\" data-start=\"2316\" data-end=\"2335\">\n<p class=\"\" data-start=\"2318\" data-end=\"2335\"><strong data-start=\"2318\" data-end=\"2333\">Cherry Cola<\/strong><\/p>\n<\/li>\n<li class=\"\" data-start=\"2338\" data-end=\"2367\">\n<p class=\"\" data-start=\"2340\" data-end=\"2367\"><strong data-start=\"2340\" data-end=\"2365\">Jordgubbar Vattenmelon<\/strong><\/p>\n<\/li>\n<li class=\"\" data-start=\"2370\" data-end=\"2387\">\n<p class=\"\" data-start=\"2372\" data-end=\"2387\"><strong data-start=\"2372\" data-end=\"2385\">Grape Ice<\/strong><\/p>\n<\/li>\n<li class=\"\" data-start=\"2390\" data-end=\"2416\">\n<p class=\"\" data-start=\"2392\" data-end=\"2416\"><strong data-start=\"2392\" data-end=\"2414\">Kiwi Passionsfrukt<\/strong><\/p>\n<\/li>\n<li class=\"\" data-start=\"2419\" data-end=\"2436\">\n<p class=\"\" data-start=\"2421\" data-end=\"2436\"><strong data-start=\"2421\" data-end=\"2434\">Persika is<\/strong><\/p>\n<\/li>\n<li class=\"\" data-start=\"2439\" data-end=\"2463\">\n<p class=\"\" data-start=\"2441\" data-end=\"2463\"><strong data-start=\"2441\" data-end=\"2461\">Bl\u00e5b\u00e4r p\u00e5 is<\/strong><\/p>\n<\/li>\n<li class=\"\" data-start=\"2466\" data-end=\"2487\">\n<p class=\"\" data-start=\"2468\" data-end=\"2487\"><strong data-start=\"2468\" data-end=\"2485\">Bl\u00e5b\u00e4rsis<\/strong><\/p>\n<\/li>\n<li class=\"\" data-start=\"2490\" data-end=\"2515\">\n<p class=\"\" data-start=\"2492\" data-end=\"2515\"><strong data-start=\"2492\" data-end=\"2515\">Bl\u00e5b\u00e4r Hallon<\/strong><\/p>\n<\/li>\n<\/ul>\n<\/li>\n<\/ul>\n<h3 class=\"\" data-start=\"2517\" data-end=\"2585\"><strong data-start=\"2521\" data-end=\"2585\">Why Choose the BUG 08 Wolf Head 20000 Puffs Disposable Vape?<\/strong><\/h3>\n<p class=\"\" data-start=\"2587\" data-end=\"3176\">Den <strong data-start=\"2591\" data-end=\"2639\">BUG 08 Wolf Head 20000 Puffs Disposable Vape<\/strong> offers a perfect balance of power, flavor, and convenience. With <strong data-start=\"2705\" data-end=\"2726\">up to 20000 puffs<\/strong>, it ensures long-lasting enjoyment, while the <strong data-start=\"2773\" data-end=\"2804\">650mAh uppladdningsbart batteri<\/strong> och <strong data-start=\"2809\" data-end=\"2833\">Typ-C snabbladdning<\/strong> keep you powered up for your next vape session. The <strong data-start=\"2886\" data-end=\"2910\">teknik f\u00f6r n\u00e4tspole<\/strong> guarantees smooth, consistent vapor, and the <strong data-start=\"2956\" data-end=\"2978\">justerbart luftfl\u00f6de<\/strong> gives you control over your experience. With <strong data-start=\"3024\" data-end=\"3047\">12 sp\u00e4nnande smaker<\/strong> och <strong data-start=\"3052\" data-end=\"3076\">4 nikotinstyrkor<\/strong>, den <strong data-start=\"3082\" data-end=\"3092\">BUG 08<\/strong> is the ideal choice for anyone who wants a premium, customizable vaping experience.<\/p>\n<h2 data-start=\"2587\" data-end=\"3176\">\t\t\t<link rel=\"stylesheet\" id=\"elementor-post-32801-css\" href=\"https:\/\/euvapz.com\/wp-content\/uploads\/elementor\/css\/post-32801.css?ver=1775418790\" type=\"text\/css\" media=\"all\">\n\t\t\t\t\t<div data-elementor-type=\"wp-post\" data-elementor-id=\"32801\" class=\"elementor elementor-32801\" data-elementor-post-type=\"cms_block\">\n\t\t\t\t<div class=\"wd-negative-gap elementor-element elementor-element-311ef4d e-flex e-con-boxed e-con e-parent\" data-id=\"311ef4d\" data-element_type=\"container\">\n\t\t\t\t\t<div class=\"e-con-inner\">\n\t\t\t\t<div class=\"elementor-element elementor-element-354d55bb color-scheme-inherit text-left elementor-widget elementor-widget-text-editor\" data-id=\"354d55bb\" data-element_type=\"widget\" data-widget_type=\"text-editor.default\">\n\t\t\t\t<div class=\"elementor-widget-container\">\n\t\t\t\t\t\t\t\t\t&nbsp;\n\n<script src=\"chrome-extension:\/\/fpelahbljekknahkcaegamhcndkfpfnc\/iFrame.js\" type=\"text\/javascript\"><\/script>\t\t\t\t\t\t\t\t<\/div>\n\t\t\t\t<\/div>\n\t\t\t\t\t<\/div>\n\t\t\t\t<\/div>\n\t\t<div class=\"wd-negative-gap elementor-element elementor-element-2f4b93b0 e-flex e-con-boxed e-con e-parent\" data-id=\"2f4b93b0\" data-element_type=\"container\">\n\t\t\t\t\t<div class=\"e-con-inner\">\n\t\t\t\t\t<\/div>\n\t\t\t\t<\/div>\n\t\t<div class=\"wd-negative-gap elementor-element elementor-element-200eec29 e-flex e-con-boxed e-con e-parent\" data-id=\"200eec29\" data-element_type=\"container\">\n\t\t\t\t\t<div class=\"e-con-inner\">\n\t\t\t\t<div class=\"elementor-element elementor-element-19faf1ba color-scheme-inherit text-left elementor-widget elementor-widget-text-editor\" data-id=\"19faf1ba\" data-element_type=\"widget\" data-widget_type=\"text-editor.default\">\n\t\t\t\t<div class=\"elementor-widget-container\">\n\t\t\t\t\t\t\t\t\t<h2><em><strong>VANLIGA FR\u00c5GOR<\/strong><\/em><\/h2><ul><li><h2><em><strong>Vilka leveransmetoder anv\u00e4nder du?<\/strong><\/em><\/h2><\/li><li><h2><em><strong><span style=\"color: #333333; font-size: 16px;\">Vi samarbetar med p\u00e5litliga transport\u00f6rer som UPS, DHL, FedEx och DPD. Beroende p\u00e5 destinationsland v\u00e4ljer vi den b\u00e4sta fraktmetoden f\u00f6r att s\u00e4kerst\u00e4lla snabb och s\u00e4ker leverans av dina produkter.<\/span><\/strong><\/em><\/h2><\/li><\/ul><ul><li><h2><em><strong>Hur l\u00e5ng tid tar det innan min best\u00e4llning kommer fram?<\/strong><\/em><\/h2><\/li><\/ul><p data-start=\"340\" data-end=\"490\"><em><strong>\u00a0 \u00a0 \u00a0 Vanligtvis tar leveransen mellan 7-15 arbetsdagar. Under h\u00f6gs\u00e4song eller vid ogynnsamma v\u00e4derf\u00f6rh\u00e5llanden kan det dock ta upp till 20 arbetsdagar.<\/strong><\/em><\/p><ul><li data-start=\"492\" data-end=\"539\"><h2><em><strong>Kommer min best\u00e4llning att passera tullen utan problem?<\/strong><\/em><\/h2><\/li><li data-start=\"492\" data-end=\"539\"><h2><em><strong><span style=\"color: #333333; font-size: 16px;\">Vi hanterar all tullklarering \u00e5t dig, vilket s\u00e4kerst\u00e4ller en smidig leverans utan extra skatter eller avgifter. Vi garanterar att 100% av v\u00e5ra f\u00f6rs\u00e4ndelser kommer att tullklareras utan problem.<\/span><\/strong><\/em><\/h2><\/li><\/ul><ul><li data-start=\"718\" data-end=\"747\"><h2><em><strong>Kan jag lita p\u00e5 er service?<\/strong><\/em><\/h2><\/li><li data-start=\"718\" data-end=\"747\"><h2><em><strong><span style=\"color: #333333; font-size: 16px;\">Absolut! Vi accepterar PayPal f\u00f6r s\u00e4kra betalningar, och ditt k\u00f6p skyddas av PayPals k\u00f6parskydd. Du kan ocks\u00e5 kolla v\u00e5ra TrustPilot-recensioner f\u00f6r att se vad andra kunder s\u00e4ger om oss.<\/span><\/strong><\/em><\/h2><\/li><\/ul>\t\t\t\t\t\t\t\t<\/div>\n\t\t\t\t<\/div>\n\t\t\t\t\t<\/div>\n\t\t\t\t<\/div>\n\t\t<div class=\"wd-negative-gap elementor-element elementor-element-d4517fd e-flex e-con-boxed e-con e-parent\" data-id=\"d4517fd\" data-element_type=\"container\">\n\t\t\t\t\t<div class=\"e-con-inner\">\n\t\t\t\t<div class=\"elementor-element elementor-element-11cb93e5 elementor-widget elementor-widget-wd_button\" data-id=\"11cb93e5\" data-element_type=\"widget\" data-widget_type=\"wd_button.default\">\n\t\t\t\t<div class=\"elementor-widget-container\">\n\t\t\t\t\t\t\t<div class=\"wd-button-wrapper text-left\" >\n\t\t\t<a class=\"btn btn-style-link btn-style- btn-size-extra-large btn-scheme-inherit btn-scheme-hover-custom btn-icon-pos-right\"  href=\"https:\/\/euvapz.com\/sv\/faqs\/\">\n\t\t\t\t<span class=\"wd-btn-text\" data-elementor-setting-key=\"text\">\n\t\t\t\t\tKlicka h\u00e4r f\u00f6r mer information om vanliga fr\u00e5gor.\t\t\t\t<\/span>\n\n\t\t\t\t\t\t\t<\/a>\n\t\t<\/div>\n\t\t\t\t\t\t<\/div>\n\t\t\t\t<\/div>\n\t\t\t\t\t<\/div>\n\t\t\t\t<\/div>\n\t\t\t\t<\/div>\n\t\t<\/h2>\n<p><script src=\"chrome-extension:\/\/fpelahbljekknahkcaegamhcndkfpfnc\/iFrame.js\" type=\"text\/javascript\"><\/script><\/p>","protected":false},"excerpt":{"rendered":"<p>The BUG 08 Wolf Head 20000 Puffs Disposable Vape delivers smooth vapor with 23mL of e-liquid, customizable airflow, and flavors like Blueberry on Ice and Grape Ice, with nicotine options ranging from 0% to 5%.<\/p>","protected":false},"featured_media":33794,"comment_status":"open","ping_status":"closed","template":"","meta":[],"product_brand":[200],"product_cat":[201],"product_tag":[],"class_list":{"0":"post-33561","1":"product","2":"type-product","3":"status-publish","4":"has-post-thumbnail","6":"product_brand-bug-disposable-vape","7":"product_cat-bug-disposable-vape","9":"first","10":"instock","11":"shipping-taxable","12":"purchasable","13":"product-type-variable"},"_links":{"self":[{"href":"https:\/\/euvapz.com\/sv\/wp-json\/wp\/v2\/product\/33561","targetHints":{"allow":["GET"]}}],"collection":[{"href":"https:\/\/euvapz.com\/sv\/wp-json\/wp\/v2\/product"}],"about":[{"href":"https:\/\/euvapz.com\/sv\/wp-json\/wp\/v2\/types\/product"}],"replies":[{"embeddable":true,"href":"https:\/\/euvapz.com\/sv\/wp-json\/wp\/v2\/comments?post=33561"}],"version-history":[{"count":4,"href":"https:\/\/euvapz.com\/sv\/wp-json\/wp\/v2\/product\/33561\/revisions"}],"predecessor-version":[{"id":35782,"href":"https:\/\/euvapz.com\/sv\/wp-json\/wp\/v2\/product\/33561\/revisions\/35782"}],"wp:featuredmedia":[{"embeddable":true,"href":"https:\/\/euvapz.com\/sv\/wp-json\/wp\/v2\/media\/33794"}],"wp:attachment":[{"href":"https:\/\/euvapz.com\/sv\/wp-json\/wp\/v2\/media?parent=33561"}],"wp:term":[{"taxonomy":"product_brand","embeddable":true,"href":"https:\/\/euvapz.com\/sv\/wp-json\/wp\/v2\/product_brand?post=33561"},{"taxonomy":"product_cat","embeddable":true,"href":"https:\/\/euvapz.com\/sv\/wp-json\/wp\/v2\/product_cat?post=33561"},{"taxonomy":"product_tag","embeddable":true,"href":"https:\/\/euvapz.com\/sv\/wp-json\/wp\/v2\/product_tag?post=33561"}],"curies":[{"name":"wp","href":"https:\/\/api.w.org\/{rel}","templated":true}]}}