{"id":34640,"date":"2025-05-07T11:06:08","date_gmt":"2025-05-07T11:06:08","guid":{"rendered":"https:\/\/euvapz.com\/?post_type=product&#038;p=34640"},"modified":"2025-05-07T11:06:10","modified_gmt":"2025-05-07T11:06:10","slug":"wga-15000-puffar-engangs-vape-dual-mesh-20ml-e-vatska","status":"publish","type":"product","link":"https:\/\/euvapz.com\/sv\/produkt\/wga-15000-puffar-engangs-vape-dual-mesh-20ml-e-vatska\/","title":{"rendered":"WGA 15000 Puffs Eng\u00e5ngsvape Dual Mesh 20ml E-Liquid"},"content":{"rendered":"<h2 data-start=\"352\" data-end=\"588\"><strong data-start=\"356\" data-end=\"391\"><img fetchpriority=\"high\" decoding=\"async\" class=\"alignnone size-full wp-image-34652\" src=\"https:\/\/euvapz.com\/wp-content\/uploads\/2025\/05\/WGA-15000-Puffs-Disposable-Vape-Dual-Mesh-20ml-E-Liquid-9.webp\" alt=\"WGA 15000 Puffs Eng\u00e5ngsvape Dual Mesh 20ml E-Liquid\" width=\"1920\" height=\"862\" srcset=\"https:\/\/euvapz.com\/wp-content\/uploads\/2025\/05\/WGA-15000-Puffs-Disposable-Vape-Dual-Mesh-20ml-E-Liquid-9.webp 1920w, https:\/\/euvapz.com\/wp-content\/uploads\/2025\/05\/WGA-15000-Puffs-Disposable-Vape-Dual-Mesh-20ml-E-Liquid-9-400x180.webp 400w, https:\/\/euvapz.com\/wp-content\/uploads\/2025\/05\/WGA-15000-Puffs-Disposable-Vape-Dual-Mesh-20ml-E-Liquid-9-1300x584.webp 1300w, https:\/\/euvapz.com\/wp-content\/uploads\/2025\/05\/WGA-15000-Puffs-Disposable-Vape-Dual-Mesh-20ml-E-Liquid-9-768x345.webp 768w, https:\/\/euvapz.com\/wp-content\/uploads\/2025\/05\/WGA-15000-Puffs-Disposable-Vape-Dual-Mesh-20ml-E-Liquid-9-1536x690.webp 1536w, https:\/\/euvapz.com\/wp-content\/uploads\/2025\/05\/WGA-15000-Puffs-Disposable-Vape-Dual-Mesh-20ml-E-Liquid-9-18x8.webp 18w, https:\/\/euvapz.com\/wp-content\/uploads\/2025\/05\/WGA-15000-Puffs-Disposable-Vape-Dual-Mesh-20ml-E-Liquid-9-430x193.webp 430w, https:\/\/euvapz.com\/wp-content\/uploads\/2025\/05\/WGA-15000-Puffs-Disposable-Vape-Dual-Mesh-20ml-E-Liquid-9-700x314.webp 700w, https:\/\/euvapz.com\/wp-content\/uploads\/2025\/05\/WGA-15000-Puffs-Disposable-Vape-Dual-Mesh-20ml-E-Liquid-9-150x67.webp 150w\" sizes=\"(max-width: 1920px) 100vw, 1920px\" \/><\/strong><\/h2>\n<h2 data-start=\"352\" data-end=\"588\"><strong data-start=\"356\" data-end=\"391\">WGA 15000 puffar Eng\u00e5ngs Vape Produktbeskrivning:<\/strong><\/h2>\n<p class=\"\" data-start=\"352\" data-end=\"588\">Den <strong data-start=\"356\" data-end=\"391\">WGA 15000 puffar <\/strong>\u00a0\u00e4r byggd f\u00f6r dem som kr\u00e4ver smakintensitet och l\u00e5ngvarig anv\u00e4ndning i ett kompakt, snyggt format. Med upp till <strong data-start=\"495\" data-end=\"511\">15.000 puffar<\/strong>ger den h\u00e4r h\u00f6gkapacitetsenheten tillf\u00f6rlitlig tillfredsst\u00e4llelse - bloss efter bloss.<\/p>\n<p class=\"\" data-start=\"590\" data-end=\"930\">Drivs av en <strong data-start=\"604\" data-end=\"635\">850mAh uppladdningsbart batteri<\/strong>WGA s\u00e4kerst\u00e4ller en j\u00e4mn utmatning och konsekvent \u00e5ngproduktion. Den integrerade <strong data-start=\"715\" data-end=\"740\">dubbel mesh-spole (1,2\u03a9)<\/strong> f\u00f6rb\u00e4ttrar smakens klarhet och molndensiteten, vilket ger en j\u00e4mn dragning varje g\u00e5ng. Mer exakt, det uppr\u00e4tth\u00e5ller en stabil <strong data-start=\"860\" data-end=\"879\">3,5V\/11W utg\u00e5ng<\/strong> f\u00f6r en balanserad vape - inte f\u00f6r h\u00e5rd, inte f\u00f6r mild.<\/p>\n<p class=\"\" data-start=\"932\" data-end=\"1185\">F\u00f6rfylld med <strong data-start=\"948\" data-end=\"976\">20 ml premium e-v\u00e4tska<\/strong>och finns tillg\u00e4nglig i <strong data-start=\"995\" data-end=\"1027\">Nikotinstyrkorna 2% och 5%<\/strong>tillgodoser denna vape olika preferenser. Den <strong data-start=\"1074\" data-end=\"1098\">Typ C-laddningsport<\/strong> st\u00f6der snabb laddning, s\u00e5 att stillest\u00e5ndstiden \u00e4r minimal - perfekt f\u00f6r dem som vape p\u00e5 spr\u00e5ng.<\/p>\n<p class=\"\" data-start=\"1187\" data-end=\"1438\">Det som skiljer WGA fr\u00e5n m\u00e4ngden \u00e4r inte bara prestanda, utan \u00e4ven erfarenhet. Fr\u00e5n dess <strong data-start=\"1260\" data-end=\"1288\">munstycke av livsmedelsklassad PC<\/strong> till sin <strong data-start=\"1296\" data-end=\"1329\">livfull, f\u00e4rgglad displayl\u00e5da<\/strong>Varje detalj \u00e4r utformad med anv\u00e4ndaren i \u00e5tanke. (En sidoanteckning: presentationen g\u00f6r sig verkligen bra p\u00e5 butikshyllorna).<\/p>\n<p class=\"\" data-start=\"1440\" data-end=\"1822\">Det \u00e4r i smakerna som WGA briljerar. Fr\u00e5n den syrliga twisten av <strong data-start=\"1494\" data-end=\"1524\">Bl\u00e5b\u00e4r Hallon K\u00f6rsb\u00e4r<\/strong>, till den svala bl\u00e5sten fr\u00e5n <strong data-start=\"1547\" data-end=\"1565\">Trippel Menthol<\/strong>eller den nostalgiska s\u00f6tman hos <strong data-start=\"1597\" data-end=\"1611\">Gummibj\u00f6rn<\/strong>Varje bloss \u00e4r en skiktad, fyllig upplevelse. Det finns ocks\u00e5 <strong data-start=\"1674\" data-end=\"1700\">Mango Persika Vattenmelon<\/strong>, <strong data-start=\"1702\" data-end=\"1718\">Sakura Druva<\/strong>och till och med den klassiska <strong data-start=\"1741\" data-end=\"1757\">Dubbla \u00e4pplen<\/strong> - ett sortiment som omfattar fruktiga, isiga och godisinspirerade profiler.<\/p>\n<p class=\"\" data-start=\"1824\" data-end=\"1941\">Upplev smakfull uth\u00e5llighet med <strong data-start=\"1864\" data-end=\"1899\">WGA 15000 Puffs eng\u00e5ngsvape<\/strong> - dj\u00e4rv, p\u00e5litlig och utformad f\u00f6r att tillfredsst\u00e4lla.<\/p>\n<h2 data-start=\"1948\" data-end=\"2000\"><strong data-start=\"1948\" data-end=\"1998\">WGA 15000 Puffs eng\u00e5ngsvape - Viktiga egenskaper<\/strong><\/h2>\n<ul data-start=\"2001\" data-end=\"2319\">\n<li class=\"\" data-start=\"2001\" data-end=\"2028\">\n<p class=\"\" data-start=\"2003\" data-end=\"2028\">Puffar: Upp till <strong data-start=\"2016\" data-end=\"2026\">15,000<\/strong><\/p>\n<\/li>\n<li class=\"\" data-start=\"2029\" data-end=\"2064\">\n<p class=\"\" data-start=\"2031\" data-end=\"2064\"><strong data-start=\"2031\" data-end=\"2062\">850mAh uppladdningsbart batteri<\/strong><\/p>\n<\/li>\n<li class=\"\" data-start=\"2065\" data-end=\"2097\">\n<p class=\"\" data-start=\"2067\" data-end=\"2097\"><strong data-start=\"2067\" data-end=\"2095\">20 ml f\u00f6rfylld e-juice<\/strong><\/p>\n<\/li>\n<li class=\"\" data-start=\"2098\" data-end=\"2132\">\n<p class=\"\" data-start=\"2100\" data-end=\"2132\"><strong data-start=\"2100\" data-end=\"2130\">2% \/ 5% Nikotin Styrkor<\/strong><\/p>\n<\/li>\n<li class=\"\" data-start=\"2133\" data-end=\"2162\">\n<p class=\"\" data-start=\"2135\" data-end=\"2162\"><strong data-start=\"2135\" data-end=\"2160\">Spole med dubbla n\u00e4t (1,2\u03a9)<\/strong><\/p>\n<\/li>\n<li class=\"\" data-start=\"2163\" data-end=\"2187\">\n<p class=\"\" data-start=\"2165\" data-end=\"2187\">Typ-C snabbladdning<\/p>\n<\/li>\n<li class=\"\" data-start=\"2188\" data-end=\"2214\">\n<p class=\"\" data-start=\"2190\" data-end=\"2214\">Utg\u00e5ng: <strong data-start=\"2198\" data-end=\"2212\">3,5V \/ 11W<\/strong><\/p>\n<\/li>\n<li class=\"\" data-start=\"2215\" data-end=\"2243\">\n<p class=\"\" data-start=\"2217\" data-end=\"2243\">Munstycke av livsmedelsgodk\u00e4nd PC<\/p>\n<\/li>\n<li class=\"\" data-start=\"2244\" data-end=\"2274\">\n<p class=\"\" data-start=\"2246\" data-end=\"2274\">F\u00e4rgglada displayf\u00f6rpackningar<\/p>\n<\/li>\n<li class=\"\" data-start=\"2275\" data-end=\"2319\">\n<p class=\"\" data-start=\"2277\" data-end=\"2319\">180 st\/kartong | 23kg | Storlek: 51\u00d732,5\u00d723cm<\/p>\n<\/li>\n<\/ul>\n<h2 data-start=\"1948\" data-end=\"2000\"><strong data-start=\"1948\" data-end=\"1998\">WGA 15000 Puffs eng\u00e5ngsvape <\/strong><strong data-start=\"2321\" data-end=\"2347\">Smaklista H\u00f6jdpunkter<\/strong><\/h2>\n<ul data-start=\"2350\" data-end=\"2556\">\n<li class=\"\" data-start=\"2350\" data-end=\"2380\">\n<p class=\"\" data-start=\"2352\" data-end=\"2380\">Bl\u00e5b\u00e4r Hallon K\u00f6rsb\u00e4r<\/p>\n<\/li>\n<li class=\"\" data-start=\"2381\" data-end=\"2402\">\n<p class=\"\" data-start=\"2383\" data-end=\"2402\">Bluerazz Lemonad<\/p>\n<\/li>\n<li class=\"\" data-start=\"2403\" data-end=\"2418\">\n<p class=\"\" data-start=\"2405\" data-end=\"2418\">Juicy persika<\/p>\n<\/li>\n<li class=\"\" data-start=\"2419\" data-end=\"2435\">\n<p class=\"\" data-start=\"2421\" data-end=\"2435\">Fizzy Cherry<\/p>\n<\/li>\n<li class=\"\" data-start=\"2436\" data-end=\"2448\">\n<p class=\"\" data-start=\"2438\" data-end=\"2448\">Skittles<\/p>\n<\/li>\n<li class=\"\" data-start=\"2449\" data-end=\"2466\">\n<p class=\"\" data-start=\"2451\" data-end=\"2466\">Ananas-is<\/p>\n<\/li>\n<li class=\"\" data-start=\"2467\" data-end=\"2478\">\n<p class=\"\" data-start=\"2469\" data-end=\"2478\">Herr Bl\u00e5<\/p>\n<\/li>\n<li class=\"\" data-start=\"2479\" data-end=\"2495\">\n<p class=\"\" data-start=\"2481\" data-end=\"2495\">Glaci\u00e4r Mint<\/p>\n<\/li>\n<li class=\"\" data-start=\"2496\" data-end=\"2522\">\n<p class=\"\" data-start=\"2498\" data-end=\"2522\">Persika Guava Jordgubbe<\/p>\n<\/li>\n<li class=\"\" data-start=\"2523\" data-end=\"2541\">\n<p class=\"\" data-start=\"2525\" data-end=\"2541\">Vattenmelon-is<\/p>\n<\/li>\n<li class=\"\" data-start=\"2542\" data-end=\"2556\">\n<p class=\"\" data-start=\"2544\" data-end=\"2556\">Dubbla \u00e4pplen<\/p>\n<\/li>\n<\/ul>","protected":false},"excerpt":{"rendered":"<p><strong data-start=\"299\" data-end=\"334\">WGA 15000 Puffs eng\u00e5ngsvape<\/strong> En saftig blandning av <strong data-start=\"355\" data-end=\"381\">Persika Guava Jordgubbe<\/strong>Den kombineras med en dual mesh-coil f\u00f6r rik \u00e5nga och smak. 20 ml premium-e-v\u00e4tska och snabb Type-C-laddning g\u00f6r att du kan h\u00e5lla ig\u00e5ng dina sessioner.<\/p>","protected":false},"featured_media":34642,"comment_status":"open","ping_status":"closed","template":"","meta":[],"product_brand":[],"product_cat":[203],"product_tag":[],"class_list":{"0":"post-34640","1":"product","2":"type-product","3":"status-publish","4":"has-post-thumbnail","6":"product_cat-wga-disposable-vape","8":"first","9":"instock","10":"shipping-taxable","11":"purchasable","12":"product-type-variable"},"_links":{"self":[{"href":"https:\/\/euvapz.com\/sv\/wp-json\/wp\/v2\/product\/34640","targetHints":{"allow":["GET"]}}],"collection":[{"href":"https:\/\/euvapz.com\/sv\/wp-json\/wp\/v2\/product"}],"about":[{"href":"https:\/\/euvapz.com\/sv\/wp-json\/wp\/v2\/types\/product"}],"replies":[{"embeddable":true,"href":"https:\/\/euvapz.com\/sv\/wp-json\/wp\/v2\/comments?post=34640"}],"version-history":[{"count":2,"href":"https:\/\/euvapz.com\/sv\/wp-json\/wp\/v2\/product\/34640\/revisions"}],"predecessor-version":[{"id":34711,"href":"https:\/\/euvapz.com\/sv\/wp-json\/wp\/v2\/product\/34640\/revisions\/34711"}],"wp:featuredmedia":[{"embeddable":true,"href":"https:\/\/euvapz.com\/sv\/wp-json\/wp\/v2\/media\/34642"}],"wp:attachment":[{"href":"https:\/\/euvapz.com\/sv\/wp-json\/wp\/v2\/media?parent=34640"}],"wp:term":[{"taxonomy":"product_brand","embeddable":true,"href":"https:\/\/euvapz.com\/sv\/wp-json\/wp\/v2\/product_brand?post=34640"},{"taxonomy":"product_cat","embeddable":true,"href":"https:\/\/euvapz.com\/sv\/wp-json\/wp\/v2\/product_cat?post=34640"},{"taxonomy":"product_tag","embeddable":true,"href":"https:\/\/euvapz.com\/sv\/wp-json\/wp\/v2\/product_tag?post=34640"}],"curies":[{"name":"wp","href":"https:\/\/api.w.org\/{rel}","templated":true}]}}