{"id":34783,"date":"2025-05-07T11:40:02","date_gmt":"2025-05-07T11:40:02","guid":{"rendered":"https:\/\/euvapz.com\/?post_type=product&#038;p=34783"},"modified":"2025-05-07T11:40:05","modified_gmt":"2025-05-07T11:40:05","slug":"wga-30000-puffar-dubbel-smak-engangs-vape","status":"publish","type":"product","link":"https:\/\/euvapz.com\/sv\/produkt\/wga-30000-puffar-dubbel-smak-engangs-vape\/","title":{"rendered":"WGA 30000 Puffs Dual Flavor Eng\u00e5ngsvape med dubbla smaker"},"content":{"rendered":"<h2 data-start=\"2020\" data-end=\"2072\"><strong data-start=\"2020\" data-end=\"2070\"><img fetchpriority=\"high\" decoding=\"async\" class=\"alignnone size-full wp-image-34796\" src=\"https:\/\/euvapz.com\/wp-content\/uploads\/2025\/05\/WGA-30000-Puffs-Dual-Flavor-Disposable-Vape-14.webp\" alt=\"WGA 30000 Puffs Dual Flavor Eng\u00e5ngsvape med dubbla smaker\" width=\"1920\" height=\"982\" srcset=\"https:\/\/euvapz.com\/wp-content\/uploads\/2025\/05\/WGA-30000-Puffs-Dual-Flavor-Disposable-Vape-14.webp 1920w, https:\/\/euvapz.com\/wp-content\/uploads\/2025\/05\/WGA-30000-Puffs-Dual-Flavor-Disposable-Vape-14-400x205.webp 400w, https:\/\/euvapz.com\/wp-content\/uploads\/2025\/05\/WGA-30000-Puffs-Dual-Flavor-Disposable-Vape-14-1300x665.webp 1300w, https:\/\/euvapz.com\/wp-content\/uploads\/2025\/05\/WGA-30000-Puffs-Dual-Flavor-Disposable-Vape-14-768x393.webp 768w, https:\/\/euvapz.com\/wp-content\/uploads\/2025\/05\/WGA-30000-Puffs-Dual-Flavor-Disposable-Vape-14-1536x786.webp 1536w, https:\/\/euvapz.com\/wp-content\/uploads\/2025\/05\/WGA-30000-Puffs-Dual-Flavor-Disposable-Vape-14-18x9.webp 18w, https:\/\/euvapz.com\/wp-content\/uploads\/2025\/05\/WGA-30000-Puffs-Dual-Flavor-Disposable-Vape-14-430x220.webp 430w, https:\/\/euvapz.com\/wp-content\/uploads\/2025\/05\/WGA-30000-Puffs-Dual-Flavor-Disposable-Vape-14-700x358.webp 700w, https:\/\/euvapz.com\/wp-content\/uploads\/2025\/05\/WGA-30000-Puffs-Dual-Flavor-Disposable-Vape-14-150x77.webp 150w\" sizes=\"(max-width: 1920px) 100vw, 1920px\" \/><\/strong><\/h2>\n<h2 data-start=\"405\" data-end=\"709\"><strong data-start=\"409\" data-end=\"444\">WGA 30000 Puffs Eng\u00e5ngs Vape Produktbeskrivning:<\/strong><\/h2>\n<p class=\"\" data-start=\"405\" data-end=\"709\">Den <strong data-start=\"409\" data-end=\"444\">WGA 30000 Puffs eng\u00e5ngsvape<\/strong> \u00e4r skapad f\u00f6r dem som l\u00e4ngtar efter <strong data-start=\"476\" data-end=\"510\">Ultra-l\u00e5ngvarig prestanda<\/strong> och <strong data-start=\"515\" data-end=\"544\">rik, dubbel smakvariation<\/strong> i en elegant, kompakt enhet. Med en imponerande <strong data-start=\"592\" data-end=\"608\">30.000 puffar<\/strong>h\u00f6jer denna vape ribban f\u00f6r uth\u00e5llighet och ger l\u00e5ngvarig tillfredsst\u00e4llelse under otaliga sessioner.<\/p>\n<p class=\"\" data-start=\"711\" data-end=\"1047\">I grund och botten \u00e4r <strong data-start=\"728\" data-end=\"741\">WGA 30000<\/strong> drivs av en <strong data-start=\"758\" data-end=\"789\">500mAh uppladdningsbart batteri<\/strong>-kompakt men \u00e4nd\u00e5 p\u00e5litlig. Tack vare <strong data-start=\"822\" data-end=\"846\">Typ-C snabbladdning<\/strong>Du beh\u00f6ver aldrig v\u00e4nta f\u00f6r l\u00e4nge mellan tr\u00e4ffarna. Den har ocks\u00e5 en <strong data-start=\"911\" data-end=\"929\">spole med dubbla n\u00e4t<\/strong>, vilket mer exakt ger <em data-start=\"963\" data-end=\"1003\">j\u00e4mn uppv\u00e4rmning och j\u00e4mnare \u00e5ngproduktion<\/em>vilket maximerar smakleveransen vid varje dragning.<\/p>\n<p class=\"\" data-start=\"1049\" data-end=\"1228\">WGA omfattar mer \u00e4n bara prestanda, n\u00e4mligen <strong data-start=\"1094\" data-end=\"1127\">b\u00e5de batteri- och oljedisplay<\/strong>och ger dig full insyn i din anv\u00e4ndning. Det h\u00e4r \u00e4r inte bara bekv\u00e4mt - det \u00e4r smart vaping omdefinierat.<\/p>\n<p class=\"\" data-start=\"1230\" data-end=\"1496\">Enheten levereras f\u00f6rfylld med en <strong data-start=\"1267\" data-end=\"1288\">2 ml tank f\u00f6r e-v\u00e4tska<\/strong>, \u00e5tf\u00f6ljd av <strong data-start=\"1305\" data-end=\"1344\">tv\u00e5 10 ml flaskor med nikotinsaltv\u00e4tska<\/strong>vilket g\u00f6r att du kan njuta av <strong data-start=\"1368\" data-end=\"1384\">dubbla smaker<\/strong> med l\u00e4tthet. Oavsett om du \u00e4r p\u00e5 hum\u00f6r f\u00f6r fruktiga, iskalla eller godisinspirerade hits har WGA 30000 n\u00e5got p\u00e5 g\u00e5ng.<\/p>\n<p class=\"\" data-start=\"1498\" data-end=\"1735\">L\u00e5t oss prata om smak. Fr\u00e5n <strong data-start=\"1522\" data-end=\"1552\">Bl\u00e5b\u00e4r Hallon K\u00f6rsb\u00e4r<\/strong> till <strong data-start=\"1556\" data-end=\"1571\">Juicy persika<\/strong>, och fr\u00e5n <strong data-start=\"1582\" data-end=\"1600\">Trippel Menthol<\/strong> till <strong data-start=\"1604\" data-end=\"1616\">Skittles<\/strong>\u00e4r varje alternativ utformat f\u00f6r att imponera. (Sj\u00e4lv tycker jag att kombinationen Blue Slush &amp; Pink Slush \u00e4r helt r\u00e4tt en sommardag).<\/p>\n<p class=\"\" data-start=\"1737\" data-end=\"1831\">Nikotinstyrka? Du har valm\u00f6jligheter, med smidiga <strong data-start=\"1789\" data-end=\"1806\">2% eller fetstil 5%<\/strong> f\u00f6r att passa dina preferenser.<\/p>\n<h2 data-start=\"2020\" data-end=\"2072\"><strong data-start=\"2020\" data-end=\"2070\">WGA 30000 Puffs eng\u00e5ngsvape - Viktiga egenskaper<\/strong><\/h2>\n<ul data-start=\"2073\" data-end=\"2420\">\n<li class=\"\" data-start=\"2073\" data-end=\"2100\">\n<p class=\"\" data-start=\"2075\" data-end=\"2100\"><strong data-start=\"2075\" data-end=\"2084\">Puffar<\/strong>: Upp till 30.000<\/p>\n<\/li>\n<li class=\"\" data-start=\"2101\" data-end=\"2137\">\n<p class=\"\" data-start=\"2103\" data-end=\"2137\"><strong data-start=\"2103\" data-end=\"2114\">Batteri<\/strong>: 500mAh uppladdningsbar<\/p>\n<\/li>\n<li class=\"\" data-start=\"2138\" data-end=\"2167\">\n<p class=\"\" data-start=\"2140\" data-end=\"2167\"><strong data-start=\"2140\" data-end=\"2152\">Laddning<\/strong>: Typ-C-port<\/p>\n<\/li>\n<li class=\"\" data-start=\"2168\" data-end=\"2196\">\n<p class=\"\" data-start=\"2170\" data-end=\"2196\"><strong data-start=\"2170\" data-end=\"2178\">Spole<\/strong>: Dubbelt n\u00e4t 1.2\u03a9<\/p>\n<\/li>\n<li class=\"\" data-start=\"2197\" data-end=\"2251\">\n<p class=\"\" data-start=\"2199\" data-end=\"2251\"><strong data-start=\"2199\" data-end=\"2211\">E-v\u00e4tska<\/strong>: F\u00f6rfylld 2ml + (10ml Nic Salt x 2)<\/p>\n<\/li>\n<li class=\"\" data-start=\"2252\" data-end=\"2288\">\n<p class=\"\" data-start=\"2254\" data-end=\"2288\"><strong data-start=\"2254\" data-end=\"2265\">Display<\/strong>: Batteri &amp; oljeniv\u00e5<\/p>\n<\/li>\n<li class=\"\" data-start=\"2289\" data-end=\"2322\">\n<p class=\"\" data-start=\"2291\" data-end=\"2322\"><strong data-start=\"2291\" data-end=\"2312\">Nikotinstyrka<\/strong>: 2%, 5%<\/p>\n<\/li>\n<li class=\"\" data-start=\"2323\" data-end=\"2358\">\n<p class=\"\" data-start=\"2325\" data-end=\"2358\"><strong data-start=\"2325\" data-end=\"2342\">Smaksystem<\/strong>: Dubbla smaker<\/p>\n<\/li>\n<li class=\"\" data-start=\"2359\" data-end=\"2420\">\n<p class=\"\" data-start=\"2361\" data-end=\"2420\"><strong data-start=\"2361\" data-end=\"2372\">F\u00f6rpackning<\/strong>: 120st\/kartong | 20KG | Storlek: Standard export<\/p>\n<\/li>\n<\/ul>\n<h2 data-start=\"2427\" data-end=\"2444\"><strong data-start=\"2427\" data-end=\"2442\">WGA 30000 Puffs Eng\u00e5ngs Vape Smaklista<\/strong><\/h2>\n<ul data-start=\"2445\" data-end=\"2998\">\n<li class=\"\" data-start=\"2445\" data-end=\"2475\">\n<p class=\"\" data-start=\"2447\" data-end=\"2475\">Bl\u00e5b\u00e4r Hallon K\u00f6rsb\u00e4r<\/p>\n<\/li>\n<li class=\"\" data-start=\"2476\" data-end=\"2510\">\n<p class=\"\" data-start=\"2478\" data-end=\"2510\">Bl\u00e5b\u00e4r Jordgubbar Tranb\u00e4r<\/p>\n<\/li>\n<li class=\"\" data-start=\"2511\" data-end=\"2531\">\n<p class=\"\" data-start=\"2513\" data-end=\"2531\">Bl\u00e5 Razz K\u00f6rsb\u00e4r<\/p>\n<\/li>\n<li class=\"\" data-start=\"2532\" data-end=\"2554\">\n<p class=\"\" data-start=\"2534\" data-end=\"2554\">Blue Razz Lemonade<\/p>\n<\/li>\n<li class=\"\" data-start=\"2555\" data-end=\"2582\">\n<p class=\"\" data-start=\"2557\" data-end=\"2582\">Bl\u00e5 slush \/ Rosa slush<\/p>\n<\/li>\n<li class=\"\" data-start=\"2583\" data-end=\"2599\">\n<p class=\"\" data-start=\"2585\" data-end=\"2599\">Fizzy Cherry<\/p>\n<\/li>\n<li class=\"\" data-start=\"2600\" data-end=\"2620\">\n<p class=\"\" data-start=\"2602\" data-end=\"2620\">K\u00f6rsb\u00e4r Hallon<\/p>\n<\/li>\n<li class=\"\" data-start=\"2621\" data-end=\"2637\">\n<p class=\"\" data-start=\"2623\" data-end=\"2637\">Glaci\u00e4r Mint<\/p>\n<\/li>\n<li class=\"\" data-start=\"2638\" data-end=\"2656\">\n<p class=\"\" data-start=\"2640\" data-end=\"2656\">Trippel Menthol<\/p>\n<\/li>\n<li class=\"\" data-start=\"2657\" data-end=\"2671\">\n<p class=\"\" data-start=\"2659\" data-end=\"2671\">Gummibj\u00f6rn<\/p>\n<\/li>\n<li class=\"\" data-start=\"2672\" data-end=\"2684\">\n<p class=\"\" data-start=\"2674\" data-end=\"2684\">Skittles<\/p>\n<\/li>\n<li class=\"\" data-start=\"2685\" data-end=\"2700\">\n<p class=\"\" data-start=\"2687\" data-end=\"2700\">Juicy persika<\/p>\n<\/li>\n<li class=\"\" data-start=\"2701\" data-end=\"2727\">\n<p class=\"\" data-start=\"2703\" data-end=\"2727\">Mango Persika Vattenmelon<\/p>\n<\/li>\n<li class=\"\" data-start=\"2728\" data-end=\"2744\">\n<p class=\"\" data-start=\"2730\" data-end=\"2744\">Citron &amp; Lime<\/p>\n<\/li>\n<li class=\"\" data-start=\"2745\" data-end=\"2760\">\n<p class=\"\" data-start=\"2747\" data-end=\"2760\">Citronslush<\/p>\n<\/li>\n<li class=\"\" data-start=\"2761\" data-end=\"2772\">\n<p class=\"\" data-start=\"2763\" data-end=\"2772\">Herr Bl\u00e5<\/p>\n<\/li>\n<li class=\"\" data-start=\"2773\" data-end=\"2796\">\n<p class=\"\" data-start=\"2775\" data-end=\"2796\">Bl\u00e5 sur hallon<\/p>\n<\/li>\n<li class=\"\" data-start=\"2797\" data-end=\"2823\">\n<p class=\"\" data-start=\"2799\" data-end=\"2823\">Persika Guava Jordgubbe<\/p>\n<\/li>\n<li class=\"\" data-start=\"2824\" data-end=\"2839\">\n<p class=\"\" data-start=\"2826\" data-end=\"2839\">Juicy persika<\/p>\n<\/li>\n<li class=\"\" data-start=\"2840\" data-end=\"2857\">\n<p class=\"\" data-start=\"2842\" data-end=\"2857\">Ananas-is<\/p>\n<\/li>\n<li class=\"\" data-start=\"2858\" data-end=\"2873\">\n<p class=\"\" data-start=\"2860\" data-end=\"2873\">Juicy Mango<\/p>\n<\/li>\n<li class=\"\" data-start=\"2874\" data-end=\"2890\">\n<p class=\"\" data-start=\"2876\" data-end=\"2890\">Sakura Druva<\/p>\n<\/li>\n<li class=\"\" data-start=\"2891\" data-end=\"2911\">\n<p class=\"\" data-start=\"2893\" data-end=\"2911\">Druva Gummibj\u00f6rn<\/p>\n<\/li>\n<li class=\"\" data-start=\"2912\" data-end=\"2940\">\n<p class=\"\" data-start=\"2914\" data-end=\"2940\">Jordgubbs-hallon-is<\/p>\n<\/li>\n<li class=\"\" data-start=\"2941\" data-end=\"2964\">\n<p class=\"\" data-start=\"2943\" data-end=\"2964\">Skittles med jordgubbar<\/p>\n<\/li>\n<li class=\"\" data-start=\"2965\" data-end=\"2983\">\n<p class=\"\" data-start=\"2967\" data-end=\"2983\">Vattenmelon-is<\/p>\n<\/li>\n<li class=\"\" data-start=\"2984\" data-end=\"2998\">\n<p class=\"\" data-start=\"2986\" data-end=\"2998\">Dubbla \u00e4pplen<\/p>\n<\/li>\n<li class=\"\" data-start=\"2984\" data-end=\"2998\">\n<p class=\"\" data-start=\"2986\" data-end=\"2998\">Den <strong data-start=\"1837\" data-end=\"1872\">WGA 30000 Puffs eng\u00e5ngsvape<\/strong> \u00e4r d\u00e4r <strong data-start=\"1882\" data-end=\"1908\">teknik m\u00f6ter smak<\/strong>Den erbjuder tillf\u00f6rlitlig effekt, kraftfull smak och exceptionell kapacitet - allt i en kompakt premiumenhet.<\/p>\n<\/li>\n<\/ul>","protected":false},"excerpt":{"rendered":"<p class=\"\" data-start=\"502\" data-end=\"759\"><strong data-start=\"502\" data-end=\"537\" data-is-only-node=\"\">WGA 30000 Puffs eng\u00e5ngsvape<\/strong> Upplev 30 000 puffar av premiumnikotin med ett system med dubbla smaker. Uppladdningsbart 500mAh-batteri, snygg design och l\u00e4ckra alternativ som Glacier Mint, Pineapple Ice och Mr. Blue f\u00f6r en of\u00f6rgl\u00f6mlig vaping-session.<\/p>","protected":false},"featured_media":34795,"comment_status":"open","ping_status":"closed","template":"","meta":[],"product_brand":[],"product_cat":[203],"product_tag":[],"class_list":{"0":"post-34783","1":"product","2":"type-product","3":"status-publish","4":"has-post-thumbnail","6":"product_cat-wga-disposable-vape","8":"first","9":"instock","10":"shipping-taxable","11":"purchasable","12":"product-type-variable"},"_links":{"self":[{"href":"https:\/\/euvapz.com\/sv\/wp-json\/wp\/v2\/product\/34783","targetHints":{"allow":["GET"]}}],"collection":[{"href":"https:\/\/euvapz.com\/sv\/wp-json\/wp\/v2\/product"}],"about":[{"href":"https:\/\/euvapz.com\/sv\/wp-json\/wp\/v2\/types\/product"}],"replies":[{"embeddable":true,"href":"https:\/\/euvapz.com\/sv\/wp-json\/wp\/v2\/comments?post=34783"}],"version-history":[{"count":2,"href":"https:\/\/euvapz.com\/sv\/wp-json\/wp\/v2\/product\/34783\/revisions"}],"predecessor-version":[{"id":34855,"href":"https:\/\/euvapz.com\/sv\/wp-json\/wp\/v2\/product\/34783\/revisions\/34855"}],"wp:featuredmedia":[{"embeddable":true,"href":"https:\/\/euvapz.com\/sv\/wp-json\/wp\/v2\/media\/34795"}],"wp:attachment":[{"href":"https:\/\/euvapz.com\/sv\/wp-json\/wp\/v2\/media?parent=34783"}],"wp:term":[{"taxonomy":"product_brand","embeddable":true,"href":"https:\/\/euvapz.com\/sv\/wp-json\/wp\/v2\/product_brand?post=34783"},{"taxonomy":"product_cat","embeddable":true,"href":"https:\/\/euvapz.com\/sv\/wp-json\/wp\/v2\/product_cat?post=34783"},{"taxonomy":"product_tag","embeddable":true,"href":"https:\/\/euvapz.com\/sv\/wp-json\/wp\/v2\/product_tag?post=34783"}],"curies":[{"name":"wp","href":"https:\/\/api.w.org\/{rel}","templated":true}]}}