{"id":34856,"date":"2025-05-07T11:53:00","date_gmt":"2025-05-07T11:53:00","guid":{"rendered":"https:\/\/euvapz.com\/?post_type=product&#038;p=34856"},"modified":"2025-05-07T11:53:01","modified_gmt":"2025-05-07T11:53:01","slug":"solaris-25000-puffar-engangs-vape-650mah-18ml-e-vatska","status":"publish","type":"product","link":"https:\/\/euvapz.com\/sv\/produkt\/solaris-25000-puffar-engangs-vape-650mah-18ml-e-vatska\/","title":{"rendered":"Solaris 25000 Puffs Eng\u00e5ngs Vape 650mAh 18ml E-Liquid"},"content":{"rendered":"<h2 data-start=\"147\" data-end=\"488\"><strong data-start=\"151\" data-end=\"190\">Solaris 25000 Puffs Eng\u00e5ngs Vape Produktbeskrivning:<\/strong><\/h2>\n<p class=\"\" data-start=\"147\" data-end=\"488\">Den <strong data-start=\"151\" data-end=\"190\">Solaris 25000 puffar eng\u00e5ngsvape<\/strong> \u00e4r ett perfekt val f\u00f6r dig som vill ha en l\u00e5ngvarig och smidig upplevelse. Erbjuder upp till <strong data-start=\"281\" data-end=\"296\">25000 puffar<\/strong>Med den h\u00e4r enheten kan du njuta av l\u00e5ngvarig vaping utan att kompromissa med prestandan. Med sin <strong data-start=\"394\" data-end=\"420\">18 ml kapacitet f\u00f6r e-v\u00e4tska<\/strong>Den \u00e4r byggd f\u00f6r att ge exceptionell smak \u00e4nda till sista blosset.<\/p>\n<p class=\"\" data-start=\"490\" data-end=\"714\">Drivs av en <strong data-start=\"503\" data-end=\"534\">650mAh uppladdningsbart batteri<\/strong>, den <strong data-start=\"540\" data-end=\"551\">Solaris<\/strong> ger en j\u00e4mn och p\u00e5litlig str\u00f6mf\u00f6rs\u00f6rjning under alla dina vaping-sessioner. Den <strong data-start=\"628\" data-end=\"647\">Typ C-laddning<\/strong> funktionen m\u00f6jligg\u00f6r snabb laddning, s\u00e5 att du aldrig beh\u00f6ver v\u00e4nta.<\/p>\n<p class=\"\" data-start=\"716\" data-end=\"1003\">Tillg\u00e4nglig i <strong data-start=\"729\" data-end=\"735\">2%<\/strong> och <strong data-start=\"740\" data-end=\"765\">5% nikotinstyrkor<\/strong>Den \u00e4r anpassad till en m\u00e4ngd olika vapingpreferenser, s\u00e5 att du kan hitta den perfekta styrkan f\u00f6r din upplevelse. Den <strong data-start=\"879\" data-end=\"897\">spole med dubbla n\u00e4t<\/strong> design f\u00f6rb\u00e4ttrar smak och \u00e5ngproduktion, vilket ger en mjukare och mer njutbar dragning med varje bloss.<\/p>\n<p class=\"\" data-start=\"1005\" data-end=\"1265\">Med ett urval av <strong data-start=\"1025\" data-end=\"1048\">10 sp\u00e4nnande smaker<\/strong>, den <strong data-start=\"1054\" data-end=\"1071\">Solaris 25000<\/strong> garanterar en smakrik upplevelse vid varje inandning. Oavsett om du \u00e4r p\u00e5 hum\u00f6r f\u00f6r tropisk frukt, mintfriskhet eller klassiska b\u00e4rblandningar, har den h\u00e4r enheten n\u00e5got som passar alla vaper-smaker.<\/p>\n<p class=\"\" data-start=\"1267\" data-end=\"1433\">Upplev en f\u00f6rb\u00e4ttrad, l\u00e5ngvarig vaping-session med <strong data-start=\"1328\" data-end=\"1367\">Solaris 25000 puffar eng\u00e5ngsvape<\/strong> - en idealisk balans mellan <strong data-start=\"1390\" data-end=\"1399\">kraft<\/strong>, <strong data-start=\"1401\" data-end=\"1416\">prestanda<\/strong>, och <strong data-start=\"1422\" data-end=\"1432\">smak<\/strong>.<\/p>\n<h2 data-start=\"1435\" data-end=\"1468\"><strong data-start=\"1435\" data-end=\"1467\">Solaris 25000 Puffs Funktioner<\/strong>:<\/h2>\n<ul data-start=\"1469\" data-end=\"1742\">\n<li class=\"\" data-start=\"1469\" data-end=\"1499\">\n<p class=\"\" data-start=\"1471\" data-end=\"1499\"><strong data-start=\"1471\" data-end=\"1480\">Puffar<\/strong>: Upp till 25000 puffar<\/p>\n<\/li>\n<li class=\"\" data-start=\"1500\" data-end=\"1529\">\n<p class=\"\" data-start=\"1502\" data-end=\"1529\"><strong data-start=\"1502\" data-end=\"1523\">Kapacitet f\u00f6r e-v\u00e4tska<\/strong>: 18 ml<\/p>\n<\/li>\n<li class=\"\" data-start=\"1530\" data-end=\"1575\">\n<p class=\"\" data-start=\"1532\" data-end=\"1575\"><strong data-start=\"1532\" data-end=\"1552\">Batteriets kapacitet<\/strong>: 650 mAh (uppladdningsbar)<\/p>\n<\/li>\n<li class=\"\" data-start=\"1576\" data-end=\"1598\">\n<p class=\"\" data-start=\"1578\" data-end=\"1598\"><strong data-start=\"1578\" data-end=\"1590\">Laddning<\/strong>: Typ-C<\/p>\n<\/li>\n<li class=\"\" data-start=\"1599\" data-end=\"1629\">\n<p class=\"\" data-start=\"1601\" data-end=\"1629\"><strong data-start=\"1601\" data-end=\"1620\">Nikotinniv\u00e5er<\/strong>: 2% &amp; 5%<\/p>\n<\/li>\n<li class=\"\" data-start=\"1630\" data-end=\"1691\">\n<p class=\"\" data-start=\"1632\" data-end=\"1691\"><strong data-start=\"1632\" data-end=\"1640\">Storlek<\/strong>: 88x52x28mm (enskild), 109x64x163mm (5st\/f\u00f6rpackning)<\/p>\n<\/li>\n<li class=\"\" data-start=\"1692\" data-end=\"1742\">\n<p class=\"\" data-start=\"1694\" data-end=\"1742\"><strong data-start=\"1694\" data-end=\"1712\">Spole med dubbla n\u00e4t<\/strong> f\u00f6r f\u00f6rb\u00e4ttrad smak och \u00e5nga<\/p>\n<\/li>\n<\/ul>\n<h2 data-start=\"1744\" data-end=\"1780\"><strong data-start=\"1744\" data-end=\"1779\">Solaris 25000 Puffs Smaklista<\/strong>:<\/h2>\n<ul data-start=\"1781\" data-end=\"1950\">\n<li class=\"\" data-start=\"1781\" data-end=\"1797\">\n<p class=\"\" data-start=\"1783\" data-end=\"1797\">Banan Kokosn\u00f6t<\/p>\n<\/li>\n<li class=\"\" data-start=\"1798\" data-end=\"1810\">\n<p class=\"\" data-start=\"1800\" data-end=\"1810\">Miami Mint<\/p>\n<\/li>\n<li class=\"\" data-start=\"1811\" data-end=\"1829\">\n<p class=\"\" data-start=\"1813\" data-end=\"1829\">Vattenmelon Chill<\/p>\n<\/li>\n<li class=\"\" data-start=\"1830\" data-end=\"1842\">\n<p class=\"\" data-start=\"1832\" data-end=\"1842\">Grape Razz<\/p>\n<\/li>\n<li class=\"\" data-start=\"1843\" data-end=\"1862\">\n<p class=\"\" data-start=\"1845\" data-end=\"1862\">Jordgubbar Bananer<\/p>\n<\/li>\n<li class=\"\" data-start=\"1863\" data-end=\"1876\">\n<p class=\"\" data-start=\"1865\" data-end=\"1876\">Mixa b\u00e4r<\/p>\n<\/li>\n<li class=\"\" data-start=\"1877\" data-end=\"1891\">\n<p class=\"\" data-start=\"1879\" data-end=\"1891\">Mango Colada<\/p>\n<\/li>\n<li class=\"\" data-start=\"1892\" data-end=\"1907\">\n<p class=\"\" data-start=\"1894\" data-end=\"1907\">Persika B\u00e4r<\/p>\n<\/li>\n<li class=\"\" data-start=\"1908\" data-end=\"1932\">\n<p class=\"\" data-start=\"1910\" data-end=\"1932\">Tropical Rainbow Blast<\/p>\n<\/li>\n<li class=\"\" data-start=\"1933\" data-end=\"1950\">\n<p class=\"\" data-start=\"1935\" data-end=\"1950\">Jordgubb Kiwi<\/p>\n<\/li>\n<\/ul>\n<p class=\"\" data-start=\"1952\" data-end=\"2121\">Idealisk f\u00f6r vapers som s\u00f6ker ut\u00f6kad smak och en uppgraderad upplevelse, den <strong data-start=\"2025\" data-end=\"2064\">Solaris 25000 puffar eng\u00e5ngsvape<\/strong> \u00e4r utformad f\u00f6r att h\u00e5lla och ge tillfredsst\u00e4llelse varje g\u00e5ng.<\/p>","protected":false},"excerpt":{"rendered":"<p><strong data-start=\"282\" data-end=\"321\" data-is-only-node=\"\">Solaris 25000 puffar eng\u00e5ngsvape<\/strong>\u00a0Denna vape drivs av ett 650mAh-batteri och ger en smidig upplevelse med upp till 25 000 puffar. Njut av tropiska smaker som Mango Colada och Strawberry Kiwi, med nikotinstyrkor p\u00e5 2% och 5%.<\/p>","protected":false},"featured_media":34863,"comment_status":"open","ping_status":"closed","template":"","meta":[],"product_brand":[],"product_cat":[204],"product_tag":[],"class_list":{"0":"post-34856","1":"product","2":"type-product","3":"status-publish","4":"has-post-thumbnail","6":"product_cat-solaris-disposable-vape","8":"first","9":"instock","10":"shipping-taxable","11":"purchasable","12":"product-type-variable"},"_links":{"self":[{"href":"https:\/\/euvapz.com\/sv\/wp-json\/wp\/v2\/product\/34856","targetHints":{"allow":["GET"]}}],"collection":[{"href":"https:\/\/euvapz.com\/sv\/wp-json\/wp\/v2\/product"}],"about":[{"href":"https:\/\/euvapz.com\/sv\/wp-json\/wp\/v2\/types\/product"}],"replies":[{"embeddable":true,"href":"https:\/\/euvapz.com\/sv\/wp-json\/wp\/v2\/comments?post=34856"}],"version-history":[{"count":1,"href":"https:\/\/euvapz.com\/sv\/wp-json\/wp\/v2\/product\/34856\/revisions"}],"predecessor-version":[{"id":34889,"href":"https:\/\/euvapz.com\/sv\/wp-json\/wp\/v2\/product\/34856\/revisions\/34889"}],"wp:featuredmedia":[{"embeddable":true,"href":"https:\/\/euvapz.com\/sv\/wp-json\/wp\/v2\/media\/34863"}],"wp:attachment":[{"href":"https:\/\/euvapz.com\/sv\/wp-json\/wp\/v2\/media?parent=34856"}],"wp:term":[{"taxonomy":"product_brand","embeddable":true,"href":"https:\/\/euvapz.com\/sv\/wp-json\/wp\/v2\/product_brand?post=34856"},{"taxonomy":"product_cat","embeddable":true,"href":"https:\/\/euvapz.com\/sv\/wp-json\/wp\/v2\/product_cat?post=34856"},{"taxonomy":"product_tag","embeddable":true,"href":"https:\/\/euvapz.com\/sv\/wp-json\/wp\/v2\/product_tag?post=34856"}],"curies":[{"name":"wp","href":"https:\/\/api.w.org\/{rel}","templated":true}]}}