{"id":36033,"date":"2025-05-27T02:37:46","date_gmt":"2025-05-27T02:37:46","guid":{"rendered":"https:\/\/euvapz.com\/?post_type=product&#038;p=36033"},"modified":"2025-05-27T02:37:47","modified_gmt":"2025-05-27T02:37:47","slug":"crystal-mary-groove-50000-puffar-smart-kraftfull-oovertraffad","status":"publish","type":"product","link":"https:\/\/euvapz.com\/sv\/produkt\/crystal-mary-groove-50000-puffar-smart-kraftfull-oovertraffad\/","title":{"rendered":"CRYSTAL MARY Groove 50000 PUFFS Smart Kraftfull O\u00f6vertr\u00e4ffad"},"content":{"rendered":"<h2 data-start=\"130\" data-end=\"150\"><strong data-start=\"134\" data-end=\"150\">CRYSTAL MARY Groove 50000 PUFFS Introduktion<\/strong><\/h2>\n<p data-start=\"152\" data-end=\"578\">Ta klivet in i framtiden f\u00f6r eng\u00e5ngsvaping med <strong data-start=\"203\" data-end=\"238\">CRYSTAL MARY Groove 50000 PUFFS eng\u00e5ngsvape\u00a0<\/strong>\u00e4r en smart vape med h\u00f6g kapacitet och funktioner som \u00e4r konstruerad f\u00f6r smak, prestanda och kontroll. Den h\u00e4r enheten \u00e4r utformad med premiumfunktioner och o\u00f6vertr\u00e4ffad livsl\u00e4ngd och \u00e4r en sann spelv\u00e4xlare f\u00f6r b\u00e5de erfarna vapers och nykomlingar. Oavsett om du jagar moln eller ren smak ger Groove 50K en smidig, anpassningsbar upplevelse med varje bloss.<\/p>\n<p data-start=\"580\" data-end=\"882\">Det h\u00e4r \u00e4r inte bara en eng\u00e5ngsartikel - det \u00e4r en <strong data-start=\"624\" data-end=\"665\">revolution inom bekv\u00e4mlighet och kontroll<\/strong>, f\u00f6rpackad i en snygg, kompakt design och utrustad med den senaste tekniken. Fr\u00e5n den smarta peksk\u00e4rmen till justerbart luftfl\u00f6de och dubbla mesh-coils, <strong data-start=\"817\" data-end=\"844\">CRYSTAL MARY Groove 50K eng\u00e5ngsvape\u00a0<\/strong> \u00e4r byggd f\u00f6r att imponera, puff efter puff.<\/p>\n<hr data-start=\"884\" data-end=\"887\" \/>\n<h2 data-start=\"889\" data-end=\"905\"><strong data-start=\"893\" data-end=\"905\">CRYSTAL MARY Groove 50000 PUFFS Funktioner<\/strong><\/h2>\n<ul data-start=\"907\" data-end=\"2144\">\n<li data-start=\"907\" data-end=\"1152\">\n<p data-start=\"909\" data-end=\"1152\"><strong data-start=\"909\" data-end=\"946\">Massivt antal puffar - 50.000 puffar<\/strong><br data-start=\"946\" data-end=\"949\" \/>Den <strong data-start=\"955\" data-end=\"990\">CRYSTAL MARY Groove 50000 PUFFS eng\u00e5ngsvape\u00a0<\/strong> levererar upp till <strong data-start=\"1006\" data-end=\"1019\">50K puffar<\/strong>och erbjuder ett av de h\u00f6gsta antalet puffar p\u00e5 marknaden idag. L\u00e5ngvarig och idealisk f\u00f6r tunga anv\u00e4ndare eller de som v\u00e4rdes\u00e4tter bekv\u00e4mlighet.<\/p>\n<\/li>\n<li data-start=\"1154\" data-end=\"1425\">\n<p data-start=\"1156\" data-end=\"1425\"><strong data-start=\"1156\" data-end=\"1200\">Smart peksk\u00e4rm med NIC- och ICE-kontroll<\/strong><br data-start=\"1200\" data-end=\"1203\" \/>Ta kontroll \u00f6ver din vape med en inbyggd <strong data-start=\"1247\" data-end=\"1268\">smart peksk\u00e4rm<\/strong> som m\u00f6jligg\u00f6r justering i realtid av <strong data-start=\"1305\" data-end=\"1317\">nikotin<\/strong> och <strong data-start=\"1322\" data-end=\"1336\">isniv\u00e5er<\/strong>. Skr\u00e4ddarsy varje puff exakt efter dina \u00f6nskem\u00e5l - oavsett om du vill ha det dj\u00e4rvt, coolt eller mjukt.<\/p>\n<\/li>\n<li data-start=\"1427\" data-end=\"1641\">\n<p data-start=\"1429\" data-end=\"1641\"><strong data-start=\"1429\" data-end=\"1461\">Spole med dubbla n\u00e4t - 0,6\u03a9 + 1,5\u03a9<\/strong><br data-start=\"1461\" data-end=\"1464\" \/>Den <strong data-start=\"1470\" data-end=\"1495\">spolningssystem med dubbla n\u00e4t<\/strong> s\u00e4kerst\u00e4ller j\u00e4mn uppv\u00e4rmning, f\u00f6rb\u00e4ttrad smak och mjukare moln. Oavsett om du \u00e4r en smakj\u00e4gare eller molnentusiast, levererar den h\u00e4r spolkonfigurationen.<\/p>\n<\/li>\n<li data-start=\"1643\" data-end=\"1788\">\n<p data-start=\"1645\" data-end=\"1788\"><strong data-start=\"1645\" data-end=\"1674\">Justerbart luftfl\u00f6dessystem<\/strong><br data-start=\"1674\" data-end=\"1677\" \/>Anpassa ditt dragmotst\u00e5nd f\u00f6r en t\u00e4tare mun-till-lungupplevelse eller en l\u00f6sare, luftigare direkt-lungupplevelse.<\/p>\n<\/li>\n<li data-start=\"1790\" data-end=\"1983\">\n<p data-start=\"1792\" data-end=\"1983\"><strong data-start=\"1792\" data-end=\"1834\">Uppladdningsbar med snabbladdning av typ C<\/strong><br data-start=\"1834\" data-end=\"1837\" \/>Utrustad med en <strong data-start=\"1855\" data-end=\"1866\">1000 mAh<\/strong> uppladdningsbart batteri och <strong data-start=\"1892\" data-end=\"1902\">Typ C<\/strong> snabbladdningsport f\u00e5r du oavbruten prestanda med snabba uppladdningstider.<\/p>\n<\/li>\n<li data-start=\"1985\" data-end=\"2144\">\n<p data-start=\"1987\" data-end=\"2144\"><strong data-start=\"1987\" data-end=\"2023\">Kompakt och resv\u00e4nlig design<\/strong><br data-start=\"2023\" data-end=\"2026\" \/>P\u00e5 bara <strong data-start=\"2036\" data-end=\"2062\">51,1 x 21,5 x 106,96 mm<\/strong> och v\u00e4gning <strong data-start=\"2076\" data-end=\"2084\">130g<\/strong>\u00e4r den ultraportabel utan att g\u00f6ra avkall p\u00e5 kraft eller funktioner.<\/p>\n<\/li>\n<\/ul>\n<hr data-start=\"2146\" data-end=\"2149\" \/>\n<h2 data-start=\"2151\" data-end=\"2176\"><strong data-start=\"2155\" data-end=\"2176\">CRYSTAL MARY Groove 50000 PUFFS Tillg\u00e4ngliga smaker<\/strong><\/h2>\n<p data-start=\"2178\" data-end=\"2347\">Utforska ett dynamiskt sortiment av smaker som \u00e4r utformade f\u00f6r att tillfredsst\u00e4lla alla smaker. Oavsett om du f\u00f6redrar fruktiga, mintiga, syrliga eller godisinspirerade profiler finns det en smak f\u00f6r varje hum\u00f6r.<\/p>\n<ol data-start=\"2349\" data-end=\"3060\">\n<li data-start=\"2349\" data-end=\"2429\">\n<p data-start=\"2352\" data-end=\"2429\"><strong data-start=\"2352\" data-end=\"2369\">Blue Razz Ice<\/strong> - En explosion av saftiga bl\u00e5 hallon med en kylande avslutning.<\/p>\n<\/li>\n<li data-start=\"2430\" data-end=\"2489\">\n<p data-start=\"2433\" data-end=\"2489\"><strong data-start=\"2433\" data-end=\"2447\">Miami Mint<\/strong> - Sval, krispig och uppfriskande mjuk.<\/p>\n<\/li>\n<li data-start=\"2490\" data-end=\"2550\">\n<p data-start=\"2493\" data-end=\"2550\"><strong data-start=\"2493\" data-end=\"2511\">Vattenmelon-is<\/strong> - Sommars\u00f6tma med en sval kant.<\/p>\n<\/li>\n<li data-start=\"2551\" data-end=\"2625\">\n<p data-start=\"2554\" data-end=\"2625\"><strong data-start=\"2554\" data-end=\"2574\">Jordgubb B-Pop<\/strong> - Sprudlande b\u00e4rsmak med en s\u00f6tma av pop.<\/p>\n<\/li>\n<li data-start=\"2626\" data-end=\"2690\">\n<p data-start=\"2629\" data-end=\"2690\"><strong data-start=\"2629\" data-end=\"2647\">Sur \u00e4pple-is<\/strong> - Syrligt gr\u00f6nt \u00e4pple m\u00f6ter isiga undertoner.<\/p>\n<\/li>\n<li data-start=\"2691\" data-end=\"2755\">\n<p data-start=\"2694\" data-end=\"2755\"><strong data-start=\"2694\" data-end=\"2718\">Sur Mango Ananas<\/strong> - Tropisk twist med en syrlig kick.<\/p>\n<\/li>\n<li data-start=\"2756\" data-end=\"2811\">\n<p data-start=\"2759\" data-end=\"2811\"><strong data-start=\"2759\" data-end=\"2774\">Citronskallar<\/strong> - Citrusaktig zing som sl\u00e5r h\u00e5rt.<\/p>\n<\/li>\n<li data-start=\"2812\" data-end=\"2887\">\n<p data-start=\"2815\" data-end=\"2887\"><strong data-start=\"2815\" data-end=\"2838\">Banan Taffy Freeze<\/strong> - Kr\u00e4mig banan med en nostalgisk godisavslutning.<\/p>\n<\/li>\n<li data-start=\"2888\" data-end=\"2983\">\n<p data-start=\"2891\" data-end=\"2983\"><strong data-start=\"2891\" data-end=\"2901\">Sur F<\/strong>*ing Fab** - Dj\u00e4rv, syrlig och of\u00f6rsk\u00e4mt syrlig (f\u00f6r extrema smak\u00e4lskare).<\/p>\n<\/li>\n<li data-start=\"2984\" data-end=\"3060\">\n<p data-start=\"2988\" data-end=\"3060\"><strong data-start=\"2988\" data-end=\"3017\">Strawberry Kiwi Refresher<\/strong> - En fruktig blandning av klassiska sommarvibbar.<\/p>\n<\/li>\n<\/ol>\n<hr data-start=\"3062\" data-end=\"3065\" \/>\n<h2 data-start=\"3067\" data-end=\"3100\"><strong data-start=\"3071\" data-end=\"3100\">Vanliga fr\u00e5gor - Returer och byten<\/strong><\/h2>\n<p data-start=\"3102\" data-end=\"3443\"><strong data-start=\"3102\" data-end=\"3185\">F: Vad \u00e4r er retur- och bytespolicy f\u00f6r CRYSTAL MARY Groove 50000 PUFFS?<\/strong><br data-start=\"3185\" data-end=\"3188\" \/>Vi \u00e4r engagerade i kundn\u00f6jdhet och st\u00e5r bakom kvaliteten p\u00e5 de <strong data-start=\"3266\" data-end=\"3293\">CRYSTAL MARY Groove 50K<\/strong>. Om din produkt \u00e4r defekt, skadad eller inte \u00f6verensst\u00e4mmer med beskrivningen, kan du beg\u00e4ra <strong data-start=\"3392\" data-end=\"3428\">retur eller byte inom 7 dagar<\/strong> av leverans.<\/p>\n<ul data-start=\"3444\" data-end=\"3731\">\n<li data-start=\"3444\" data-end=\"3503\">\n<p data-start=\"3446\" data-end=\"3503\">F\u00f6rem\u00e5len m\u00e5ste vara <strong data-start=\"3460\" data-end=\"3470\">oanv\u00e4nd<\/strong> och i <strong data-start=\"3478\" data-end=\"3500\">originalf\u00f6rpackning<\/strong>.<\/p>\n<\/li>\n<li data-start=\"3504\" data-end=\"3634\">\n<p data-start=\"3506\" data-end=\"3634\">F\u00f6r att p\u00e5b\u00f6rja en retur eller ett byte, v\u00e4nligen <strong data-start=\"3547\" data-end=\"3584\">kontakta v\u00e5r kundtj\u00e4nst<\/strong> med ditt ordernummer och bilder p\u00e5 problemet.<\/p>\n<\/li>\n<li data-start=\"3635\" data-end=\"3731\">\n<p data-start=\"3637\" data-end=\"3731\">N\u00e4r du \u00e4r godk\u00e4nd kommer vi att ordna en <strong data-start=\"3670\" data-end=\"3700\">ers\u00e4ttning eller full \u00e5terbetalning<\/strong>beroende p\u00e5 vad du f\u00f6redrar.<\/p>\n<\/li>\n<\/ul>\n<p data-start=\"3733\" data-end=\"3822\"><em data-start=\"3733\" data-end=\"3822\">Observera: Av hygien- och s\u00e4kerhetssk\u00e4l tar vi inte emot returer av begagnade varor.<\/em><\/p>","protected":false},"excerpt":{"rendered":"<p>Upplev upp till 50.000 puffar med <strong>CRYSTAL MARY Sp\u00e5r 50000 PUFFS<\/strong> <strong>Vape f\u00f6r eng\u00e5ngsbruk<\/strong> - med dubbla n\u00e4tspolar, justerbart luftfl\u00f6de och en smart peksk\u00e4rm f\u00f6r full kontroll \u00f6ver nikotin och is.<\/p>","protected":false},"featured_media":36140,"comment_status":"open","ping_status":"closed","template":"","meta":[],"product_brand":[],"product_cat":[207],"product_tag":[],"class_list":{"0":"post-36033","1":"product","2":"type-product","3":"status-publish","4":"has-post-thumbnail","6":"product_cat-crystal-disposable-vape","8":"first","9":"instock","10":"shipping-taxable","11":"purchasable","12":"product-type-variable"},"_links":{"self":[{"href":"https:\/\/euvapz.com\/sv\/wp-json\/wp\/v2\/product\/36033","targetHints":{"allow":["GET"]}}],"collection":[{"href":"https:\/\/euvapz.com\/sv\/wp-json\/wp\/v2\/product"}],"about":[{"href":"https:\/\/euvapz.com\/sv\/wp-json\/wp\/v2\/types\/product"}],"replies":[{"embeddable":true,"href":"https:\/\/euvapz.com\/sv\/wp-json\/wp\/v2\/comments?post=36033"}],"version-history":[{"count":2,"href":"https:\/\/euvapz.com\/sv\/wp-json\/wp\/v2\/product\/36033\/revisions"}],"predecessor-version":[{"id":36144,"href":"https:\/\/euvapz.com\/sv\/wp-json\/wp\/v2\/product\/36033\/revisions\/36144"}],"wp:featuredmedia":[{"embeddable":true,"href":"https:\/\/euvapz.com\/sv\/wp-json\/wp\/v2\/media\/36140"}],"wp:attachment":[{"href":"https:\/\/euvapz.com\/sv\/wp-json\/wp\/v2\/media?parent=36033"}],"wp:term":[{"taxonomy":"product_brand","embeddable":true,"href":"https:\/\/euvapz.com\/sv\/wp-json\/wp\/v2\/product_brand?post=36033"},{"taxonomy":"product_cat","embeddable":true,"href":"https:\/\/euvapz.com\/sv\/wp-json\/wp\/v2\/product_cat?post=36033"},{"taxonomy":"product_tag","embeddable":true,"href":"https:\/\/euvapz.com\/sv\/wp-json\/wp\/v2\/product_tag?post=36033"}],"curies":[{"name":"wp","href":"https:\/\/api.w.org\/{rel}","templated":true}]}}