{"id":28916,"date":"2025-03-21T09:39:25","date_gmt":"2025-03-21T09:39:25","guid":{"rendered":"https:\/\/euvapz.com\/?post_type=product&#038;p=28916"},"modified":"2025-08-21T02:43:30","modified_gmt":"2025-08-21T02:43:30","slug":"anu-crystal-10000-puffs-disposable-vape-high-performance-with-mesh-coil","status":"publish","type":"product","link":"https:\/\/euvapz.com\/tr\/urun\/anu-crystal-10000-puffs-disposable-vape-high-performance-with-mesh-coil\/","title":{"rendered":"ANU Crystal 10000 Puffs Tek Kullan\u0131ml\u0131k Vape Mesh Coil ile Y\u00fcksek Performans"},"content":{"rendered":"<div class=\"flex max-w-full flex-col flex-grow\">\n<div class=\"min-h-8 text-message relative flex w-full flex-col items-end gap-2 whitespace-normal break-words text-start [.text-message+&amp;]:mt-5\" dir=\"auto\" data-message-author-role=\"assistant\" data-message-id=\"91bd177b-223e-4de7-9c79-a4498a1e5b77\" data-message-model-slug=\"gpt-4o\">\n<div class=\"flex w-full flex-col gap-1 empty:hidden first:pt-[3px]\">\n<div class=\"markdown prose w-full break-words dark:prose-invert light\">\n<p data-start=\"141\" data-end=\"474\"><img fetchpriority=\"high\" decoding=\"async\" class=\"alignnone size-full wp-image-28918\" src=\"https:\/\/euvapz.com\/wp-content\/uploads\/2025\/03\/ANU-Crystal-10000-Puffs-Disposable-Vape-High-Performance-with-Mesh-Coil-1.webp\" alt=\"ANU Crystal 10000 Puffs Tek Kullan\u0131ml\u0131k Vape Mesh Coil ile Y\u00fcksek Performans\" width=\"1000\" height=\"1000\" srcset=\"https:\/\/euvapz.com\/wp-content\/uploads\/2025\/03\/ANU-Crystal-10000-Puffs-Disposable-Vape-High-Performance-with-Mesh-Coil-1.webp 1000w, https:\/\/euvapz.com\/wp-content\/uploads\/2025\/03\/ANU-Crystal-10000-Puffs-Disposable-Vape-High-Performance-with-Mesh-Coil-1-300x300.webp 300w, https:\/\/euvapz.com\/wp-content\/uploads\/2025\/03\/ANU-Crystal-10000-Puffs-Disposable-Vape-High-Performance-with-Mesh-Coil-1-800x800.webp 800w, https:\/\/euvapz.com\/wp-content\/uploads\/2025\/03\/ANU-Crystal-10000-Puffs-Disposable-Vape-High-Performance-with-Mesh-Coil-1-150x150.webp 150w, https:\/\/euvapz.com\/wp-content\/uploads\/2025\/03\/ANU-Crystal-10000-Puffs-Disposable-Vape-High-Performance-with-Mesh-Coil-1-768x768.webp 768w, https:\/\/euvapz.com\/wp-content\/uploads\/2025\/03\/ANU-Crystal-10000-Puffs-Disposable-Vape-High-Performance-with-Mesh-Coil-1-12x12.webp 12w, https:\/\/euvapz.com\/wp-content\/uploads\/2025\/03\/ANU-Crystal-10000-Puffs-Disposable-Vape-High-Performance-with-Mesh-Coil-1-430x430.webp 430w, https:\/\/euvapz.com\/wp-content\/uploads\/2025\/03\/ANU-Crystal-10000-Puffs-Disposable-Vape-High-Performance-with-Mesh-Coil-1-700x700.webp 700w\" sizes=\"(max-width: 1000px) 100vw, 1000px\" \/><\/p>\n<p data-start=\"141\" data-end=\"474\">Bu <strong data-start=\"145\" data-end=\"188\">ANU Crystal 10000 Puffs Tek Kullan\u0131ml\u0131k Vape<\/strong> is designed for those seeking a reliable, high-performance vaping experience. With up to <strong data-start=\"278\" data-end=\"293\">10000 puf<\/strong>, this vape ensures extended satisfaction without compromising on flavor or quality. Perfect for vapers who want a device that lasts while delivering a smooth, enjoyable experience.<\/p>\n<p data-start=\"476\" data-end=\"817\">ile donat\u0131lm\u0131\u015ft\u0131r. <strong data-start=\"492\" data-end=\"523\">650mAh \u015farj edilebilir pil<\/strong>, the <strong data-start=\"529\" data-end=\"544\">ANU Crystal<\/strong> provides consistent power throughout your sessions. The <strong data-start=\"601\" data-end=\"625\">C Tipi h\u0131zl\u0131 \u015farj<\/strong> ensures that you\u2019re always ready to vape, with minimal downtime. The advanced <strong data-start=\"704\" data-end=\"717\">\u00f6rg\u00fc bobin<\/strong> technology enhances vapor production and flavor, giving you a smooth and rich draw with every puff.<\/p>\n<p data-start=\"819\" data-end=\"1171\">\u00d6nceden doldurulmu\u015f <strong data-start=\"835\" data-end=\"863\">18 mL birinci s\u0131n\u0131f e-likit<\/strong>, the <strong data-start=\"869\" data-end=\"884\">ANU Crystal<\/strong> offers a satisfying nicotine experience with nicotine strengths of <strong data-start=\"952\" data-end=\"970\">0%, 2% ve 5%<\/strong>, catering to a variety of preferences. The <strong data-start=\"1014\" data-end=\"1036\">ayarlanabilir hava ak\u0131m\u0131<\/strong> allows you to customize your draw, whether you prefer a tighter hit or a more open inhale, adding versatility to your vaping sessions.<\/p>\n<p data-start=\"1173\" data-end=\"1445\">Choose from a wide range of exciting flavors, including <strong data-start=\"1229\" data-end=\"1248\">\u00c7ilekli Kivi<\/strong>, <strong data-start=\"1250\" data-end=\"1274\">Tropical Fruit Punch<\/strong>ve <strong data-start=\"1280\" data-end=\"1298\">Karpuzlu Buz<\/strong>. Whether you&#8217;re in the mood for fruity, icy, or refreshing flavors, the <strong data-start=\"1371\" data-end=\"1414\">ANU Crystal 10000 Puffs Tek Kullan\u0131ml\u0131k Vape<\/strong> has something for every vaper.<\/p>\n<p data-start=\"1447\" data-end=\"1602\">Take your vaping experience to the next level with the <strong data-start=\"1502\" data-end=\"1545\">ANU Crystal 10000 Puffs Tek Kullan\u0131ml\u0131k Vape<\/strong>\u2014a perfect blend of performance, flavor, and convenience.<\/p>\n<p data-start=\"1604\" data-end=\"1649\"><strong data-start=\"1604\" data-end=\"1631\">ANU Crystal 10000 Puffs<\/strong><br data-start=\"1631\" data-end=\"1634\" \/><strong data-start=\"1634\" data-end=\"1647\">\u00d6zellikler:<\/strong><\/p>\n<ul data-start=\"1650\" data-end=\"1812\">\n<li data-start=\"1650\" data-end=\"1676\"><strong data-start=\"1652\" data-end=\"1661\">Puffs<\/strong>: Up to 10000<\/li>\n<li data-start=\"1677\" data-end=\"1707\"><strong data-start=\"1679\" data-end=\"1687\">\u00c7ekirdek<\/strong>: Mesh Coil 0.8ohm<\/li>\n<li data-start=\"1708\" data-end=\"1730\"><strong data-start=\"1710\" data-end=\"1722\">E-likit<\/strong>: 18mL<\/li>\n<li data-start=\"1731\" data-end=\"1759\"><strong data-start=\"1733\" data-end=\"1745\">Nikotin<\/strong>: 0%, 2%, 5%<\/li>\n<li data-start=\"1760\" data-end=\"1783\"><strong data-start=\"1762\" data-end=\"1773\">Ak\u00fc<\/strong>: 650mAh<\/li>\n<li data-start=\"1784\" data-end=\"1812\"><strong data-start=\"1786\" data-end=\"1802\">\u015earj edilebilir<\/strong>: C Tipi<\/li>\n<\/ul>\n<p data-start=\"1814\" data-end=\"1862\"><strong data-start=\"1814\" data-end=\"1841\">ANU Crystal 10000 Puffs<\/strong><br data-start=\"1841\" data-end=\"1844\" \/><strong data-start=\"1844\" data-end=\"1860\">Lezzet Listesi:<\/strong><\/p>\n<ul data-start=\"1863\" data-end=\"2116\">\n<li data-start=\"1863\" data-end=\"1882\">\u00c7ilekli Kivi<\/li>\n<li data-start=\"1883\" data-end=\"1898\">Vi\u015fneli Kola<\/li>\n<li data-start=\"1899\" data-end=\"1923\">Tropical Fruit Punch<\/li>\n<li data-start=\"1924\" data-end=\"1937\">\u015eeftali Buz<\/li>\n<li data-start=\"1938\" data-end=\"1968\">Blueberry Cranberry Cherry<\/li>\n<li data-start=\"1969\" data-end=\"1991\">Blue Razz Limonata<\/li>\n<li data-start=\"1992\" data-end=\"2018\">Passionfruit Melon Ice<\/li>\n<li data-start=\"2019\" data-end=\"2035\">Enerji \u0130\u00e7ece\u011fi<\/li>\n<li data-start=\"2036\" data-end=\"2054\">\u00c7ilekli Buz<\/li>\n<li data-start=\"2055\" data-end=\"2082\">Kiwi Passionfruit Guava<\/li>\n<li data-start=\"2083\" data-end=\"2101\">Karpuzlu Buz<\/li>\n<li data-start=\"2102\" data-end=\"2116\">Cherry Ice<\/li>\n<\/ul>\n<p data-start=\"2118\" data-end=\"2329\">Bu <strong data-start=\"2122\" data-end=\"2149\">ANU Crystal 10000 Puffs<\/strong> provides a long-lasting vaping experience with enhanced flavor and consistent power. It\u2019s the perfect choice for those who want quality, flavor, and convenience all in one device.<\/p>\n<h2 data-start=\"2118\" data-end=\"2329\">\t\t\t<link rel=\"stylesheet\" id=\"elementor-post-32801-css\" href=\"https:\/\/euvapz.com\/wp-content\/uploads\/elementor\/css\/post-32801.css?ver=1775243812\" type=\"text\/css\" media=\"all\">\n\t\t\t\t\t<div data-elementor-type=\"wp-post\" data-elementor-id=\"32801\" class=\"elementor elementor-32801\" data-elementor-post-type=\"cms_block\">\n\t\t\t\t<div class=\"wd-negative-gap elementor-element elementor-element-311ef4d e-flex e-con-boxed e-con e-parent\" data-id=\"311ef4d\" data-element_type=\"container\">\n\t\t\t\t\t<div class=\"e-con-inner\">\n\t\t\t\t<div class=\"elementor-element elementor-element-354d55bb color-scheme-inherit text-left elementor-widget elementor-widget-text-editor\" data-id=\"354d55bb\" data-element_type=\"widget\" data-widget_type=\"text-editor.default\">\n\t\t\t\t<div class=\"elementor-widget-container\">\n\t\t\t\t\t\t\t\t\t&nbsp;\n\n<script src=\"chrome-extension:\/\/fpelahbljekknahkcaegamhcndkfpfnc\/iFrame.js\" type=\"text\/javascript\"><\/script>\t\t\t\t\t\t\t\t<\/div>\n\t\t\t\t<\/div>\n\t\t\t\t\t<\/div>\n\t\t\t\t<\/div>\n\t\t<div class=\"wd-negative-gap elementor-element elementor-element-2f4b93b0 e-flex e-con-boxed e-con e-parent\" data-id=\"2f4b93b0\" data-element_type=\"container\">\n\t\t\t\t\t<div class=\"e-con-inner\">\n\t\t\t\t\t<\/div>\n\t\t\t\t<\/div>\n\t\t<div class=\"wd-negative-gap elementor-element elementor-element-200eec29 e-flex e-con-boxed e-con e-parent\" data-id=\"200eec29\" data-element_type=\"container\">\n\t\t\t\t\t<div class=\"e-con-inner\">\n\t\t\t\t<div class=\"elementor-element elementor-element-19faf1ba color-scheme-inherit text-left elementor-widget elementor-widget-text-editor\" data-id=\"19faf1ba\" data-element_type=\"widget\" data-widget_type=\"text-editor.default\">\n\t\t\t\t<div class=\"elementor-widget-container\">\n\t\t\t\t\t\t\t\t\t<h2><em><strong>SSS<\/strong><\/em><\/h2><ul><li><h2><em><strong>Hangi nakliye y\u00f6ntemlerini kullan\u0131yorsunuz?<\/strong><\/em><\/h2><\/li><li><h2><em><strong><span style=\"color: #333333; font-size: 16px;\">UPS, DHL, FedEx ve DPD gibi g\u00fcvenilir ta\u015f\u0131y\u0131c\u0131larla ortakl\u0131k yap\u0131yoruz. Var\u0131\u015f \u00fclkesine ba\u011fl\u0131 olarak, \u00fcr\u00fcnlerinizin h\u0131zl\u0131 ve g\u00fcvenli bir \u015fekilde teslim edilmesini sa\u011flamak i\u00e7in en iyi nakliye y\u00f6ntemini se\u00e7ece\u011fiz.<\/span><\/strong><\/em><\/h2><\/li><\/ul><ul><li><h2><em><strong>Sipari\u015fimin ula\u015fmas\u0131 ne kadar s\u00fcrer?<\/strong><\/em><\/h2><\/li><\/ul><p data-start=\"340\" data-end=\"490\"><em><strong>\u00a0 \u00a0 \u00a0 Teslimat genellikle 7-15 i\u015f g\u00fcn\u00fc aras\u0131nda s\u00fcrmektedir. Ancak, yo\u011fun tatillerde veya olumsuz hava ko\u015fullar\u0131nda 20 i\u015f g\u00fcn\u00fcne kadar s\u00fcrebilir.<\/strong><\/em><\/p><ul><li data-start=\"492\" data-end=\"539\"><h2><em><strong>Sipari\u015fim g\u00fcmr\u00fckten sorunsuz ge\u00e7ecek mi?<\/strong><\/em><\/h2><\/li><li data-start=\"492\" data-end=\"539\"><h2><em><strong><span style=\"color: #333333; font-size: 16px;\">T\u00fcm g\u00fcmr\u00fck i\u015flemlerini sizin i\u00e7in hallediyor, herhangi bir ekstra vergi veya \u00fccret olmadan sorunsuz teslimat sa\u011fl\u0131yoruz. G\u00f6nderilerimizin 100%'sinin g\u00fcmr\u00fckten sorunsuz ge\u00e7ece\u011fini garanti ediyoruz.<\/span><\/strong><\/em><\/h2><\/li><\/ul><ul><li data-start=\"718\" data-end=\"747\"><h2><em><strong>Hizmetinize g\u00fcvenebilir miyim?<\/strong><\/em><\/h2><\/li><li data-start=\"718\" data-end=\"747\"><h2><em><strong><span style=\"color: #333333; font-size: 16px;\">Kesinlikle! G\u00fcvenli \u00f6demeler i\u00e7in PayPal'\u0131 kabul ediyoruz ve sat\u0131n alma i\u015fleminiz PayPal'\u0131n al\u0131c\u0131 korumas\u0131 ile korunmaktad\u0131r. Di\u011fer m\u00fc\u015fterilerin hakk\u0131m\u0131zda neler s\u00f6yledi\u011fini g\u00f6rmek i\u00e7in TrustPilot incelemelerimizi de kontrol edebilirsiniz.<\/span><\/strong><\/em><\/h2><\/li><\/ul>\t\t\t\t\t\t\t\t<\/div>\n\t\t\t\t<\/div>\n\t\t\t\t\t<\/div>\n\t\t\t\t<\/div>\n\t\t<div class=\"wd-negative-gap elementor-element elementor-element-d4517fd e-flex e-con-boxed e-con e-parent\" data-id=\"d4517fd\" data-element_type=\"container\">\n\t\t\t\t\t<div class=\"e-con-inner\">\n\t\t\t\t<div class=\"elementor-element elementor-element-11cb93e5 elementor-widget elementor-widget-wd_button\" data-id=\"11cb93e5\" data-element_type=\"widget\" data-widget_type=\"wd_button.default\">\n\t\t\t\t<div class=\"elementor-widget-container\">\n\t\t\t\t\t\t\t<div class=\"wd-button-wrapper text-left\" >\n\t\t\t<a class=\"btn btn-style-link btn-style- btn-size-extra-large btn-scheme-inherit btn-scheme-hover-custom btn-icon-pos-right\"  href=\"https:\/\/euvapz.com\/tr\/faqs\/\">\n\t\t\t\t<span class=\"wd-btn-text\" data-elementor-setting-key=\"text\">\n\t\t\t\t\tDaha fazla SSS i\u00e7in buraya t\u0131klay\u0131n.\t\t\t\t<\/span>\n\n\t\t\t\t\t\t\t<\/a>\n\t\t<\/div>\n\t\t\t\t\t\t<\/div>\n\t\t\t\t<\/div>\n\t\t\t\t\t<\/div>\n\t\t\t\t<\/div>\n\t\t\t\t<\/div>\n\t\t<\/h2>\n<\/div>\n<\/div>\n<\/div>\n<\/div>\n<p><script src=\"chrome-extension:\/\/fpelahbljekknahkcaegamhcndkfpfnc\/iFrame.js\" type=\"text\/javascript\"><\/script><\/p>\n<p><script src=\"chrome-extension:\/\/fpelahbljekknahkcaegamhcndkfpfnc\/iFrame.js\" type=\"text\/javascript\"><\/script><\/p>","protected":false},"excerpt":{"rendered":"<div class=\"flex max-w-full flex-col flex-grow\">\n<div class=\"min-h-8 text-message relative flex w-full flex-col items-end gap-2 whitespace-normal break-words text-start [.text-message+&amp;]:mt-5\" dir=\"auto\" data-message-author-role=\"assistant\" data-message-id=\"459881c8-2479-4965-8395-7c67dd300a0c\" data-message-model-slug=\"gpt-4o\">\n<div class=\"flex w-full flex-col gap-1 empty:hidden first:pt-[3px]\">\n<div class=\"markdown prose w-full break-words dark:prose-invert light\">\n<p data-start=\"420\" data-end=\"661\" data-is-last-node=\"\">Bu <strong data-start=\"424\" data-end=\"467\">ANU Crystal 10000 Puffs Tek Kullan\u0131ml\u0131k Vape<\/strong> provides <strong data-start=\"477\" data-end=\"500\">0%, 2%, 5% nicotine<\/strong> options, mesh coil technology, and exciting flavors like <strong data-start=\"558\" data-end=\"580\">Blue Razz Limonata<\/strong>, <strong data-start=\"582\" data-end=\"600\">\u00c7ilekli Buz<\/strong>ve <strong data-start=\"606\" data-end=\"622\">Enerji \u0130\u00e7ece\u011fi<\/strong> for a smooth, long-lasting experience.<\/p>\n<\/div>\n<\/div>\n<\/div>\n<\/div>\n<div class=\"mb-2 flex gap-3 -ml-2\">\n<div class=\"flex items-center justify-start rounded-xl p-1\">\n<div><\/div>\n<\/div>\n<\/div>","protected":false},"featured_media":33722,"comment_status":"open","ping_status":"closed","template":"","meta":[],"product_brand":[184],"product_cat":[185],"product_tag":[],"class_list":{"0":"post-28916","1":"product","2":"type-product","3":"status-publish","4":"has-post-thumbnail","6":"product_brand-anu-disposable-vape","7":"product_cat-anu-disposable-vape","9":"first","10":"outofstock","11":"shipping-taxable","12":"purchasable","13":"product-type-variable"},"_links":{"self":[{"href":"https:\/\/euvapz.com\/tr\/wp-json\/wp\/v2\/product\/28916","targetHints":{"allow":["GET"]}}],"collection":[{"href":"https:\/\/euvapz.com\/tr\/wp-json\/wp\/v2\/product"}],"about":[{"href":"https:\/\/euvapz.com\/tr\/wp-json\/wp\/v2\/types\/product"}],"replies":[{"embeddable":true,"href":"https:\/\/euvapz.com\/tr\/wp-json\/wp\/v2\/comments?post=28916"}],"version-history":[{"count":5,"href":"https:\/\/euvapz.com\/tr\/wp-json\/wp\/v2\/product\/28916\/revisions"}],"predecessor-version":[{"id":33887,"href":"https:\/\/euvapz.com\/tr\/wp-json\/wp\/v2\/product\/28916\/revisions\/33887"}],"wp:featuredmedia":[{"embeddable":true,"href":"https:\/\/euvapz.com\/tr\/wp-json\/wp\/v2\/media\/33722"}],"wp:attachment":[{"href":"https:\/\/euvapz.com\/tr\/wp-json\/wp\/v2\/media?parent=28916"}],"wp:term":[{"taxonomy":"product_brand","embeddable":true,"href":"https:\/\/euvapz.com\/tr\/wp-json\/wp\/v2\/product_brand?post=28916"},{"taxonomy":"product_cat","embeddable":true,"href":"https:\/\/euvapz.com\/tr\/wp-json\/wp\/v2\/product_cat?post=28916"},{"taxonomy":"product_tag","embeddable":true,"href":"https:\/\/euvapz.com\/tr\/wp-json\/wp\/v2\/product_tag?post=28916"}],"curies":[{"name":"wp","href":"https:\/\/api.w.org\/{rel}","templated":true}]}}