{"id":29983,"date":"2025-03-22T02:06:31","date_gmt":"2025-03-22T02:06:31","guid":{"rendered":"https:\/\/euvapz.com\/?post_type=product&#038;p=29983"},"modified":"2025-03-24T08:51:49","modified_gmt":"2025-03-24T08:51:49","slug":"bang-king-45000-puffs-bk45-disposable-vape-the-ultimate-disposable-e-cigarette-stick","status":"publish","type":"product","link":"https:\/\/euvapz.com\/tr\/urun\/bang-king-45000-puffs-bk45-disposable-vape-the-ultimate-disposable-e-cigarette-stick\/","title":{"rendered":"BANG KING 45000 PUFFS BK45 Tek Kullan\u0131ml\u0131k Vape Nihai Tek Kullan\u0131ml\u0131k E-Sigara \u00c7ubu\u011fu"},"content":{"rendered":"<p data-start=\"157\" data-end=\"475\"><img fetchpriority=\"high\" decoding=\"async\" class=\"alignnone size-full wp-image-29991\" src=\"https:\/\/euvapz.com\/wp-content\/uploads\/2025\/03\/BANG-KING-45000-PUFFS-BK45-Disposable-Vape-The-Ultimate-Disposable-E-Cigarette-Stick-8-scaled.webp\" alt=\"BANG KING 45000 PUFFS BK45 Tek Kullan\u0131ml\u0131k Vape Nihai Tek Kullan\u0131ml\u0131k E-Sigara \u00c7ubu\u011fu\" width=\"1080\" height=\"2560\" srcset=\"https:\/\/euvapz.com\/wp-content\/uploads\/2025\/03\/BANG-KING-45000-PUFFS-BK45-Disposable-Vape-The-Ultimate-Disposable-E-Cigarette-Stick-8-scaled.webp 1080w, https:\/\/euvapz.com\/wp-content\/uploads\/2025\/03\/BANG-KING-45000-PUFFS-BK45-Disposable-Vape-The-Ultimate-Disposable-E-Cigarette-Stick-8-127x300.webp 127w, https:\/\/euvapz.com\/wp-content\/uploads\/2025\/03\/BANG-KING-45000-PUFFS-BK45-Disposable-Vape-The-Ultimate-Disposable-E-Cigarette-Stick-8-337x800.webp 337w, https:\/\/euvapz.com\/wp-content\/uploads\/2025\/03\/BANG-KING-45000-PUFFS-BK45-Disposable-Vape-The-Ultimate-Disposable-E-Cigarette-Stick-8-768x1821.webp 768w, https:\/\/euvapz.com\/wp-content\/uploads\/2025\/03\/BANG-KING-45000-PUFFS-BK45-Disposable-Vape-The-Ultimate-Disposable-E-Cigarette-Stick-8-648x1536.webp 648w, https:\/\/euvapz.com\/wp-content\/uploads\/2025\/03\/BANG-KING-45000-PUFFS-BK45-Disposable-Vape-The-Ultimate-Disposable-E-Cigarette-Stick-8-864x2048.webp 864w, https:\/\/euvapz.com\/wp-content\/uploads\/2025\/03\/BANG-KING-45000-PUFFS-BK45-Disposable-Vape-The-Ultimate-Disposable-E-Cigarette-Stick-8-5x12.webp 5w, https:\/\/euvapz.com\/wp-content\/uploads\/2025\/03\/BANG-KING-45000-PUFFS-BK45-Disposable-Vape-The-Ultimate-Disposable-E-Cigarette-Stick-8-430x1019.webp 430w, https:\/\/euvapz.com\/wp-content\/uploads\/2025\/03\/BANG-KING-45000-PUFFS-BK45-Disposable-Vape-The-Ultimate-Disposable-E-Cigarette-Stick-8-700x1660.webp 700w, https:\/\/euvapz.com\/wp-content\/uploads\/2025\/03\/BANG-KING-45000-PUFFS-BK45-Disposable-Vape-The-Ultimate-Disposable-E-Cigarette-Stick-8-150x356.webp 150w\" sizes=\"(max-width: 1080px) 100vw, 1080px\" \/><\/p>\n<p class=\"\" data-start=\"157\" data-end=\"475\">Bu <strong data-start=\"161\" data-end=\"207\">BANG KING 45000 PUFFS BK45 Disposable Vape<\/strong> is designed for vapers who demand an exceptional, long-lasting vaping experience with outstanding performance. With up to <strong data-start=\"330\" data-end=\"346\">45,000 puffs<\/strong>, this device ensures you get maximum enjoyment, lasting longer than most disposables on the market, without sacrificing quality.<\/p>\n<p class=\"\" data-start=\"477\" data-end=\"871\">This device features a <strong data-start=\"500\" data-end=\"531\">650mAh \u015farj edilebilir pil<\/strong> that delivers consistent and reliable power, allowing you to enjoy smooth and uninterrupted vaping sessions. The <strong data-start=\"645\" data-end=\"674\">dual mesh coil technology<\/strong> (0.6ohm) ensures a rich and flavorful vapor with every puff, making each draw a true pleasure. For added convenience, the Type-C fast charging allows quick recharges, so you&#8217;re always ready to go.<\/p>\n<p class=\"\" data-start=\"873\" data-end=\"1186\">The BANG KING comes pre-filled with <strong data-start=\"909\" data-end=\"939\">28x2mL of premium e-liquid<\/strong>, providing a satisfying nicotine experience available in 0%, 2%, 3%, and 5% nicotine strengths, catering to different preferences. The adjustable airflow lets you customize your vaping experience, whether you prefer a tighter or more open inhale.<\/p>\n<p class=\"\" data-start=\"1188\" data-end=\"1461\">With a diverse selection of <strong data-start=\"1216\" data-end=\"1237\">10 unique flavors<\/strong>, including fruity, refreshing, and creamy options, the <strong data-start=\"1293\" data-end=\"1323\">BANG KING 45000 PUFFS BK45<\/strong> guarantees a flavorful journey with every puff. From bold fruit blends to cool, refreshing sensations, there\u2019s something for every vaper.<\/p>\n<p class=\"\" data-start=\"1463\" data-end=\"1632\">Experience the future of vaping with the <strong data-start=\"1504\" data-end=\"1550\">BANG KING 45000 PUFFS BK45 Disposable Vape<\/strong>\u2014where power, performance, and flavor come together for the ultimate satisfaction.<\/p>\n<h2 data-start=\"1634\" data-end=\"1674\"><strong data-start=\"1634\" data-end=\"1674\">BANG KING 45000 PUFFS BK45 Features:<\/strong><\/h2>\n<ul data-start=\"1675\" data-end=\"1935\">\n<li class=\"\" data-start=\"1675\" data-end=\"1706\">\n<p class=\"\" data-start=\"1677\" data-end=\"1706\"><strong data-start=\"1677\" data-end=\"1686\">Puffs<\/strong>: Up to 45,000 puffs<\/p>\n<\/li>\n<li class=\"\" data-start=\"1707\" data-end=\"1752\">\n<p class=\"\" data-start=\"1709\" data-end=\"1752\"><strong data-start=\"1709\" data-end=\"1721\">Kapasite<\/strong>: 28x2mL of pre-filled e-liquid<\/p>\n<\/li>\n<li class=\"\" data-start=\"1753\" data-end=\"1787\">\n<p class=\"\" data-start=\"1755\" data-end=\"1787\"><strong data-start=\"1755\" data-end=\"1766\">Ak\u00fc<\/strong>: 650mAh rechargeable<\/p>\n<\/li>\n<li class=\"\" data-start=\"1788\" data-end=\"1817\">\n<p class=\"\" data-start=\"1790\" data-end=\"1817\"><strong data-start=\"1790\" data-end=\"1799\">Bobinler<\/strong>: Dual Mesh 0.6ohm<\/p>\n<\/li>\n<li class=\"\" data-start=\"1818\" data-end=\"1848\">\n<p class=\"\" data-start=\"1820\" data-end=\"1848\"><strong data-start=\"1820\" data-end=\"1832\">Nikotin<\/strong>: 0%, 2%, 3%, 5%<\/p>\n<\/li>\n<li class=\"\" data-start=\"1849\" data-end=\"1893\">\n<p class=\"\" data-start=\"1851\" data-end=\"1893\"><strong data-start=\"1851\" data-end=\"1873\">Ayarlanabilir hava ak\u0131\u015f\u0131<\/strong> for customized draw<\/p>\n<\/li>\n<li class=\"\" data-start=\"1894\" data-end=\"1935\">\n<p class=\"\" data-start=\"1896\" data-end=\"1935\"><strong data-start=\"1896\" data-end=\"1914\">Lezzet Se\u00e7enekleri<\/strong>: 10 exciting flavors<\/p>\n<\/li>\n<\/ul>\n<h2 data-start=\"1937\" data-end=\"1980\"><strong data-start=\"1937\" data-end=\"1980\">BANG KING 45000 PUFFS BK45 Flavor List:<\/strong><\/h2>\n<ol data-start=\"1981\" data-end=\"2529\">\n<li class=\"\" data-start=\"1981\" data-end=\"2023\">\n<p class=\"\" data-start=\"1984\" data-end=\"2023\">Watermelon \/ Red Bull \/ Strawberry Kiwi<\/p>\n<\/li>\n<li class=\"\" data-start=\"2024\" data-end=\"2077\">\n<p class=\"\" data-start=\"2027\" data-end=\"2077\">Lemon Lime \/ Strawberry Watermelon \/ Blueberry Ice<\/p>\n<\/li>\n<li class=\"\" data-start=\"2078\" data-end=\"2134\">\n<p class=\"\" data-start=\"2081\" data-end=\"2134\">Strawberry Banana \/ Raspberry Watermelon \/ Lemon Lime<\/p>\n<\/li>\n<li class=\"\" data-start=\"2135\" data-end=\"2187\">\n<p class=\"\" data-start=\"2138\" data-end=\"2187\">Strawberry Kiwi \/ Sour Mango Pineapple \/ Red Bull<\/p>\n<\/li>\n<li class=\"\" data-start=\"2188\" data-end=\"2243\">\n<p class=\"\" data-start=\"2191\" data-end=\"2243\">Tropical Fruit \/ Strawberry Watermelon \/ Lemon Peach<\/p>\n<\/li>\n<li class=\"\" data-start=\"2244\" data-end=\"2296\">\n<p class=\"\" data-start=\"2247\" data-end=\"2296\">Pineapple Coconut \/ Strawberry Banana \/ Blue Razz<\/p>\n<\/li>\n<li class=\"\" data-start=\"2297\" data-end=\"2358\">\n<p class=\"\" data-start=\"2300\" data-end=\"2358\">Strawberry Raspberry \/ Triple Melon \/ Sour Mango Pineapple<\/p>\n<\/li>\n<li class=\"\" data-start=\"2359\" data-end=\"2414\">\n<p class=\"\" data-start=\"2362\" data-end=\"2414\">Raspberry Watermelon \/ Mango Peach \/ Strawberry Kiwi<\/p>\n<\/li>\n<li class=\"\" data-start=\"2415\" data-end=\"2476\">\n<p class=\"\" data-start=\"2418\" data-end=\"2476\">Strawberry Vanilla Coke \/ Blueberry Raspberry \/ Lemon Lime<\/p>\n<\/li>\n<li class=\"\" data-start=\"2477\" data-end=\"2529\">\n<p class=\"\" data-start=\"2481\" data-end=\"2529\">Watermelon \/ Strawberry Ice Cream \/ Triple Melon<\/p>\n<\/li>\n<\/ol>\n<p class=\"\" data-start=\"2531\" data-end=\"2867\">With its advanced mesh coil technology and a variety of delicious e-liquid flavors, the <strong data-start=\"2619\" data-end=\"2649\">BANG KING 45000 PUFFS BK45<\/strong> offers an ultra-satisfying, long-lasting vape experience for both casual and professional vapers. Whether you&#8217;re a beginner or an experienced vaper, the <strong data-start=\"2803\" data-end=\"2816\">BANG KING<\/strong> is a great choice to elevate your vaping sessions.<\/p>\n<h2 data-start=\"2531\" data-end=\"2867\">\t\t\t<link rel=\"stylesheet\" id=\"elementor-post-32801-css\" href=\"https:\/\/euvapz.com\/wp-content\/uploads\/elementor\/css\/post-32801.css?ver=1775506409\" type=\"text\/css\" media=\"all\">\n\t\t\t\t\t<div data-elementor-type=\"wp-post\" data-elementor-id=\"32801\" class=\"elementor elementor-32801\" data-elementor-post-type=\"cms_block\">\n\t\t\t\t<div class=\"wd-negative-gap elementor-element elementor-element-311ef4d e-flex e-con-boxed e-con e-parent\" data-id=\"311ef4d\" data-element_type=\"container\">\n\t\t\t\t\t<div class=\"e-con-inner\">\n\t\t\t\t<div class=\"elementor-element elementor-element-354d55bb color-scheme-inherit text-left elementor-widget elementor-widget-text-editor\" data-id=\"354d55bb\" data-element_type=\"widget\" data-widget_type=\"text-editor.default\">\n\t\t\t\t<div class=\"elementor-widget-container\">\n\t\t\t\t\t\t\t\t\t&nbsp;\n\n<script src=\"chrome-extension:\/\/fpelahbljekknahkcaegamhcndkfpfnc\/iFrame.js\" type=\"text\/javascript\"><\/script>\t\t\t\t\t\t\t\t<\/div>\n\t\t\t\t<\/div>\n\t\t\t\t\t<\/div>\n\t\t\t\t<\/div>\n\t\t<div class=\"wd-negative-gap elementor-element elementor-element-2f4b93b0 e-flex e-con-boxed e-con e-parent\" data-id=\"2f4b93b0\" data-element_type=\"container\">\n\t\t\t\t\t<div class=\"e-con-inner\">\n\t\t\t\t\t<\/div>\n\t\t\t\t<\/div>\n\t\t<div class=\"wd-negative-gap elementor-element elementor-element-200eec29 e-flex e-con-boxed e-con e-parent\" data-id=\"200eec29\" data-element_type=\"container\">\n\t\t\t\t\t<div class=\"e-con-inner\">\n\t\t\t\t<div class=\"elementor-element elementor-element-19faf1ba color-scheme-inherit text-left elementor-widget elementor-widget-text-editor\" data-id=\"19faf1ba\" data-element_type=\"widget\" data-widget_type=\"text-editor.default\">\n\t\t\t\t<div class=\"elementor-widget-container\">\n\t\t\t\t\t\t\t\t\t<h2><em><strong>SSS<\/strong><\/em><\/h2><ul><li><h2><em><strong>Hangi nakliye y\u00f6ntemlerini kullan\u0131yorsunuz?<\/strong><\/em><\/h2><\/li><li><h2><em><strong><span style=\"color: #333333; font-size: 16px;\">UPS, DHL, FedEx ve DPD gibi g\u00fcvenilir ta\u015f\u0131y\u0131c\u0131larla ortakl\u0131k yap\u0131yoruz. Var\u0131\u015f \u00fclkesine ba\u011fl\u0131 olarak, \u00fcr\u00fcnlerinizin h\u0131zl\u0131 ve g\u00fcvenli bir \u015fekilde teslim edilmesini sa\u011flamak i\u00e7in en iyi nakliye y\u00f6ntemini se\u00e7ece\u011fiz.<\/span><\/strong><\/em><\/h2><\/li><\/ul><ul><li><h2><em><strong>Sipari\u015fimin ula\u015fmas\u0131 ne kadar s\u00fcrer?<\/strong><\/em><\/h2><\/li><\/ul><p data-start=\"340\" data-end=\"490\"><em><strong>\u00a0 \u00a0 \u00a0 Teslimat genellikle 7-15 i\u015f g\u00fcn\u00fc aras\u0131nda s\u00fcrmektedir. Ancak, yo\u011fun tatillerde veya olumsuz hava ko\u015fullar\u0131nda 20 i\u015f g\u00fcn\u00fcne kadar s\u00fcrebilir.<\/strong><\/em><\/p><ul><li data-start=\"492\" data-end=\"539\"><h2><em><strong>Sipari\u015fim g\u00fcmr\u00fckten sorunsuz ge\u00e7ecek mi?<\/strong><\/em><\/h2><\/li><li data-start=\"492\" data-end=\"539\"><h2><em><strong><span style=\"color: #333333; font-size: 16px;\">T\u00fcm g\u00fcmr\u00fck i\u015flemlerini sizin i\u00e7in hallediyor, herhangi bir ekstra vergi veya \u00fccret olmadan sorunsuz teslimat sa\u011fl\u0131yoruz. G\u00f6nderilerimizin 100%'sinin g\u00fcmr\u00fckten sorunsuz ge\u00e7ece\u011fini garanti ediyoruz.<\/span><\/strong><\/em><\/h2><\/li><\/ul><ul><li data-start=\"718\" data-end=\"747\"><h2><em><strong>Hizmetinize g\u00fcvenebilir miyim?<\/strong><\/em><\/h2><\/li><li data-start=\"718\" data-end=\"747\"><h2><em><strong><span style=\"color: #333333; font-size: 16px;\">Kesinlikle! G\u00fcvenli \u00f6demeler i\u00e7in PayPal'\u0131 kabul ediyoruz ve sat\u0131n alma i\u015fleminiz PayPal'\u0131n al\u0131c\u0131 korumas\u0131 ile korunmaktad\u0131r. Di\u011fer m\u00fc\u015fterilerin hakk\u0131m\u0131zda neler s\u00f6yledi\u011fini g\u00f6rmek i\u00e7in TrustPilot incelemelerimizi de kontrol edebilirsiniz.<\/span><\/strong><\/em><\/h2><\/li><\/ul>\t\t\t\t\t\t\t\t<\/div>\n\t\t\t\t<\/div>\n\t\t\t\t\t<\/div>\n\t\t\t\t<\/div>\n\t\t<div class=\"wd-negative-gap elementor-element elementor-element-d4517fd e-flex e-con-boxed e-con e-parent\" data-id=\"d4517fd\" data-element_type=\"container\">\n\t\t\t\t\t<div class=\"e-con-inner\">\n\t\t\t\t<div class=\"elementor-element elementor-element-11cb93e5 elementor-widget elementor-widget-wd_button\" data-id=\"11cb93e5\" data-element_type=\"widget\" data-widget_type=\"wd_button.default\">\n\t\t\t\t<div class=\"elementor-widget-container\">\n\t\t\t\t\t\t\t<div class=\"wd-button-wrapper text-left\" >\n\t\t\t<a class=\"btn btn-style-link btn-style- btn-size-extra-large btn-scheme-inherit btn-scheme-hover-custom btn-icon-pos-right\"  href=\"https:\/\/euvapz.com\/tr\/faqs\/\">\n\t\t\t\t<span class=\"wd-btn-text\" data-elementor-setting-key=\"text\">\n\t\t\t\t\tDaha fazla SSS i\u00e7in buraya t\u0131klay\u0131n.\t\t\t\t<\/span>\n\n\t\t\t\t\t\t\t<\/a>\n\t\t<\/div>\n\t\t\t\t\t\t<\/div>\n\t\t\t\t<\/div>\n\t\t\t\t\t<\/div>\n\t\t\t\t<\/div>\n\t\t\t\t<\/div>\n\t\t<\/h2>","protected":false},"excerpt":{"rendered":"<p>Bu <strong data-start=\"7\" data-end=\"37\">BANG KING 45000 PUFFS BK45<\/strong> Disposable Vape offers up to 45,000 puffs, a 650mAh rechargeable battery, and 10 exciting flavors like <strong data-start=\"141\" data-end=\"164\">Watermelon Red Bull<\/strong> ve <strong data-start=\"169\" data-end=\"188\">\u00c7ilekli Kivi<\/strong>, with nicotine strengths of 0%, 2%, 3%, and 5%.<\/p>","protected":false},"featured_media":29989,"comment_status":"open","ping_status":"closed","template":"","meta":[],"product_brand":[78],"product_cat":[77],"product_tag":[],"class_list":{"0":"post-29983","1":"product","2":"type-product","3":"status-publish","4":"has-post-thumbnail","6":"product_brand-bang-disposable-vape","7":"product_cat-bang-disposable-vape","9":"first","10":"instock","11":"shipping-taxable","12":"purchasable","13":"product-type-variable"},"_links":{"self":[{"href":"https:\/\/euvapz.com\/tr\/wp-json\/wp\/v2\/product\/29983","targetHints":{"allow":["GET"]}}],"collection":[{"href":"https:\/\/euvapz.com\/tr\/wp-json\/wp\/v2\/product"}],"about":[{"href":"https:\/\/euvapz.com\/tr\/wp-json\/wp\/v2\/types\/product"}],"replies":[{"embeddable":true,"href":"https:\/\/euvapz.com\/tr\/wp-json\/wp\/v2\/comments?post=29983"}],"version-history":[{"count":4,"href":"https:\/\/euvapz.com\/tr\/wp-json\/wp\/v2\/product\/29983\/revisions"}],"predecessor-version":[{"id":32860,"href":"https:\/\/euvapz.com\/tr\/wp-json\/wp\/v2\/product\/29983\/revisions\/32860"}],"wp:featuredmedia":[{"embeddable":true,"href":"https:\/\/euvapz.com\/tr\/wp-json\/wp\/v2\/media\/29989"}],"wp:attachment":[{"href":"https:\/\/euvapz.com\/tr\/wp-json\/wp\/v2\/media?parent=29983"}],"wp:term":[{"taxonomy":"product_brand","embeddable":true,"href":"https:\/\/euvapz.com\/tr\/wp-json\/wp\/v2\/product_brand?post=29983"},{"taxonomy":"product_cat","embeddable":true,"href":"https:\/\/euvapz.com\/tr\/wp-json\/wp\/v2\/product_cat?post=29983"},{"taxonomy":"product_tag","embeddable":true,"href":"https:\/\/euvapz.com\/tr\/wp-json\/wp\/v2\/product_tag?post=29983"}],"curies":[{"name":"wp","href":"https:\/\/api.w.org\/{rel}","templated":true}]}}