{"id":32301,"date":"2025-03-22T12:39:41","date_gmt":"2025-03-22T12:39:41","guid":{"rendered":"https:\/\/euvapz.com\/?post_type=product&#038;p=32301"},"modified":"2025-08-21T02:46:21","modified_gmt":"2025-08-21T02:46:21","slug":"vapsolo-viking-12000-puffs-disposable-vape-powerful-long-lasting-e-cigarette-stick-with-mesh-coil","status":"publish","type":"product","link":"https:\/\/euvapz.com\/tr\/urun\/vapsolo-viking-12000-puffs-disposable-vape-powerful-long-lasting-e-cigarette-stick-with-mesh-coil\/","title":{"rendered":"Vapsolo Viking 12000 Puffs Disposable Vape Powerful Long-Lasting E-Cigarette Stick with Mesh Coil"},"content":{"rendered":"<p data-start=\"171\" data-end=\"426\"><img fetchpriority=\"high\" decoding=\"async\" class=\"alignnone size-full wp-image-32302\" src=\"https:\/\/euvapz.com\/wp-content\/uploads\/2025\/03\/Vapsolo-Viking-12000-Puffs-Disposable-Vape-Powerful-Long-Lasting-E-Cigarette-Stick-with-Mesh-Coil-1.webp\" alt=\"Vapsolo Viking 12000 Puffs Disposable Vape Powerful Long-Lasting E-Cigarette Stick with Mesh Coil\" width=\"1500\" height=\"1500\" srcset=\"https:\/\/euvapz.com\/wp-content\/uploads\/2025\/03\/Vapsolo-Viking-12000-Puffs-Disposable-Vape-Powerful-Long-Lasting-E-Cigarette-Stick-with-Mesh-Coil-1.webp 1500w, https:\/\/euvapz.com\/wp-content\/uploads\/2025\/03\/Vapsolo-Viking-12000-Puffs-Disposable-Vape-Powerful-Long-Lasting-E-Cigarette-Stick-with-Mesh-Coil-1-300x300.webp 300w, https:\/\/euvapz.com\/wp-content\/uploads\/2025\/03\/Vapsolo-Viking-12000-Puffs-Disposable-Vape-Powerful-Long-Lasting-E-Cigarette-Stick-with-Mesh-Coil-1-800x800.webp 800w, https:\/\/euvapz.com\/wp-content\/uploads\/2025\/03\/Vapsolo-Viking-12000-Puffs-Disposable-Vape-Powerful-Long-Lasting-E-Cigarette-Stick-with-Mesh-Coil-1-150x150.webp 150w, https:\/\/euvapz.com\/wp-content\/uploads\/2025\/03\/Vapsolo-Viking-12000-Puffs-Disposable-Vape-Powerful-Long-Lasting-E-Cigarette-Stick-with-Mesh-Coil-1-768x768.webp 768w, https:\/\/euvapz.com\/wp-content\/uploads\/2025\/03\/Vapsolo-Viking-12000-Puffs-Disposable-Vape-Powerful-Long-Lasting-E-Cigarette-Stick-with-Mesh-Coil-1-12x12.webp 12w, https:\/\/euvapz.com\/wp-content\/uploads\/2025\/03\/Vapsolo-Viking-12000-Puffs-Disposable-Vape-Powerful-Long-Lasting-E-Cigarette-Stick-with-Mesh-Coil-1-430x430.webp 430w, https:\/\/euvapz.com\/wp-content\/uploads\/2025\/03\/Vapsolo-Viking-12000-Puffs-Disposable-Vape-Powerful-Long-Lasting-E-Cigarette-Stick-with-Mesh-Coil-1-700x700.webp 700w\" sizes=\"(max-width: 1500px) 100vw, 1500px\" \/><\/p>\n<p class=\"\" data-start=\"171\" data-end=\"426\">Bu <strong data-start=\"175\" data-end=\"221\">Vapsolo Viking 12000 Puffs Disposable Vape<\/strong> is engineered for vapers who want a reliable, high-performance device that offers impressive longevity. With a remarkable 12,000 puffs, this vape ensures extended use while delivering exceptional quality.<\/p>\n<p class=\"\" data-start=\"428\" data-end=\"655\">Taraf\u0131ndan desteklenmektedir <strong data-start=\"441\" data-end=\"472\">650mAh \u015farj edilebilir pil<\/strong>, the Vapsolo Viking provides steady and consistent performance. The <strong data-start=\"541\" data-end=\"565\">C Tipi h\u0131zl\u0131 \u015farj<\/strong> feature makes it easy to recharge quickly, so you\u2019re always ready for your next session.<\/p>\n<p class=\"\" data-start=\"657\" data-end=\"1056\">\u00d6nceden doldurulmu\u015f <strong data-start=\"673\" data-end=\"701\">22 mL birinci s\u0131n\u0131f e-likit<\/strong>, this device delivers a satisfying nicotine experience with options of <strong data-start=\"773\" data-end=\"788\">0%, 2%, 3%,<\/strong> ve <strong data-start=\"793\" data-end=\"808\">5% nicotine<\/strong>. Plus, it\u2019s equipped with a <strong data-start=\"837\" data-end=\"850\">\u00f6rg\u00fc bobin<\/strong>, ensuring a smooth and rich flavor experience. The device also features a <strong data-start=\"925\" data-end=\"962\">4-level adjustable airflow system<\/strong>, allowing you to customize your draw \u2013 whether you enjoy a tight pull or a more open inhale.<\/p>\n<p class=\"\" data-start=\"1058\" data-end=\"1292\">Bu <strong data-start=\"1062\" data-end=\"1080\">Vapsolo Viking<\/strong> comes with an <strong data-start=\"1095\" data-end=\"1110\">LCD display<\/strong> that shows important information like battery level and nicotine strength. This innovative feature helps you keep track of your device\u2019s status for a more user-friendly experience.<\/p>\n<p class=\"\" data-start=\"1294\" data-end=\"1511\">ile <strong data-start=\"1299\" data-end=\"1323\">14 delicious flavors<\/strong> to choose from, this disposable vape offers something for everyone. Whether you\u2019re into fruity blends, refreshing icy notes, or classic tastes, there\u2019s a flavor to satisfy your cravings.<\/p>\n<p class=\"\" data-start=\"1513\" data-end=\"1658\">Elektronik sigaran\u0131n bir sonraki seviyesini <strong data-start=\"1558\" data-end=\"1604\">Vapsolo Viking 12000 Puffs Disposable Vape<\/strong> \u2013 a combination of style, power, and superior flavor.<\/p>\n<h2 data-start=\"1660\" data-end=\"1700\"><strong data-start=\"1660\" data-end=\"1700\">Vapsolo Viking 12000 Puffs Features:<\/strong><\/h2>\n<ul data-start=\"1701\" data-end=\"2044\">\n<li class=\"\" data-start=\"1701\" data-end=\"1728\">\n<p class=\"\" data-start=\"1703\" data-end=\"1728\">Puffs: Up to 12,000 puffs<\/p>\n<\/li>\n<li class=\"\" data-start=\"1729\" data-end=\"1771\">\n<p class=\"\" data-start=\"1731\" data-end=\"1771\"><strong data-start=\"1731\" data-end=\"1741\">650mAh<\/strong> built-in rechargeable battery<\/p>\n<\/li>\n<li class=\"\" data-start=\"1772\" data-end=\"1818\">\n<p class=\"\" data-start=\"1774\" data-end=\"1818\"><strong data-start=\"1774\" data-end=\"1798\">C Tipi \u015farj ba\u011flant\u0131 noktas\u0131<\/strong> for fast recharging<\/p>\n<\/li>\n<li class=\"\" data-start=\"1819\" data-end=\"1849\">\n<p class=\"\" data-start=\"1821\" data-end=\"1849\"><strong data-start=\"1821\" data-end=\"1849\">22mL pre-filled e-liquid<\/strong><\/p>\n<\/li>\n<li class=\"\" data-start=\"1850\" data-end=\"1887\">\n<p class=\"\" data-start=\"1852\" data-end=\"1887\"><strong data-start=\"1852\" data-end=\"1871\">Nicotine levels<\/strong>: 0%, 2%, 3%, 5%<\/p>\n<\/li>\n<li class=\"\" data-start=\"1888\" data-end=\"1923\">\n<p class=\"\" data-start=\"1890\" data-end=\"1923\"><strong data-start=\"1890\" data-end=\"1903\">\u00d6rg\u00fc bobin<\/strong> for enhanced flavor<\/p>\n<\/li>\n<li class=\"\" data-start=\"1924\" data-end=\"1950\">\n<p class=\"\" data-start=\"1926\" data-end=\"1950\"><strong data-start=\"1926\" data-end=\"1950\">1.0\u03a9 coil resistance<\/strong><\/p>\n<\/li>\n<li class=\"\" data-start=\"1951\" data-end=\"1983\">\n<p class=\"\" data-start=\"1953\" data-end=\"1983\"><strong data-start=\"1953\" data-end=\"1983\">4-level adjustable airflow<\/strong><\/p>\n<\/li>\n<li class=\"\" data-start=\"1984\" data-end=\"2021\">\n<p class=\"\" data-start=\"1986\" data-end=\"2021\"><strong data-start=\"1986\" data-end=\"2001\">LCD display<\/strong> for easy monitoring<\/p>\n<\/li>\n<li class=\"\" data-start=\"2022\" data-end=\"2044\">\n<p class=\"\" data-start=\"2024\" data-end=\"2044\">200pcs\/ctn; 10cs\/box<\/p>\n<\/li>\n<\/ul>\n<h2 data-start=\"2046\" data-end=\"2089\"><strong data-start=\"2046\" data-end=\"2089\">Vapsolo Viking 12000 Puffs Flavor List:<\/strong><\/h2>\n<ol data-start=\"2090\" data-end=\"2378\">\n<li class=\"\" data-start=\"2090\" data-end=\"2112\">\n<p class=\"\" data-start=\"2093\" data-end=\"2112\">Yaban Mersini Ahududu<\/p>\n<\/li>\n<li class=\"\" data-start=\"2113\" data-end=\"2125\">\n<p class=\"\" data-start=\"2116\" data-end=\"2125\">Blueberry<\/p>\n<\/li>\n<li class=\"\" data-start=\"2126\" data-end=\"2141\">\n<p class=\"\" data-start=\"2129\" data-end=\"2141\">Fizzy Kiraz<\/p>\n<\/li>\n<li class=\"\" data-start=\"2142\" data-end=\"2159\">\n<p class=\"\" data-start=\"2145\" data-end=\"2159\">Karpuzlu Buz<\/p>\n<\/li>\n<li class=\"\" data-start=\"2160\" data-end=\"2178\">\n<p class=\"\" data-start=\"2163\" data-end=\"2178\">\u00c7ilekli Kivi<\/p>\n<\/li>\n<li class=\"\" data-start=\"2179\" data-end=\"2203\">\n<p class=\"\" data-start=\"2182\" data-end=\"2203\">\u00c7ilekli Karpuz<\/p>\n<\/li>\n<li class=\"\" data-start=\"2204\" data-end=\"2219\">\n<p class=\"\" data-start=\"2207\" data-end=\"2219\">Summer Dream<\/p>\n<\/li>\n<li class=\"\" data-start=\"2220\" data-end=\"2249\">\n<p class=\"\" data-start=\"2223\" data-end=\"2249\">Blueberry Cherry Cranberry<\/p>\n<\/li>\n<li class=\"\" data-start=\"2250\" data-end=\"2263\">\n<p class=\"\" data-start=\"2253\" data-end=\"2263\">Limon Misket Limonu<\/p>\n<\/li>\n<li class=\"\" data-start=\"2264\" data-end=\"2278\">\n<p class=\"\" data-start=\"2268\" data-end=\"2278\">Gummy Bear<\/p>\n<\/li>\n<li class=\"\" data-start=\"2279\" data-end=\"2300\">\n<p class=\"\" data-start=\"2283\" data-end=\"2300\">\u00c7ilekli Muz<\/p>\n<\/li>\n<li class=\"\" data-start=\"2301\" data-end=\"2315\">\n<p class=\"\" data-start=\"2305\" data-end=\"2315\">Taze Nane<\/p>\n<\/li>\n<li class=\"\" data-start=\"2316\" data-end=\"2344\">\n<p class=\"\" data-start=\"2320\" data-end=\"2344\">\u00c7ilekli Ahududulu Buz<\/p>\n<\/li>\n<li class=\"\" data-start=\"2345\" data-end=\"2360\">\n<p class=\"\" data-start=\"2349\" data-end=\"2360\">Limonlu \u015eeftali<\/p>\n<\/li>\n<li class=\"\" data-start=\"2361\" data-end=\"2378\">\n<p class=\"\" data-start=\"2365\" data-end=\"2378\">Red Apple Ice<\/p>\n<\/li>\n<\/ol>\n<p class=\"\" data-start=\"2380\" data-end=\"2607\">With its advanced mesh coil technology, adjustable airflow, and rich flavor options, the <strong data-start=\"2469\" data-end=\"2515\">Vapsolo Viking 12000 Puffs Disposable Vape<\/strong> is the perfect choice for those looking for a high-quality, long-lasting vaping experience.<\/p>\n<h2 data-start=\"2380\" data-end=\"2607\">\t\t\t<link rel=\"stylesheet\" id=\"elementor-post-32801-css\" href=\"https:\/\/euvapz.com\/wp-content\/uploads\/elementor\/css\/post-32801.css?ver=1775243812\" type=\"text\/css\" media=\"all\">\n\t\t\t\t\t<div data-elementor-type=\"wp-post\" data-elementor-id=\"32801\" class=\"elementor elementor-32801\" data-elementor-post-type=\"cms_block\">\n\t\t\t\t<div class=\"wd-negative-gap elementor-element elementor-element-311ef4d e-flex e-con-boxed e-con e-parent\" data-id=\"311ef4d\" data-element_type=\"container\">\n\t\t\t\t\t<div class=\"e-con-inner\">\n\t\t\t\t<div class=\"elementor-element elementor-element-354d55bb color-scheme-inherit text-left elementor-widget elementor-widget-text-editor\" data-id=\"354d55bb\" data-element_type=\"widget\" data-widget_type=\"text-editor.default\">\n\t\t\t\t<div class=\"elementor-widget-container\">\n\t\t\t\t\t\t\t\t\t&nbsp;\n\n<script src=\"chrome-extension:\/\/fpelahbljekknahkcaegamhcndkfpfnc\/iFrame.js\" type=\"text\/javascript\"><\/script>\t\t\t\t\t\t\t\t<\/div>\n\t\t\t\t<\/div>\n\t\t\t\t\t<\/div>\n\t\t\t\t<\/div>\n\t\t<div class=\"wd-negative-gap elementor-element elementor-element-2f4b93b0 e-flex e-con-boxed e-con e-parent\" data-id=\"2f4b93b0\" data-element_type=\"container\">\n\t\t\t\t\t<div class=\"e-con-inner\">\n\t\t\t\t\t<\/div>\n\t\t\t\t<\/div>\n\t\t<div class=\"wd-negative-gap elementor-element elementor-element-200eec29 e-flex e-con-boxed e-con e-parent\" data-id=\"200eec29\" data-element_type=\"container\">\n\t\t\t\t\t<div class=\"e-con-inner\">\n\t\t\t\t<div class=\"elementor-element elementor-element-19faf1ba color-scheme-inherit text-left elementor-widget elementor-widget-text-editor\" data-id=\"19faf1ba\" data-element_type=\"widget\" data-widget_type=\"text-editor.default\">\n\t\t\t\t<div class=\"elementor-widget-container\">\n\t\t\t\t\t\t\t\t\t<h2><em><strong>SSS<\/strong><\/em><\/h2><ul><li><h2><em><strong>Hangi nakliye y\u00f6ntemlerini kullan\u0131yorsunuz?<\/strong><\/em><\/h2><\/li><li><h2><em><strong><span style=\"color: #333333; font-size: 16px;\">UPS, DHL, FedEx ve DPD gibi g\u00fcvenilir ta\u015f\u0131y\u0131c\u0131larla ortakl\u0131k yap\u0131yoruz. Var\u0131\u015f \u00fclkesine ba\u011fl\u0131 olarak, \u00fcr\u00fcnlerinizin h\u0131zl\u0131 ve g\u00fcvenli bir \u015fekilde teslim edilmesini sa\u011flamak i\u00e7in en iyi nakliye y\u00f6ntemini se\u00e7ece\u011fiz.<\/span><\/strong><\/em><\/h2><\/li><\/ul><ul><li><h2><em><strong>Sipari\u015fimin ula\u015fmas\u0131 ne kadar s\u00fcrer?<\/strong><\/em><\/h2><\/li><\/ul><p data-start=\"340\" data-end=\"490\"><em><strong>\u00a0 \u00a0 \u00a0 Teslimat genellikle 7-15 i\u015f g\u00fcn\u00fc aras\u0131nda s\u00fcrmektedir. Ancak, yo\u011fun tatillerde veya olumsuz hava ko\u015fullar\u0131nda 20 i\u015f g\u00fcn\u00fcne kadar s\u00fcrebilir.<\/strong><\/em><\/p><ul><li data-start=\"492\" data-end=\"539\"><h2><em><strong>Sipari\u015fim g\u00fcmr\u00fckten sorunsuz ge\u00e7ecek mi?<\/strong><\/em><\/h2><\/li><li data-start=\"492\" data-end=\"539\"><h2><em><strong><span style=\"color: #333333; font-size: 16px;\">T\u00fcm g\u00fcmr\u00fck i\u015flemlerini sizin i\u00e7in hallediyor, herhangi bir ekstra vergi veya \u00fccret olmadan sorunsuz teslimat sa\u011fl\u0131yoruz. G\u00f6nderilerimizin 100%'sinin g\u00fcmr\u00fckten sorunsuz ge\u00e7ece\u011fini garanti ediyoruz.<\/span><\/strong><\/em><\/h2><\/li><\/ul><ul><li data-start=\"718\" data-end=\"747\"><h2><em><strong>Hizmetinize g\u00fcvenebilir miyim?<\/strong><\/em><\/h2><\/li><li data-start=\"718\" data-end=\"747\"><h2><em><strong><span style=\"color: #333333; font-size: 16px;\">Kesinlikle! G\u00fcvenli \u00f6demeler i\u00e7in PayPal'\u0131 kabul ediyoruz ve sat\u0131n alma i\u015fleminiz PayPal'\u0131n al\u0131c\u0131 korumas\u0131 ile korunmaktad\u0131r. Di\u011fer m\u00fc\u015fterilerin hakk\u0131m\u0131zda neler s\u00f6yledi\u011fini g\u00f6rmek i\u00e7in TrustPilot incelemelerimizi de kontrol edebilirsiniz.<\/span><\/strong><\/em><\/h2><\/li><\/ul>\t\t\t\t\t\t\t\t<\/div>\n\t\t\t\t<\/div>\n\t\t\t\t\t<\/div>\n\t\t\t\t<\/div>\n\t\t<div class=\"wd-negative-gap elementor-element elementor-element-d4517fd e-flex e-con-boxed e-con e-parent\" data-id=\"d4517fd\" data-element_type=\"container\">\n\t\t\t\t\t<div class=\"e-con-inner\">\n\t\t\t\t<div class=\"elementor-element elementor-element-11cb93e5 elementor-widget elementor-widget-wd_button\" data-id=\"11cb93e5\" data-element_type=\"widget\" data-widget_type=\"wd_button.default\">\n\t\t\t\t<div class=\"elementor-widget-container\">\n\t\t\t\t\t\t\t<div class=\"wd-button-wrapper text-left\" >\n\t\t\t<a class=\"btn btn-style-link btn-style- btn-size-extra-large btn-scheme-inherit btn-scheme-hover-custom btn-icon-pos-right\"  href=\"https:\/\/euvapz.com\/tr\/faqs\/\">\n\t\t\t\t<span class=\"wd-btn-text\" data-elementor-setting-key=\"text\">\n\t\t\t\t\tDaha fazla SSS i\u00e7in buraya t\u0131klay\u0131n.\t\t\t\t<\/span>\n\n\t\t\t\t\t\t\t<\/a>\n\t\t<\/div>\n\t\t\t\t\t\t<\/div>\n\t\t\t\t<\/div>\n\t\t\t\t\t<\/div>\n\t\t\t\t<\/div>\n\t\t\t\t<\/div>\n\t\t<\/h2>","protected":false},"excerpt":{"rendered":"<p>Bu <strong data-start=\"7\" data-end=\"53\">Vapsolo Viking 12000 Puffs Disposable Vape<\/strong> offers up to 12,000 puffs, a <strong data-start=\"83\" data-end=\"114\">650mAh \u015farj edilebilir pil<\/strong>, and a variety of flavors like <strong data-start=\"146\" data-end=\"169\">Yaban Mersini Ahududu<\/strong> ve <strong data-start=\"174\" data-end=\"192\">Karpuzlu Buz<\/strong>, with nicotine options of <strong data-start=\"219\" data-end=\"234\">0%, 2%, 3%,<\/strong> ve <strong data-start=\"239\" data-end=\"245\">5%<\/strong>.<\/p>","protected":false},"featured_media":32312,"comment_status":"open","ping_status":"closed","template":"","meta":[],"product_brand":[105],"product_cat":[106],"product_tag":[],"class_list":{"0":"post-32301","1":"product","2":"type-product","3":"status-publish","4":"has-post-thumbnail","6":"product_brand-vapsolo-disposable-vape","7":"product_cat-vapsolo-disposable-vape","9":"first","10":"outofstock","11":"shipping-taxable","12":"purchasable","13":"product-type-variable"},"_links":{"self":[{"href":"https:\/\/euvapz.com\/tr\/wp-json\/wp\/v2\/product\/32301","targetHints":{"allow":["GET"]}}],"collection":[{"href":"https:\/\/euvapz.com\/tr\/wp-json\/wp\/v2\/product"}],"about":[{"href":"https:\/\/euvapz.com\/tr\/wp-json\/wp\/v2\/types\/product"}],"replies":[{"embeddable":true,"href":"https:\/\/euvapz.com\/tr\/wp-json\/wp\/v2\/comments?post=32301"}],"version-history":[{"count":4,"href":"https:\/\/euvapz.com\/tr\/wp-json\/wp\/v2\/product\/32301\/revisions"}],"predecessor-version":[{"id":32813,"href":"https:\/\/euvapz.com\/tr\/wp-json\/wp\/v2\/product\/32301\/revisions\/32813"}],"wp:featuredmedia":[{"embeddable":true,"href":"https:\/\/euvapz.com\/tr\/wp-json\/wp\/v2\/media\/32312"}],"wp:attachment":[{"href":"https:\/\/euvapz.com\/tr\/wp-json\/wp\/v2\/media?parent=32301"}],"wp:term":[{"taxonomy":"product_brand","embeddable":true,"href":"https:\/\/euvapz.com\/tr\/wp-json\/wp\/v2\/product_brand?post=32301"},{"taxonomy":"product_cat","embeddable":true,"href":"https:\/\/euvapz.com\/tr\/wp-json\/wp\/v2\/product_cat?post=32301"},{"taxonomy":"product_tag","embeddable":true,"href":"https:\/\/euvapz.com\/tr\/wp-json\/wp\/v2\/product_tag?post=32301"}],"curies":[{"name":"wp","href":"https:\/\/api.w.org\/{rel}","templated":true}]}}