{"id":36481,"date":"2025-07-31T02:52:30","date_gmt":"2025-07-31T02:52:30","guid":{"rendered":"https:\/\/euvapz.com\/?post_type=product&#038;p=36481"},"modified":"2025-07-31T02:52:30","modified_gmt":"2025-07-31T02:52:30","slug":"airmez-fox-2-in-1-80000-puffs-vape-with-dual-flavours-usb-c-charging","status":"publish","type":"product","link":"https:\/\/euvapz.com\/tr\/urun\/airmez-fox-2-in-1-80000-puffs-vape-with-dual-flavours-usb-c-charging\/","title":{"rendered":"Airmez FOX 2 IN 1 80000 Puffs Vape with Dual Flavours &#038; USB-C Charging"},"content":{"rendered":"<h2 data-start=\"149\" data-end=\"230\"><strong data-start=\"151\" data-end=\"184\">Airmez FOX 2 IN 1 80000 Puffs<\/strong>: A Revolution in Disposable Vaping Technology<\/h2>\n<p data-start=\"232\" data-end=\"626\">Looking for an ultra-long-lasting, flavour-rich vape that redefines the disposable experience? The <strong data-start=\"331\" data-end=\"369\">Airmez FOX 2 IN 1 80000 Puffs Vape<\/strong>, available now at <a class=\"\" href=\"https:\/\/euvapz.com\/tr\/\" target=\"_new\" rel=\"noopener\" data-start=\"388\" data-end=\"424\"><strong data-start=\"389\" data-end=\"403\">euvapz.com<\/strong><\/a>, sets a bold new benchmark in performance, taste, and innovation. Built with the modern vaper in mind, this device delivers exceptional value, variety, and reliability \u2014 all in a compact, stylish form.<\/p>\n<p data-start=\"628\" data-end=\"833\">Whether you&#8217;re a long-time user of <strong data-start=\"663\" data-end=\"679\">Airmez Vapes<\/strong> or exploring premium disposables for the first time, the <strong data-start=\"737\" data-end=\"751\">Airmez FOX<\/strong> is a game changer \u2014 and a proud new member of the <strong data-start=\"802\" data-end=\"819\">Airmez Matrix<\/strong> product line.<\/p>\n<h2 data-start=\"1838\" data-end=\"1900\">Premium Flavour Selection \u2013 Something for Every Taste<\/h2>\n<p data-start=\"1902\" data-end=\"2123\"><strong data-start=\"1902\" data-end=\"1918\">Airmez Vapes<\/strong> never compromise on flavour. The <strong data-start=\"1952\" data-end=\"1966\">FOX 2 IN 1<\/strong> range is expertly blended using high-quality ingredients to offer bold, smooth, and satisfying hits. Here\u2019s a glimpse of the flavour combinations available:<\/p>\n<ul data-start=\"2125\" data-end=\"2511\">\n<li data-start=\"2125\" data-end=\"2177\">\n<p data-start=\"2127\" data-end=\"2177\"><strong data-start=\"2127\" data-end=\"2175\">Strawberry Watermelon \/ Strawberry Raspberry<\/strong><\/p>\n<\/li>\n<li data-start=\"2178\" data-end=\"2216\">\n<p data-start=\"2180\" data-end=\"2216\"><strong data-start=\"2180\" data-end=\"2214\">Blue Razz Lemonade \/ Blue Razz<\/strong><\/p>\n<\/li>\n<li data-start=\"2217\" data-end=\"2263\">\n<p data-start=\"2219\" data-end=\"2263\"><strong data-start=\"2219\" data-end=\"2261\">Blueberry on Ice \/ Blueberry Raspberry<\/strong><\/p>\n<\/li>\n<li data-start=\"2264\" data-end=\"2304\">\n<p data-start=\"2266\" data-end=\"2304\"><strong data-start=\"2266\" data-end=\"2302\">Strawberry Kiwi \/ Strawberry Ice<\/strong><\/p>\n<\/li>\n<li data-start=\"2305\" data-end=\"2350\">\n<p data-start=\"2307\" data-end=\"2350\"><strong data-start=\"2307\" data-end=\"2348\">Watermelon Ice \/ Raspberry Watermelon<\/strong><\/p>\n<\/li>\n<li data-start=\"2351\" data-end=\"2386\">\n<p data-start=\"2353\" data-end=\"2386\"><strong data-start=\"2353\" data-end=\"2384\">Berry Lemonade \/ Lemon Lime<\/strong><\/p>\n<\/li>\n<li data-start=\"2387\" data-end=\"2419\">\n<p data-start=\"2389\" data-end=\"2419\"><strong data-start=\"2389\" data-end=\"2417\">Tropical Fruit \/ Love 66<\/strong><\/p>\n<\/li>\n<li data-start=\"2420\" data-end=\"2451\">\n<p data-start=\"2422\" data-end=\"2451\"><strong data-start=\"2422\" data-end=\"2449\">Peach Ice \/ Mango Peach<\/strong><\/p>\n<\/li>\n<li data-start=\"2452\" data-end=\"2483\">\n<p data-start=\"2454\" data-end=\"2483\"><strong data-start=\"2454\" data-end=\"2481\">Mixed Berries \/ Dr Blue<\/strong><\/p>\n<\/li>\n<li data-start=\"2484\" data-end=\"2511\">\n<p data-start=\"2486\" data-end=\"2511\"><strong data-start=\"2486\" data-end=\"2511\">Grape Ice \/ Black Ice<\/strong><\/p>\n<\/li>\n<\/ul>\n<p data-start=\"2513\" data-end=\"2642\">These pairings are designed for variety seekers, much like those who enjoy the flexibility and flair of the <strong data-start=\"2621\" data-end=\"2635\">Airmez Bag<\/strong> range.<\/p>\n<h2>Airmez FOX 2 IN 1 80000 Puffs: Key Specifications<\/h2>\n<ul data-start=\"3699\" data-end=\"4053\">\n<li data-start=\"3699\" data-end=\"3764\">\n<p data-start=\"3701\" data-end=\"3764\"><strong data-start=\"3701\" data-end=\"3715\">Puf Say\u0131s\u0131<\/strong>: Up to <strong data-start=\"3723\" data-end=\"3733\">80,000<\/strong> (dual-flavour configuration)<\/p>\n<\/li>\n<li data-start=\"3765\" data-end=\"3820\">\n<p data-start=\"3767\" data-end=\"3820\"><strong data-start=\"3767\" data-end=\"3785\">Flavour System<\/strong>: Dual-flavour switching function<\/p>\n<\/li>\n<li data-start=\"3821\" data-end=\"3875\">\n<p data-start=\"3823\" data-end=\"3875\"><strong data-start=\"3823\" data-end=\"3834\">Ak\u00fc<\/strong>: Rechargeable with USB-C fast charging<\/p>\n<\/li>\n<li data-start=\"3876\" data-end=\"3926\">\n<p data-start=\"3878\" data-end=\"3926\"><strong data-start=\"3878\" data-end=\"3897\">Draw Activation<\/strong>: No buttons, seamless draw<\/p>\n<\/li>\n<li data-start=\"3927\" data-end=\"3976\">\n<p data-start=\"3929\" data-end=\"3976\"><strong data-start=\"3929\" data-end=\"3950\">Nikotin G\u00fcc\u00fc<\/strong>: Available in 2% and 5%<\/p>\n<\/li>\n<li data-start=\"3977\" data-end=\"4053\">\n<p data-start=\"3979\" data-end=\"4053\"><strong data-start=\"3979\" data-end=\"3989\">Tasar\u0131m<\/strong>: Slim, ergonomic, portable \u2013 aligns with <strong data-start=\"4031\" data-end=\"4045\">Airmez Bag<\/strong> styling<\/p>\n<\/li>\n<\/ul>\n<h2><strong>Why Buy from euvapz.com?<\/strong><\/h2>\n<p data-start=\"4095\" data-end=\"4383\">At <strong data-start=\"4098\" data-end=\"4112\">euvapz.com<\/strong>, we take pride in curating the latest and most reliable <strong data-start=\"4169\" data-end=\"4185\">Airmez Vapes<\/strong>. From the high-capacity <strong data-start=\"4210\" data-end=\"4243\">Airmez FOX 2 IN 1 80000 Puffs<\/strong> to the ever-popular <strong data-start=\"4264\" data-end=\"4281\">Airmez Matrix<\/strong> ve kullan\u0131\u015fl\u0131 <strong data-start=\"4297\" data-end=\"4311\">Airmez Bag<\/strong>, our collection is tailored to meet the diverse needs of today\u2019s vaper.<\/p>\n<p data-start=\"4385\" data-end=\"4398\">We guarantee:<\/p>\n<ul data-start=\"4400\" data-end=\"4566\">\n<li data-start=\"4400\" data-end=\"4433\">\n<p data-start=\"4402\" data-end=\"4433\">100% genuine <strong data-start=\"4415\" data-end=\"4431\">Airmez Vapes<\/strong><\/p>\n<\/li>\n<li data-start=\"4434\" data-end=\"4472\">\n<p data-start=\"4436\" data-end=\"4472\">Fast delivery across the UK and EU<\/p>\n<\/li>\n<li data-start=\"4473\" data-end=\"4502\">\n<p data-start=\"4475\" data-end=\"4502\">Verified customer reviews<\/p>\n<\/li>\n<li data-start=\"4503\" data-end=\"4534\">\n<p data-start=\"4505\" data-end=\"4534\">Transparent product details<\/p>\n<\/li>\n<li data-start=\"4535\" data-end=\"4566\">\n<p data-start=\"4537\" data-end=\"4566\">Expert support and guidance<\/p>\n<\/li>\n<\/ul>\n<p data-start=\"4568\" data-end=\"4751\">Whether you&#8217;re loyal to the <strong data-start=\"4596\" data-end=\"4613\">Airmez Matrix<\/strong>, prefer the portability of an <strong data-start=\"4644\" data-end=\"4658\">Airmez Bag<\/strong>, or are curious to try the newest model in the <strong data-start=\"4706\" data-end=\"4722\">Airmez Vapes<\/strong> line, we&#8217;ve got you covered.<\/p>\n<h2><strong>Frequently Asked Questions<\/strong><\/h2>\n<p data-start=\"4791\" data-end=\"4928\"><strong data-start=\"4791\" data-end=\"4836\">How long does the Airmez FOX 2 IN 1 last?<\/strong><br data-start=\"4836\" data-end=\"4839\" \/>It delivers up to <strong data-start=\"4857\" data-end=\"4873\">80,000 puffs<\/strong>, offering incredible value for heavy or long-term use.<\/p>\n<p data-start=\"4930\" data-end=\"5058\"><strong data-start=\"4930\" data-end=\"4953\">Is it rechargeable?<\/strong><br data-start=\"4953\" data-end=\"4956\" \/>Yes, it features a USB-C rechargeable battery \u2014 just like some models in the <strong data-start=\"5033\" data-end=\"5050\">Airmez Matrix<\/strong> series.<\/p>\n<p data-start=\"5060\" data-end=\"5222\"><strong data-start=\"5060\" data-end=\"5091\">Are the flavours prefilled?<\/strong><br data-start=\"5091\" data-end=\"5094\" \/>Yes. Each flavour chamber is prefilled with rich, high-quality e-liquid, matching the standards found in other <strong data-start=\"5205\" data-end=\"5221\">Airmez Vapes<\/strong>.<\/p>\n<p data-start=\"5224\" data-end=\"5413\"><strong data-start=\"5224\" data-end=\"5270\">Is this part of the official Airmez range?<\/strong><br data-start=\"5270\" data-end=\"5273\" \/>Absolutely. The <strong data-start=\"5289\" data-end=\"5303\">FOX 2 IN 1<\/strong> sits proudly beside the <strong data-start=\"5328\" data-end=\"5345\">Airmez Matrix<\/strong> ve <strong data-start=\"5350\" data-end=\"5364\">Airmez Bag<\/strong> series, sharing the same innovation and quality.<\/p>\n<p data-start=\"6038\" data-end=\"6172\"><strong data-start=\"6038\" data-end=\"6052\">Disclaimer<\/strong>: This product contains nicotine. Nicotine is an addictive substance. Only for adult use. Keep out of reach of children.<\/p>","protected":false},"excerpt":{"rendered":"<p>Experience up to <strong data-start=\"99\" data-end=\"114\">80000 puffs<\/strong> with the <strong>Airmez FOX 2 IN 1 80000 Puffs<\/strong>, featuring <strong data-start=\"157\" data-end=\"174\">dual flavours<\/strong> ve <strong data-start=\"179\" data-end=\"202\">USB-C fast charging<\/strong>.<\/p>","protected":false},"featured_media":36509,"comment_status":"open","ping_status":"closed","template":"","meta":[],"product_brand":[],"product_cat":[182],"product_tag":[],"class_list":{"0":"post-36481","1":"product","2":"type-product","3":"status-publish","4":"has-post-thumbnail","6":"product_cat-airmez-disposable-vape","8":"first","9":"instock","10":"shipping-taxable","11":"purchasable","12":"product-type-variable"},"_links":{"self":[{"href":"https:\/\/euvapz.com\/tr\/wp-json\/wp\/v2\/product\/36481","targetHints":{"allow":["GET"]}}],"collection":[{"href":"https:\/\/euvapz.com\/tr\/wp-json\/wp\/v2\/product"}],"about":[{"href":"https:\/\/euvapz.com\/tr\/wp-json\/wp\/v2\/types\/product"}],"replies":[{"embeddable":true,"href":"https:\/\/euvapz.com\/tr\/wp-json\/wp\/v2\/comments?post=36481"}],"version-history":[{"count":1,"href":"https:\/\/euvapz.com\/tr\/wp-json\/wp\/v2\/product\/36481\/revisions"}],"predecessor-version":[{"id":36515,"href":"https:\/\/euvapz.com\/tr\/wp-json\/wp\/v2\/product\/36481\/revisions\/36515"}],"wp:featuredmedia":[{"embeddable":true,"href":"https:\/\/euvapz.com\/tr\/wp-json\/wp\/v2\/media\/36509"}],"wp:attachment":[{"href":"https:\/\/euvapz.com\/tr\/wp-json\/wp\/v2\/media?parent=36481"}],"wp:term":[{"taxonomy":"product_brand","embeddable":true,"href":"https:\/\/euvapz.com\/tr\/wp-json\/wp\/v2\/product_brand?post=36481"},{"taxonomy":"product_cat","embeddable":true,"href":"https:\/\/euvapz.com\/tr\/wp-json\/wp\/v2\/product_cat?post=36481"},{"taxonomy":"product_tag","embeddable":true,"href":"https:\/\/euvapz.com\/tr\/wp-json\/wp\/v2\/product_tag?post=36481"}],"curies":[{"name":"wp","href":"https:\/\/api.w.org\/{rel}","templated":true}]}}